{"id":5552,"date":"2025-12-01T14:41:39","date_gmt":"2025-12-01T13:41:39","guid":{"rendered":"https:\/\/stella-musikhochschule.ac.at\/?page_id=5552"},"modified":"2025-12-01T15:08:34","modified_gmt":"2025-12-01T14:08:34","slug":"conferences-duplikat-duplikat-duplikat","status":"publish","type":"page","link":"https:\/\/stella-musikhochschule.ac.at\/en\/research\/knowledge-transfer-2\/conferences\/conferences-duplikat-duplikat-duplikat","title":{"rendered":"Symposium \u00bbGesellschaftlicher Zusammenhalt durch Musik, Bewegung und Tanz\u00ab"},"content":{"rendered":"\n<div class=\"wp-block-columns is-layout-flex wp-container-core-columns-is-layout-9d6595d7 wp-block-columns-is-layout-flex\">\n<div class=\"wp-block-column is-layout-flow wp-block-column-is-layout-flow\" style=\"flex-basis:66.66%\">\n<h3 class=\"wp-block-heading\">Freitag, 31. Oktober 2025, 11.30 \u2013 22. Uhr, HfM Trossingen<\/h3>\n\n\n\n<figure class=\"wp-block-image size-full\"><img loading=\"lazy\" decoding=\"async\" width=\"2016\" height=\"1134\" src=\"https:\/\/stella-musikhochschule.ac.at\/wp-content\/uploads\/2025\/11\/IMG-20251104-WA0025-edited.jpg\" alt=\"\" class=\"wp-image-5511\" srcset=\"https:\/\/stella-musikhochschule.ac.at\/wp-content\/uploads\/2025\/11\/IMG-20251104-WA0025-edited.jpg 2016w, https:\/\/stella-musikhochschule.ac.at\/wp-content\/uploads\/2025\/11\/IMG-20251104-WA0025-edited-300x169.jpg 300w, https:\/\/stella-musikhochschule.ac.at\/wp-content\/uploads\/2025\/11\/IMG-20251104-WA0025-edited-1680x945.jpg 1680w, https:\/\/stella-musikhochschule.ac.at\/wp-content\/uploads\/2025\/11\/IMG-20251104-WA0025-edited-768x432.jpg 768w, https:\/\/stella-musikhochschule.ac.at\/wp-content\/uploads\/2025\/11\/IMG-20251104-WA0025-edited-1536x864.jpg 1536w, https:\/\/stella-musikhochschule.ac.at\/wp-content\/uploads\/2025\/11\/IMG-20251104-WA0025-edited-40x23.jpg 40w\" sizes=\"auto, (max-width: 2016px) 100vw, 2016px\" \/><\/figure>\n\n\n\n<h3 class=\"wp-block-heading\">Neue Ans\u00e4tze f\u00fcr die musikalische Interaktion<\/h3>\n\n\n\n<p>Musik, Bewegung und Tanz schaffen Begegnungsr\u00e4ume, f\u00f6rdern den interkulturellen Dialog und st\u00e4rken den gesellschaftlichen Zusammenhalt. Das Projekt \u00bbGesellschaftlicher Zusammenhalt durch Musik, Bewegung und Tanz\u00ab entwickelt und erforscht innovative, partizipative Formate f\u00fcr musikalisch-k\u00fcnstlerische Ausdrucksformen in sozialen R\u00e4umen und Bildungsinstitutionen der Vierl\u00e4nderregion Bodensee.<\/p>\n\n\n\n<p>Ziel ist es, durch die Zusammenarbeit von Forschung, kultureller Bildung und k\u00fcnstlerischer Praxis neue Ans\u00e4tze f\u00fcr die gemeinsame musikalische Interaktion zu etablieren und langfristig zu verankern. Drei bew\u00e4hrte Praxisformate stehen dabei im Fokus:<\/p>\n\n\n\n<ul class=\"wp-block-list\">\n<li>\u00bbMit-Tanzen\u00ab (Vorarlberg) \u2013 eine inklusive Tanzvermittlungsreihe mit Live-Musik in \u00f6ffentlichen R\u00e4umen.<\/li>\n\n\n\n<li>\u00bbFrei.Raum\u00ab (Trossingen) \u2013 ein musik- und bewegungsbasiertes Begegnungsformat f\u00fcr Frauen mit Migrations- oder Fluchthintergrund.<\/li>\n\n\n\n<li>\u00bbEducation-Projekt\u00ab (Weingarten\/Ravensburg) \u2013 Workshops f\u00fcr Kinder und Jugendliche, die durch Tanz und Musik interkulturelle Klangkulturen entdecken.<\/li>\n<\/ul>\n\n\n\n<p>Das Projekt verbindet wissenschaftliche Forschung mit musikp\u00e4dagogischer Praxis und untersucht, wie Musik und Bewegung als kulturelle Ausdrucksformen demokratische Werte, interkulturellen Austausch und soziale Teilhabe f\u00f6rdern k\u00f6nnen \u2013 basierend auf spezifischen Anleitungsformen.<\/p>\n\n\n\n<p>Das abschlie\u00dfende Symposium m\u00f6chte die im Projekt in Forschung und Praxis gesammelten Erkenntnisse zusammenbinden. Diese m\u00f6chten wir mit Partner*innen und Expert*innen aus Wissenschaft und k\u00fcnstlerischer wie k\u00fcnstlerisch-p\u00e4dagogischer Praxis diskutieren. Das Symposium bietet zudem einen Einblick in die Arbeitsweise der beteiligten Projekte und schlie\u00dft mit einem gemeinsamen Tanzevent des Projektes \u00bbMit-Tanzen\u00ab.&nbsp;<\/p>\n\n\n\n<div class=\"wp-block-getwid-accordion has-icon-left\" data-active-element=\"none\">\n<div class=\"wp-block-getwid-accordion__header-wrapper\"><span class=\"wp-block-getwid-accordion__header\"><a href=\"#\"><span class=\"wp-block-getwid-accordion__header-title\">Ablauf des Symposiums<\/span><span class=\"wp-block-getwid-accordion__icon is-active\"><i class=\"fas fa-plus\"><\/i><\/span><span class=\"wp-block-getwid-accordion__icon is-passive\"><i class=\"fas fa-minus\"><\/i><\/span><\/a><\/span><\/div><div class=\"wp-block-getwid-accordion__content-wrapper\"><div class=\"wp-block-getwid-accordion__content\">\n<ul class=\"wp-block-list\">\n<li>10.30 Uhr: Ankommen<\/li>\n<\/ul>\n\n\n\n<ul class=\"wp-block-list\">\n<li>11 Uhr: Er\u00f6ffnung: Prof. Christian Fischer (Rektor HfM Trossingen), Dr. Sabine-Schneider Binkl &amp; Bernhard Achhorner (Stella Vorarlberg Privathochschule f\u00fcr Musik)&nbsp;<\/li>\n<\/ul>\n\n\n\n<ul class=\"wp-block-list\">\n<li>11.15 Uhr: Keynote Prof. Dr. Martina Benz (Musikhochschule Mannheim): \u00bbSoziale R\u00e4ume auff\u00fchren.Gedanken zur Performativit\u00e4t von Musik, Tanz und Bewegung f\u00fcr die St\u00e4rkung des gesellschaftlichen Zusammenhalt\u00ab<\/li>\n<\/ul>\n\n\n\n<ul class=\"wp-block-list\">\n<li>12 Uhr: Einf\u00fchrung &amp; Projektvorstellungen&nbsp;<\/li>\n<\/ul>\n\n\n\n<ul class=\"wp-block-list\">\n<li>13.15 Uhr: Mittagspause<\/li>\n<\/ul>\n\n\n\n<ul class=\"wp-block-list\">\n<li>14.15 Uhr: Fortsetzung Symposium&nbsp;<\/li>\n<\/ul>\n\n\n\n<ol class=\"wp-block-list\">\n<li>Performativit\u00e4t und soziale R\u00e4ume&nbsp;<\/li>\n\n\n\n<li>Gruppenwahrnehmung, Interaktion und Zusammenhalt&nbsp;<\/li>\n<\/ol>\n\n\n\n<ul class=\"wp-block-list\">\n<li>15.45 \u2013 16 Uhr: Kaffeepause<\/li>\n<\/ul>\n\n\n\n<ol class=\"wp-block-list\">\n<li>Methoden und Strategien der Anleitung&nbsp;<\/li>\n\n\n\n<li>Tradition &amp; Transformation&nbsp;<\/li>\n<\/ol>\n\n\n\n<ul class=\"wp-block-list\">\n<li>17.30 \u2013 18 Uhr: Zusammenschau &amp; Ausblick<br><\/li>\n\n\n\n<li>19 Uhr: Praxisveranstaltung&nbsp;Mit-Tanzen&nbsp;(Kleine Aula)<\/li>\n<\/ul>\n<\/div><\/div>\n<\/div>\n\n\n\n<p><br><br><\/p>\n<\/div>\n\n\n\n<div class=\"wp-block-column is-layout-flow wp-block-column-is-layout-flow\" style=\"flex-basis:33.33%\"><div class=\"lazyblock-links-1jQDFi wp-block-lazyblock-links\"><div class=\"side\">\n  <hr>\n        <div class=\"item link\">\n        <a href=\"https:\/\/eur06.safelinks.protection.outlook.com\/?url=https%3A%2F%2Fstella-musikhochschule.ac.at%2Fforschungsprojekt%2Fgesellschaftlicher-zusammenhalt-durch-musik-bewegung-und-tanz&#038;data=05%7C02%7Cvictor.marin%40stella-musikhochschule.ac.at%7C59203b3ae810498c5a9b08de2820a005%7Cfa30188c22d04006a1d02ec0d1fe7478%7C0%7C0%7C638992317841202350%7CUnknown%7CTWFpbGZsb3d8eyJFbXB0eU1hcGkiOnRydWUsIlYiOiIwLjAuMDAwMCIsIlAiOiJXaW4zMiIsIkFOIjoiTWFpbCIsIldUIjoyfQ%3D%3D%7C0%7C%7C%7C&#038;sdata=5y%2FbGRfEk6Z7peQlV%2BmKlBOXQsdJR0NqspkPZKWhscQ%3D&#038;reserved=0\" target=\"_blank\">\n          <span class=\"title\">Projektseite<\/span>\n          <i class=\"arrow-link\"><\/i>\n        <\/a>\n      <\/div>\n      <\/div><\/div>\n\n<div class=\"lazyblock-downloads-ZJ7630 wp-block-lazyblock-downloads\"><div class=\"side\">\n  <hr>\n        <div class=\"item download\">\n        <a href=\"https:\/\/stella-musikhochschule.ac.at\/wp-content\/uploads\/2025\/11\/Symposium_Gesellschaftlicher-Zusammenhalt_Nachbericht.pdf\" target=\"_blank\">\n          <span class=\"title\">Nachbericht<\/span>\n                    <i class=\"arrow-down\"><\/i>\n        <\/a>\n      <\/div>\n      <\/div><\/div><\/div>\n<\/div>\n\n\n<div class=\"lazyblock-stella-slider-Z10Dsoy wp-block-lazyblock-stella-slider\">\n<section id=\"slider-1\" class=\"splide\">\n  \n    \n  <div class=\"splide__track\">\n    <ul class=\"splide__list\">\n              <li class=\"splide__slide\">\n          <figure><img decoding=\"async\" src=\"https:\/\/stella-musikhochschule.ac.at\/wp-content\/uploads\/2025\/11\/IMG-20251104-WA0026.jpg\"><\/figure>\n                  <\/li>\n                <li class=\"splide__slide\">\n          <figure><img decoding=\"async\" src=\"https:\/\/stella-musikhochschule.ac.at\/wp-content\/uploads\/2025\/11\/IMG-20251104-WA0029.jpg\"><\/figure>\n                  <\/li>\n                <li class=\"splide__slide\">\n          <figure><img decoding=\"async\" src=\"https:\/\/stella-musikhochschule.ac.at\/wp-content\/uploads\/2025\/11\/IMG-20251104-WA0027.jpg\"><\/figure>\n                  <\/li>\n                <li class=\"splide__slide\">\n          <figure><img decoding=\"async\" src=\"https:\/\/stella-musikhochschule.ac.at\/wp-content\/uploads\/2025\/11\/IMG-20251104-WA0028.jpg\"><\/figure>\n                  <\/li>\n            <\/ul>\n  <\/div>\n<\/section>\n\n<\/div>","protected":false},"excerpt":{"rendered":"<p>Freitag, 31. Oktober 2025, 11.30 \u2013 22. Uhr, HfM Trossingen Neue Ans\u00e4tze f\u00fcr die musikalische Interaktion Musik, Bewegung und Tanz schaffen Begegnungsr\u00e4ume, f\u00f6rdern den interkulturellen Dialog und st\u00e4rken den gesellschaftlichen Zusammenhalt. Das Projekt \u00bbGesellschaftlicher Zusammenhalt durch Musik, Bewegung und Tanz\u00ab entwickelt und erforscht innovative, partizipative Formate f\u00fcr musikalisch-k\u00fcnstlerische Ausdrucksformen in sozialen R\u00e4umen und Bildungsinstitutionen der [&hellip;]<\/p>\n","protected":false},"author":4,"featured_media":5379,"parent":5539,"menu_order":1,"comment_status":"closed","ping_status":"closed","template":"","meta":{"_acf_changed":false,"inline_featured_image":false,"footnotes":""},"keywords":[],"class_list":["post-5552","page","type-page","status-publish","has-post-thumbnail","hentry"],"acf":[],"yoast_head":"<!-- This site is optimized with the Yoast SEO plugin v26.8 - https:\/\/yoast.com\/product\/yoast-seo-wordpress\/ -->\n<title>Symposium \u00bbGesellschaftlicher Zusammenhalt durch Musik, Bewegung und Tanz\u00ab - Stella Vorarlberg<\/title>\n<meta name=\"robots\" content=\"index, follow, max-snippet:-1, max-image-preview:large, max-video-preview:-1\" \/>\n<link rel=\"canonical\" href=\"https:\/\/stella-musikhochschule.ac.at\/en\/research\/knowledge-transfer-2\/conferences\/conferences-duplikat-duplikat-duplikat\" \/>\n<meta property=\"og:locale\" content=\"en_US\" \/>\n<meta property=\"og:type\" content=\"article\" \/>\n<meta property=\"og:title\" content=\"Symposium \u00bbGesellschaftlicher Zusammenhalt durch Musik, Bewegung und Tanz\u00ab - Stella Vorarlberg\" \/>\n<meta property=\"og:description\" content=\"Freitag, 31. Oktober 2025, 11.30 \u2013 22. Uhr, HfM Trossingen Neue Ans\u00e4tze f\u00fcr die musikalische Interaktion Musik, Bewegung und Tanz schaffen Begegnungsr\u00e4ume, f\u00f6rdern den interkulturellen Dialog und st\u00e4rken den gesellschaftlichen Zusammenhalt. Das Projekt \u00bbGesellschaftlicher Zusammenhalt durch Musik, Bewegung und Tanz\u00ab entwickelt und erforscht innovative, partizipative Formate f\u00fcr musikalisch-k\u00fcnstlerische Ausdrucksformen in sozialen R\u00e4umen und Bildungsinstitutionen der [&hellip;]\" \/>\n<meta property=\"og:url\" content=\"https:\/\/stella-musikhochschule.ac.at\/en\/research\/knowledge-transfer-2\/conferences\/conferences-duplikat-duplikat-duplikat\" \/>\n<meta property=\"og:site_name\" content=\"Stella Vorarlberg\" \/>\n<meta property=\"article:publisher\" content=\"https:\/\/www.facebook.com\/stellamusikhochschule\" \/>\n<meta property=\"article:modified_time\" content=\"2025-12-01T14:08:34+00:00\" \/>\n<meta property=\"og:image\" content=\"https:\/\/stella-musikhochschule.ac.at\/wp-content\/uploads\/2025\/11\/IMG-20251104-WA0025.jpg\" \/>\n\t<meta property=\"og:image:width\" content=\"2016\" \/>\n\t<meta property=\"og:image:height\" content=\"1512\" \/>\n\t<meta property=\"og:image:type\" content=\"image\/jpeg\" \/>\n<meta name=\"twitter:card\" content=\"summary_large_image\" \/>\n<meta name=\"twitter:label1\" content=\"Est. reading time\" \/>\n\t<meta name=\"twitter:data1\" content=\"3 minutes\" \/>\n<script type=\"application\/ld+json\" class=\"yoast-schema-graph\">{\"@context\":\"https:\/\/schema.org\",\"@graph\":[{\"@type\":\"WebPage\",\"@id\":\"https:\/\/stella-musikhochschule.ac.at\/en\/research\/knowledge-transfer-2\/conferences\/conferences-duplikat-duplikat-duplikat\",\"url\":\"https:\/\/stella-musikhochschule.ac.at\/en\/research\/knowledge-transfer-2\/conferences\/conferences-duplikat-duplikat-duplikat\",\"name\":\"Symposium \u00bbGesellschaftlicher Zusammenhalt durch Musik, Bewegung und Tanz\u00ab - Stella Vorarlberg\",\"isPartOf\":{\"@id\":\"https:\/\/stella-musikhochschule.ac.at\/#website\"},\"primaryImageOfPage\":{\"@id\":\"https:\/\/stella-musikhochschule.ac.at\/en\/research\/knowledge-transfer-2\/conferences\/conferences-duplikat-duplikat-duplikat#primaryimage\"},\"image\":{\"@id\":\"https:\/\/stella-musikhochschule.ac.at\/en\/research\/knowledge-transfer-2\/conferences\/conferences-duplikat-duplikat-duplikat#primaryimage\"},\"thumbnailUrl\":\"https:\/\/stella-musikhochschule.ac.at\/wp-content\/uploads\/2025\/11\/IMG-20251104-WA0025.jpg\",\"datePublished\":\"2025-12-01T13:41:39+00:00\",\"dateModified\":\"2025-12-01T14:08:34+00:00\",\"breadcrumb\":{\"@id\":\"https:\/\/stella-musikhochschule.ac.at\/en\/research\/knowledge-transfer-2\/conferences\/conferences-duplikat-duplikat-duplikat#breadcrumb\"},\"inLanguage\":\"en-US\",\"potentialAction\":[{\"@type\":\"ReadAction\",\"target\":[\"https:\/\/stella-musikhochschule.ac.at\/en\/research\/knowledge-transfer-2\/conferences\/conferences-duplikat-duplikat-duplikat\"]}]},{\"@type\":\"ImageObject\",\"inLanguage\":\"en-US\",\"@id\":\"https:\/\/stella-musikhochschule.ac.at\/en\/research\/knowledge-transfer-2\/conferences\/conferences-duplikat-duplikat-duplikat#primaryimage\",\"url\":\"https:\/\/stella-musikhochschule.ac.at\/wp-content\/uploads\/2025\/11\/IMG-20251104-WA0025.jpg\",\"contentUrl\":\"https:\/\/stella-musikhochschule.ac.at\/wp-content\/uploads\/2025\/11\/IMG-20251104-WA0025.jpg\",\"width\":2016,\"height\":1512},{\"@type\":\"BreadcrumbList\",\"@id\":\"https:\/\/stella-musikhochschule.ac.at\/en\/research\/knowledge-transfer-2\/conferences\/conferences-duplikat-duplikat-duplikat#breadcrumb\",\"itemListElement\":[{\"@type\":\"ListItem\",\"position\":1,\"name\":\"Startseite\",\"item\":\"https:\/\/stella-musikhochschule.ac.at\/en\"},{\"@type\":\"ListItem\",\"position\":2,\"name\":\"Research\",\"item\":\"https:\/\/stella-musikhochschule.ac.at\/en\/research\"},{\"@type\":\"ListItem\",\"position\":3,\"name\":\"Knowledge transfer\",\"item\":\"https:\/\/stella-musikhochschule.ac.at\/en\/research\/knowledge-transfer-2\"},{\"@type\":\"ListItem\",\"position\":4,\"name\":\"Conferences\",\"item\":\"https:\/\/stella-musikhochschule.ac.at\/en\/research\/knowledge-transfer-2\/conferences\"},{\"@type\":\"ListItem\",\"position\":5,\"name\":\"Symposium \u00bbGesellschaftlicher Zusammenhalt durch Musik, Bewegung und Tanz\u00ab\"}]},{\"@type\":\"WebSite\",\"@id\":\"https:\/\/stella-musikhochschule.ac.at\/#website\",\"url\":\"https:\/\/stella-musikhochschule.ac.at\/\",\"name\":\"Stella Vorarlberg\",\"description\":\"Privathochschule f\u00fcr Musik\",\"publisher\":{\"@id\":\"https:\/\/stella-musikhochschule.ac.at\/#organization\"},\"potentialAction\":[{\"@type\":\"SearchAction\",\"target\":{\"@type\":\"EntryPoint\",\"urlTemplate\":\"https:\/\/stella-musikhochschule.ac.at\/?s={search_term_string}\"},\"query-input\":{\"@type\":\"PropertyValueSpecification\",\"valueRequired\":true,\"valueName\":\"search_term_string\"}}],\"inLanguage\":\"en-US\"},{\"@type\":\"Organization\",\"@id\":\"https:\/\/stella-musikhochschule.ac.at\/#organization\",\"name\":\"Stella Vorarlberg Privathochschule f\u00fcr Musik\",\"url\":\"https:\/\/stella-musikhochschule.ac.at\/\",\"logo\":{\"@type\":\"ImageObject\",\"inLanguage\":\"en-US\",\"@id\":\"https:\/\/stella-musikhochschule.ac.at\/#\/schema\/logo\/image\/\",\"url\":\"https:\/\/stella-musikhochschule.ac.at\/wp-content\/uploads\/2023\/01\/logo-zusatz.svg\",\"contentUrl\":\"https:\/\/stella-musikhochschule.ac.at\/wp-content\/uploads\/2023\/01\/logo-zusatz.svg\",\"width\":108,\"height\":57,\"caption\":\"Stella Vorarlberg Privathochschule f\u00fcr Musik\"},\"image\":{\"@id\":\"https:\/\/stella-musikhochschule.ac.at\/#\/schema\/logo\/image\/\"},\"sameAs\":[\"https:\/\/www.facebook.com\/stellamusikhochschule\",\"http:\/\/www.instagram.com\/stellamusikhochschule\",\"https:\/\/www.youtube.com\/channel\/UCOzOrROMt11QxTxkjmY6NKg\",\"https:\/\/www.tiktok.com\/@stellamusikhochschule\",\"https:\/\/open.spotify.com\/user\/31fs43ork2u3njhtilofu2bk7tue?si=fe62738c70524caa\"]}]}<\/script>\n<!-- \/ Yoast SEO plugin. -->","yoast_head_json":{"title":"Symposium \u00bbGesellschaftlicher Zusammenhalt durch Musik, Bewegung und Tanz\u00ab - Stella Vorarlberg","robots":{"index":"index","follow":"follow","max-snippet":"max-snippet:-1","max-image-preview":"max-image-preview:large","max-video-preview":"max-video-preview:-1"},"canonical":"https:\/\/stella-musikhochschule.ac.at\/en\/research\/knowledge-transfer-2\/conferences\/conferences-duplikat-duplikat-duplikat","og_locale":"en_US","og_type":"article","og_title":"Symposium \u00bbGesellschaftlicher Zusammenhalt durch Musik, Bewegung und Tanz\u00ab - Stella Vorarlberg","og_description":"Freitag, 31. Oktober 2025, 11.30 \u2013 22. Uhr, HfM Trossingen Neue Ans\u00e4tze f\u00fcr die musikalische Interaktion Musik, Bewegung und Tanz schaffen Begegnungsr\u00e4ume, f\u00f6rdern den interkulturellen Dialog und st\u00e4rken den gesellschaftlichen Zusammenhalt. Das Projekt \u00bbGesellschaftlicher Zusammenhalt durch Musik, Bewegung und Tanz\u00ab entwickelt und erforscht innovative, partizipative Formate f\u00fcr musikalisch-k\u00fcnstlerische Ausdrucksformen in sozialen R\u00e4umen und Bildungsinstitutionen der [&hellip;]","og_url":"https:\/\/stella-musikhochschule.ac.at\/en\/research\/knowledge-transfer-2\/conferences\/conferences-duplikat-duplikat-duplikat","og_site_name":"Stella Vorarlberg","article_publisher":"https:\/\/www.facebook.com\/stellamusikhochschule","article_modified_time":"2025-12-01T14:08:34+00:00","og_image":[{"width":2016,"height":1512,"url":"https:\/\/stella-musikhochschule.ac.at\/wp-content\/uploads\/2025\/11\/IMG-20251104-WA0025.jpg","type":"image\/jpeg"}],"twitter_card":"summary_large_image","twitter_misc":{"Est. reading time":"3 minutes"},"schema":{"@context":"https:\/\/schema.org","@graph":[{"@type":"WebPage","@id":"https:\/\/stella-musikhochschule.ac.at\/en\/research\/knowledge-transfer-2\/conferences\/conferences-duplikat-duplikat-duplikat","url":"https:\/\/stella-musikhochschule.ac.at\/en\/research\/knowledge-transfer-2\/conferences\/conferences-duplikat-duplikat-duplikat","name":"Symposium \u00bbGesellschaftlicher Zusammenhalt durch Musik, Bewegung und Tanz\u00ab - Stella Vorarlberg","isPartOf":{"@id":"https:\/\/stella-musikhochschule.ac.at\/#website"},"primaryImageOfPage":{"@id":"https:\/\/stella-musikhochschule.ac.at\/en\/research\/knowledge-transfer-2\/conferences\/conferences-duplikat-duplikat-duplikat#primaryimage"},"image":{"@id":"https:\/\/stella-musikhochschule.ac.at\/en\/research\/knowledge-transfer-2\/conferences\/conferences-duplikat-duplikat-duplikat#primaryimage"},"thumbnailUrl":"https:\/\/stella-musikhochschule.ac.at\/wp-content\/uploads\/2025\/11\/IMG-20251104-WA0025.jpg","datePublished":"2025-12-01T13:41:39+00:00","dateModified":"2025-12-01T14:08:34+00:00","breadcrumb":{"@id":"https:\/\/stella-musikhochschule.ac.at\/en\/research\/knowledge-transfer-2\/conferences\/conferences-duplikat-duplikat-duplikat#breadcrumb"},"inLanguage":"en-US","potentialAction":[{"@type":"ReadAction","target":["https:\/\/stella-musikhochschule.ac.at\/en\/research\/knowledge-transfer-2\/conferences\/conferences-duplikat-duplikat-duplikat"]}]},{"@type":"ImageObject","inLanguage":"en-US","@id":"https:\/\/stella-musikhochschule.ac.at\/en\/research\/knowledge-transfer-2\/conferences\/conferences-duplikat-duplikat-duplikat#primaryimage","url":"https:\/\/stella-musikhochschule.ac.at\/wp-content\/uploads\/2025\/11\/IMG-20251104-WA0025.jpg","contentUrl":"https:\/\/stella-musikhochschule.ac.at\/wp-content\/uploads\/2025\/11\/IMG-20251104-WA0025.jpg","width":2016,"height":1512},{"@type":"BreadcrumbList","@id":"https:\/\/stella-musikhochschule.ac.at\/en\/research\/knowledge-transfer-2\/conferences\/conferences-duplikat-duplikat-duplikat#breadcrumb","itemListElement":[{"@type":"ListItem","position":1,"name":"Startseite","item":"https:\/\/stella-musikhochschule.ac.at\/en"},{"@type":"ListItem","position":2,"name":"Research","item":"https:\/\/stella-musikhochschule.ac.at\/en\/research"},{"@type":"ListItem","position":3,"name":"Knowledge transfer","item":"https:\/\/stella-musikhochschule.ac.at\/en\/research\/knowledge-transfer-2"},{"@type":"ListItem","position":4,"name":"Conferences","item":"https:\/\/stella-musikhochschule.ac.at\/en\/research\/knowledge-transfer-2\/conferences"},{"@type":"ListItem","position":5,"name":"Symposium \u00bbGesellschaftlicher Zusammenhalt durch Musik, Bewegung und Tanz\u00ab"}]},{"@type":"WebSite","@id":"https:\/\/stella-musikhochschule.ac.at\/#website","url":"https:\/\/stella-musikhochschule.ac.at\/","name":"Stella Vorarlberg","description":"Privathochschule f\u00fcr Musik","publisher":{"@id":"https:\/\/stella-musikhochschule.ac.at\/#organization"},"potentialAction":[{"@type":"SearchAction","target":{"@type":"EntryPoint","urlTemplate":"https:\/\/stella-musikhochschule.ac.at\/?s={search_term_string}"},"query-input":{"@type":"PropertyValueSpecification","valueRequired":true,"valueName":"search_term_string"}}],"inLanguage":"en-US"},{"@type":"Organization","@id":"https:\/\/stella-musikhochschule.ac.at\/#organization","name":"Stella Vorarlberg Privathochschule f\u00fcr Musik","url":"https:\/\/stella-musikhochschule.ac.at\/","logo":{"@type":"ImageObject","inLanguage":"en-US","@id":"https:\/\/stella-musikhochschule.ac.at\/#\/schema\/logo\/image\/","url":"https:\/\/stella-musikhochschule.ac.at\/wp-content\/uploads\/2023\/01\/logo-zusatz.svg","contentUrl":"https:\/\/stella-musikhochschule.ac.at\/wp-content\/uploads\/2023\/01\/logo-zusatz.svg","width":108,"height":57,"caption":"Stella Vorarlberg Privathochschule f\u00fcr Musik"},"image":{"@id":"https:\/\/stella-musikhochschule.ac.at\/#\/schema\/logo\/image\/"},"sameAs":["https:\/\/www.facebook.com\/stellamusikhochschule","http:\/\/www.instagram.com\/stellamusikhochschule","https:\/\/www.youtube.com\/channel\/UCOzOrROMt11QxTxkjmY6NKg","https:\/\/www.tiktok.com\/@stellamusikhochschule","https:\/\/open.spotify.com\/user\/31fs43ork2u3njhtilofu2bk7tue?si=fe62738c70524caa"]}]}},"_links":{"self":[{"href":"https:\/\/stella-musikhochschule.ac.at\/en\/wp-json\/wp\/v2\/pages\/5552","targetHints":{"allow":["GET"]}}],"collection":[{"href":"https:\/\/stella-musikhochschule.ac.at\/en\/wp-json\/wp\/v2\/pages"}],"about":[{"href":"https:\/\/stella-musikhochschule.ac.at\/en\/wp-json\/wp\/v2\/types\/page"}],"author":[{"embeddable":true,"href":"https:\/\/stella-musikhochschule.ac.at\/en\/wp-json\/wp\/v2\/users\/4"}],"replies":[{"embeddable":true,"href":"https:\/\/stella-musikhochschule.ac.at\/en\/wp-json\/wp\/v2\/comments?post=5552"}],"version-history":[{"count":0,"href":"https:\/\/stella-musikhochschule.ac.at\/en\/wp-json\/wp\/v2\/pages\/5552\/revisions"}],"up":[{"embeddable":true,"href":"https:\/\/stella-musikhochschule.ac.at\/en\/wp-json\/wp\/v2\/pages\/5539"}],"wp:featuredmedia":[{"embeddable":true,"href":"https:\/\/stella-musikhochschule.ac.at\/en\/wp-json\/wp\/v2\/media\/5379"}],"wp:attachment":[{"href":"https:\/\/stella-musikhochschule.ac.at\/en\/wp-json\/wp\/v2\/media?parent=5552"}],"wp:term":[{"taxonomy":"keywords","embeddable":true,"href":"https:\/\/stella-musikhochschule.ac.at\/en\/wp-json\/wp\/v2\/keywords?post=5552"}],"curies":[{"name":"wp","href":"https:\/\/api.w.org\/{rel}","templated":true}]}}