{"id":5551,"date":"2025-12-01T14:41:28","date_gmt":"2025-12-01T13:41:28","guid":{"rendered":"https:\/\/stella-musikhochschule.ac.at\/?page_id=5551"},"modified":"2025-12-01T15:13:21","modified_gmt":"2025-12-01T14:13:21","slug":"conferences-duplikat-duplikat","status":"publish","type":"page","link":"https:\/\/stella-musikhochschule.ac.at\/en\/research\/knowledge-transfer-2\/conferences\/conferences-duplikat-duplikat","title":{"rendered":"Hochschultag: \u00bbK\u00fcnstliche Intelligenz und (Kunst-)Hochschule \u2013 Chancen, Risiken, Verantwortung\u00ab"},"content":{"rendered":"\n<div class=\"wp-block-columns is-layout-flex wp-container-core-columns-is-layout-9d6595d7 wp-block-columns-is-layout-flex\">\n<div class=\"wp-block-column is-layout-flow wp-block-column-is-layout-flow\" style=\"flex-basis:66.66%\">\n<h3 class=\"wp-block-heading\">Do. 11. Dezember 2025, 8.30 \u2013 16 Uhr<\/h3>\n\n\n\n<figure class=\"wp-block-image size-full\"><img loading=\"lazy\" decoding=\"async\" width=\"1430\" height=\"951\" src=\"https:\/\/stella-musikhochschule.ac.at\/wp-content\/uploads\/2025\/11\/Kuenstliche-Intelligenz-und-Kunst-Hochschule-\u2013-Chancen-Risiken-Verantwortung.jpg\" alt=\"\" class=\"wp-image-5382\" srcset=\"https:\/\/stella-musikhochschule.ac.at\/wp-content\/uploads\/2025\/11\/Kuenstliche-Intelligenz-und-Kunst-Hochschule-\u2013-Chancen-Risiken-Verantwortung.jpg 1430w, https:\/\/stella-musikhochschule.ac.at\/wp-content\/uploads\/2025\/11\/Kuenstliche-Intelligenz-und-Kunst-Hochschule-\u2013-Chancen-Risiken-Verantwortung-300x200.jpg 300w, https:\/\/stella-musikhochschule.ac.at\/wp-content\/uploads\/2025\/11\/Kuenstliche-Intelligenz-und-Kunst-Hochschule-\u2013-Chancen-Risiken-Verantwortung-768x511.jpg 768w, https:\/\/stella-musikhochschule.ac.at\/wp-content\/uploads\/2025\/11\/Kuenstliche-Intelligenz-und-Kunst-Hochschule-\u2013-Chancen-Risiken-Verantwortung-40x27.jpg 40w\" sizes=\"auto, (max-width: 1430px) 100vw, 1430px\" \/><\/figure>\n\n\n\n<p>Der diesj\u00e4hrige Hochschultag widmet sich sowohl der Rolle von K\u00fcnstlicher Intelligenz aus bildungspolitischer, forschungsbezogener und k\u00fcnstlerischer Perspektive als auch in ihren praktischen Anwendungen im Hochschulkontext. Ausgangspunkt ist die Beobachtung, dass KI-basierte Tools l\u00e4ngst zum Alltag in Lehre, Forschung und Verwaltung geh\u00f6ren, ihre Nutzung jedoch rechtliche, ethische und praktische Herausforderungen aufwirft, die dringenden Handlungsbedarf etwa im Hinblick auf Urheberrechte, Datenschutz, Verantwortung f\u00fcr Inhalte und die Wahrung guter wissenschaftlicher und k\u00fcnstlerischer Praxis mit sich bringen.<\/p>\n\n\n\n<p><strong>Folgende zentrale Leitfragen sollen durch die Programmpunkte des Hochschultages adressiert werden:<\/strong><\/p>\n\n\n\n<ul class=\"wp-block-list\">\n<li>Wie ver\u00e4ndert KI Lehre, Forschung und k\u00fcnstlerische Praxis an (Musik-)Hochschulen?<\/li>\n\n\n\n<li>Welche Risiken bestehen mit Blick auf Datenschutz, Urheberrechte und Integrit\u00e4t?<\/li>\n\n\n\n<li>Welche Chancen er\u00f6ffnen KI-Tools f\u00fcr musikalische Praxis, Kreativit\u00e4t und Wissensvermittlung?<\/li>\n\n\n\n<li>Welche Verantwortung tragen (Musik-)Hochschulen im Umgang mit KI?<\/li>\n<\/ul>\n\n\n\n<p>Der Hochschultag soll einerseits kritisch-reflexiv Chancen und Risiken von KI im Hochschulkontext beleuchten, andererseits konkrete Anwendungsbeispiele und Praxiserfahrungen vermitteln.<\/p>\n\n\n\n<div class=\"wp-block-getwid-accordion has-icon-left\" data-active-element=\"none\">\n<div class=\"wp-block-getwid-accordion__header-wrapper\"><span class=\"wp-block-getwid-accordion__header\"><a href=\"#\"><span class=\"wp-block-getwid-accordion__header-title\">Ablauf <\/span><span class=\"wp-block-getwid-accordion__icon is-active\"><i class=\"fas fa-plus\"><\/i><\/span><span class=\"wp-block-getwid-accordion__icon is-passive\"><i class=\"fas fa-minus\"><\/i><\/span><\/a><\/span><\/div><div class=\"wp-block-getwid-accordion__content-wrapper\"><div class=\"wp-block-getwid-accordion__content\">\n<ul class=\"wp-block-list\">\n<li>8.30 Uhr: Ankommen<\/li>\n<\/ul>\n\n\n\n<ul class=\"wp-block-list\">\n<li>9 Uhr: Begr\u00fc\u00dfung (Rektorat) &amp; Einf\u00fchrung (Forschungsservice)<\/li>\n<\/ul>\n\n\n\n<ul class=\"wp-block-list\">\n<li>9.15 Uhr: Keynote: \u00bbK\u00fcnstliche Intelligenz im Hochschulbildungsbereich\u00ab <br>Ass.-Prof.in Dr.in MMag.a Elke H\u00f6fler (Universit\u00e4t Graz)<\/li>\n<\/ul>\n\n\n\n<ul class=\"wp-block-list\">\n<li>10.15 Uhr: Kaffeepause und Aufteilung in Gruppen<\/li>\n<\/ul>\n\n\n\n<ul class=\"wp-block-list\">\n<li>10.30 Uhr: Workshop-Runde 1 (2 parallele Gruppen)<br><br>Workshop I: \u00bbKI im Kontext wissenschaftlicher und k\u00fcnstlerische Integrit\u00e4t\u00ab<br>Sabine Chai, Ph.D. (\u00d6sterreichische Agentur f\u00fcr Wissenschaftliche Integrit\u00e4t)<br><br>Workshop II: \u00bbMusik gestalten mit KI\u00ab<br>(Tobias Rotsch, Staatliche Hochschule f\u00fcr Musik Trossingen &amp; Dr. des. Fabian Bade, Musikhochschule L\u00fcbeck)<\/li>\n<\/ul>\n\n\n\n<ul class=\"wp-block-list\">\n<li>12 Uhr: Mittagspause&nbsp;<\/li>\n<\/ul>\n\n\n\n<ul class=\"wp-block-list\">\n<li>13 Uhr: Workshop-Runde 2 <br><br>Workshop I: \u00bbKI im Kontext wissenschaftlicher und k\u00fcnstlerische Integrit\u00e4t\u00ab<br>Sabine Chai, Ph.D. (\u00d6sterreichische Agentur f\u00fcr Wissenschaftliche Integrit\u00e4t)<br><br>Workshop II: \u00bbMusik gestalten mit KI\u00ab<br>(Tobias Rotsch, Staatliche Hochschule f\u00fcr Musik Trossingen &amp; Dr. des. Fabian Bade, Musikhochschule L\u00fcbeck)<\/li>\n<\/ul>\n\n\n\n<ul class=\"wp-block-list\">\n<li>14.30 Uhr: Kaffeepause \/ R\u00fcckkehr ins Plenum<br><\/li>\n\n\n\n<li>14.45 Uhr: Vortrag: \u00bbRechtliche Perspektiven auf k\u00fcnstliche Intelligenz\u00ab<br>MMag. Dr. Christian Wirthensohn (TWP Rechtsanw\u00e4lte)<br><\/li>\n\n\n\n<li>15.15 Uhr: Abschlussdiskussion (Moderation: Prof. Dr. Hendrik Schulze, Stella Musikhochschule): \u00bbKI und (Musik-)Hochschule: Chancen, Risiken, Verantwortung\u00ab<br><\/li>\n\n\n\n<li>16 Uhr Offener Ausklang \/ Networking \/ Kaffee<\/li>\n<\/ul>\n<\/div><\/div>\n<\/div>\n\n\n\n<p><br><br><\/p>\n<\/div>\n\n\n\n<div class=\"wp-block-column is-layout-flow wp-block-column-is-layout-flow\" style=\"flex-basis:33.33%\"><div class=\"lazyblock-downloads-kSfeg wp-block-lazyblock-downloads\"><div class=\"side\">\n  <hr>\n        <div class=\"item download\">\n        <a href=\"https:\/\/stella-musikhochschule.ac.at\/wp-content\/uploads\/2025\/11\/20251211_Hochschultag-2025.pdf\" target=\"_blank\">\n          <span class=\"title\">Flyer<\/span>\n                    <i class=\"arrow-down\"><\/i>\n        <\/a>\n      <\/div>\n      <\/div><\/div><\/div>\n<\/div>\n","protected":false},"excerpt":{"rendered":"<p>Do. 11. Dezember 2025, 8.30 \u2013 16 Uhr Der diesj\u00e4hrige Hochschultag widmet sich sowohl der Rolle von K\u00fcnstlicher Intelligenz aus bildungspolitischer, forschungsbezogener und k\u00fcnstlerischer Perspektive als auch in ihren praktischen Anwendungen im Hochschulkontext. Ausgangspunkt ist die Beobachtung, dass KI-basierte Tools l\u00e4ngst zum Alltag in Lehre, Forschung und Verwaltung geh\u00f6ren, ihre Nutzung jedoch rechtliche, ethische und [&hellip;]<\/p>\n","protected":false},"author":4,"featured_media":5382,"parent":5539,"menu_order":0,"comment_status":"closed","ping_status":"closed","template":"","meta":{"_acf_changed":false,"inline_featured_image":false,"footnotes":""},"keywords":[],"class_list":["post-5551","page","type-page","status-publish","has-post-thumbnail","hentry"],"acf":[],"yoast_head":"<!-- This site is optimized with the Yoast SEO plugin v26.8 - https:\/\/yoast.com\/product\/yoast-seo-wordpress\/ -->\n<title>Hochschultag: \u00bbK\u00fcnstliche Intelligenz und (Kunst-)Hochschule \u2013 Chancen, Risiken, Verantwortung\u00ab - Stella Vorarlberg<\/title>\n<meta name=\"robots\" content=\"index, follow, max-snippet:-1, max-image-preview:large, max-video-preview:-1\" \/>\n<link rel=\"canonical\" href=\"https:\/\/stella-musikhochschule.ac.at\/en\/research\/knowledge-transfer-2\/conferences\/conferences-duplikat-duplikat\" \/>\n<meta property=\"og:locale\" content=\"en_US\" \/>\n<meta property=\"og:type\" content=\"article\" \/>\n<meta property=\"og:title\" content=\"Hochschultag: \u00bbK\u00fcnstliche Intelligenz und (Kunst-)Hochschule \u2013 Chancen, Risiken, Verantwortung\u00ab - Stella Vorarlberg\" \/>\n<meta property=\"og:description\" content=\"Do. 11. Dezember 2025, 8.30 \u2013 16 Uhr Der diesj\u00e4hrige Hochschultag widmet sich sowohl der Rolle von K\u00fcnstlicher Intelligenz aus bildungspolitischer, forschungsbezogener und k\u00fcnstlerischer Perspektive als auch in ihren praktischen Anwendungen im Hochschulkontext. Ausgangspunkt ist die Beobachtung, dass KI-basierte Tools l\u00e4ngst zum Alltag in Lehre, Forschung und Verwaltung geh\u00f6ren, ihre Nutzung jedoch rechtliche, ethische und [&hellip;]\" \/>\n<meta property=\"og:url\" content=\"https:\/\/stella-musikhochschule.ac.at\/en\/research\/knowledge-transfer-2\/conferences\/conferences-duplikat-duplikat\" \/>\n<meta property=\"og:site_name\" content=\"Stella Vorarlberg\" \/>\n<meta property=\"article:publisher\" content=\"https:\/\/www.facebook.com\/stellamusikhochschule\" \/>\n<meta property=\"article:modified_time\" content=\"2025-12-01T14:13:21+00:00\" \/>\n<meta property=\"og:image\" content=\"https:\/\/stella-musikhochschule.ac.at\/wp-content\/uploads\/2025\/11\/Kuenstliche-Intelligenz-und-Kunst-Hochschule-\u2013-Chancen-Risiken-Verantwortung.jpg\" \/>\n\t<meta property=\"og:image:width\" content=\"1430\" \/>\n\t<meta property=\"og:image:height\" content=\"951\" \/>\n\t<meta property=\"og:image:type\" content=\"image\/jpeg\" \/>\n<meta name=\"twitter:card\" content=\"summary_large_image\" \/>\n<meta name=\"twitter:label1\" content=\"Est. reading time\" \/>\n\t<meta name=\"twitter:data1\" content=\"3 minutes\" \/>\n<script type=\"application\/ld+json\" class=\"yoast-schema-graph\">{\"@context\":\"https:\/\/schema.org\",\"@graph\":[{\"@type\":\"WebPage\",\"@id\":\"https:\/\/stella-musikhochschule.ac.at\/en\/research\/knowledge-transfer-2\/conferences\/conferences-duplikat-duplikat\",\"url\":\"https:\/\/stella-musikhochschule.ac.at\/en\/research\/knowledge-transfer-2\/conferences\/conferences-duplikat-duplikat\",\"name\":\"Hochschultag: \u00bbK\u00fcnstliche Intelligenz und (Kunst-)Hochschule \u2013 Chancen, Risiken, Verantwortung\u00ab - Stella Vorarlberg\",\"isPartOf\":{\"@id\":\"https:\/\/stella-musikhochschule.ac.at\/#website\"},\"primaryImageOfPage\":{\"@id\":\"https:\/\/stella-musikhochschule.ac.at\/en\/research\/knowledge-transfer-2\/conferences\/conferences-duplikat-duplikat#primaryimage\"},\"image\":{\"@id\":\"https:\/\/stella-musikhochschule.ac.at\/en\/research\/knowledge-transfer-2\/conferences\/conferences-duplikat-duplikat#primaryimage\"},\"thumbnailUrl\":\"https:\/\/stella-musikhochschule.ac.at\/wp-content\/uploads\/2025\/11\/Kuenstliche-Intelligenz-und-Kunst-Hochschule-\u2013-Chancen-Risiken-Verantwortung.jpg\",\"datePublished\":\"2025-12-01T13:41:28+00:00\",\"dateModified\":\"2025-12-01T14:13:21+00:00\",\"breadcrumb\":{\"@id\":\"https:\/\/stella-musikhochschule.ac.at\/en\/research\/knowledge-transfer-2\/conferences\/conferences-duplikat-duplikat#breadcrumb\"},\"inLanguage\":\"en-US\",\"potentialAction\":[{\"@type\":\"ReadAction\",\"target\":[\"https:\/\/stella-musikhochschule.ac.at\/en\/research\/knowledge-transfer-2\/conferences\/conferences-duplikat-duplikat\"]}]},{\"@type\":\"ImageObject\",\"inLanguage\":\"en-US\",\"@id\":\"https:\/\/stella-musikhochschule.ac.at\/en\/research\/knowledge-transfer-2\/conferences\/conferences-duplikat-duplikat#primaryimage\",\"url\":\"https:\/\/stella-musikhochschule.ac.at\/wp-content\/uploads\/2025\/11\/Kuenstliche-Intelligenz-und-Kunst-Hochschule-\u2013-Chancen-Risiken-Verantwortung.jpg\",\"contentUrl\":\"https:\/\/stella-musikhochschule.ac.at\/wp-content\/uploads\/2025\/11\/Kuenstliche-Intelligenz-und-Kunst-Hochschule-\u2013-Chancen-Risiken-Verantwortung.jpg\",\"width\":1430,\"height\":951},{\"@type\":\"BreadcrumbList\",\"@id\":\"https:\/\/stella-musikhochschule.ac.at\/en\/research\/knowledge-transfer-2\/conferences\/conferences-duplikat-duplikat#breadcrumb\",\"itemListElement\":[{\"@type\":\"ListItem\",\"position\":1,\"name\":\"Startseite\",\"item\":\"https:\/\/stella-musikhochschule.ac.at\/en\"},{\"@type\":\"ListItem\",\"position\":2,\"name\":\"Research\",\"item\":\"https:\/\/stella-musikhochschule.ac.at\/en\/research\"},{\"@type\":\"ListItem\",\"position\":3,\"name\":\"Knowledge transfer\",\"item\":\"https:\/\/stella-musikhochschule.ac.at\/en\/research\/knowledge-transfer-2\"},{\"@type\":\"ListItem\",\"position\":4,\"name\":\"Conferences\",\"item\":\"https:\/\/stella-musikhochschule.ac.at\/en\/research\/knowledge-transfer-2\/conferences\"},{\"@type\":\"ListItem\",\"position\":5,\"name\":\"Hochschultag: \u00bbK\u00fcnstliche Intelligenz und (Kunst-)Hochschule \u2013 Chancen, Risiken, Verantwortung\u00ab\"}]},{\"@type\":\"WebSite\",\"@id\":\"https:\/\/stella-musikhochschule.ac.at\/#website\",\"url\":\"https:\/\/stella-musikhochschule.ac.at\/\",\"name\":\"Stella Vorarlberg\",\"description\":\"Privathochschule f\u00fcr Musik\",\"publisher\":{\"@id\":\"https:\/\/stella-musikhochschule.ac.at\/#organization\"},\"potentialAction\":[{\"@type\":\"SearchAction\",\"target\":{\"@type\":\"EntryPoint\",\"urlTemplate\":\"https:\/\/stella-musikhochschule.ac.at\/?s={search_term_string}\"},\"query-input\":{\"@type\":\"PropertyValueSpecification\",\"valueRequired\":true,\"valueName\":\"search_term_string\"}}],\"inLanguage\":\"en-US\"},{\"@type\":\"Organization\",\"@id\":\"https:\/\/stella-musikhochschule.ac.at\/#organization\",\"name\":\"Stella Vorarlberg Privathochschule f\u00fcr Musik\",\"url\":\"https:\/\/stella-musikhochschule.ac.at\/\",\"logo\":{\"@type\":\"ImageObject\",\"inLanguage\":\"en-US\",\"@id\":\"https:\/\/stella-musikhochschule.ac.at\/#\/schema\/logo\/image\/\",\"url\":\"https:\/\/stella-musikhochschule.ac.at\/wp-content\/uploads\/2023\/01\/logo-zusatz.svg\",\"contentUrl\":\"https:\/\/stella-musikhochschule.ac.at\/wp-content\/uploads\/2023\/01\/logo-zusatz.svg\",\"width\":108,\"height\":57,\"caption\":\"Stella Vorarlberg Privathochschule f\u00fcr Musik\"},\"image\":{\"@id\":\"https:\/\/stella-musikhochschule.ac.at\/#\/schema\/logo\/image\/\"},\"sameAs\":[\"https:\/\/www.facebook.com\/stellamusikhochschule\",\"http:\/\/www.instagram.com\/stellamusikhochschule\",\"https:\/\/www.youtube.com\/channel\/UCOzOrROMt11QxTxkjmY6NKg\",\"https:\/\/www.tiktok.com\/@stellamusikhochschule\",\"https:\/\/open.spotify.com\/user\/31fs43ork2u3njhtilofu2bk7tue?si=fe62738c70524caa\"]}]}<\/script>\n<!-- \/ Yoast SEO plugin. -->","yoast_head_json":{"title":"Hochschultag: \u00bbK\u00fcnstliche Intelligenz und (Kunst-)Hochschule \u2013 Chancen, Risiken, Verantwortung\u00ab - Stella Vorarlberg","robots":{"index":"index","follow":"follow","max-snippet":"max-snippet:-1","max-image-preview":"max-image-preview:large","max-video-preview":"max-video-preview:-1"},"canonical":"https:\/\/stella-musikhochschule.ac.at\/en\/research\/knowledge-transfer-2\/conferences\/conferences-duplikat-duplikat","og_locale":"en_US","og_type":"article","og_title":"Hochschultag: \u00bbK\u00fcnstliche Intelligenz und (Kunst-)Hochschule \u2013 Chancen, Risiken, Verantwortung\u00ab - Stella Vorarlberg","og_description":"Do. 11. Dezember 2025, 8.30 \u2013 16 Uhr Der diesj\u00e4hrige Hochschultag widmet sich sowohl der Rolle von K\u00fcnstlicher Intelligenz aus bildungspolitischer, forschungsbezogener und k\u00fcnstlerischer Perspektive als auch in ihren praktischen Anwendungen im Hochschulkontext. Ausgangspunkt ist die Beobachtung, dass KI-basierte Tools l\u00e4ngst zum Alltag in Lehre, Forschung und Verwaltung geh\u00f6ren, ihre Nutzung jedoch rechtliche, ethische und [&hellip;]","og_url":"https:\/\/stella-musikhochschule.ac.at\/en\/research\/knowledge-transfer-2\/conferences\/conferences-duplikat-duplikat","og_site_name":"Stella Vorarlberg","article_publisher":"https:\/\/www.facebook.com\/stellamusikhochschule","article_modified_time":"2025-12-01T14:13:21+00:00","og_image":[{"width":1430,"height":951,"url":"https:\/\/stella-musikhochschule.ac.at\/wp-content\/uploads\/2025\/11\/Kuenstliche-Intelligenz-und-Kunst-Hochschule-\u2013-Chancen-Risiken-Verantwortung.jpg","type":"image\/jpeg"}],"twitter_card":"summary_large_image","twitter_misc":{"Est. reading time":"3 minutes"},"schema":{"@context":"https:\/\/schema.org","@graph":[{"@type":"WebPage","@id":"https:\/\/stella-musikhochschule.ac.at\/en\/research\/knowledge-transfer-2\/conferences\/conferences-duplikat-duplikat","url":"https:\/\/stella-musikhochschule.ac.at\/en\/research\/knowledge-transfer-2\/conferences\/conferences-duplikat-duplikat","name":"Hochschultag: \u00bbK\u00fcnstliche Intelligenz und (Kunst-)Hochschule \u2013 Chancen, Risiken, Verantwortung\u00ab - Stella Vorarlberg","isPartOf":{"@id":"https:\/\/stella-musikhochschule.ac.at\/#website"},"primaryImageOfPage":{"@id":"https:\/\/stella-musikhochschule.ac.at\/en\/research\/knowledge-transfer-2\/conferences\/conferences-duplikat-duplikat#primaryimage"},"image":{"@id":"https:\/\/stella-musikhochschule.ac.at\/en\/research\/knowledge-transfer-2\/conferences\/conferences-duplikat-duplikat#primaryimage"},"thumbnailUrl":"https:\/\/stella-musikhochschule.ac.at\/wp-content\/uploads\/2025\/11\/Kuenstliche-Intelligenz-und-Kunst-Hochschule-\u2013-Chancen-Risiken-Verantwortung.jpg","datePublished":"2025-12-01T13:41:28+00:00","dateModified":"2025-12-01T14:13:21+00:00","breadcrumb":{"@id":"https:\/\/stella-musikhochschule.ac.at\/en\/research\/knowledge-transfer-2\/conferences\/conferences-duplikat-duplikat#breadcrumb"},"inLanguage":"en-US","potentialAction":[{"@type":"ReadAction","target":["https:\/\/stella-musikhochschule.ac.at\/en\/research\/knowledge-transfer-2\/conferences\/conferences-duplikat-duplikat"]}]},{"@type":"ImageObject","inLanguage":"en-US","@id":"https:\/\/stella-musikhochschule.ac.at\/en\/research\/knowledge-transfer-2\/conferences\/conferences-duplikat-duplikat#primaryimage","url":"https:\/\/stella-musikhochschule.ac.at\/wp-content\/uploads\/2025\/11\/Kuenstliche-Intelligenz-und-Kunst-Hochschule-\u2013-Chancen-Risiken-Verantwortung.jpg","contentUrl":"https:\/\/stella-musikhochschule.ac.at\/wp-content\/uploads\/2025\/11\/Kuenstliche-Intelligenz-und-Kunst-Hochschule-\u2013-Chancen-Risiken-Verantwortung.jpg","width":1430,"height":951},{"@type":"BreadcrumbList","@id":"https:\/\/stella-musikhochschule.ac.at\/en\/research\/knowledge-transfer-2\/conferences\/conferences-duplikat-duplikat#breadcrumb","itemListElement":[{"@type":"ListItem","position":1,"name":"Startseite","item":"https:\/\/stella-musikhochschule.ac.at\/en"},{"@type":"ListItem","position":2,"name":"Research","item":"https:\/\/stella-musikhochschule.ac.at\/en\/research"},{"@type":"ListItem","position":3,"name":"Knowledge transfer","item":"https:\/\/stella-musikhochschule.ac.at\/en\/research\/knowledge-transfer-2"},{"@type":"ListItem","position":4,"name":"Conferences","item":"https:\/\/stella-musikhochschule.ac.at\/en\/research\/knowledge-transfer-2\/conferences"},{"@type":"ListItem","position":5,"name":"Hochschultag: \u00bbK\u00fcnstliche Intelligenz und (Kunst-)Hochschule \u2013 Chancen, Risiken, Verantwortung\u00ab"}]},{"@type":"WebSite","@id":"https:\/\/stella-musikhochschule.ac.at\/#website","url":"https:\/\/stella-musikhochschule.ac.at\/","name":"Stella Vorarlberg","description":"Privathochschule f\u00fcr Musik","publisher":{"@id":"https:\/\/stella-musikhochschule.ac.at\/#organization"},"potentialAction":[{"@type":"SearchAction","target":{"@type":"EntryPoint","urlTemplate":"https:\/\/stella-musikhochschule.ac.at\/?s={search_term_string}"},"query-input":{"@type":"PropertyValueSpecification","valueRequired":true,"valueName":"search_term_string"}}],"inLanguage":"en-US"},{"@type":"Organization","@id":"https:\/\/stella-musikhochschule.ac.at\/#organization","name":"Stella Vorarlberg Privathochschule f\u00fcr Musik","url":"https:\/\/stella-musikhochschule.ac.at\/","logo":{"@type":"ImageObject","inLanguage":"en-US","@id":"https:\/\/stella-musikhochschule.ac.at\/#\/schema\/logo\/image\/","url":"https:\/\/stella-musikhochschule.ac.at\/wp-content\/uploads\/2023\/01\/logo-zusatz.svg","contentUrl":"https:\/\/stella-musikhochschule.ac.at\/wp-content\/uploads\/2023\/01\/logo-zusatz.svg","width":108,"height":57,"caption":"Stella Vorarlberg Privathochschule f\u00fcr Musik"},"image":{"@id":"https:\/\/stella-musikhochschule.ac.at\/#\/schema\/logo\/image\/"},"sameAs":["https:\/\/www.facebook.com\/stellamusikhochschule","http:\/\/www.instagram.com\/stellamusikhochschule","https:\/\/www.youtube.com\/channel\/UCOzOrROMt11QxTxkjmY6NKg","https:\/\/www.tiktok.com\/@stellamusikhochschule","https:\/\/open.spotify.com\/user\/31fs43ork2u3njhtilofu2bk7tue?si=fe62738c70524caa"]}]}},"_links":{"self":[{"href":"https:\/\/stella-musikhochschule.ac.at\/en\/wp-json\/wp\/v2\/pages\/5551","targetHints":{"allow":["GET"]}}],"collection":[{"href":"https:\/\/stella-musikhochschule.ac.at\/en\/wp-json\/wp\/v2\/pages"}],"about":[{"href":"https:\/\/stella-musikhochschule.ac.at\/en\/wp-json\/wp\/v2\/types\/page"}],"author":[{"embeddable":true,"href":"https:\/\/stella-musikhochschule.ac.at\/en\/wp-json\/wp\/v2\/users\/4"}],"replies":[{"embeddable":true,"href":"https:\/\/stella-musikhochschule.ac.at\/en\/wp-json\/wp\/v2\/comments?post=5551"}],"version-history":[{"count":0,"href":"https:\/\/stella-musikhochschule.ac.at\/en\/wp-json\/wp\/v2\/pages\/5551\/revisions"}],"up":[{"embeddable":true,"href":"https:\/\/stella-musikhochschule.ac.at\/en\/wp-json\/wp\/v2\/pages\/5539"}],"wp:featuredmedia":[{"embeddable":true,"href":"https:\/\/stella-musikhochschule.ac.at\/en\/wp-json\/wp\/v2\/media\/5382"}],"wp:attachment":[{"href":"https:\/\/stella-musikhochschule.ac.at\/en\/wp-json\/wp\/v2\/media?parent=5551"}],"wp:term":[{"taxonomy":"keywords","embeddable":true,"href":"https:\/\/stella-musikhochschule.ac.at\/en\/wp-json\/wp\/v2\/keywords?post=5551"}],"curies":[{"name":"wp","href":"https:\/\/api.w.org\/{rel}","templated":true}]}}