{"id":5549,"date":"2025-12-01T14:40:55","date_gmt":"2025-12-01T13:40:55","guid":{"rendered":"https:\/\/stella-musikhochschule.ac.at\/?page_id=5549"},"modified":"2025-12-01T15:01:08","modified_gmt":"2025-12-01T14:01:08","slug":"conferences-duplikat","status":"publish","type":"page","link":"https:\/\/stella-musikhochschule.ac.at\/en\/research\/knowledge-transfer-2\/conferences\/conferences-duplikat","title":{"rendered":"(Opern-)Musik und Popularit\u00e4t im 21. Jahrhundert: \u00c4sthetik | Teilhabe | Geschichte"},"content":{"rendered":"\n<div class=\"wp-block-columns is-layout-flex wp-container-core-columns-is-layout-9d6595d7 wp-block-columns-is-layout-flex\">\n<div class=\"wp-block-column is-layout-flow wp-block-column-is-layout-flow\" style=\"flex-basis:66.66%\">\n<h3 class=\"wp-block-heading\"><strong>Internationale Tagung an der Stella  vom 17. bis 19. Juli 2025<\/strong><\/h3>\n\n\n\n<figure class=\"wp-block-image size-full\"><img loading=\"lazy\" decoding=\"async\" width=\"1919\" height=\"1080\" src=\"https:\/\/stella-musikhochschule.ac.at\/wp-content\/uploads\/2025\/06\/Andrea-Horz-Tagung.jpg\" alt=\"\" class=\"wp-image-4393\" srcset=\"https:\/\/stella-musikhochschule.ac.at\/wp-content\/uploads\/2025\/06\/Andrea-Horz-Tagung.jpg 1919w, https:\/\/stella-musikhochschule.ac.at\/wp-content\/uploads\/2025\/06\/Andrea-Horz-Tagung-300x169.jpg 300w, https:\/\/stella-musikhochschule.ac.at\/wp-content\/uploads\/2025\/06\/Andrea-Horz-Tagung-1680x945.jpg 1680w, https:\/\/stella-musikhochschule.ac.at\/wp-content\/uploads\/2025\/06\/Andrea-Horz-Tagung-768x432.jpg 768w, https:\/\/stella-musikhochschule.ac.at\/wp-content\/uploads\/2025\/06\/Andrea-Horz-Tagung-1536x864.jpg 1536w, https:\/\/stella-musikhochschule.ac.at\/wp-content\/uploads\/2025\/06\/Andrea-Horz-Tagung-40x23.jpg 40w\" sizes=\"auto, (max-width: 1919px) 100vw, 1919px\" \/><\/figure>\n\n\n\n<p>Die Tagung \u201e(Opern-)Musik und Popularit\u00e4t im 21. Jahrhundert\u201c untersucht die Prozesse der Popularisierung von klassischer Musik und Oper. W\u00e4hrend die Musikwissenschaft oft das \u201eOriginalwerk\u201c in den Mittelpunkt stellt, richtet diese Tagung den Blick darauf, wie Musik \u00fcber Bearbeitungen, Arrangements, Medialisierung und moderne Verbreitungswege einem breiten Publikum zug\u00e4nglich gemacht wird.<br>Als historisches Referenzwerk steht Carl Maria von Webers \u201eFreisch\u00fctz\u201c im Zentrum der Diskussion, der 2025 erneut bei den Bregenzer Festspielen inszeniert wird. Die Konferenz bringt Musikwissenschaftlerinnen, Opernforscherinnen, Musiksoziologinnen und \u00c4sthetikerinnen zusammen, um den Zusammenhang zwischen musikalischer Qualit\u00e4t, Popularit\u00e4t und gesellschaftlicher Teilhabe zu diskutieren.<\/p>\n\n\n\n<hr class=\"wp-block-separator has-alpha-channel-opacity is-style-dots\"\/>\n\n\n\n<div class=\"wp-block-getwid-accordion has-icon-left\" data-active-element=\"none\">\n<div class=\"wp-block-getwid-accordion__header-wrapper\"><span class=\"wp-block-getwid-accordion__header\"><a href=\"#\"><span class=\"wp-block-getwid-accordion__header-title\"><strong>Programm:<\/strong><\/span><span class=\"wp-block-getwid-accordion__icon is-active\"><i class=\"fas fa-plus\"><\/i><\/span><span class=\"wp-block-getwid-accordion__icon is-passive\"><i class=\"fas fa-minus\"><\/i><\/span><\/a><\/span><\/div><div class=\"wp-block-getwid-accordion__content-wrapper\"><div class=\"wp-block-getwid-accordion__content\">\n<h3 class=\"wp-block-heading\"><strong>Donnerstag, 17. Juli 2025<\/strong><\/h3>\n\n\n\n<p>14:00\u201314:30<br>Er\u00f6ffnung <br>Gru\u00dfworte von Rektor J\u00f6rg-Maria Ortwein und Andrea Horz<\/p>\n\n\n\n<hr class=\"wp-block-separator has-alpha-channel-opacity is-style-default\"\/>\n\n\n\n<p><strong>Session I \u2013 Opernpopularisierung im Spiegel der Geschichte<\/strong><br>Moderation: Bernhard Achhorner<\/p>\n\n\n\n<p>14:30\u201315:15<br><strong>Fabian Kolb<\/strong> (HfMDK Frankfurt):<br><em>Der Freisch\u00fctz daheim: Popularisierungsprozesse und Spielarten h\u00e4uslicher<br>Opernrezeption in Biedermeier und Vorm\u00e4rz<\/em><\/p>\n\n\n\n<p>15:15\u201316:00<br><strong>Gesa zur Nieden<\/strong> (Universit\u00e4t Augsburg):<br><em>Der Wald in popul\u00e4rer Musik und Musiktheater der 1930er und 1940er Jahre<\/em><\/p>\n\n\n\n<p>Pause: 16:00\u201316:15<\/p>\n\n\n\n<hr class=\"wp-block-separator has-alpha-channel-opacity\"\/>\n\n\n\n<p><strong>Session II \u2013 Konzepte des Popul\u00e4ren<\/strong><br>Moderation: Andrea Horz<\/p>\n\n\n\n<p>16:15\u201317:00<br><strong>Michael Fischer<\/strong> (Zentrum f\u00fcr Popul\u00e4re Kultur und Musik, Freiburg):<br><em>Oper f\u00fcr alle? Popularisierung \u2013 Medialisierung \u2013 Eventisierung<\/em><\/p>\n\n\n\n<hr class=\"wp-block-separator has-alpha-channel-opacity is-style-dots\"\/>\n\n\n\n<h3 class=\"wp-block-heading\"><strong>Freitag, 18. Juli 2025<\/strong><\/h3>\n\n\n\n<p><strong>Session III \u2013 Opernideologie<\/strong><br>Moderation: Hendrik Schulze<\/p>\n\n\n\n<p>11:00\u201311:45<br>Tobias Janz (Universit\u00e4t Bonn):<br><em>Wagner und das Popul\u00e4re. \u00dcber die Lieder der Meistersinger<\/em><\/p>\n\n\n\n<p>11:45\u201312:30<br><strong>Berta Joncus<\/strong> (Guildhall School of Music and Drama, London):<br><em>Abolitionism in 18th-century English Opera: Sentimentalizing Racism<\/em><\/p>\n\n\n\n<p>Mittagspause: 12:30\u201314:00<\/p>\n\n\n\n<hr class=\"wp-block-separator has-alpha-channel-opacity\"\/>\n\n\n\n<p><strong>Session IV \u2013 Strategien der Stars<\/strong><br>Moderation: Michael Fischer<\/p>\n\n\n\n<p>14:00\u201314:45<br><strong>Berthold Over<\/strong> (Universit\u00e4t Augsburg \/ Telemann-Zentrum):<br><em>Georg Philipp Telemann zwischen Marketing und Popularit\u00e4t<\/em><\/p>\n\n\n\n<p>14:45\u201315:30<br><strong>Arnold Jacobshagen<\/strong> (HfMT K\u00f6ln):<br><em>Stars und Spielpl\u00e4ne: Popularisierung der Oper am Beispiel von Maria Callas, Pl\u00e1cido Domingo und Cecilia Bartoli<\/em><\/p>\n\n\n\n<p>Pause: 15:30\u201316:00<\/p>\n\n\n\n<hr class=\"wp-block-separator has-alpha-channel-opacity\"\/>\n\n\n\n<p><strong>Session V \u2013 Oper in den Medien<\/strong><br>Moderation: Andrea Horz<\/p>\n\n\n\n<p>16:00\u201316:45<br><strong>Adrian Kuhl<\/strong> (Goethe-Universit\u00e4t Frankfurt):<br><em>Popularisierung durch Verfilmung? Jens Neuberts \u201aDer Freisch\u00fctz\u2018 (2010) im Kontext neuerer Opernfilme<\/em><\/p>\n\n\n\n<p>16:45\u201317:30<br><strong>Carolin Krahn <\/strong>(Universit\u00e4t Kassel):<br>Oper geht durch den Magen: Multimediale Entgrenzungen eines Genres in der<br>Lebensmittelindustrie des 20. Jahrhunderts<\/p>\n\n\n\n<p>Pause: 17:30\u201317:45<\/p>\n\n\n\n<hr class=\"wp-block-separator has-alpha-channel-opacity\"\/>\n\n\n\n<p><strong>Session VI \u2013 Oper in den Medien<\/strong><br>Moderation: Andrea Horz<\/p>\n\n\n\n<p>17:45\u201318:30<br><strong>Patrick Mertens<\/strong> (JLU Gie\u00dfen): <br><em>Von Sheet-Music-Drucken bis TikTok-Reprisen: Die Verwertung und Popularisierung von Musiktheaterwerken im Londoner West End<\/em><\/p>\n\n\n\n<hr class=\"wp-block-separator has-alpha-channel-opacity is-style-dots\"\/>\n\n\n\n<h3 class=\"wp-block-heading\">Samstag, 19. Juli 2025<\/h3>\n\n\n\n<p><strong>Session VII \u2013 Teilhabe &amp; \u00d6ffentlichkeit<\/strong><br>Moderation: Bernhard Achhorner<\/p>\n\n\n\n<p>10:00\u201310:45<br><strong>Hendrik Schulze<\/strong> (Stella Vorarlberg):<br><em>Zur Darstellung volkst\u00fcmlicher Figuren in Verbindung mit Publikumserziehung in der Venezianischen Oper<\/em><\/p>\n\n\n\n<p>10:45\u201311:30<br><strong>John D. Wilson<\/strong> (Universit\u00e4t Wien):<br><em>Die Emporbringung des Opernarrangements in den Abendunterhaltungen der<br>Gesellschaft der Musikfreunde in Wien (1818\u20131830)<\/em><\/p>\n\n\n\n<p>Pause: 11:30\u201312:00<\/p>\n\n\n\n<hr class=\"wp-block-separator has-alpha-channel-opacity\"\/>\n\n\n\n<p><strong>Session VIII \u2013 \u00c4sthetik &amp; Gegenwart<\/strong><br>Moderation: Bernhard Achhorner<\/p>\n\n\n\n<p>12:00\u201312:45<br><strong>Richard Erkens<\/strong> (Deutsches Studienzentrum Venedig):<br>Angst-RaumWolfsschlucht: Webers Freisch\u00fctz, die Geschichte eines Amokl\u00e4ufers?<\/p>\n\n\n\n<p>12:45\u201313:30<br>Abschlussgespr\u00e4ch mit <strong>Florian Amort<\/strong> (Bregenzer Festspiele &amp; H\u00e4ndel-Festspiele Halle) und <strong>Andrea Horz<\/strong> (Stella Vorarlberg Privathochschule f\u00fcr Musik)<\/p>\n\n\n\n<p>Verabschiedung ab 13:30<\/p>\n<\/div><\/div>\n<\/div>\n<\/div>\n\n\n\n<div class=\"wp-block-column is-layout-flow wp-block-column-is-layout-flow\" style=\"flex-basis:33.33%\"><div class=\"lazyblock-downloads-ZJ7630 wp-block-lazyblock-downloads\"><div class=\"side\">\n  <hr>\n        <div class=\"item download\">\n        <a href=\"https:\/\/stella-musikhochschule.ac.at\/wp-content\/uploads\/2025\/06\/250717-Forschung-Tagung-DF.pdf\" target=\"_blank\">\n          <span class=\"title\">Programm herunterladen<\/span>\n                    <i class=\"arrow-down\"><\/i>\n        <\/a>\n      <\/div>\n            <div class=\"item download\">\n        <a href=\"https:\/\/stella-musikhochschule.ac.at\/wp-content\/uploads\/2025\/10\/Tagungsnachbericht_Horz.pdf\" target=\"_blank\">\n          <span class=\"title\">Nachbericht<\/span>\n                    <i class=\"arrow-down\"><\/i>\n        <\/a>\n      <\/div>\n      <\/div><\/div><\/div>\n<\/div>\n\n\n\n<p><\/p>\n","protected":false},"excerpt":{"rendered":"<p>Internationale Tagung an der Stella vom 17. bis 19. Juli 2025 Die Tagung \u201e(Opern-)Musik und Popularit\u00e4t im 21. Jahrhundert\u201c untersucht die Prozesse der Popularisierung von klassischer Musik und Oper. W\u00e4hrend die Musikwissenschaft oft das \u201eOriginalwerk\u201c in den Mittelpunkt stellt, richtet diese Tagung den Blick darauf, wie Musik \u00fcber Bearbeitungen, Arrangements, Medialisierung und moderne Verbreitungswege einem [&hellip;]<\/p>\n","protected":false},"author":4,"featured_media":4393,"parent":5539,"menu_order":2,"comment_status":"closed","ping_status":"closed","template":"","meta":{"_acf_changed":false,"inline_featured_image":false,"footnotes":""},"keywords":[],"class_list":["post-5549","page","type-page","status-publish","has-post-thumbnail","hentry"],"acf":[],"yoast_head":"<!-- This site is optimized with the Yoast SEO plugin v26.8 - https:\/\/yoast.com\/product\/yoast-seo-wordpress\/ -->\n<title>(Opern-)Musik und Popularit\u00e4t im 21. Jahrhundert: \u00c4sthetik | Teilhabe | Geschichte - Stella Vorarlberg<\/title>\n<meta name=\"robots\" content=\"index, follow, max-snippet:-1, max-image-preview:large, max-video-preview:-1\" \/>\n<link rel=\"canonical\" href=\"https:\/\/stella-musikhochschule.ac.at\/en\/research\/knowledge-transfer-2\/conferences\/conferences-duplikat\" \/>\n<meta property=\"og:locale\" content=\"en_US\" \/>\n<meta property=\"og:type\" content=\"article\" \/>\n<meta property=\"og:title\" content=\"(Opern-)Musik und Popularit\u00e4t im 21. Jahrhundert: \u00c4sthetik | Teilhabe | Geschichte - Stella Vorarlberg\" \/>\n<meta property=\"og:description\" content=\"Internationale Tagung an der Stella vom 17. bis 19. Juli 2025 Die Tagung \u201e(Opern-)Musik und Popularit\u00e4t im 21. Jahrhundert\u201c untersucht die Prozesse der Popularisierung von klassischer Musik und Oper. W\u00e4hrend die Musikwissenschaft oft das \u201eOriginalwerk\u201c in den Mittelpunkt stellt, richtet diese Tagung den Blick darauf, wie Musik \u00fcber Bearbeitungen, Arrangements, Medialisierung und moderne Verbreitungswege einem [&hellip;]\" \/>\n<meta property=\"og:url\" content=\"https:\/\/stella-musikhochschule.ac.at\/en\/research\/knowledge-transfer-2\/conferences\/conferences-duplikat\" \/>\n<meta property=\"og:site_name\" content=\"Stella Vorarlberg\" \/>\n<meta property=\"article:publisher\" content=\"https:\/\/www.facebook.com\/stellamusikhochschule\" \/>\n<meta property=\"article:modified_time\" content=\"2025-12-01T14:01:08+00:00\" \/>\n<meta property=\"og:image\" content=\"https:\/\/stella-musikhochschule.ac.at\/wp-content\/uploads\/2025\/06\/Andrea-Horz-Tagung.jpg\" \/>\n\t<meta property=\"og:image:width\" content=\"1919\" \/>\n\t<meta property=\"og:image:height\" content=\"1080\" \/>\n\t<meta property=\"og:image:type\" content=\"image\/jpeg\" \/>\n<meta name=\"twitter:card\" content=\"summary_large_image\" \/>\n<meta name=\"twitter:label1\" content=\"Est. reading time\" \/>\n\t<meta name=\"twitter:data1\" content=\"3 minutes\" \/>\n<script type=\"application\/ld+json\" class=\"yoast-schema-graph\">{\"@context\":\"https:\/\/schema.org\",\"@graph\":[{\"@type\":\"WebPage\",\"@id\":\"https:\/\/stella-musikhochschule.ac.at\/en\/research\/knowledge-transfer-2\/conferences\/conferences-duplikat\",\"url\":\"https:\/\/stella-musikhochschule.ac.at\/en\/research\/knowledge-transfer-2\/conferences\/conferences-duplikat\",\"name\":\"(Opern-)Musik und Popularit\u00e4t im 21. Jahrhundert: \u00c4sthetik | Teilhabe | Geschichte - Stella Vorarlberg\",\"isPartOf\":{\"@id\":\"https:\/\/stella-musikhochschule.ac.at\/#website\"},\"primaryImageOfPage\":{\"@id\":\"https:\/\/stella-musikhochschule.ac.at\/en\/research\/knowledge-transfer-2\/conferences\/conferences-duplikat#primaryimage\"},\"image\":{\"@id\":\"https:\/\/stella-musikhochschule.ac.at\/en\/research\/knowledge-transfer-2\/conferences\/conferences-duplikat#primaryimage\"},\"thumbnailUrl\":\"https:\/\/stella-musikhochschule.ac.at\/wp-content\/uploads\/2025\/06\/Andrea-Horz-Tagung.jpg\",\"datePublished\":\"2025-12-01T13:40:55+00:00\",\"dateModified\":\"2025-12-01T14:01:08+00:00\",\"breadcrumb\":{\"@id\":\"https:\/\/stella-musikhochschule.ac.at\/en\/research\/knowledge-transfer-2\/conferences\/conferences-duplikat#breadcrumb\"},\"inLanguage\":\"en-US\",\"potentialAction\":[{\"@type\":\"ReadAction\",\"target\":[\"https:\/\/stella-musikhochschule.ac.at\/en\/research\/knowledge-transfer-2\/conferences\/conferences-duplikat\"]}]},{\"@type\":\"ImageObject\",\"inLanguage\":\"en-US\",\"@id\":\"https:\/\/stella-musikhochschule.ac.at\/en\/research\/knowledge-transfer-2\/conferences\/conferences-duplikat#primaryimage\",\"url\":\"https:\/\/stella-musikhochschule.ac.at\/wp-content\/uploads\/2025\/06\/Andrea-Horz-Tagung.jpg\",\"contentUrl\":\"https:\/\/stella-musikhochschule.ac.at\/wp-content\/uploads\/2025\/06\/Andrea-Horz-Tagung.jpg\",\"width\":1919,\"height\":1080},{\"@type\":\"BreadcrumbList\",\"@id\":\"https:\/\/stella-musikhochschule.ac.at\/en\/research\/knowledge-transfer-2\/conferences\/conferences-duplikat#breadcrumb\",\"itemListElement\":[{\"@type\":\"ListItem\",\"position\":1,\"name\":\"Startseite\",\"item\":\"https:\/\/stella-musikhochschule.ac.at\/en\"},{\"@type\":\"ListItem\",\"position\":2,\"name\":\"Research\",\"item\":\"https:\/\/stella-musikhochschule.ac.at\/en\/research\"},{\"@type\":\"ListItem\",\"position\":3,\"name\":\"Knowledge transfer\",\"item\":\"https:\/\/stella-musikhochschule.ac.at\/en\/research\/knowledge-transfer-2\"},{\"@type\":\"ListItem\",\"position\":4,\"name\":\"Conferences\",\"item\":\"https:\/\/stella-musikhochschule.ac.at\/en\/research\/knowledge-transfer-2\/conferences\"},{\"@type\":\"ListItem\",\"position\":5,\"name\":\"(Opern-)Musik und Popularit\u00e4t im 21. Jahrhundert: \u00c4sthetik | Teilhabe | Geschichte\"}]},{\"@type\":\"WebSite\",\"@id\":\"https:\/\/stella-musikhochschule.ac.at\/#website\",\"url\":\"https:\/\/stella-musikhochschule.ac.at\/\",\"name\":\"Stella Vorarlberg\",\"description\":\"Privathochschule f\u00fcr Musik\",\"publisher\":{\"@id\":\"https:\/\/stella-musikhochschule.ac.at\/#organization\"},\"potentialAction\":[{\"@type\":\"SearchAction\",\"target\":{\"@type\":\"EntryPoint\",\"urlTemplate\":\"https:\/\/stella-musikhochschule.ac.at\/?s={search_term_string}\"},\"query-input\":{\"@type\":\"PropertyValueSpecification\",\"valueRequired\":true,\"valueName\":\"search_term_string\"}}],\"inLanguage\":\"en-US\"},{\"@type\":\"Organization\",\"@id\":\"https:\/\/stella-musikhochschule.ac.at\/#organization\",\"name\":\"Stella Vorarlberg Privathochschule f\u00fcr Musik\",\"url\":\"https:\/\/stella-musikhochschule.ac.at\/\",\"logo\":{\"@type\":\"ImageObject\",\"inLanguage\":\"en-US\",\"@id\":\"https:\/\/stella-musikhochschule.ac.at\/#\/schema\/logo\/image\/\",\"url\":\"https:\/\/stella-musikhochschule.ac.at\/wp-content\/uploads\/2023\/01\/logo-zusatz.svg\",\"contentUrl\":\"https:\/\/stella-musikhochschule.ac.at\/wp-content\/uploads\/2023\/01\/logo-zusatz.svg\",\"width\":108,\"height\":57,\"caption\":\"Stella Vorarlberg Privathochschule f\u00fcr Musik\"},\"image\":{\"@id\":\"https:\/\/stella-musikhochschule.ac.at\/#\/schema\/logo\/image\/\"},\"sameAs\":[\"https:\/\/www.facebook.com\/stellamusikhochschule\",\"http:\/\/www.instagram.com\/stellamusikhochschule\",\"https:\/\/www.youtube.com\/channel\/UCOzOrROMt11QxTxkjmY6NKg\",\"https:\/\/www.tiktok.com\/@stellamusikhochschule\",\"https:\/\/open.spotify.com\/user\/31fs43ork2u3njhtilofu2bk7tue?si=fe62738c70524caa\"]}]}<\/script>\n<!-- \/ Yoast SEO plugin. -->","yoast_head_json":{"title":"(Opern-)Musik und Popularit\u00e4t im 21. Jahrhundert: \u00c4sthetik | Teilhabe | Geschichte - Stella Vorarlberg","robots":{"index":"index","follow":"follow","max-snippet":"max-snippet:-1","max-image-preview":"max-image-preview:large","max-video-preview":"max-video-preview:-1"},"canonical":"https:\/\/stella-musikhochschule.ac.at\/en\/research\/knowledge-transfer-2\/conferences\/conferences-duplikat","og_locale":"en_US","og_type":"article","og_title":"(Opern-)Musik und Popularit\u00e4t im 21. Jahrhundert: \u00c4sthetik | Teilhabe | Geschichte - Stella Vorarlberg","og_description":"Internationale Tagung an der Stella vom 17. bis 19. Juli 2025 Die Tagung \u201e(Opern-)Musik und Popularit\u00e4t im 21. Jahrhundert\u201c untersucht die Prozesse der Popularisierung von klassischer Musik und Oper. W\u00e4hrend die Musikwissenschaft oft das \u201eOriginalwerk\u201c in den Mittelpunkt stellt, richtet diese Tagung den Blick darauf, wie Musik \u00fcber Bearbeitungen, Arrangements, Medialisierung und moderne Verbreitungswege einem [&hellip;]","og_url":"https:\/\/stella-musikhochschule.ac.at\/en\/research\/knowledge-transfer-2\/conferences\/conferences-duplikat","og_site_name":"Stella Vorarlberg","article_publisher":"https:\/\/www.facebook.com\/stellamusikhochschule","article_modified_time":"2025-12-01T14:01:08+00:00","og_image":[{"width":1919,"height":1080,"url":"https:\/\/stella-musikhochschule.ac.at\/wp-content\/uploads\/2025\/06\/Andrea-Horz-Tagung.jpg","type":"image\/jpeg"}],"twitter_card":"summary_large_image","twitter_misc":{"Est. reading time":"3 minutes"},"schema":{"@context":"https:\/\/schema.org","@graph":[{"@type":"WebPage","@id":"https:\/\/stella-musikhochschule.ac.at\/en\/research\/knowledge-transfer-2\/conferences\/conferences-duplikat","url":"https:\/\/stella-musikhochschule.ac.at\/en\/research\/knowledge-transfer-2\/conferences\/conferences-duplikat","name":"(Opern-)Musik und Popularit\u00e4t im 21. Jahrhundert: \u00c4sthetik | Teilhabe | Geschichte - Stella Vorarlberg","isPartOf":{"@id":"https:\/\/stella-musikhochschule.ac.at\/#website"},"primaryImageOfPage":{"@id":"https:\/\/stella-musikhochschule.ac.at\/en\/research\/knowledge-transfer-2\/conferences\/conferences-duplikat#primaryimage"},"image":{"@id":"https:\/\/stella-musikhochschule.ac.at\/en\/research\/knowledge-transfer-2\/conferences\/conferences-duplikat#primaryimage"},"thumbnailUrl":"https:\/\/stella-musikhochschule.ac.at\/wp-content\/uploads\/2025\/06\/Andrea-Horz-Tagung.jpg","datePublished":"2025-12-01T13:40:55+00:00","dateModified":"2025-12-01T14:01:08+00:00","breadcrumb":{"@id":"https:\/\/stella-musikhochschule.ac.at\/en\/research\/knowledge-transfer-2\/conferences\/conferences-duplikat#breadcrumb"},"inLanguage":"en-US","potentialAction":[{"@type":"ReadAction","target":["https:\/\/stella-musikhochschule.ac.at\/en\/research\/knowledge-transfer-2\/conferences\/conferences-duplikat"]}]},{"@type":"ImageObject","inLanguage":"en-US","@id":"https:\/\/stella-musikhochschule.ac.at\/en\/research\/knowledge-transfer-2\/conferences\/conferences-duplikat#primaryimage","url":"https:\/\/stella-musikhochschule.ac.at\/wp-content\/uploads\/2025\/06\/Andrea-Horz-Tagung.jpg","contentUrl":"https:\/\/stella-musikhochschule.ac.at\/wp-content\/uploads\/2025\/06\/Andrea-Horz-Tagung.jpg","width":1919,"height":1080},{"@type":"BreadcrumbList","@id":"https:\/\/stella-musikhochschule.ac.at\/en\/research\/knowledge-transfer-2\/conferences\/conferences-duplikat#breadcrumb","itemListElement":[{"@type":"ListItem","position":1,"name":"Startseite","item":"https:\/\/stella-musikhochschule.ac.at\/en"},{"@type":"ListItem","position":2,"name":"Research","item":"https:\/\/stella-musikhochschule.ac.at\/en\/research"},{"@type":"ListItem","position":3,"name":"Knowledge transfer","item":"https:\/\/stella-musikhochschule.ac.at\/en\/research\/knowledge-transfer-2"},{"@type":"ListItem","position":4,"name":"Conferences","item":"https:\/\/stella-musikhochschule.ac.at\/en\/research\/knowledge-transfer-2\/conferences"},{"@type":"ListItem","position":5,"name":"(Opern-)Musik und Popularit\u00e4t im 21. Jahrhundert: \u00c4sthetik | Teilhabe | Geschichte"}]},{"@type":"WebSite","@id":"https:\/\/stella-musikhochschule.ac.at\/#website","url":"https:\/\/stella-musikhochschule.ac.at\/","name":"Stella Vorarlberg","description":"Privathochschule f\u00fcr Musik","publisher":{"@id":"https:\/\/stella-musikhochschule.ac.at\/#organization"},"potentialAction":[{"@type":"SearchAction","target":{"@type":"EntryPoint","urlTemplate":"https:\/\/stella-musikhochschule.ac.at\/?s={search_term_string}"},"query-input":{"@type":"PropertyValueSpecification","valueRequired":true,"valueName":"search_term_string"}}],"inLanguage":"en-US"},{"@type":"Organization","@id":"https:\/\/stella-musikhochschule.ac.at\/#organization","name":"Stella Vorarlberg Privathochschule f\u00fcr Musik","url":"https:\/\/stella-musikhochschule.ac.at\/","logo":{"@type":"ImageObject","inLanguage":"en-US","@id":"https:\/\/stella-musikhochschule.ac.at\/#\/schema\/logo\/image\/","url":"https:\/\/stella-musikhochschule.ac.at\/wp-content\/uploads\/2023\/01\/logo-zusatz.svg","contentUrl":"https:\/\/stella-musikhochschule.ac.at\/wp-content\/uploads\/2023\/01\/logo-zusatz.svg","width":108,"height":57,"caption":"Stella Vorarlberg Privathochschule f\u00fcr Musik"},"image":{"@id":"https:\/\/stella-musikhochschule.ac.at\/#\/schema\/logo\/image\/"},"sameAs":["https:\/\/www.facebook.com\/stellamusikhochschule","http:\/\/www.instagram.com\/stellamusikhochschule","https:\/\/www.youtube.com\/channel\/UCOzOrROMt11QxTxkjmY6NKg","https:\/\/www.tiktok.com\/@stellamusikhochschule","https:\/\/open.spotify.com\/user\/31fs43ork2u3njhtilofu2bk7tue?si=fe62738c70524caa"]}]}},"_links":{"self":[{"href":"https:\/\/stella-musikhochschule.ac.at\/en\/wp-json\/wp\/v2\/pages\/5549","targetHints":{"allow":["GET"]}}],"collection":[{"href":"https:\/\/stella-musikhochschule.ac.at\/en\/wp-json\/wp\/v2\/pages"}],"about":[{"href":"https:\/\/stella-musikhochschule.ac.at\/en\/wp-json\/wp\/v2\/types\/page"}],"author":[{"embeddable":true,"href":"https:\/\/stella-musikhochschule.ac.at\/en\/wp-json\/wp\/v2\/users\/4"}],"replies":[{"embeddable":true,"href":"https:\/\/stella-musikhochschule.ac.at\/en\/wp-json\/wp\/v2\/comments?post=5549"}],"version-history":[{"count":0,"href":"https:\/\/stella-musikhochschule.ac.at\/en\/wp-json\/wp\/v2\/pages\/5549\/revisions"}],"up":[{"embeddable":true,"href":"https:\/\/stella-musikhochschule.ac.at\/en\/wp-json\/wp\/v2\/pages\/5539"}],"wp:featuredmedia":[{"embeddable":true,"href":"https:\/\/stella-musikhochschule.ac.at\/en\/wp-json\/wp\/v2\/media\/4393"}],"wp:attachment":[{"href":"https:\/\/stella-musikhochschule.ac.at\/en\/wp-json\/wp\/v2\/media?parent=5549"}],"wp:term":[{"taxonomy":"keywords","embeddable":true,"href":"https:\/\/stella-musikhochschule.ac.at\/en\/wp-json\/wp\/v2\/keywords?post=5549"}],"curies":[{"name":"wp","href":"https:\/\/api.w.org\/{rel}","templated":true}]}}