{"id":5417,"date":"2025-11-26T09:49:38","date_gmt":"2025-11-26T08:49:38","guid":{"rendered":"https:\/\/stella-musikhochschule.ac.at\/?page_id=5417"},"modified":"2026-01-12T21:54:14","modified_gmt":"2026-01-12T20:54:14","slug":"accommodation-and-flats","status":"publish","type":"page","link":"https:\/\/stella-musikhochschule.ac.at\/en\/service\/studyservicecenter\/accommodation-and-flats","title":{"rendered":"Accommodation and flats"},"content":{"rendered":"\n<div class=\"wp-block-columns is-layout-flex wp-container-core-columns-is-layout-9d6595d7 wp-block-columns-is-layout-flex\">\n<div class=\"wp-block-column is-layout-flow wp-block-column-is-layout-flow\" style=\"flex-basis:66.66%\">\n<p>A comfortable place to live is also part of a successful course of study.<\/p>\n<\/div>\n\n\n\n<div class=\"wp-block-column is-layout-flow wp-block-column-is-layout-flow\" style=\"flex-basis:33.33%\">\n<p><\/p>\n<\/div>\n<\/div>\n\n\n\n<div class=\"wp-block-getwid-section\"><div class=\"wp-block-getwid-section__wrapper\"><div class=\"wp-block-getwid-section__inner-wrapper\"><div class=\"wp-block-getwid-section__background-holder\"><div class=\"wp-block-getwid-section__background\"><\/div><div class=\"wp-block-getwid-section__foreground\"><\/div><\/div><div class=\"wp-block-getwid-section__content\"><div class=\"wp-block-getwid-section__inner-content\">\n<div class=\"wp-block-columns is-layout-flex wp-container-core-columns-is-layout-9d6595d7 wp-block-columns-is-layout-flex\">\n<div class=\"wp-block-column is-layout-flow wp-block-column-is-layout-flow\" style=\"flex-basis:66.66%\">\n<h3 class=\"wp-block-heading\"><strong><strong>Feldkirch<\/strong><\/strong><\/h3>\n\n\n\n<p>There are no student dormitories in Feldkirch. Starting your search for accommodation early is highly recommended.<\/p>\n\n\n\n<p>The city of Feldkirch rents out accommodation.<br><\/p>\n<\/div>\n\n\n\n<div class=\"wp-block-column is-layout-flow wp-block-column-is-layout-flow\" style=\"flex-basis:33.33%\">\n<hr class=\"wp-block-separator has-alpha-channel-opacity\"\/>\n\n\n\n<p>The Student Services Office (<a href=\"mailto:studiendirektion@musikhochschule-stella.ac.at\">studiendirektion@musikhochschule-stella.ac.at<\/a>) will be happy to help. After contacting us, we will put you in touch with the relevant person at the city of Feldkirch.<\/p>\n<\/div>\n<\/div>\n<\/div><\/div><\/div><\/div><\/div>\n\n\n\n<div class=\"wp-block-getwid-section\"><div class=\"wp-block-getwid-section__wrapper\"><div class=\"wp-block-getwid-section__inner-wrapper\"><div class=\"wp-block-getwid-section__background-holder\"><div class=\"wp-block-getwid-section__background\"><\/div><div class=\"wp-block-getwid-section__foreground\"><\/div><\/div><div class=\"wp-block-getwid-section__content\"><div class=\"wp-block-getwid-section__inner-content\">\n<div class=\"wp-block-columns is-layout-flex wp-container-core-columns-is-layout-9d6595d7 wp-block-columns-is-layout-flex\">\n<div class=\"wp-block-column is-layout-flow wp-block-column-is-layout-flow\" style=\"flex-basis:66.66%\">\n<h3 class=\"wp-block-heading\"><strong><strong>Bludenz<\/strong><\/strong><\/h3>\n\n\n\n<p>In addition, the <a href=\"https:\/\/tourismuscampus-bludenz.at\/lehrhotel-raetia\/\">Lehrhotel R\u00e4tia<\/a> in Bludenz rents rooms to students.\u00a0<\/p>\n\n\n\n<p><br><\/p>\n<\/div>\n\n\n\n<div class=\"wp-block-column is-layout-flow wp-block-column-is-layout-flow\" style=\"flex-basis:33.33%\">\n<p>The hotel team can be reached at <a href=\"mailto:lehrhotel@tourblu.at\">lehrhotel@tourblu.at<\/a>\u00a0 and will provide information about availability, prices, etc.<\/p>\n\n\n<div class=\"lazyblock-links-2ctDR4 wp-block-lazyblock-links\"><div class=\"side\">\n  <hr>\n        <div class=\"item link\">\n        <a href=\"https:\/\/tourismuscampus-bludenz.at\/lehrhotel-raetia\/\" target=\"_blank\">\n          <span class=\"title\">Lehrhotel R\u00e4tia<\/span>\n          <i class=\"arrow-link\"><\/i>\n        <\/a>\n      <\/div>\n      <\/div><\/div><\/div>\n<\/div>\n<\/div><\/div><\/div><\/div><\/div>\n\n\n\n<div class=\"wp-block-getwid-section\"><div class=\"wp-block-getwid-section__wrapper\"><div class=\"wp-block-getwid-section__inner-wrapper\"><div class=\"wp-block-getwid-section__background-holder\"><div class=\"wp-block-getwid-section__background\"><\/div><div class=\"wp-block-getwid-section__foreground\"><\/div><\/div><div class=\"wp-block-getwid-section__content\"><div class=\"wp-block-getwid-section__inner-content\">\n<div class=\"wp-block-columns is-layout-flex wp-container-core-columns-is-layout-9d6595d7 wp-block-columns-is-layout-flex\">\n<div class=\"wp-block-column is-layout-flow wp-block-column-is-layout-flow\" style=\"flex-basis:66.66%\">\n<h3 class=\"wp-block-heading\"><strong><strong>Here are a few more places where you can search specifically for accommodation in Vorarlberg<\/strong><\/strong><\/h3>\n\n\n\n<p><br><\/p>\n<\/div>\n\n\n\n<div class=\"wp-block-column is-layout-flow wp-block-column-is-layout-flow\" style=\"flex-basis:33.33%\"><div class=\"lazyblock-links-ZREYov wp-block-lazyblock-links\"><div class=\"side\">\n  <hr>\n        <div class=\"item link\">\n        <a href=\"https:\/\/www.laendleimmo.at\/\" target=\"_blank\">\n          <span class=\"title\">Immobilien aus Vorarlberg &#8211; Wohnungen und H\u00e4user g\u00fcnstig mieten und kaufen<\/span>\n          <i class=\"arrow-link\"><\/i>\n        <\/a>\n      <\/div>\n            <div class=\"item link\">\n        <a href=\"https:\/\/wohnen.oehweb.at\/\" target=\"_blank\">\n          <span class=\"title\">\u00d6H Wohnungsb\u00f6rse &#8211; Dein Studium. Deine \u00d6H. Dein Zuhause<\/span>\n          <i class=\"arrow-link\"><\/i>\n        <\/a>\n      <\/div>\n            <div class=\"item link\">\n        <a href=\"https:\/\/www.willhaben.at\/iad\/immobilien\" target=\"_blank\">\n          <span class=\"title\">Immobilien: Haus, Wohnung, Privatimmobilien, Gewerbeimmobilien &#8211; willhaben<\/span>\n          <i class=\"arrow-link\"><\/i>\n        <\/a>\n      <\/div>\n            <div class=\"item link\">\n        <a href=\"https:\/\/www.immobilienscout24.at\/regional\/vorarlberg\/wohnung-mieten\" target=\"_blank\">\n          <span class=\"title\">Wohnung mieten in Vorarlberg &#8211; ImmoScout24<\/span>\n          <i class=\"arrow-link\"><\/i>\n        <\/a>\n      <\/div>\n            <div class=\"item link\">\n        <a href=\"https:\/\/de.dorms.com\/%25C3%2596sterreich\/Feldkirch\/2026-12-01\/2026-12-01\/1\" target=\"_blank\">\n          <span class=\"title\">Feldkirch | Studentenunterk\u00fcnfte &#8211; Hostels &#8211; Coworking R\u00e4ume | de.Dorms.com \u00ae<\/span>\n          <i class=\"arrow-link\"><\/i>\n        <\/a>\n      <\/div>\n      <\/div><\/div><\/div>\n<\/div>\n<\/div><\/div><\/div><\/div><\/div>\n\n\n\n<div class=\"wp-block-getwid-section\"><div class=\"wp-block-getwid-section__wrapper\"><div class=\"wp-block-getwid-section__inner-wrapper\"><div class=\"wp-block-getwid-section__background-holder\"><div class=\"wp-block-getwid-section__background\"><\/div><div class=\"wp-block-getwid-section__foreground\"><\/div><\/div><div class=\"wp-block-getwid-section__content\"><div class=\"wp-block-getwid-section__inner-content\">\n<div class=\"wp-block-columns is-layout-flex wp-container-core-columns-is-layout-9d6595d7 wp-block-columns-is-layout-flex\">\n<div class=\"wp-block-column is-layout-flow wp-block-column-is-layout-flow\" style=\"flex-basis:66.66%\">\n<h3 class=\"wp-block-heading\"><strong><strong>Sometimes flats can also be found in local newsletters and regional newspapers<\/strong><\/strong><\/h3>\n\n\n\n<p><br><\/p>\n<\/div>\n\n\n\n<div class=\"wp-block-column is-layout-flow wp-block-column-is-layout-flow\" style=\"flex-basis:33.33%\"><div class=\"lazyblock-links-2dvlzl wp-block-lazyblock-links\"><div class=\"side\">\n  <hr>\n        <div class=\"item link\">\n        <a href=\"https:\/\/www.rankweil.at\/buergerservice\/gemeindemedien\/gemeindeblatt\" target=\"_blank\">\n          <span class=\"title\">Gemeindeblatt \u2014 Rankweil<\/span>\n          <i class=\"arrow-link\"><\/i>\n        <\/a>\n      <\/div>\n            <div class=\"item link\">\n        <a href=\"https:\/\/www.rzg.at\/\" target=\"_blank\">\n          <span class=\"title\">Lokale Nachrichten | Regionalzeitungen Vorarlberg<\/span>\n          <i class=\"arrow-link\"><\/i>\n        <\/a>\n      <\/div>\n      <\/div><\/div><\/div>\n<\/div>\n<\/div><\/div><\/div><\/div><\/div>\n\n\n\n<div class=\"wp-block-getwid-section\"><div class=\"wp-block-getwid-section__wrapper\"><div class=\"wp-block-getwid-section__inner-wrapper\"><div class=\"wp-block-getwid-section__background-holder\"><div class=\"wp-block-getwid-section__background\"><\/div><div class=\"wp-block-getwid-section__foreground\"><\/div><\/div><div class=\"wp-block-getwid-section__content\"><div class=\"wp-block-getwid-section__inner-content\">\n<div class=\"wp-block-columns is-layout-flex wp-container-core-columns-is-layout-9d6595d7 wp-block-columns-is-layout-flex\">\n<div class=\"wp-block-column is-layout-flow wp-block-column-is-layout-flow\" style=\"flex-basis:66.66%\">\n<h3 class=\"wp-block-heading\"><strong><strong><br>Tips on rental agreements can be found on the Chamber of Labour website<\/strong><\/strong><\/h3>\n\n\n\n<p><br><\/p>\n<\/div>\n\n\n\n<div class=\"wp-block-column is-layout-flow wp-block-column-is-layout-flow\" style=\"flex-basis:33.33%\"><div class=\"lazyblock-links-2cbQ59 wp-block-lazyblock-links\"><div class=\"side\">\n  <hr>\n        <div class=\"item link\">\n        <a href=\"https:\/\/www.arbeiterkammer.at\/beratung\/konsument\/bauenundwohnen\/miete\/Mietvertrag.html\" target=\"_blank\">\n          <span class=\"title\">Mietvertrag | Arbeiterkammer<\/span>\n          <i class=\"arrow-link\"><\/i>\n        <\/a>\n      <\/div>\n      <\/div><\/div><\/div>\n<\/div>\n<\/div><\/div><\/div><\/div><\/div>\n\n\n\n<p><\/p>\n","protected":false},"excerpt":{"rendered":"<p>A comfortable place to live is also part of a successful course of study.<\/p>\n","protected":false},"author":4,"featured_media":5331,"parent":5395,"menu_order":17,"comment_status":"closed","ping_status":"closed","template":"","meta":{"_acf_changed":false,"inline_featured_image":false,"footnotes":""},"keywords":[],"class_list":["post-5417","page","type-page","status-publish","has-post-thumbnail","hentry"],"acf":[],"yoast_head":"<!-- This site is optimized with the Yoast SEO plugin v26.8 - https:\/\/yoast.com\/product\/yoast-seo-wordpress\/ -->\n<title>Accommodation and flats - Stella Vorarlberg<\/title>\n<meta name=\"robots\" content=\"index, follow, max-snippet:-1, max-image-preview:large, max-video-preview:-1\" \/>\n<link rel=\"canonical\" href=\"https:\/\/stella-musikhochschule.ac.at\/en\/service\/studyservicecenter\/accommodation-and-flats\" \/>\n<meta property=\"og:locale\" content=\"en_US\" \/>\n<meta property=\"og:type\" content=\"article\" \/>\n<meta property=\"og:title\" content=\"Accommodation and flats - Stella Vorarlberg\" \/>\n<meta property=\"og:description\" content=\"A comfortable place to live is also part of a successful course of study.\" \/>\n<meta property=\"og:url\" content=\"https:\/\/stella-musikhochschule.ac.at\/en\/service\/studyservicecenter\/accommodation-and-flats\" \/>\n<meta property=\"og:site_name\" content=\"Stella Vorarlberg\" \/>\n<meta property=\"article:publisher\" content=\"https:\/\/www.facebook.com\/stellamusikhochschule\" \/>\n<meta property=\"article:modified_time\" content=\"2026-01-12T20:54:14+00:00\" \/>\n<meta property=\"og:image\" content=\"https:\/\/stella-musikhochschule.ac.at\/wp-content\/uploads\/2025\/11\/Stella-Vorarlberg-Feldkirch-building-1-2-768x1086-2-edited.jpg\" \/>\n\t<meta property=\"og:image:width\" content=\"768\" \/>\n\t<meta property=\"og:image:height\" content=\"432\" \/>\n\t<meta property=\"og:image:type\" content=\"image\/jpeg\" \/>\n<meta name=\"twitter:card\" content=\"summary_large_image\" \/>\n<meta name=\"twitter:label1\" content=\"Est. reading time\" \/>\n\t<meta name=\"twitter:data1\" content=\"2 minutes\" \/>\n<script type=\"application\/ld+json\" class=\"yoast-schema-graph\">{\"@context\":\"https:\/\/schema.org\",\"@graph\":[{\"@type\":\"WebPage\",\"@id\":\"https:\/\/stella-musikhochschule.ac.at\/en\/service\/studyservicecenter\/accommodation-and-flats\",\"url\":\"https:\/\/stella-musikhochschule.ac.at\/en\/service\/studyservicecenter\/accommodation-and-flats\",\"name\":\"Accommodation and flats - Stella Vorarlberg\",\"isPartOf\":{\"@id\":\"https:\/\/stella-musikhochschule.ac.at\/#website\"},\"primaryImageOfPage\":{\"@id\":\"https:\/\/stella-musikhochschule.ac.at\/en\/service\/studyservicecenter\/accommodation-and-flats#primaryimage\"},\"image\":{\"@id\":\"https:\/\/stella-musikhochschule.ac.at\/en\/service\/studyservicecenter\/accommodation-and-flats#primaryimage\"},\"thumbnailUrl\":\"https:\/\/stella-musikhochschule.ac.at\/wp-content\/uploads\/2025\/11\/Stella-Vorarlberg-Feldkirch-building-1-2-768x1086-2-edited.jpg\",\"datePublished\":\"2025-11-26T08:49:38+00:00\",\"dateModified\":\"2026-01-12T20:54:14+00:00\",\"breadcrumb\":{\"@id\":\"https:\/\/stella-musikhochschule.ac.at\/en\/service\/studyservicecenter\/accommodation-and-flats#breadcrumb\"},\"inLanguage\":\"en-US\",\"potentialAction\":[{\"@type\":\"ReadAction\",\"target\":[\"https:\/\/stella-musikhochschule.ac.at\/en\/service\/studyservicecenter\/accommodation-and-flats\"]}]},{\"@type\":\"ImageObject\",\"inLanguage\":\"en-US\",\"@id\":\"https:\/\/stella-musikhochschule.ac.at\/en\/service\/studyservicecenter\/accommodation-and-flats#primaryimage\",\"url\":\"https:\/\/stella-musikhochschule.ac.at\/wp-content\/uploads\/2025\/11\/Stella-Vorarlberg-Feldkirch-building-1-2-768x1086-2-edited.jpg\",\"contentUrl\":\"https:\/\/stella-musikhochschule.ac.at\/wp-content\/uploads\/2025\/11\/Stella-Vorarlberg-Feldkirch-building-1-2-768x1086-2-edited.jpg\",\"width\":768,\"height\":432},{\"@type\":\"BreadcrumbList\",\"@id\":\"https:\/\/stella-musikhochschule.ac.at\/en\/service\/studyservicecenter\/accommodation-and-flats#breadcrumb\",\"itemListElement\":[{\"@type\":\"ListItem\",\"position\":1,\"name\":\"Startseite\",\"item\":\"https:\/\/stella-musikhochschule.ac.at\/en\"},{\"@type\":\"ListItem\",\"position\":2,\"name\":\"Service\",\"item\":\"https:\/\/stella-musikhochschule.ac.at\/en\/service\"},{\"@type\":\"ListItem\",\"position\":3,\"name\":\"Study Service\u00a0Center\",\"item\":\"https:\/\/stella-musikhochschule.ac.at\/en\/service\/studyservicecenter\"},{\"@type\":\"ListItem\",\"position\":4,\"name\":\"Accommodation and flats\"}]},{\"@type\":\"WebSite\",\"@id\":\"https:\/\/stella-musikhochschule.ac.at\/#website\",\"url\":\"https:\/\/stella-musikhochschule.ac.at\/\",\"name\":\"Stella Vorarlberg\",\"description\":\"Privathochschule f\u00fcr Musik\",\"publisher\":{\"@id\":\"https:\/\/stella-musikhochschule.ac.at\/#organization\"},\"potentialAction\":[{\"@type\":\"SearchAction\",\"target\":{\"@type\":\"EntryPoint\",\"urlTemplate\":\"https:\/\/stella-musikhochschule.ac.at\/?s={search_term_string}\"},\"query-input\":{\"@type\":\"PropertyValueSpecification\",\"valueRequired\":true,\"valueName\":\"search_term_string\"}}],\"inLanguage\":\"en-US\"},{\"@type\":\"Organization\",\"@id\":\"https:\/\/stella-musikhochschule.ac.at\/#organization\",\"name\":\"Stella Vorarlberg Privathochschule f\u00fcr Musik\",\"url\":\"https:\/\/stella-musikhochschule.ac.at\/\",\"logo\":{\"@type\":\"ImageObject\",\"inLanguage\":\"en-US\",\"@id\":\"https:\/\/stella-musikhochschule.ac.at\/#\/schema\/logo\/image\/\",\"url\":\"https:\/\/stella-musikhochschule.ac.at\/wp-content\/uploads\/2023\/01\/logo-zusatz.svg\",\"contentUrl\":\"https:\/\/stella-musikhochschule.ac.at\/wp-content\/uploads\/2023\/01\/logo-zusatz.svg\",\"width\":108,\"height\":57,\"caption\":\"Stella Vorarlberg Privathochschule f\u00fcr Musik\"},\"image\":{\"@id\":\"https:\/\/stella-musikhochschule.ac.at\/#\/schema\/logo\/image\/\"},\"sameAs\":[\"https:\/\/www.facebook.com\/stellamusikhochschule\",\"http:\/\/www.instagram.com\/stellamusikhochschule\",\"https:\/\/www.youtube.com\/channel\/UCOzOrROMt11QxTxkjmY6NKg\",\"https:\/\/www.tiktok.com\/@stellamusikhochschule\",\"https:\/\/open.spotify.com\/user\/31fs43ork2u3njhtilofu2bk7tue?si=fe62738c70524caa\"]}]}<\/script>\n<!-- \/ Yoast SEO plugin. -->","yoast_head_json":{"title":"Accommodation and flats - Stella Vorarlberg","robots":{"index":"index","follow":"follow","max-snippet":"max-snippet:-1","max-image-preview":"max-image-preview:large","max-video-preview":"max-video-preview:-1"},"canonical":"https:\/\/stella-musikhochschule.ac.at\/en\/service\/studyservicecenter\/accommodation-and-flats","og_locale":"en_US","og_type":"article","og_title":"Accommodation and flats - Stella Vorarlberg","og_description":"A comfortable place to live is also part of a successful course of study.","og_url":"https:\/\/stella-musikhochschule.ac.at\/en\/service\/studyservicecenter\/accommodation-and-flats","og_site_name":"Stella Vorarlberg","article_publisher":"https:\/\/www.facebook.com\/stellamusikhochschule","article_modified_time":"2026-01-12T20:54:14+00:00","og_image":[{"width":768,"height":432,"url":"https:\/\/stella-musikhochschule.ac.at\/wp-content\/uploads\/2025\/11\/Stella-Vorarlberg-Feldkirch-building-1-2-768x1086-2-edited.jpg","type":"image\/jpeg"}],"twitter_card":"summary_large_image","twitter_misc":{"Est. reading time":"2 minutes"},"schema":{"@context":"https:\/\/schema.org","@graph":[{"@type":"WebPage","@id":"https:\/\/stella-musikhochschule.ac.at\/en\/service\/studyservicecenter\/accommodation-and-flats","url":"https:\/\/stella-musikhochschule.ac.at\/en\/service\/studyservicecenter\/accommodation-and-flats","name":"Accommodation and flats - Stella Vorarlberg","isPartOf":{"@id":"https:\/\/stella-musikhochschule.ac.at\/#website"},"primaryImageOfPage":{"@id":"https:\/\/stella-musikhochschule.ac.at\/en\/service\/studyservicecenter\/accommodation-and-flats#primaryimage"},"image":{"@id":"https:\/\/stella-musikhochschule.ac.at\/en\/service\/studyservicecenter\/accommodation-and-flats#primaryimage"},"thumbnailUrl":"https:\/\/stella-musikhochschule.ac.at\/wp-content\/uploads\/2025\/11\/Stella-Vorarlberg-Feldkirch-building-1-2-768x1086-2-edited.jpg","datePublished":"2025-11-26T08:49:38+00:00","dateModified":"2026-01-12T20:54:14+00:00","breadcrumb":{"@id":"https:\/\/stella-musikhochschule.ac.at\/en\/service\/studyservicecenter\/accommodation-and-flats#breadcrumb"},"inLanguage":"en-US","potentialAction":[{"@type":"ReadAction","target":["https:\/\/stella-musikhochschule.ac.at\/en\/service\/studyservicecenter\/accommodation-and-flats"]}]},{"@type":"ImageObject","inLanguage":"en-US","@id":"https:\/\/stella-musikhochschule.ac.at\/en\/service\/studyservicecenter\/accommodation-and-flats#primaryimage","url":"https:\/\/stella-musikhochschule.ac.at\/wp-content\/uploads\/2025\/11\/Stella-Vorarlberg-Feldkirch-building-1-2-768x1086-2-edited.jpg","contentUrl":"https:\/\/stella-musikhochschule.ac.at\/wp-content\/uploads\/2025\/11\/Stella-Vorarlberg-Feldkirch-building-1-2-768x1086-2-edited.jpg","width":768,"height":432},{"@type":"BreadcrumbList","@id":"https:\/\/stella-musikhochschule.ac.at\/en\/service\/studyservicecenter\/accommodation-and-flats#breadcrumb","itemListElement":[{"@type":"ListItem","position":1,"name":"Startseite","item":"https:\/\/stella-musikhochschule.ac.at\/en"},{"@type":"ListItem","position":2,"name":"Service","item":"https:\/\/stella-musikhochschule.ac.at\/en\/service"},{"@type":"ListItem","position":3,"name":"Study Service\u00a0Center","item":"https:\/\/stella-musikhochschule.ac.at\/en\/service\/studyservicecenter"},{"@type":"ListItem","position":4,"name":"Accommodation and flats"}]},{"@type":"WebSite","@id":"https:\/\/stella-musikhochschule.ac.at\/#website","url":"https:\/\/stella-musikhochschule.ac.at\/","name":"Stella Vorarlberg","description":"Privathochschule f\u00fcr Musik","publisher":{"@id":"https:\/\/stella-musikhochschule.ac.at\/#organization"},"potentialAction":[{"@type":"SearchAction","target":{"@type":"EntryPoint","urlTemplate":"https:\/\/stella-musikhochschule.ac.at\/?s={search_term_string}"},"query-input":{"@type":"PropertyValueSpecification","valueRequired":true,"valueName":"search_term_string"}}],"inLanguage":"en-US"},{"@type":"Organization","@id":"https:\/\/stella-musikhochschule.ac.at\/#organization","name":"Stella Vorarlberg Privathochschule f\u00fcr Musik","url":"https:\/\/stella-musikhochschule.ac.at\/","logo":{"@type":"ImageObject","inLanguage":"en-US","@id":"https:\/\/stella-musikhochschule.ac.at\/#\/schema\/logo\/image\/","url":"https:\/\/stella-musikhochschule.ac.at\/wp-content\/uploads\/2023\/01\/logo-zusatz.svg","contentUrl":"https:\/\/stella-musikhochschule.ac.at\/wp-content\/uploads\/2023\/01\/logo-zusatz.svg","width":108,"height":57,"caption":"Stella Vorarlberg Privathochschule f\u00fcr Musik"},"image":{"@id":"https:\/\/stella-musikhochschule.ac.at\/#\/schema\/logo\/image\/"},"sameAs":["https:\/\/www.facebook.com\/stellamusikhochschule","http:\/\/www.instagram.com\/stellamusikhochschule","https:\/\/www.youtube.com\/channel\/UCOzOrROMt11QxTxkjmY6NKg","https:\/\/www.tiktok.com\/@stellamusikhochschule","https:\/\/open.spotify.com\/user\/31fs43ork2u3njhtilofu2bk7tue?si=fe62738c70524caa"]}]}},"_links":{"self":[{"href":"https:\/\/stella-musikhochschule.ac.at\/en\/wp-json\/wp\/v2\/pages\/5417","targetHints":{"allow":["GET"]}}],"collection":[{"href":"https:\/\/stella-musikhochschule.ac.at\/en\/wp-json\/wp\/v2\/pages"}],"about":[{"href":"https:\/\/stella-musikhochschule.ac.at\/en\/wp-json\/wp\/v2\/types\/page"}],"author":[{"embeddable":true,"href":"https:\/\/stella-musikhochschule.ac.at\/en\/wp-json\/wp\/v2\/users\/4"}],"replies":[{"embeddable":true,"href":"https:\/\/stella-musikhochschule.ac.at\/en\/wp-json\/wp\/v2\/comments?post=5417"}],"version-history":[{"count":0,"href":"https:\/\/stella-musikhochschule.ac.at\/en\/wp-json\/wp\/v2\/pages\/5417\/revisions"}],"up":[{"embeddable":true,"href":"https:\/\/stella-musikhochschule.ac.at\/en\/wp-json\/wp\/v2\/pages\/5395"}],"wp:featuredmedia":[{"embeddable":true,"href":"https:\/\/stella-musikhochschule.ac.at\/en\/wp-json\/wp\/v2\/media\/5331"}],"wp:attachment":[{"href":"https:\/\/stella-musikhochschule.ac.at\/en\/wp-json\/wp\/v2\/media?parent=5417"}],"wp:term":[{"taxonomy":"keywords","embeddable":true,"href":"https:\/\/stella-musikhochschule.ac.at\/en\/wp-json\/wp\/v2\/keywords?post=5417"}],"curies":[{"name":"wp","href":"https:\/\/api.w.org\/{rel}","templated":true}]}}