{"id":5409,"date":"2025-11-25T19:10:03","date_gmt":"2025-11-25T18:10:03","guid":{"rendered":"https:\/\/stella-musikhochschule.ac.at\/?page_id=5409"},"modified":"2026-01-12T21:41:32","modified_gmt":"2026-01-12T20:41:32","slug":"costs-and-funding-opportunities","status":"publish","type":"page","link":"https:\/\/stella-musikhochschule.ac.at\/en\/service\/studyservicecenter\/costs-and-funding-opportunities","title":{"rendered":"Costs and funding opportunities"},"content":{"rendered":"\n<div class=\"wp-block-getwid-section alignfull alignfull\"><div class=\"wp-block-getwid-section__wrapper\"><div class=\"wp-block-getwid-section__inner-wrapper\"><div class=\"wp-block-getwid-section__background-holder\"><div class=\"wp-block-getwid-section__background\"><\/div><div class=\"wp-block-getwid-section__foreground\"><\/div><\/div><div class=\"wp-block-getwid-section__content\"><div class=\"wp-block-getwid-section__inner-content\">\n<div class=\"wp-block-columns is-layout-flex wp-container-core-columns-is-layout-9d6595d7 wp-block-columns-is-layout-flex\">\n<div class=\"wp-block-column is-layout-flow wp-block-column-is-layout-flow\" style=\"flex-basis:66.66%\">\n<p><strong><strong><strong><strong>Tuition fee<\/strong><\/strong><\/strong><\/strong>s<\/p>\n\n\n\n<p>Tuition fees depend on the student&#8217;s country of origin and consist of the semester fee and the \u00d6H fee (student union fee).<\/p>\n\n\n\n<p>(as of October 2025)<\/p>\n<\/div>\n\n\n\n<div class=\"wp-block-column is-layout-flow wp-block-column-is-layout-flow\" style=\"flex-basis:33.33%\">\n<hr class=\"wp-block-separator has-alpha-channel-opacity\"\/>\n\n\n\n<p><strong>EU citizens:<\/strong> \u20ac270 per semester<br><strong>Non-EU citizens: <\/strong>\u20ac590 per semester<br><strong>\u00d6H contribution:<\/strong> \u20ac25.20 per semester<\/p>\n<\/div>\n<\/div>\n<\/div><\/div><\/div><\/div><\/div>\n\n\n\n<div class=\"wp-block-getwid-section alignfull alignfull\"><div class=\"wp-block-getwid-section__wrapper\"><div class=\"wp-block-getwid-section__inner-wrapper\"><div class=\"wp-block-getwid-section__background-holder\"><div class=\"wp-block-getwid-section__background\"><\/div><div class=\"wp-block-getwid-section__foreground\"><\/div><\/div><div class=\"wp-block-getwid-section__content\"><div class=\"wp-block-getwid-section__inner-content\">\n<div class=\"wp-block-columns is-layout-flex wp-container-core-columns-is-layout-9d6595d7 wp-block-columns-is-layout-flex\">\n<div class=\"wp-block-column is-layout-flow wp-block-column-is-layout-flow\" style=\"flex-basis:66.66%\">\n<p><strong><strong><strong><strong><strong><strong><strong><strong><strong>Payment terms<\/strong><\/strong><\/strong><\/strong><\/strong><\/strong><\/strong><\/strong><\/strong><\/p>\n\n\n\n<p>Admission to studies or registration for the continuation of studies can only be processed if the required fee is paid in full and by the deadline. Partial payments are not possible.<\/p>\n\n\n\n<p>The tuition fee must be paid within the admission period! Otherwise, admission to studies will not be granted, or deregistration from studies will be initiated.<\/p>\n\n\n\n<p>Please note that transfer fees may apply for international transfers, and these must be paid by the student.<br><\/p>\n<\/div>\n\n\n\n<div class=\"wp-block-column is-layout-flow wp-block-column-is-layout-flow\" style=\"flex-basis:33.33%\"><div class=\"lazyblock-links-ZtJllx wp-block-lazyblock-links\"><div class=\"side\">\n  <hr>\n        <div class=\"item link\">\n        <a href=\"https:\/\/www.oeh.ac.at\/service\/oeh-beitrag\/\" target=\"_blank\">\n          <span class=\"title\">You can read here what the \u00d6H contribution is used for<\/span>\n          <i class=\"arrow-link\"><\/i>\n        <\/a>\n      <\/div>\n      <\/div><\/div><\/div>\n<\/div>\n<\/div><\/div><\/div><\/div><\/div>\n\n\n\n<div class=\"wp-block-getwid-section alignfull alignfull\"><div class=\"wp-block-getwid-section__wrapper\"><div class=\"wp-block-getwid-section__inner-wrapper\"><div class=\"wp-block-getwid-section__background-holder\"><div class=\"wp-block-getwid-section__background\"><\/div><div class=\"wp-block-getwid-section__foreground\"><\/div><\/div><div class=\"wp-block-getwid-section__content\"><div class=\"wp-block-getwid-section__inner-content\">\n<div class=\"wp-block-columns is-layout-flex wp-container-core-columns-is-layout-9d6595d7 wp-block-columns-is-layout-flex\">\n<div class=\"wp-block-column is-layout-flow wp-block-column-is-layout-flow\" style=\"flex-basis:66.66%\">\n<p><strong><strong><strong><strong><strong><strong><strong><strong><strong>Cost of living<\/strong><\/strong><\/strong><\/strong><\/strong><\/strong><\/strong><\/strong><\/strong><\/p>\n\n\n\n<p>The cost of living in western Austria is relatively high. We therefore recommend budgeting at least \u20ac 1.300 per month (if you need your own accommodation).<\/p>\n<\/div>\n\n\n\n<div class=\"wp-block-column is-layout-flow wp-block-column-is-layout-flow\" style=\"flex-basis:33.33%\"><\/div>\n<\/div>\n<\/div><\/div><\/div><\/div><\/div>\n\n\n\n<div class=\"wp-block-getwid-section alignfull alignfull\"><div class=\"wp-block-getwid-section__wrapper\"><div class=\"wp-block-getwid-section__inner-wrapper\"><div class=\"wp-block-getwid-section__background-holder\"><div class=\"wp-block-getwid-section__background\"><\/div><div class=\"wp-block-getwid-section__foreground\"><\/div><\/div><div class=\"wp-block-getwid-section__content\"><div class=\"wp-block-getwid-section__inner-content\">\n<div class=\"wp-block-columns is-layout-flex wp-container-core-columns-is-layout-9d6595d7 wp-block-columns-is-layout-flex\">\n<div class=\"wp-block-column is-layout-flow wp-block-column-is-layout-flow\" style=\"flex-basis:66.66%\">\n<p><strong><strong><strong><strong><strong><strong><strong><strong><strong><strong><strong><strong><strong><strong><strong><strong><strong><strong><strong><strong><strong>Funding opportunities<\/strong><\/strong><\/strong><\/strong><\/strong><\/strong><\/strong><\/strong><\/strong><\/strong><\/strong><\/strong><\/strong><\/strong><\/strong><\/strong><\/strong><\/strong><\/strong><\/strong><\/strong><\/p>\n\n\n\n<p>Here you can find an overview of the conditions under which funding is available<\/p>\n<\/div>\n\n\n\n<div class=\"wp-block-column is-layout-flow wp-block-column-is-layout-flow\" style=\"flex-basis:33.33%\"><div class=\"lazyblock-links-1X1EeW wp-block-lazyblock-links\"><div class=\"side\">\n  <hr>\n        <div class=\"item link\">\n        <a href=\"https:\/\/www.bmbwf.gv.at\/Themen\/HS-Uni\/Studium\/Studienf%C3%B6rderung\/F%C3%B6rderma%C3%9Fnahmen-nach-dem-Studienf%C3%B6rderungsgesetz.html\" target=\"_blank\">\n          <span class=\"title\">F\u00f6rderma\u00dfnahmen nach dem Studienf\u00f6rderungsgesetz<\/span>\n          <i class=\"arrow-link\"><\/i>\n        <\/a>\n      <\/div>\n            <div class=\"item link\">\n        <a href=\"https:\/\/vorarlberg.at\/-\/stipendium-des-landes-vorarlberg-fuer-studierende\" target=\"_blank\">\n          <span class=\"title\">https:\/\/vorarlberg.at\/-\/stipendium-des-landes-vorarlberg-fuer-studierende<\/span>\n          <i class=\"arrow-link\"><\/i>\n        <\/a>\n      <\/div>\n            <div class=\"item link\">\n        <a href=\"https:\/\/www.stipendium.at\/fristen\/fristen-zur-antragstellung\" target=\"_blank\">\n          <span class=\"title\">Please also note<\/span>\n          <i class=\"arrow-link\"><\/i>\n        <\/a>\n      <\/div>\n      <\/div><\/div><\/div>\n<\/div>\n<\/div><\/div><\/div><\/div><\/div>\n\n\n\n<div class=\"wp-block-getwid-section alignfull alignfull\"><div class=\"wp-block-getwid-section__wrapper\"><div class=\"wp-block-getwid-section__inner-wrapper\"><div class=\"wp-block-getwid-section__background-holder\"><div class=\"wp-block-getwid-section__background\"><\/div><div class=\"wp-block-getwid-section__foreground\"><\/div><\/div><div class=\"wp-block-getwid-section__content\"><div class=\"wp-block-getwid-section__inner-content\">\n<div class=\"wp-block-columns is-layout-flex wp-container-core-columns-is-layout-9d6595d7 wp-block-columns-is-layout-flex\">\n<div class=\"wp-block-column is-layout-flow wp-block-column-is-layout-flow\" style=\"flex-basis:66.66%\">\n<p>German citizens and citizens of the European Union as well as migrants, immigrants and refugees living in Germany can receive BAf\u00f6G as financial support during their studies or school years.<\/p>\n<\/div>\n\n\n\n<div class=\"wp-block-column is-layout-flow wp-block-column-is-layout-flow\" style=\"flex-basis:33.33%\"><div class=\"lazyblock-links-Z24QLdK wp-block-lazyblock-links\"><div class=\"side\">\n  <hr>\n        <div class=\"item link\">\n        <a href=\"https:\/\/www.bmbwf.gv.at\/Themen\/HS-Uni\/Studium\/Studienf%C3%B6rderung\/F%C3%B6rderma%C3%9Fnahmen-nach-dem-Studienf%C3%B6rderungsgesetz.html\" target=\"_blank\">\n          <span class=\"title\">BAf\u00f6G<\/span>\n          <i class=\"arrow-link\"><\/i>\n        <\/a>\n      <\/div>\n      <\/div><\/div><\/div>\n<\/div>\n<\/div><\/div><\/div><\/div><\/div>\n\n\n\n<div class=\"wp-block-getwid-section alignfull alignfull\"><div class=\"wp-block-getwid-section__wrapper\"><div class=\"wp-block-getwid-section__inner-wrapper\"><div class=\"wp-block-getwid-section__background-holder\"><div class=\"wp-block-getwid-section__background\"><\/div><div class=\"wp-block-getwid-section__foreground\"><\/div><\/div><div class=\"wp-block-getwid-section__content\"><div class=\"wp-block-getwid-section__inner-content\">\n<div class=\"wp-block-columns is-layout-flex wp-container-core-columns-is-layout-9d6595d7 wp-block-columns-is-layout-flex\">\n<div class=\"wp-block-column is-layout-flow wp-block-column-is-layout-flow\" style=\"flex-basis:66.66%\">\n<p><strong><strong>Study grants<\/strong><\/strong><\/p>\n\n\n\n<p>Austrian students can find all information about study grants at <a href=\"https:\/\/www.stipendium.at\/\">https:\/\/www.stipendium.at\/<\/a><\/p>\n\n\n\n<p><strong><strong><strong><strong><strong><strong><strong><strong><strong><strong><strong><strong><br><\/strong><\/strong><\/strong><\/strong><\/strong><\/strong><\/strong><\/strong><\/strong><\/strong><\/strong><\/strong><\/p>\n<\/div>\n\n\n\n<div class=\"wp-block-column is-layout-flow wp-block-column-is-layout-flow\" style=\"flex-basis:33.33%\"><div class=\"lazyblock-links-1Mh5Ek wp-block-lazyblock-links\"><div class=\"side\">\n  <hr>\n        <div class=\"item link\">\n        <a href=\"https:\/\/www.bmbwf.gv.at\/Themen\/HS-Uni\/Studium\/Studienf%C3%B6rderung\/F%C3%B6rderma%C3%9Fnahmen-nach-dem-Studienf%C3%B6rderungsgesetz.html\" target=\"_blank\">\n          <span class=\"title\">https:\/\/www.stipendium.at\/<\/span>\n          <i class=\"arrow-link\"><\/i>\n        <\/a>\n      <\/div>\n      <\/div><\/div><\/div>\n<\/div>\n<\/div><\/div><\/div><\/div><\/div>\n","protected":false},"excerpt":{"rendered":"","protected":false},"author":4,"featured_media":5339,"parent":5395,"menu_order":10,"comment_status":"closed","ping_status":"closed","template":"","meta":{"_acf_changed":false,"inline_featured_image":false,"footnotes":""},"keywords":[],"class_list":["post-5409","page","type-page","status-publish","has-post-thumbnail","hentry"],"acf":[],"yoast_head":"<!-- This site is optimized with the Yoast SEO plugin v26.8 - https:\/\/yoast.com\/product\/yoast-seo-wordpress\/ -->\n<title>Costs and funding opportunities - Stella Vorarlberg<\/title>\n<meta name=\"robots\" content=\"index, follow, max-snippet:-1, max-image-preview:large, max-video-preview:-1\" \/>\n<link rel=\"canonical\" href=\"https:\/\/stella-musikhochschule.ac.at\/en\/service\/studyservicecenter\/costs-and-funding-opportunities\" \/>\n<meta property=\"og:locale\" content=\"en_US\" \/>\n<meta property=\"og:type\" content=\"article\" \/>\n<meta property=\"og:title\" content=\"Costs and funding opportunities - Stella Vorarlberg\" \/>\n<meta property=\"og:url\" content=\"https:\/\/stella-musikhochschule.ac.at\/en\/service\/studyservicecenter\/costs-and-funding-opportunities\" \/>\n<meta property=\"og:site_name\" content=\"Stella Vorarlberg\" \/>\n<meta property=\"article:publisher\" content=\"https:\/\/www.facebook.com\/stellamusikhochschule\" \/>\n<meta property=\"article:modified_time\" content=\"2026-01-12T20:41:32+00:00\" \/>\n<meta property=\"og:image\" content=\"https:\/\/stella-musikhochschule.ac.at\/wp-content\/uploads\/2025\/11\/DSC_0201-Stella-Welcome-Days-2025-scaled.jpg\" \/>\n\t<meta property=\"og:image:width\" content=\"2560\" \/>\n\t<meta property=\"og:image:height\" content=\"1703\" \/>\n\t<meta property=\"og:image:type\" content=\"image\/jpeg\" \/>\n<meta name=\"twitter:card\" content=\"summary_large_image\" \/>\n<meta name=\"twitter:label1\" content=\"Est. reading time\" \/>\n\t<meta name=\"twitter:data1\" content=\"2 minutes\" \/>\n<script type=\"application\/ld+json\" class=\"yoast-schema-graph\">{\"@context\":\"https:\/\/schema.org\",\"@graph\":[{\"@type\":\"WebPage\",\"@id\":\"https:\/\/stella-musikhochschule.ac.at\/en\/service\/studyservicecenter\/costs-and-funding-opportunities\",\"url\":\"https:\/\/stella-musikhochschule.ac.at\/en\/service\/studyservicecenter\/costs-and-funding-opportunities\",\"name\":\"Costs and funding opportunities - Stella Vorarlberg\",\"isPartOf\":{\"@id\":\"https:\/\/stella-musikhochschule.ac.at\/#website\"},\"primaryImageOfPage\":{\"@id\":\"https:\/\/stella-musikhochschule.ac.at\/en\/service\/studyservicecenter\/costs-and-funding-opportunities#primaryimage\"},\"image\":{\"@id\":\"https:\/\/stella-musikhochschule.ac.at\/en\/service\/studyservicecenter\/costs-and-funding-opportunities#primaryimage\"},\"thumbnailUrl\":\"https:\/\/stella-musikhochschule.ac.at\/wp-content\/uploads\/2025\/11\/DSC_0201-Stella-Welcome-Days-2025-scaled.jpg\",\"datePublished\":\"2025-11-25T18:10:03+00:00\",\"dateModified\":\"2026-01-12T20:41:32+00:00\",\"breadcrumb\":{\"@id\":\"https:\/\/stella-musikhochschule.ac.at\/en\/service\/studyservicecenter\/costs-and-funding-opportunities#breadcrumb\"},\"inLanguage\":\"en-US\",\"potentialAction\":[{\"@type\":\"ReadAction\",\"target\":[\"https:\/\/stella-musikhochschule.ac.at\/en\/service\/studyservicecenter\/costs-and-funding-opportunities\"]}]},{\"@type\":\"ImageObject\",\"inLanguage\":\"en-US\",\"@id\":\"https:\/\/stella-musikhochschule.ac.at\/en\/service\/studyservicecenter\/costs-and-funding-opportunities#primaryimage\",\"url\":\"https:\/\/stella-musikhochschule.ac.at\/wp-content\/uploads\/2025\/11\/DSC_0201-Stella-Welcome-Days-2025-scaled.jpg\",\"contentUrl\":\"https:\/\/stella-musikhochschule.ac.at\/wp-content\/uploads\/2025\/11\/DSC_0201-Stella-Welcome-Days-2025-scaled.jpg\",\"width\":2560,\"height\":1703},{\"@type\":\"BreadcrumbList\",\"@id\":\"https:\/\/stella-musikhochschule.ac.at\/en\/service\/studyservicecenter\/costs-and-funding-opportunities#breadcrumb\",\"itemListElement\":[{\"@type\":\"ListItem\",\"position\":1,\"name\":\"Startseite\",\"item\":\"https:\/\/stella-musikhochschule.ac.at\/en\"},{\"@type\":\"ListItem\",\"position\":2,\"name\":\"Service\",\"item\":\"https:\/\/stella-musikhochschule.ac.at\/en\/service\"},{\"@type\":\"ListItem\",\"position\":3,\"name\":\"Study Service\u00a0Center\",\"item\":\"https:\/\/stella-musikhochschule.ac.at\/en\/service\/studyservicecenter\"},{\"@type\":\"ListItem\",\"position\":4,\"name\":\"Costs and funding opportunities\"}]},{\"@type\":\"WebSite\",\"@id\":\"https:\/\/stella-musikhochschule.ac.at\/#website\",\"url\":\"https:\/\/stella-musikhochschule.ac.at\/\",\"name\":\"Stella Vorarlberg\",\"description\":\"Privathochschule f\u00fcr Musik\",\"publisher\":{\"@id\":\"https:\/\/stella-musikhochschule.ac.at\/#organization\"},\"potentialAction\":[{\"@type\":\"SearchAction\",\"target\":{\"@type\":\"EntryPoint\",\"urlTemplate\":\"https:\/\/stella-musikhochschule.ac.at\/?s={search_term_string}\"},\"query-input\":{\"@type\":\"PropertyValueSpecification\",\"valueRequired\":true,\"valueName\":\"search_term_string\"}}],\"inLanguage\":\"en-US\"},{\"@type\":\"Organization\",\"@id\":\"https:\/\/stella-musikhochschule.ac.at\/#organization\",\"name\":\"Stella Vorarlberg Privathochschule f\u00fcr Musik\",\"url\":\"https:\/\/stella-musikhochschule.ac.at\/\",\"logo\":{\"@type\":\"ImageObject\",\"inLanguage\":\"en-US\",\"@id\":\"https:\/\/stella-musikhochschule.ac.at\/#\/schema\/logo\/image\/\",\"url\":\"https:\/\/stella-musikhochschule.ac.at\/wp-content\/uploads\/2023\/01\/logo-zusatz.svg\",\"contentUrl\":\"https:\/\/stella-musikhochschule.ac.at\/wp-content\/uploads\/2023\/01\/logo-zusatz.svg\",\"width\":108,\"height\":57,\"caption\":\"Stella Vorarlberg Privathochschule f\u00fcr Musik\"},\"image\":{\"@id\":\"https:\/\/stella-musikhochschule.ac.at\/#\/schema\/logo\/image\/\"},\"sameAs\":[\"https:\/\/www.facebook.com\/stellamusikhochschule\",\"http:\/\/www.instagram.com\/stellamusikhochschule\",\"https:\/\/www.youtube.com\/channel\/UCOzOrROMt11QxTxkjmY6NKg\",\"https:\/\/www.tiktok.com\/@stellamusikhochschule\",\"https:\/\/open.spotify.com\/user\/31fs43ork2u3njhtilofu2bk7tue?si=fe62738c70524caa\"]}]}<\/script>\n<!-- \/ Yoast SEO plugin. -->","yoast_head_json":{"title":"Costs and funding opportunities - Stella Vorarlberg","robots":{"index":"index","follow":"follow","max-snippet":"max-snippet:-1","max-image-preview":"max-image-preview:large","max-video-preview":"max-video-preview:-1"},"canonical":"https:\/\/stella-musikhochschule.ac.at\/en\/service\/studyservicecenter\/costs-and-funding-opportunities","og_locale":"en_US","og_type":"article","og_title":"Costs and funding opportunities - Stella Vorarlberg","og_url":"https:\/\/stella-musikhochschule.ac.at\/en\/service\/studyservicecenter\/costs-and-funding-opportunities","og_site_name":"Stella Vorarlberg","article_publisher":"https:\/\/www.facebook.com\/stellamusikhochschule","article_modified_time":"2026-01-12T20:41:32+00:00","og_image":[{"width":2560,"height":1703,"url":"https:\/\/stella-musikhochschule.ac.at\/wp-content\/uploads\/2025\/11\/DSC_0201-Stella-Welcome-Days-2025-scaled.jpg","type":"image\/jpeg"}],"twitter_card":"summary_large_image","twitter_misc":{"Est. reading time":"2 minutes"},"schema":{"@context":"https:\/\/schema.org","@graph":[{"@type":"WebPage","@id":"https:\/\/stella-musikhochschule.ac.at\/en\/service\/studyservicecenter\/costs-and-funding-opportunities","url":"https:\/\/stella-musikhochschule.ac.at\/en\/service\/studyservicecenter\/costs-and-funding-opportunities","name":"Costs and funding opportunities - Stella Vorarlberg","isPartOf":{"@id":"https:\/\/stella-musikhochschule.ac.at\/#website"},"primaryImageOfPage":{"@id":"https:\/\/stella-musikhochschule.ac.at\/en\/service\/studyservicecenter\/costs-and-funding-opportunities#primaryimage"},"image":{"@id":"https:\/\/stella-musikhochschule.ac.at\/en\/service\/studyservicecenter\/costs-and-funding-opportunities#primaryimage"},"thumbnailUrl":"https:\/\/stella-musikhochschule.ac.at\/wp-content\/uploads\/2025\/11\/DSC_0201-Stella-Welcome-Days-2025-scaled.jpg","datePublished":"2025-11-25T18:10:03+00:00","dateModified":"2026-01-12T20:41:32+00:00","breadcrumb":{"@id":"https:\/\/stella-musikhochschule.ac.at\/en\/service\/studyservicecenter\/costs-and-funding-opportunities#breadcrumb"},"inLanguage":"en-US","potentialAction":[{"@type":"ReadAction","target":["https:\/\/stella-musikhochschule.ac.at\/en\/service\/studyservicecenter\/costs-and-funding-opportunities"]}]},{"@type":"ImageObject","inLanguage":"en-US","@id":"https:\/\/stella-musikhochschule.ac.at\/en\/service\/studyservicecenter\/costs-and-funding-opportunities#primaryimage","url":"https:\/\/stella-musikhochschule.ac.at\/wp-content\/uploads\/2025\/11\/DSC_0201-Stella-Welcome-Days-2025-scaled.jpg","contentUrl":"https:\/\/stella-musikhochschule.ac.at\/wp-content\/uploads\/2025\/11\/DSC_0201-Stella-Welcome-Days-2025-scaled.jpg","width":2560,"height":1703},{"@type":"BreadcrumbList","@id":"https:\/\/stella-musikhochschule.ac.at\/en\/service\/studyservicecenter\/costs-and-funding-opportunities#breadcrumb","itemListElement":[{"@type":"ListItem","position":1,"name":"Startseite","item":"https:\/\/stella-musikhochschule.ac.at\/en"},{"@type":"ListItem","position":2,"name":"Service","item":"https:\/\/stella-musikhochschule.ac.at\/en\/service"},{"@type":"ListItem","position":3,"name":"Study Service\u00a0Center","item":"https:\/\/stella-musikhochschule.ac.at\/en\/service\/studyservicecenter"},{"@type":"ListItem","position":4,"name":"Costs and funding opportunities"}]},{"@type":"WebSite","@id":"https:\/\/stella-musikhochschule.ac.at\/#website","url":"https:\/\/stella-musikhochschule.ac.at\/","name":"Stella Vorarlberg","description":"Privathochschule f\u00fcr Musik","publisher":{"@id":"https:\/\/stella-musikhochschule.ac.at\/#organization"},"potentialAction":[{"@type":"SearchAction","target":{"@type":"EntryPoint","urlTemplate":"https:\/\/stella-musikhochschule.ac.at\/?s={search_term_string}"},"query-input":{"@type":"PropertyValueSpecification","valueRequired":true,"valueName":"search_term_string"}}],"inLanguage":"en-US"},{"@type":"Organization","@id":"https:\/\/stella-musikhochschule.ac.at\/#organization","name":"Stella Vorarlberg Privathochschule f\u00fcr Musik","url":"https:\/\/stella-musikhochschule.ac.at\/","logo":{"@type":"ImageObject","inLanguage":"en-US","@id":"https:\/\/stella-musikhochschule.ac.at\/#\/schema\/logo\/image\/","url":"https:\/\/stella-musikhochschule.ac.at\/wp-content\/uploads\/2023\/01\/logo-zusatz.svg","contentUrl":"https:\/\/stella-musikhochschule.ac.at\/wp-content\/uploads\/2023\/01\/logo-zusatz.svg","width":108,"height":57,"caption":"Stella Vorarlberg Privathochschule f\u00fcr Musik"},"image":{"@id":"https:\/\/stella-musikhochschule.ac.at\/#\/schema\/logo\/image\/"},"sameAs":["https:\/\/www.facebook.com\/stellamusikhochschule","http:\/\/www.instagram.com\/stellamusikhochschule","https:\/\/www.youtube.com\/channel\/UCOzOrROMt11QxTxkjmY6NKg","https:\/\/www.tiktok.com\/@stellamusikhochschule","https:\/\/open.spotify.com\/user\/31fs43ork2u3njhtilofu2bk7tue?si=fe62738c70524caa"]}]}},"_links":{"self":[{"href":"https:\/\/stella-musikhochschule.ac.at\/en\/wp-json\/wp\/v2\/pages\/5409","targetHints":{"allow":["GET"]}}],"collection":[{"href":"https:\/\/stella-musikhochschule.ac.at\/en\/wp-json\/wp\/v2\/pages"}],"about":[{"href":"https:\/\/stella-musikhochschule.ac.at\/en\/wp-json\/wp\/v2\/types\/page"}],"author":[{"embeddable":true,"href":"https:\/\/stella-musikhochschule.ac.at\/en\/wp-json\/wp\/v2\/users\/4"}],"replies":[{"embeddable":true,"href":"https:\/\/stella-musikhochschule.ac.at\/en\/wp-json\/wp\/v2\/comments?post=5409"}],"version-history":[{"count":0,"href":"https:\/\/stella-musikhochschule.ac.at\/en\/wp-json\/wp\/v2\/pages\/5409\/revisions"}],"up":[{"embeddable":true,"href":"https:\/\/stella-musikhochschule.ac.at\/en\/wp-json\/wp\/v2\/pages\/5395"}],"wp:featuredmedia":[{"embeddable":true,"href":"https:\/\/stella-musikhochschule.ac.at\/en\/wp-json\/wp\/v2\/media\/5339"}],"wp:attachment":[{"href":"https:\/\/stella-musikhochschule.ac.at\/en\/wp-json\/wp\/v2\/media?parent=5409"}],"wp:term":[{"taxonomy":"keywords","embeddable":true,"href":"https:\/\/stella-musikhochschule.ac.at\/en\/wp-json\/wp\/v2\/keywords?post=5409"}],"curies":[{"name":"wp","href":"https:\/\/api.w.org\/{rel}","templated":true}]}}