{"id":5405,"date":"2025-11-25T17:31:28","date_gmt":"2025-11-25T16:31:28","guid":{"rendered":"https:\/\/stella-musikhochschule.ac.at\/?page_id=5405"},"modified":"2026-01-12T21:35:03","modified_gmt":"2026-01-12T20:35:03","slug":"entry-requirements-and-visas","status":"publish","type":"page","link":"https:\/\/stella-musikhochschule.ac.at\/en\/service\/studyservicecenter\/entry-requirements-and-visas","title":{"rendered":"Entry requirements and Visa"},"content":{"rendered":"\n<div class=\"wp-block-columns is-layout-flex wp-container-core-columns-is-layout-9d6595d7 wp-block-columns-is-layout-flex\">\n<div class=\"wp-block-column is-layout-flow wp-block-column-is-layout-flow\" style=\"flex-basis:66.66%\">\n<p>In order to ensure a successful entry into Austria, it is advisable to gather information early. <\/p>\n<\/div>\n<\/div>\n\n\n\n<div class=\"wp-block-getwid-section\"><div class=\"wp-block-getwid-section__wrapper\"><div class=\"wp-block-getwid-section__inner-wrapper\"><div class=\"wp-block-getwid-section__background-holder\"><div class=\"wp-block-getwid-section__background\"><\/div><div class=\"wp-block-getwid-section__foreground\"><\/div><\/div><div class=\"wp-block-getwid-section__content\"><div class=\"wp-block-getwid-section__inner-content\">\n<div class=\"wp-block-columns is-layout-flex wp-container-core-columns-is-layout-9d6595d7 wp-block-columns-is-layout-flex\">\n<div class=\"wp-block-column is-layout-flow wp-block-column-is-layout-flow\" style=\"flex-basis:33.33%\">\n<h3 class=\"wp-block-heading\"><br>Detailed information on the procedure and other important information is available at<\/h3>\n<\/div>\n\n\n\n<div class=\"wp-block-column is-layout-flow wp-block-column-is-layout-flow\" style=\"flex-basis:66.66%\"><div class=\"lazyblock-links-Z2ql4aV wp-block-lazyblock-links\"><div class=\"side\">\n  <hr>\n        <div class=\"item link\">\n        <a href=\"Aufenthaltsbewilligung \u2013 Student kein Mobilit\u00e4tsprogramm\" target=\"_blank\">\n          <span class=\"title\">Aufenthaltsbewilligung \u2013 Student kein Mobilit\u00e4tsprogramm<\/span>\n          <i class=\"arrow-link\"><\/i>\n        <\/a>\n      <\/div>\n            <div class=\"item link\">\n        <a href=\"https:\/\/www.oesterreich.gv.at\/themen\/menschen_aus_anderen_staaten\/aufenthalt\/3\/2\/1\/1\/Seite.120121.html\" target=\"_blank\">\n          <span class=\"title\">Aufenthaltsbewilligung \u2013 Student \u2013 Antrag<\/span>\n          <i class=\"arrow-link\"><\/i>\n        <\/a>\n      <\/div>\n            <div class=\"item link\">\n        <a href=\"https:\/\/www.bmeia.gv.at\/fileadmin\/user_upload\/oracle\/oe_vertretungen_de.pdf\" target=\"_blank\">\n          <span class=\"title\">Verzeichnis der \u00f6sterreichischen Vertretungsbeh\u00f6rden<\/span>\n          <i class=\"arrow-link\"><\/i>\n        <\/a>\n      <\/div>\n            <div class=\"item link\">\n        <a href=\"https:\/\/oead.at\/de\/nach-oesterreich\/einreise-und-aufenthalt\/anmeldebescheinigung-studentin\" target=\"_blank\">\n          <span class=\"title\">Anmeldebescheinigung Student\/in f\u00fcr EU-B\u00fcrger | EWR-B\u00fcrger | Schweizer B\u00fcrger<\/span>\n          <i class=\"arrow-link\"><\/i>\n        <\/a>\n      <\/div>\n            <div class=\"item link\">\n        <a href=\"https:\/\/www.oesterreich.gv.at\/themen\/bauen_und_wohnen\/umzug\/2\/2.html\" target=\"_blank\">\n          <span class=\"title\">Checklisten Arbeiten und Wohnen in \u00d6sterreich f\u00fcr EU-B\u00fcrger* und Schweizer<\/span>\n          <i class=\"arrow-link\"><\/i>\n        <\/a>\n      <\/div>\n            <div class=\"item link\">\n        <a href=\"https:\/\/www.oesterreich.gv.at\/themen\/bauen_und_wohnen\/umzug\/2\/1.html\" target=\"_blank\">\n          <span class=\"title\">Checkliste Arbeiten und Wohnen in \u00d6sterreich f\u00fcr Drittstaatsangeh\u00f6rige<\/span>\n          <i class=\"arrow-link\"><\/i>\n        <\/a>\n      <\/div>\n            <div class=\"item link\">\n        <a href=\"https:\/\/www.bmi.gv.at\/312\/60a\/start.aspx\" target=\"_blank\">\n          <span class=\"title\">Antragsformulare<\/span>\n          <i class=\"arrow-link\"><\/i>\n        <\/a>\n      <\/div>\n      <\/div><\/div><\/div>\n<\/div>\n<\/div><\/div><\/div><\/div><\/div>\n\n\n\n<div class=\"wp-block-getwid-section alignfull alignfull\"><div class=\"wp-block-getwid-section__wrapper\"><div class=\"wp-block-getwid-section__inner-wrapper\"><div class=\"wp-block-getwid-section__background-holder\"><div class=\"wp-block-getwid-section__background\"><\/div><div class=\"wp-block-getwid-section__foreground\"><\/div><\/div><div class=\"wp-block-getwid-section__content\"><div class=\"wp-block-getwid-section__inner-content\">\n<div class=\"wp-block-columns is-layout-flex wp-container-core-columns-is-layout-9d6595d7 wp-block-columns-is-layout-flex\">\n<div class=\"wp-block-column is-layout-flow wp-block-column-is-layout-flow\" style=\"flex-basis:66.66%\">\n<p><strong><strong><strong>Registration of residence confirmation<\/strong><\/strong><\/strong><\/p>\n\n\n\n<p>Important: You must register with the relevant authority (usually the municipal office or town hall of your <strong>place of residence<\/strong>) within 3 days of moving into your accommodation. Upon receipt, the <strong>registration confirmation<\/strong> must be sent to Stella (<a href=\"mailto:studiendirektion@stella-musikhochschule.ac.at\">studiendirektion@stella-musikhochschule.ac.at<\/a>).<\/p>\n<\/div>\n\n\n\n<div class=\"wp-block-column is-layout-flow wp-block-column-is-layout-flow\" style=\"flex-basis:33.33%\"><div class=\"lazyblock-links-SyqKQ wp-block-lazyblock-links\"><div class=\"side\">\n  <hr>\n        <div class=\"item link\">\n        <a href=\"https:\/\/www.feldkirch.at\/service\/melde-wesen\/melde-pflicht\" target=\"_blank\">\n          <span class=\"title\">For Feldkirch, further information is available at<\/span>\n          <i class=\"arrow-link\"><\/i>\n        <\/a>\n      <\/div>\n      <\/div><\/div><\/div>\n<\/div>\n<\/div><\/div><\/div><\/div><\/div>\n\n\n\n<div class=\"wp-block-getwid-section alignfull alignfull\"><div class=\"wp-block-getwid-section__wrapper\"><div class=\"wp-block-getwid-section__inner-wrapper\"><div class=\"wp-block-getwid-section__background-holder\"><div class=\"wp-block-getwid-section__background\"><\/div><div class=\"wp-block-getwid-section__foreground\"><\/div><\/div><div class=\"wp-block-getwid-section__content\"><div class=\"wp-block-getwid-section__inner-content\">\n<div class=\"wp-block-columns is-layout-flex wp-container-core-columns-is-layout-9d6595d7 wp-block-columns-is-layout-flex\">\n<div class=\"wp-block-column is-layout-flow wp-block-column-is-layout-flow\" style=\"flex-basis:66.66%\">\n<p><strong><strong><strong><strong>Registration certificate<\/strong><\/strong><\/strong><\/strong><\/p>\n\n\n\n<p>If you are staying in Austria for longer than three months, you must report your stay in Austria in person to the relevant immigration authority within four months and apply for a \u00bbregistration certificate\u00ab.<\/p>\n\n\n\n<p>The relevant immigration authority is <a href=\"https:\/\/vorarlberg.at\/-\/bhfk\">Bezirkshauptmannschaft Feldkirch<\/a><\/p>\n\n\n\n<p>Please note: Failure to comply with this regulation may result in a fine of up to \u20ac250. Regardless of whether you apply for a registration certificate, you must register your place of residence with the registration office.<\/p>\n<\/div>\n\n\n\n<div class=\"wp-block-column is-layout-flow wp-block-column-is-layout-flow\" style=\"flex-basis:33.33%\"><div class=\"lazyblock-links-Ugs7S wp-block-lazyblock-links\"><div class=\"side\">\n  <hr>\n        <div class=\"item link\">\n        <a href=\"https:\/\/vorarlberg.at\/-\/bhfk\" target=\"_blank\">\n          <span class=\"title\">Bezirkshauptmannschaft Feldkirch<\/span>\n          <i class=\"arrow-link\"><\/i>\n        <\/a>\n      <\/div>\n      <\/div><\/div><\/div>\n<\/div>\n<\/div><\/div><\/div><\/div><\/div>\n\n\n\n<div class=\"wp-block-getwid-section alignfull alignfull\"><div class=\"wp-block-getwid-section__wrapper\"><div class=\"wp-block-getwid-section__inner-wrapper\"><div class=\"wp-block-getwid-section__background-holder\"><div class=\"wp-block-getwid-section__background\"><\/div><div class=\"wp-block-getwid-section__foreground\"><\/div><\/div><div class=\"wp-block-getwid-section__content\"><div class=\"wp-block-getwid-section__inner-content\">\n<div class=\"wp-block-columns is-layout-flex wp-container-core-columns-is-layout-9d6595d7 wp-block-columns-is-layout-flex\">\n<div class=\"wp-block-column is-layout-flow wp-block-column-is-layout-flow\" style=\"flex-basis:66.66%\">\n<p><strong><strong><strong><strong><strong>Visa<\/strong><\/strong><\/strong><\/strong><\/strong><\/p>\n\n\n\n<p><a href=\"https:\/\/oead.at\/de\/\">OeAD<\/a>-GmbH provides students with information about the requirements for studying in Austria. Extensive information about entry, admission, etc. can be found under <a href=\"https:\/\/studyinaustria.at\/de\/leben-und-arbeiten\/einreise-und-visum\">Einreise &amp; Visum<\/a>.<\/p>\n<\/div>\n\n\n\n<div class=\"wp-block-column is-layout-flow wp-block-column-is-layout-flow\" style=\"flex-basis:33.33%\"><div class=\"lazyblock-links-Z2u8ejR wp-block-lazyblock-links\"><div class=\"side\">\n  <hr>\n        <div class=\"item link\">\n        <a href=\"https:\/\/oead.at\/de\/\" target=\"_blank\">\n          <span class=\"title\">OeAD-GmbH<\/span>\n          <i class=\"arrow-link\"><\/i>\n        <\/a>\n      <\/div>\n            <div class=\"item link\">\n        <a href=\"https:\/\/studyinaustria.at\/de\/leben-und-arbeiten\/einreise-und-visum\" target=\"_blank\">\n          <span class=\"title\">Einreise &#038; Visum<\/span>\n          <i class=\"arrow-link\"><\/i>\n        <\/a>\n      <\/div>\n      <\/div><\/div><\/div>\n<\/div>\n<\/div><\/div><\/div><\/div><\/div>\n","protected":false},"excerpt":{"rendered":"<p>In order to ensure a successful entry into Austria, it is advisable to gather information early.<\/p>\n","protected":false},"author":4,"featured_media":5222,"parent":5395,"menu_order":7,"comment_status":"closed","ping_status":"closed","template":"","meta":{"_acf_changed":false,"inline_featured_image":false,"footnotes":""},"keywords":[],"class_list":["post-5405","page","type-page","status-publish","has-post-thumbnail","hentry"],"acf":[],"yoast_head":"<!-- This site is optimized with the Yoast SEO plugin v26.8 - https:\/\/yoast.com\/product\/yoast-seo-wordpress\/ -->\n<title>Entry requirements and Visa - Stella Vorarlberg<\/title>\n<meta name=\"robots\" content=\"index, follow, max-snippet:-1, max-image-preview:large, max-video-preview:-1\" \/>\n<link rel=\"canonical\" href=\"https:\/\/stella-musikhochschule.ac.at\/en\/service\/studyservicecenter\/entry-requirements-and-visas\" \/>\n<meta property=\"og:locale\" content=\"en_US\" \/>\n<meta property=\"og:type\" content=\"article\" \/>\n<meta property=\"og:title\" content=\"Entry requirements and Visa - Stella Vorarlberg\" \/>\n<meta property=\"og:description\" content=\"In order to ensure a successful entry into Austria, it is advisable to gather information early.\" \/>\n<meta property=\"og:url\" content=\"https:\/\/stella-musikhochschule.ac.at\/en\/service\/studyservicecenter\/entry-requirements-and-visas\" \/>\n<meta property=\"og:site_name\" content=\"Stella Vorarlberg\" \/>\n<meta property=\"article:publisher\" content=\"https:\/\/www.facebook.com\/stellamusikhochschule\" \/>\n<meta property=\"article:modified_time\" content=\"2026-01-12T20:35:03+00:00\" \/>\n<meta property=\"og:image\" content=\"https:\/\/stella-musikhochschule.ac.at\/wp-content\/uploads\/2025\/10\/Einreisebedingungen-und-Visa-edited-scaled.jpg\" \/>\n\t<meta property=\"og:image:width\" content=\"2560\" \/>\n\t<meta property=\"og:image:height\" content=\"1440\" \/>\n\t<meta property=\"og:image:type\" content=\"image\/jpeg\" \/>\n<meta name=\"twitter:card\" content=\"summary_large_image\" \/>\n<meta name=\"twitter:label1\" content=\"Est. reading time\" \/>\n\t<meta name=\"twitter:data1\" content=\"2 minutes\" \/>\n<script type=\"application\/ld+json\" class=\"yoast-schema-graph\">{\"@context\":\"https:\/\/schema.org\",\"@graph\":[{\"@type\":\"WebPage\",\"@id\":\"https:\/\/stella-musikhochschule.ac.at\/en\/service\/studyservicecenter\/entry-requirements-and-visas\",\"url\":\"https:\/\/stella-musikhochschule.ac.at\/en\/service\/studyservicecenter\/entry-requirements-and-visas\",\"name\":\"Entry requirements and Visa - Stella Vorarlberg\",\"isPartOf\":{\"@id\":\"https:\/\/stella-musikhochschule.ac.at\/#website\"},\"primaryImageOfPage\":{\"@id\":\"https:\/\/stella-musikhochschule.ac.at\/en\/service\/studyservicecenter\/entry-requirements-and-visas#primaryimage\"},\"image\":{\"@id\":\"https:\/\/stella-musikhochschule.ac.at\/en\/service\/studyservicecenter\/entry-requirements-and-visas#primaryimage\"},\"thumbnailUrl\":\"https:\/\/stella-musikhochschule.ac.at\/wp-content\/uploads\/2025\/10\/Einreisebedingungen-und-Visa-edited-scaled.jpg\",\"datePublished\":\"2025-11-25T16:31:28+00:00\",\"dateModified\":\"2026-01-12T20:35:03+00:00\",\"breadcrumb\":{\"@id\":\"https:\/\/stella-musikhochschule.ac.at\/en\/service\/studyservicecenter\/entry-requirements-and-visas#breadcrumb\"},\"inLanguage\":\"en-US\",\"potentialAction\":[{\"@type\":\"ReadAction\",\"target\":[\"https:\/\/stella-musikhochschule.ac.at\/en\/service\/studyservicecenter\/entry-requirements-and-visas\"]}]},{\"@type\":\"ImageObject\",\"inLanguage\":\"en-US\",\"@id\":\"https:\/\/stella-musikhochschule.ac.at\/en\/service\/studyservicecenter\/entry-requirements-and-visas#primaryimage\",\"url\":\"https:\/\/stella-musikhochschule.ac.at\/wp-content\/uploads\/2025\/10\/Einreisebedingungen-und-Visa-edited-scaled.jpg\",\"contentUrl\":\"https:\/\/stella-musikhochschule.ac.at\/wp-content\/uploads\/2025\/10\/Einreisebedingungen-und-Visa-edited-scaled.jpg\",\"width\":2560,\"height\":1440},{\"@type\":\"BreadcrumbList\",\"@id\":\"https:\/\/stella-musikhochschule.ac.at\/en\/service\/studyservicecenter\/entry-requirements-and-visas#breadcrumb\",\"itemListElement\":[{\"@type\":\"ListItem\",\"position\":1,\"name\":\"Startseite\",\"item\":\"https:\/\/stella-musikhochschule.ac.at\/en\"},{\"@type\":\"ListItem\",\"position\":2,\"name\":\"Service\",\"item\":\"https:\/\/stella-musikhochschule.ac.at\/en\/service\"},{\"@type\":\"ListItem\",\"position\":3,\"name\":\"Study Service\u00a0Center\",\"item\":\"https:\/\/stella-musikhochschule.ac.at\/en\/service\/studyservicecenter\"},{\"@type\":\"ListItem\",\"position\":4,\"name\":\"Entry requirements and Visa\"}]},{\"@type\":\"WebSite\",\"@id\":\"https:\/\/stella-musikhochschule.ac.at\/#website\",\"url\":\"https:\/\/stella-musikhochschule.ac.at\/\",\"name\":\"Stella Vorarlberg\",\"description\":\"Privathochschule f\u00fcr Musik\",\"publisher\":{\"@id\":\"https:\/\/stella-musikhochschule.ac.at\/#organization\"},\"potentialAction\":[{\"@type\":\"SearchAction\",\"target\":{\"@type\":\"EntryPoint\",\"urlTemplate\":\"https:\/\/stella-musikhochschule.ac.at\/?s={search_term_string}\"},\"query-input\":{\"@type\":\"PropertyValueSpecification\",\"valueRequired\":true,\"valueName\":\"search_term_string\"}}],\"inLanguage\":\"en-US\"},{\"@type\":\"Organization\",\"@id\":\"https:\/\/stella-musikhochschule.ac.at\/#organization\",\"name\":\"Stella Vorarlberg Privathochschule f\u00fcr Musik\",\"url\":\"https:\/\/stella-musikhochschule.ac.at\/\",\"logo\":{\"@type\":\"ImageObject\",\"inLanguage\":\"en-US\",\"@id\":\"https:\/\/stella-musikhochschule.ac.at\/#\/schema\/logo\/image\/\",\"url\":\"https:\/\/stella-musikhochschule.ac.at\/wp-content\/uploads\/2023\/01\/logo-zusatz.svg\",\"contentUrl\":\"https:\/\/stella-musikhochschule.ac.at\/wp-content\/uploads\/2023\/01\/logo-zusatz.svg\",\"width\":108,\"height\":57,\"caption\":\"Stella Vorarlberg Privathochschule f\u00fcr Musik\"},\"image\":{\"@id\":\"https:\/\/stella-musikhochschule.ac.at\/#\/schema\/logo\/image\/\"},\"sameAs\":[\"https:\/\/www.facebook.com\/stellamusikhochschule\",\"http:\/\/www.instagram.com\/stellamusikhochschule\",\"https:\/\/www.youtube.com\/channel\/UCOzOrROMt11QxTxkjmY6NKg\",\"https:\/\/www.tiktok.com\/@stellamusikhochschule\",\"https:\/\/open.spotify.com\/user\/31fs43ork2u3njhtilofu2bk7tue?si=fe62738c70524caa\"]}]}<\/script>\n<!-- \/ Yoast SEO plugin. -->","yoast_head_json":{"title":"Entry requirements and Visa - Stella Vorarlberg","robots":{"index":"index","follow":"follow","max-snippet":"max-snippet:-1","max-image-preview":"max-image-preview:large","max-video-preview":"max-video-preview:-1"},"canonical":"https:\/\/stella-musikhochschule.ac.at\/en\/service\/studyservicecenter\/entry-requirements-and-visas","og_locale":"en_US","og_type":"article","og_title":"Entry requirements and Visa - Stella Vorarlberg","og_description":"In order to ensure a successful entry into Austria, it is advisable to gather information early.","og_url":"https:\/\/stella-musikhochschule.ac.at\/en\/service\/studyservicecenter\/entry-requirements-and-visas","og_site_name":"Stella Vorarlberg","article_publisher":"https:\/\/www.facebook.com\/stellamusikhochschule","article_modified_time":"2026-01-12T20:35:03+00:00","og_image":[{"width":2560,"height":1440,"url":"https:\/\/stella-musikhochschule.ac.at\/wp-content\/uploads\/2025\/10\/Einreisebedingungen-und-Visa-edited-scaled.jpg","type":"image\/jpeg"}],"twitter_card":"summary_large_image","twitter_misc":{"Est. reading time":"2 minutes"},"schema":{"@context":"https:\/\/schema.org","@graph":[{"@type":"WebPage","@id":"https:\/\/stella-musikhochschule.ac.at\/en\/service\/studyservicecenter\/entry-requirements-and-visas","url":"https:\/\/stella-musikhochschule.ac.at\/en\/service\/studyservicecenter\/entry-requirements-and-visas","name":"Entry requirements and Visa - Stella Vorarlberg","isPartOf":{"@id":"https:\/\/stella-musikhochschule.ac.at\/#website"},"primaryImageOfPage":{"@id":"https:\/\/stella-musikhochschule.ac.at\/en\/service\/studyservicecenter\/entry-requirements-and-visas#primaryimage"},"image":{"@id":"https:\/\/stella-musikhochschule.ac.at\/en\/service\/studyservicecenter\/entry-requirements-and-visas#primaryimage"},"thumbnailUrl":"https:\/\/stella-musikhochschule.ac.at\/wp-content\/uploads\/2025\/10\/Einreisebedingungen-und-Visa-edited-scaled.jpg","datePublished":"2025-11-25T16:31:28+00:00","dateModified":"2026-01-12T20:35:03+00:00","breadcrumb":{"@id":"https:\/\/stella-musikhochschule.ac.at\/en\/service\/studyservicecenter\/entry-requirements-and-visas#breadcrumb"},"inLanguage":"en-US","potentialAction":[{"@type":"ReadAction","target":["https:\/\/stella-musikhochschule.ac.at\/en\/service\/studyservicecenter\/entry-requirements-and-visas"]}]},{"@type":"ImageObject","inLanguage":"en-US","@id":"https:\/\/stella-musikhochschule.ac.at\/en\/service\/studyservicecenter\/entry-requirements-and-visas#primaryimage","url":"https:\/\/stella-musikhochschule.ac.at\/wp-content\/uploads\/2025\/10\/Einreisebedingungen-und-Visa-edited-scaled.jpg","contentUrl":"https:\/\/stella-musikhochschule.ac.at\/wp-content\/uploads\/2025\/10\/Einreisebedingungen-und-Visa-edited-scaled.jpg","width":2560,"height":1440},{"@type":"BreadcrumbList","@id":"https:\/\/stella-musikhochschule.ac.at\/en\/service\/studyservicecenter\/entry-requirements-and-visas#breadcrumb","itemListElement":[{"@type":"ListItem","position":1,"name":"Startseite","item":"https:\/\/stella-musikhochschule.ac.at\/en"},{"@type":"ListItem","position":2,"name":"Service","item":"https:\/\/stella-musikhochschule.ac.at\/en\/service"},{"@type":"ListItem","position":3,"name":"Study Service\u00a0Center","item":"https:\/\/stella-musikhochschule.ac.at\/en\/service\/studyservicecenter"},{"@type":"ListItem","position":4,"name":"Entry requirements and Visa"}]},{"@type":"WebSite","@id":"https:\/\/stella-musikhochschule.ac.at\/#website","url":"https:\/\/stella-musikhochschule.ac.at\/","name":"Stella Vorarlberg","description":"Privathochschule f\u00fcr Musik","publisher":{"@id":"https:\/\/stella-musikhochschule.ac.at\/#organization"},"potentialAction":[{"@type":"SearchAction","target":{"@type":"EntryPoint","urlTemplate":"https:\/\/stella-musikhochschule.ac.at\/?s={search_term_string}"},"query-input":{"@type":"PropertyValueSpecification","valueRequired":true,"valueName":"search_term_string"}}],"inLanguage":"en-US"},{"@type":"Organization","@id":"https:\/\/stella-musikhochschule.ac.at\/#organization","name":"Stella Vorarlberg Privathochschule f\u00fcr Musik","url":"https:\/\/stella-musikhochschule.ac.at\/","logo":{"@type":"ImageObject","inLanguage":"en-US","@id":"https:\/\/stella-musikhochschule.ac.at\/#\/schema\/logo\/image\/","url":"https:\/\/stella-musikhochschule.ac.at\/wp-content\/uploads\/2023\/01\/logo-zusatz.svg","contentUrl":"https:\/\/stella-musikhochschule.ac.at\/wp-content\/uploads\/2023\/01\/logo-zusatz.svg","width":108,"height":57,"caption":"Stella Vorarlberg Privathochschule f\u00fcr Musik"},"image":{"@id":"https:\/\/stella-musikhochschule.ac.at\/#\/schema\/logo\/image\/"},"sameAs":["https:\/\/www.facebook.com\/stellamusikhochschule","http:\/\/www.instagram.com\/stellamusikhochschule","https:\/\/www.youtube.com\/channel\/UCOzOrROMt11QxTxkjmY6NKg","https:\/\/www.tiktok.com\/@stellamusikhochschule","https:\/\/open.spotify.com\/user\/31fs43ork2u3njhtilofu2bk7tue?si=fe62738c70524caa"]}]}},"_links":{"self":[{"href":"https:\/\/stella-musikhochschule.ac.at\/en\/wp-json\/wp\/v2\/pages\/5405","targetHints":{"allow":["GET"]}}],"collection":[{"href":"https:\/\/stella-musikhochschule.ac.at\/en\/wp-json\/wp\/v2\/pages"}],"about":[{"href":"https:\/\/stella-musikhochschule.ac.at\/en\/wp-json\/wp\/v2\/types\/page"}],"author":[{"embeddable":true,"href":"https:\/\/stella-musikhochschule.ac.at\/en\/wp-json\/wp\/v2\/users\/4"}],"replies":[{"embeddable":true,"href":"https:\/\/stella-musikhochschule.ac.at\/en\/wp-json\/wp\/v2\/comments?post=5405"}],"version-history":[{"count":0,"href":"https:\/\/stella-musikhochschule.ac.at\/en\/wp-json\/wp\/v2\/pages\/5405\/revisions"}],"up":[{"embeddable":true,"href":"https:\/\/stella-musikhochschule.ac.at\/en\/wp-json\/wp\/v2\/pages\/5395"}],"wp:featuredmedia":[{"embeddable":true,"href":"https:\/\/stella-musikhochschule.ac.at\/en\/wp-json\/wp\/v2\/media\/5222"}],"wp:attachment":[{"href":"https:\/\/stella-musikhochschule.ac.at\/en\/wp-json\/wp\/v2\/media?parent=5405"}],"wp:term":[{"taxonomy":"keywords","embeddable":true,"href":"https:\/\/stella-musikhochschule.ac.at\/en\/wp-json\/wp\/v2\/keywords?post=5405"}],"curies":[{"name":"wp","href":"https:\/\/api.w.org\/{rel}","templated":true}]}}