{"id":4384,"date":"2025-06-03T17:59:55","date_gmt":"2025-06-03T15:59:55","guid":{"rendered":"https:\/\/stella-musikhochschule.ac.at\/?page_id=4384"},"modified":"2025-09-30T13:31:21","modified_gmt":"2025-09-30T11:31:21","slug":"blickpunkt-workshop-klasse-musizieren-en","status":"publish","type":"page","link":"https:\/\/stella-musikhochschule.ac.at\/en\/weiterbildung\/blickpunkt-workshop-klasse-musizieren-en","title":{"rendered":"Blickpunkt.Workshop: Klasse musizieren!"},"content":{"rendered":"\n<figure class=\"wp-block-image alignfull size-full\"><img loading=\"lazy\" decoding=\"async\" width=\"2560\" height=\"1670\" src=\"https:\/\/stella-musikhochschule.ac.at\/wp-content\/uploads\/2023\/03\/Pressekonferenz-2.3.23-32-scaled.jpg\" alt=\"\" class=\"wp-image-584\" srcset=\"https:\/\/stella-musikhochschule.ac.at\/wp-content\/uploads\/2023\/03\/Pressekonferenz-2.3.23-32-scaled.jpg 2560w, https:\/\/stella-musikhochschule.ac.at\/wp-content\/uploads\/2023\/03\/Pressekonferenz-2.3.23-32-300x196.jpg 300w\" sizes=\"auto, (max-width: 2560px) 100vw, 2560px\" \/><\/figure>\n\n\n\n<div class=\"wp-block-columns is-layout-flex wp-container-core-columns-is-layout-9d6595d7 wp-block-columns-is-layout-flex\">\n<div class=\"wp-block-column is-layout-flow wp-block-column-is-layout-flow\">\n<h3 class=\"wp-block-heading\">Klassenmusizieren in der Volksschule<\/h3>\n\n\n\n<p>Ausgehend von praktischen Beispielen zum gemeinsamen Musizieren und Gestalten mit Musik werden diese f\u00fcr die Anwendung in der Schulklasse reflektiert. Auf die besondere Situation des Arbeitsfeldes Schulkooperation wird mit m\u00f6glichen Gelingensfaktoren und Herausforderungen eingegangen. Im Laufe des Moduls wechseln sich praktische und theoretische Inputs ab. Das gemeinsame Erleben und die Erfahrungen der Teilnehmer*innen stehen im Vordergrund und werden durch weitere M\u00f6glichkeiten, Zug\u00e4nge und Hintergrundwissen angereichert.<\/p>\n\n\n\n<div class=\"wp-block-getwid-accordion has-icon-left\" data-active-element=\"none\">\n<div class=\"wp-block-getwid-accordion__header-wrapper\"><span class=\"wp-block-getwid-accordion__header\"><a href=\"#\"><span class=\"wp-block-getwid-accordion__header-title\"><strong>Leitung:<\/strong> Eva K\u00f6niger MA<\/span><span class=\"wp-block-getwid-accordion__icon is-active\"><i class=\"fas fa-plus\"><\/i><\/span><span class=\"wp-block-getwid-accordion__icon is-passive\"><i class=\"fas fa-minus\"><\/i><\/span><\/a><\/span><\/div><div class=\"wp-block-getwid-accordion__content-wrapper\"><div class=\"wp-block-getwid-accordion__content\">\n<p>Diplom- und Masterstudium der Elementaren Musik- und Tanzp\u00e4dagogik an der Universit\u00e4t Mozarteum.<\/p>\n\n\n\n<p>Lehrende an der mdw \u2013 Universit\u00e4t f\u00fcr Musik und darstellende Kunst im Fachbereich Elementare Musikp\u00e4dagogik. Eh. Lehrende der Musikschule Wien im Fachbereich Schulkooperation und eh. Fachgruppensprecherin der Fachgruppe Schulkooperation an der Musikschule Wien. Fortbildungst\u00e4tigkeit im In- und Ausland.<\/p>\n\n\n\n<p><a href=\"http:\/\/www.emp-wien.at\">www.emp-wien.at<\/a><\/p>\n\n\n\n<p><a href=\"http:\/\/www.evakoeniger.com\">www.evakoeniger.com<\/a><\/p>\n<\/div><\/div>\n<\/div>\n<\/div>\n\n\n\n<div class=\"wp-block-column is-layout-flow wp-block-column-is-layout-flow\">\n<p>Die Reihe der Blickpunkt-Workshops wird gemeinsam mit dem EMP-Weiterbildungslehrgang angeboten.<\/p>\n\n\n\n<hr class=\"wp-block-separator has-alpha-channel-opacity\"\/>\n\n\n\n<p><strong>Ort: <\/strong>Pf\u00f6rtnerhaus der Stella Vorarlberg<br>Sa. 20.9. , 9 &#8211; 17 Uhr<br>So. 21.9. , 9 &#8211; 13 Uhr<\/p>\n\n\n\n<hr class=\"wp-block-separator has-alpha-channel-opacity\"\/>\n\n\n\n<p><strong>Kosten<\/strong>: \u20ac 120<\/p>\n\n\n\n<hr class=\"wp-block-separator has-alpha-channel-opacity\"\/>\n\n\n\n<p>Anmeldung bis <strong><strong>5. September<\/strong><\/strong> <strong>2025 <\/strong><\/p>\n\n\n\n<div class=\"wp-block-buttons is-layout-flex wp-block-buttons-is-layout-flex\">\n<div class=\"wp-block-button is-style-outline is-style-outline--1\"><a class=\"wp-block-button__link has-small-font-size has-custom-font-size wp-element-button\" href=\"https:\/\/eur06.safelinks.protection.outlook.com\/?url=https%3A%2F%2Fforms.office.com%2Fe%2FRt02YJk0LM%3Forigin%3DlprLink&amp;data=05%7C02%7Cjulia.specht%40stella-musikhochschule.ac.at%7C5ff4bf131bc64ef1ce0d08dda1c9447e%7Cfa30188c22d04006a1d02ec0d1fe7478%7C0%7C0%7C638844608010893635%7CUnknown%7CTWFpbGZsb3d8eyJFbXB0eU1hcGkiOnRydWUsIlYiOiIwLjAuMDAwMCIsIlAiOiJXaW4zMiIsIkFOIjoiTWFpbCIsIldUIjoyfQ%3D%3D%7C0%7C%7C%7C&amp;sdata=aiRSXxHo%2Fas7jpfn2CrbHIdzBKZR6xKwhK4ZANZ7Us4%3D&amp;reserved=0\">Jetzt anmelden <\/a><\/div>\n<\/div>\n<\/div>\n<\/div>\n","protected":false},"excerpt":{"rendered":"<p>Klassenmusizieren in der Volksschule Ausgehend von praktischen Beispielen zum gemeinsamen Musizieren und Gestalten mit Musik werden diese f\u00fcr die Anwendung in der Schulklasse reflektiert. Auf die besondere Situation des Arbeitsfeldes Schulkooperation wird mit m\u00f6glichen Gelingensfaktoren und Herausforderungen eingegangen. Im Laufe des Moduls wechseln sich praktische und theoretische Inputs ab. Das gemeinsame Erleben und die Erfahrungen [&hellip;]<\/p>\n","protected":false},"author":4,"featured_media":0,"parent":1432,"menu_order":5,"comment_status":"closed","ping_status":"closed","template":"","meta":{"_acf_changed":false,"inline_featured_image":false,"footnotes":""},"keywords":[],"class_list":["post-4384","page","type-page","status-publish","hentry"],"acf":[],"yoast_head":"<!-- This site is optimized with the Yoast SEO plugin v26.8 - https:\/\/yoast.com\/product\/yoast-seo-wordpress\/ -->\n<title>Blickpunkt.Workshop: Klasse musizieren! - Stella Vorarlberg<\/title>\n<meta name=\"robots\" content=\"index, follow, max-snippet:-1, max-image-preview:large, max-video-preview:-1\" \/>\n<link rel=\"canonical\" href=\"https:\/\/stella-musikhochschule.ac.at\/en\/weiterbildung\/blickpunkt-workshop-klasse-musizieren-en\" \/>\n<meta property=\"og:locale\" content=\"en_US\" \/>\n<meta property=\"og:type\" content=\"article\" \/>\n<meta property=\"og:title\" content=\"Blickpunkt.Workshop: Klasse musizieren! - Stella Vorarlberg\" \/>\n<meta property=\"og:description\" content=\"Klassenmusizieren in der Volksschule Ausgehend von praktischen Beispielen zum gemeinsamen Musizieren und Gestalten mit Musik werden diese f\u00fcr die Anwendung in der Schulklasse reflektiert. Auf die besondere Situation des Arbeitsfeldes Schulkooperation wird mit m\u00f6glichen Gelingensfaktoren und Herausforderungen eingegangen. Im Laufe des Moduls wechseln sich praktische und theoretische Inputs ab. Das gemeinsame Erleben und die Erfahrungen [&hellip;]\" \/>\n<meta property=\"og:url\" content=\"https:\/\/stella-musikhochschule.ac.at\/en\/weiterbildung\/blickpunkt-workshop-klasse-musizieren-en\" \/>\n<meta property=\"og:site_name\" content=\"Stella Vorarlberg\" \/>\n<meta property=\"article:publisher\" content=\"https:\/\/www.facebook.com\/stellamusikhochschule\" \/>\n<meta property=\"article:modified_time\" content=\"2025-09-30T11:31:21+00:00\" \/>\n<meta property=\"og:image\" content=\"https:\/\/stella-musikhochschule.ac.at\/wp-content\/uploads\/2023\/03\/Pressekonferenz-2.3.23-32-scaled.jpg\" \/>\n\t<meta property=\"og:image:width\" content=\"2560\" \/>\n\t<meta property=\"og:image:height\" content=\"1670\" \/>\n\t<meta property=\"og:image:type\" content=\"image\/jpeg\" \/>\n<meta name=\"twitter:card\" content=\"summary_large_image\" \/>\n<script type=\"application\/ld+json\" class=\"yoast-schema-graph\">{\"@context\":\"https:\/\/schema.org\",\"@graph\":[{\"@type\":\"WebPage\",\"@id\":\"https:\/\/stella-musikhochschule.ac.at\/en\/weiterbildung\/blickpunkt-workshop-klasse-musizieren-en\",\"url\":\"https:\/\/stella-musikhochschule.ac.at\/en\/weiterbildung\/blickpunkt-workshop-klasse-musizieren-en\",\"name\":\"Blickpunkt.Workshop: Klasse musizieren! - Stella Vorarlberg\",\"isPartOf\":{\"@id\":\"https:\/\/stella-musikhochschule.ac.at\/#website\"},\"primaryImageOfPage\":{\"@id\":\"https:\/\/stella-musikhochschule.ac.at\/en\/weiterbildung\/blickpunkt-workshop-klasse-musizieren-en#primaryimage\"},\"image\":{\"@id\":\"https:\/\/stella-musikhochschule.ac.at\/en\/weiterbildung\/blickpunkt-workshop-klasse-musizieren-en#primaryimage\"},\"thumbnailUrl\":\"https:\/\/stella-musikhochschule.ac.at\/wp-content\/uploads\/2023\/03\/Pressekonferenz-2.3.23-32-scaled.jpg\",\"datePublished\":\"2025-06-03T15:59:55+00:00\",\"dateModified\":\"2025-09-30T11:31:21+00:00\",\"breadcrumb\":{\"@id\":\"https:\/\/stella-musikhochschule.ac.at\/en\/weiterbildung\/blickpunkt-workshop-klasse-musizieren-en#breadcrumb\"},\"inLanguage\":\"en-US\",\"potentialAction\":[{\"@type\":\"ReadAction\",\"target\":[\"https:\/\/stella-musikhochschule.ac.at\/en\/weiterbildung\/blickpunkt-workshop-klasse-musizieren-en\"]}]},{\"@type\":\"ImageObject\",\"inLanguage\":\"en-US\",\"@id\":\"https:\/\/stella-musikhochschule.ac.at\/en\/weiterbildung\/blickpunkt-workshop-klasse-musizieren-en#primaryimage\",\"url\":\"https:\/\/stella-musikhochschule.ac.at\/wp-content\/uploads\/2023\/03\/Pressekonferenz-2.3.23-32-scaled.jpg\",\"contentUrl\":\"https:\/\/stella-musikhochschule.ac.at\/wp-content\/uploads\/2023\/03\/Pressekonferenz-2.3.23-32-scaled.jpg\"},{\"@type\":\"BreadcrumbList\",\"@id\":\"https:\/\/stella-musikhochschule.ac.at\/en\/weiterbildung\/blickpunkt-workshop-klasse-musizieren-en#breadcrumb\",\"itemListElement\":[{\"@type\":\"ListItem\",\"position\":1,\"name\":\"Startseite\",\"item\":\"https:\/\/stella-musikhochschule.ac.at\/en\"},{\"@type\":\"ListItem\",\"position\":2,\"name\":\"Further Education\",\"item\":\"https:\/\/stella-musikhochschule.ac.at\/en\/weiterbildung\"},{\"@type\":\"ListItem\",\"position\":3,\"name\":\"Blickpunkt.Workshop: Klasse musizieren!\"}]},{\"@type\":\"WebSite\",\"@id\":\"https:\/\/stella-musikhochschule.ac.at\/#website\",\"url\":\"https:\/\/stella-musikhochschule.ac.at\/\",\"name\":\"Stella Vorarlberg\",\"description\":\"Privathochschule f\u00fcr Musik\",\"publisher\":{\"@id\":\"https:\/\/stella-musikhochschule.ac.at\/#organization\"},\"potentialAction\":[{\"@type\":\"SearchAction\",\"target\":{\"@type\":\"EntryPoint\",\"urlTemplate\":\"https:\/\/stella-musikhochschule.ac.at\/?s={search_term_string}\"},\"query-input\":{\"@type\":\"PropertyValueSpecification\",\"valueRequired\":true,\"valueName\":\"search_term_string\"}}],\"inLanguage\":\"en-US\"},{\"@type\":\"Organization\",\"@id\":\"https:\/\/stella-musikhochschule.ac.at\/#organization\",\"name\":\"Stella Vorarlberg Privathochschule f\u00fcr Musik\",\"url\":\"https:\/\/stella-musikhochschule.ac.at\/\",\"logo\":{\"@type\":\"ImageObject\",\"inLanguage\":\"en-US\",\"@id\":\"https:\/\/stella-musikhochschule.ac.at\/#\/schema\/logo\/image\/\",\"url\":\"https:\/\/stella-musikhochschule.ac.at\/wp-content\/uploads\/2023\/01\/logo-zusatz.svg\",\"contentUrl\":\"https:\/\/stella-musikhochschule.ac.at\/wp-content\/uploads\/2023\/01\/logo-zusatz.svg\",\"width\":108,\"height\":57,\"caption\":\"Stella Vorarlberg Privathochschule f\u00fcr Musik\"},\"image\":{\"@id\":\"https:\/\/stella-musikhochschule.ac.at\/#\/schema\/logo\/image\/\"},\"sameAs\":[\"https:\/\/www.facebook.com\/stellamusikhochschule\",\"http:\/\/www.instagram.com\/stellamusikhochschule\",\"https:\/\/www.youtube.com\/channel\/UCOzOrROMt11QxTxkjmY6NKg\",\"https:\/\/www.tiktok.com\/@stellamusikhochschule\",\"https:\/\/open.spotify.com\/user\/31fs43ork2u3njhtilofu2bk7tue?si=fe62738c70524caa\"]}]}<\/script>\n<!-- \/ Yoast SEO plugin. -->","yoast_head_json":{"title":"Blickpunkt.Workshop: Klasse musizieren! - Stella Vorarlberg","robots":{"index":"index","follow":"follow","max-snippet":"max-snippet:-1","max-image-preview":"max-image-preview:large","max-video-preview":"max-video-preview:-1"},"canonical":"https:\/\/stella-musikhochschule.ac.at\/en\/weiterbildung\/blickpunkt-workshop-klasse-musizieren-en","og_locale":"en_US","og_type":"article","og_title":"Blickpunkt.Workshop: Klasse musizieren! - Stella Vorarlberg","og_description":"Klassenmusizieren in der Volksschule Ausgehend von praktischen Beispielen zum gemeinsamen Musizieren und Gestalten mit Musik werden diese f\u00fcr die Anwendung in der Schulklasse reflektiert. Auf die besondere Situation des Arbeitsfeldes Schulkooperation wird mit m\u00f6glichen Gelingensfaktoren und Herausforderungen eingegangen. Im Laufe des Moduls wechseln sich praktische und theoretische Inputs ab. Das gemeinsame Erleben und die Erfahrungen [&hellip;]","og_url":"https:\/\/stella-musikhochschule.ac.at\/en\/weiterbildung\/blickpunkt-workshop-klasse-musizieren-en","og_site_name":"Stella Vorarlberg","article_publisher":"https:\/\/www.facebook.com\/stellamusikhochschule","article_modified_time":"2025-09-30T11:31:21+00:00","og_image":[{"width":2560,"height":1670,"url":"https:\/\/stella-musikhochschule.ac.at\/wp-content\/uploads\/2023\/03\/Pressekonferenz-2.3.23-32-scaled.jpg","type":"image\/jpeg"}],"twitter_card":"summary_large_image","schema":{"@context":"https:\/\/schema.org","@graph":[{"@type":"WebPage","@id":"https:\/\/stella-musikhochschule.ac.at\/en\/weiterbildung\/blickpunkt-workshop-klasse-musizieren-en","url":"https:\/\/stella-musikhochschule.ac.at\/en\/weiterbildung\/blickpunkt-workshop-klasse-musizieren-en","name":"Blickpunkt.Workshop: Klasse musizieren! - Stella Vorarlberg","isPartOf":{"@id":"https:\/\/stella-musikhochschule.ac.at\/#website"},"primaryImageOfPage":{"@id":"https:\/\/stella-musikhochschule.ac.at\/en\/weiterbildung\/blickpunkt-workshop-klasse-musizieren-en#primaryimage"},"image":{"@id":"https:\/\/stella-musikhochschule.ac.at\/en\/weiterbildung\/blickpunkt-workshop-klasse-musizieren-en#primaryimage"},"thumbnailUrl":"https:\/\/stella-musikhochschule.ac.at\/wp-content\/uploads\/2023\/03\/Pressekonferenz-2.3.23-32-scaled.jpg","datePublished":"2025-06-03T15:59:55+00:00","dateModified":"2025-09-30T11:31:21+00:00","breadcrumb":{"@id":"https:\/\/stella-musikhochschule.ac.at\/en\/weiterbildung\/blickpunkt-workshop-klasse-musizieren-en#breadcrumb"},"inLanguage":"en-US","potentialAction":[{"@type":"ReadAction","target":["https:\/\/stella-musikhochschule.ac.at\/en\/weiterbildung\/blickpunkt-workshop-klasse-musizieren-en"]}]},{"@type":"ImageObject","inLanguage":"en-US","@id":"https:\/\/stella-musikhochschule.ac.at\/en\/weiterbildung\/blickpunkt-workshop-klasse-musizieren-en#primaryimage","url":"https:\/\/stella-musikhochschule.ac.at\/wp-content\/uploads\/2023\/03\/Pressekonferenz-2.3.23-32-scaled.jpg","contentUrl":"https:\/\/stella-musikhochschule.ac.at\/wp-content\/uploads\/2023\/03\/Pressekonferenz-2.3.23-32-scaled.jpg"},{"@type":"BreadcrumbList","@id":"https:\/\/stella-musikhochschule.ac.at\/en\/weiterbildung\/blickpunkt-workshop-klasse-musizieren-en#breadcrumb","itemListElement":[{"@type":"ListItem","position":1,"name":"Startseite","item":"https:\/\/stella-musikhochschule.ac.at\/en"},{"@type":"ListItem","position":2,"name":"Further Education","item":"https:\/\/stella-musikhochschule.ac.at\/en\/weiterbildung"},{"@type":"ListItem","position":3,"name":"Blickpunkt.Workshop: Klasse musizieren!"}]},{"@type":"WebSite","@id":"https:\/\/stella-musikhochschule.ac.at\/#website","url":"https:\/\/stella-musikhochschule.ac.at\/","name":"Stella Vorarlberg","description":"Privathochschule f\u00fcr Musik","publisher":{"@id":"https:\/\/stella-musikhochschule.ac.at\/#organization"},"potentialAction":[{"@type":"SearchAction","target":{"@type":"EntryPoint","urlTemplate":"https:\/\/stella-musikhochschule.ac.at\/?s={search_term_string}"},"query-input":{"@type":"PropertyValueSpecification","valueRequired":true,"valueName":"search_term_string"}}],"inLanguage":"en-US"},{"@type":"Organization","@id":"https:\/\/stella-musikhochschule.ac.at\/#organization","name":"Stella Vorarlberg Privathochschule f\u00fcr Musik","url":"https:\/\/stella-musikhochschule.ac.at\/","logo":{"@type":"ImageObject","inLanguage":"en-US","@id":"https:\/\/stella-musikhochschule.ac.at\/#\/schema\/logo\/image\/","url":"https:\/\/stella-musikhochschule.ac.at\/wp-content\/uploads\/2023\/01\/logo-zusatz.svg","contentUrl":"https:\/\/stella-musikhochschule.ac.at\/wp-content\/uploads\/2023\/01\/logo-zusatz.svg","width":108,"height":57,"caption":"Stella Vorarlberg Privathochschule f\u00fcr Musik"},"image":{"@id":"https:\/\/stella-musikhochschule.ac.at\/#\/schema\/logo\/image\/"},"sameAs":["https:\/\/www.facebook.com\/stellamusikhochschule","http:\/\/www.instagram.com\/stellamusikhochschule","https:\/\/www.youtube.com\/channel\/UCOzOrROMt11QxTxkjmY6NKg","https:\/\/www.tiktok.com\/@stellamusikhochschule","https:\/\/open.spotify.com\/user\/31fs43ork2u3njhtilofu2bk7tue?si=fe62738c70524caa"]}]}},"_links":{"self":[{"href":"https:\/\/stella-musikhochschule.ac.at\/en\/wp-json\/wp\/v2\/pages\/4384","targetHints":{"allow":["GET"]}}],"collection":[{"href":"https:\/\/stella-musikhochschule.ac.at\/en\/wp-json\/wp\/v2\/pages"}],"about":[{"href":"https:\/\/stella-musikhochschule.ac.at\/en\/wp-json\/wp\/v2\/types\/page"}],"author":[{"embeddable":true,"href":"https:\/\/stella-musikhochschule.ac.at\/en\/wp-json\/wp\/v2\/users\/4"}],"replies":[{"embeddable":true,"href":"https:\/\/stella-musikhochschule.ac.at\/en\/wp-json\/wp\/v2\/comments?post=4384"}],"version-history":[{"count":0,"href":"https:\/\/stella-musikhochschule.ac.at\/en\/wp-json\/wp\/v2\/pages\/4384\/revisions"}],"up":[{"embeddable":true,"href":"https:\/\/stella-musikhochschule.ac.at\/en\/wp-json\/wp\/v2\/pages\/1432"}],"wp:attachment":[{"href":"https:\/\/stella-musikhochschule.ac.at\/en\/wp-json\/wp\/v2\/media?parent=4384"}],"wp:term":[{"taxonomy":"keywords","embeddable":true,"href":"https:\/\/stella-musikhochschule.ac.at\/en\/wp-json\/wp\/v2\/keywords?post=4384"}],"curies":[{"name":"wp","href":"https:\/\/api.w.org\/{rel}","templated":true}]}}