{"id":3521,"date":"2024-12-13T12:47:42","date_gmt":"2024-12-13T11:47:42","guid":{"rendered":"https:\/\/stella-musikhochschule.ac.at\/?page_id=3521"},"modified":"2026-03-12T14:35:23","modified_gmt":"2026-03-12T13:35:23","slug":"center-for-folk-and-traditional-music-research","status":"publish","type":"page","link":"https:\/\/stella-musikhochschule.ac.at\/en\/research\/center-for-folk-and-traditional-music-research","title":{"rendered":"Center for Folk and Traditional Music Research"},"content":{"rendered":"\n<div class=\"wp-block-columns is-layout-flex wp-container-core-columns-is-layout-9d6595d7 wp-block-columns-is-layout-flex\">\n<div class=\"wp-block-column is-layout-flow wp-block-column-is-layout-flow\" style=\"flex-basis:66.66%\">\n<p>The Centre for Folk and Popular Music Research (ZFVF) at Stella Vorarlberg Private University of Music is dedicated to the scientific study of folk music in the Lake Constance region and Alemannic folk music in general. A particular focus is placed on the scientific analysis of the Haid folk collection archived in the university library, which is considered one of the most important collections in the Alemannic-speaking region.<\/p>\n\n\n\n<p>The findings are not only incorporated into academic discussions, but are also actively applied in music education contexts. At the same time, new research approaches are emerging that shed light on the tension between folk music and migration in the Lake Constance region.<\/p>\n\n\n\n<p>The ZFVF sees itself as a central point of contact for all questions related to folk music in this region. Anyone interested is welcome to contact the head of the center, Mag. art. Evelyn Fink-Mennel, MAS, at any time to receive support or further information.<\/p>\n\n\n\n<div class=\"wp-block-columns is-layout-flex wp-container-core-columns-is-layout-9d6595d7 wp-block-columns-is-layout-flex\">\n<div class=\"wp-block-column is-layout-flow wp-block-column-is-layout-flow\"><div class=\"lazyblock-downloads-Z2iwK9M wp-block-lazyblock-downloads\"><div class=\"side\">\n  <hr>\n        <div class=\"item download\">\n        <a href=\"https:\/\/stella-musikhochschule.ac.at\/wp-content\/uploads\/2026\/02\/jboevlw70-2021_zvfb_sd.pdf\" target=\"_blank\">\n          <span class=\"title\">(ZFVB) at the VLK (Annual Report 2020)<\/span>\n                    <i class=\"arrow-down\"><\/i>\n        <\/a>\n      <\/div>\n            <div class=\"item download\">\n        <a href=\"https:\/\/stella-musikhochschule.ac.at\/wp-content\/uploads\/2026\/02\/jboevlw71_2022_zfvb_sd.pdf\" target=\"_blank\">\n          <span class=\"title\">(ZFVB) at the VLK (Annual Report 2021)<\/span>\n                    <i class=\"arrow-down\"><\/i>\n        <\/a>\n      <\/div>\n      <\/div><\/div><\/div>\n\n\n\n<div class=\"wp-block-column is-layout-flow wp-block-column-is-layout-flow\"><div class=\"lazyblock-downloads-tgzIm wp-block-lazyblock-downloads\"><div class=\"side\">\n  <hr>\n        <div class=\"item download\">\n        <a href=\"https:\/\/stella-musikhochschule.ac.at\/wp-content\/uploads\/2026\/02\/jboevlw72_2023_zfvb_sd.pdf\" target=\"_blank\">\n          <span class=\"title\">(ZFVB) at the VLK (Annual Report 2022)<\/span>\n                    <i class=\"arrow-down\"><\/i>\n        <\/a>\n      <\/div>\n            <div class=\"item download\">\n        <a href=\"https:\/\/stella-musikhochschule.ac.at\/wp-content\/uploads\/2026\/02\/jboevlw73_2024_zfvb_sd.pdf\" target=\"_blank\">\n          <span class=\"title\">(ZFVB) at the VLK (Annual Report 2023)<\/span>\n                    <i class=\"arrow-down\"><\/i>\n        <\/a>\n      <\/div>\n      <\/div><\/div><\/div>\n<\/div>\n<\/div>\n\n\n\n<div class=\"wp-block-column is-layout-flow wp-block-column-is-layout-flow\" style=\"flex-basis:33.33%\"><div class=\"lazyblock-newsletter-1nGUEp wp-block-lazyblock-newsletter\"><div id=\"newsletter\">\n        \n    \n  <hr class=\"wp-block-separator has-alpha-channel-opacity\">\n  <p><strong>Newsletter<\/strong><\/p>\n  \n  <form id=\"form-newsletter-block\" class=\"validate\" method=\"post\" action=\"https:\/\/stella-musikhochschule.ac.at\/newsletter-anmeldung\">\n    \n    <input type=\"hidden\" name=\"list\" value=\"a6c3f90a-da04-11ed-bc63-1be1aa59ae0a\">\n    <input type=\"hidden\" name=\"title\" value=\"Newsletter\">\n    \n    <div class=\"input\">\n      <input type=\"text\" name=\"email\" class=\"text required email\" placeholder=\"beispiel.email@gmail.com\" data-msg-required=\"Please enter your email address.\" data-msg-email=\"This is not a valid email address.\">\n      <i class=\"arrow-right\"><\/i>\n    <\/div>\n    \n    <div class=\"confirmation checkbox\">\n      <input type=\"checkbox\" id=\"confirmation-block\" name=\"confirmation\" class=\"required\" value=\"1\" data-msg-required=\"Please accept the privacy policy.\">\n      <label class=\"caption\" for=\"confirmation-block\">I have taken note of the data protection information<\/label>\n    <\/div>\n    \n    <p class=\"has-small-font-size\">\n      <a class=\"submit\">Subscribe<\/a>\n    <\/p>\n    \n  <\/form>\n<\/div><\/div><\/div>\n<\/div>\n\n\n\n<div class=\"wp-block-getwid-section\"><div class=\"wp-block-getwid-section__wrapper\"><div class=\"wp-block-getwid-section__inner-wrapper\"><div class=\"wp-block-getwid-section__background-holder\"><div class=\"wp-block-getwid-section__background\"><\/div><div class=\"wp-block-getwid-section__foreground\"><\/div><\/div><div class=\"wp-block-getwid-section__content\"><div class=\"wp-block-getwid-section__inner-content\">\n<div class=\"wp-block-columns is-layout-flex wp-container-core-columns-is-layout-9d6595d7 wp-block-columns-is-layout-flex\">\n<div class=\"wp-block-column is-layout-flow wp-block-column-is-layout-flow\" style=\"flex-basis:66.66%\">\n<h3 class=\"wp-block-heading\">Contact person<\/h3>\n<\/div>\n\n\n\n<div class=\"wp-block-column is-layout-flow wp-block-column-is-layout-flow\" style=\"flex-basis:33.33%\">\n<hr class=\"wp-block-separator has-alpha-channel-opacity\"\/>\n\n\n\n<p><strong>Ethnomusicology &amp; Head of the Center for Folk and Popular Music Research<\/strong> <br><a href=\"https:\/\/stella-musikhochschule.ac.at\/en\/person\/fink-mennel-evelyn-maga-art-mas\">Mag.<sup>a<\/sup>&nbsp;Evelyn Fink-Mennel, MAS<\/a>&nbsp;<\/p>\n\n\n\n<p class=\"has-small-font-size\"><a href=\"mailto:evelyn.finkmennel@stella-musikhochschule.ac.at\">Email senden<\/a><\/p>\n<\/div>\n<\/div>\n<\/div><\/div><\/div><\/div><\/div>\n\n\n\n<div class=\"wp-block-getwid-section alignfull\"><div class=\"wp-block-getwid-section__wrapper\" style=\"min-height:400px\"><div class=\"wp-block-getwid-section__inner-wrapper\"><div class=\"wp-block-getwid-section__background-holder\"><div class=\"wp-block-getwid-section__background\" style=\"background-image:url('https:\/\/stella-musikhochschule.ac.at\/wp-content\/uploads\/2024\/05\/2406-PulsArt-Sujet.jpg')\"><div class=\"wp-block-getwid-section__background-image-wrapper\"><img decoding=\"async\" class=\"wp-block-getwid-section__background-image\" src=\"https:\/\/stella-musikhochschule.ac.at\/wp-content\/uploads\/2024\/05\/2406-PulsArt-Sujet.jpg\" alt=\"\"\/><\/div><\/div><div class=\"wp-block-getwid-section__foreground\"><\/div><\/div><div class=\"wp-block-getwid-section__content\"><div class=\"wp-block-getwid-section__inner-content\"><\/div><\/div><\/div><\/div><\/div>\n\n\n\n<div class=\"wp-block-columns is-layout-flex wp-container-core-columns-is-layout-9d6595d7 wp-block-columns-is-layout-flex\">\n<div class=\"wp-block-column is-layout-flow wp-block-column-is-layout-flow\" style=\"flex-basis:66.66%\">\n<h3 class=\"wp-block-heading\"><strong><strong>The Haid Folk Collection<\/strong><\/strong><\/h3>\n\n\n\n<p>The Haid Folk Collection is a collection of primary and secondary sources on the folk movement of the 1970s and 1980s in the Alemannic-speaking regions of Austria, Germany, Switzerland and France.<\/p>\n\n\n\n<p>The married couple Univ.-Prof. Dr. Gerlinde Haid (1943\u20132012, folk music researcher) and Prof. Dr. Hans Haid (1938\u20132019, folklorist and writer) began collecting the sources privately in the 1970s. Over a period of more than forty years, the collection grew through \u00bbparticipatory observation\u00ab from a musicological and sociolinguistic perspective. In 2012, the couple donated the collection to Evelyn Fink-Mennel with the request that it be made accessible to the public. It is now part of the university library as the \u00bbHaid Folk Collection\u00ab.<\/p>\n\n\n\n<p>The published and unpublished materials include books, journals, sound carriers (long-playing records), song booklets\/broadsheets, newspaper articles, manuscripts, and various correspondence. The sound-carrier collection, extending beyond the German-speaking region, also includes LPs by Italian and French singer-songwriters, chansonniers, and folk groups.<\/p>\n\n\n\n<p>In addition to the relevant \u2018folk collection\u2019, a considerable portion of the private library of folk music researcher Gerlinde Haid, containing academic literature and practical guides on folk music from the Alps (not only German-speaking), has also been added to the library of the Stella Vorarlberg Private University of Music.<\/p>\n\n\n\n<p>This unique folk collection stands out thanks to its international focus and its collection of materials on the Austrian folk movement, which is unparalleled in its scope. Unlike the German folk movement (since the 1960s), which has been extensively and multifacetedly evaluated in publications, the Austrian movement (since the 1970s) has only been marginally researched. The \u2018Haid Folk Collection\u2019 provides the basis for a source-based, scientific presentation.<\/p>\n<\/div>\n\n\n\n<div class=\"wp-block-column is-layout-flow wp-block-column-is-layout-flow\" style=\"flex-basis:33.33%\"><\/div>\n<\/div>\n\n\n\n<div class=\"wp-block-getwid-section alignfull\"><div class=\"wp-block-getwid-section__wrapper\" style=\"min-height:400px\"><div class=\"wp-block-getwid-section__inner-wrapper\"><div class=\"wp-block-getwid-section__background-holder\"><div class=\"wp-block-getwid-section__background\" style=\"background-image:url('https:\/\/stella-musikhochschule.ac.at\/wp-content\/uploads\/2024\/05\/2403-Falkenhorst-Sujet.jpg')\"><div class=\"wp-block-getwid-section__background-image-wrapper\"><img decoding=\"async\" class=\"wp-block-getwid-section__background-image\" src=\"https:\/\/stella-musikhochschule.ac.at\/wp-content\/uploads\/2024\/05\/2403-Falkenhorst-Sujet.jpg\" alt=\"\"\/><\/div><\/div><div class=\"wp-block-getwid-section__foreground\"><\/div><\/div><div class=\"wp-block-getwid-section__content\"><div class=\"wp-block-getwid-section__inner-content\"><\/div><\/div><\/div><\/div><\/div>\n\n\n\n<div class=\"wp-block-columns is-layout-flex wp-container-core-columns-is-layout-9d6595d7 wp-block-columns-is-layout-flex\">\n<div class=\"wp-block-column is-layout-flow wp-block-column-is-layout-flow\" style=\"flex-basis:66.66%\">\n<h3 class=\"wp-block-heading\"><strong><strong><a href=\"https:\/\/stella-musikhochschule.ac.at\/forschung\/forschungsprojekte\">Forschungsprojekte und Publikationen<\/a><\/strong><\/strong><\/h3>\n<\/div>\n\n\n\n<div class=\"wp-block-column is-layout-flow wp-block-column-is-layout-flow\" style=\"flex-basis:33.33%\"><\/div>\n<\/div>\n\n\n<div class=\"lazyblock-events-mmPaa wp-block-lazyblock-events\">\n<section id=\"events\">\n  \n  <div class=\"head\">\n    <h3>events<\/h3>\n    <div class=\"all\">\n      <a href=\"https:\/\/stella-musikhochschule.ac.at\/aktuelles\/veranstaltungen\" class=\"has-small-font-size underline\">all events<\/a>\n    <\/div>\n  <\/div>\n  \n  <div class=\"events list\">\n    \n          <a class=\"event\" href=\"https:\/\/stella-musikhochschule.ac.at\/en\/veranstaltung\/treffpunkt-hochschule-vorarlberg?d=20260415&#038;t=12:00:00\">\n        <span class=\"title\">Treffpunkt Hochschule Vorarlberg<\/span>\n        <span class=\"date time\">\n          15 April<br><span class=\"time\">12:00 Uhr<\/span>        <\/span>\n        <span class=\"image\" style=\"left:  61%;\">\n                  <\/span>\n        <span class=\"year\">2026<\/span>\n      <\/a>\n            <a class=\"event\" href=\"https:\/\/stella-musikhochschule.ac.at\/en\/veranstaltung\/ringvorlesung-musik-und-fasnacht-in-tirol?d=20260415&#038;t=18:00:00\">\n        <span class=\"title\">Ringvorlesung: Musik und Fasnacht in Tirol<\/span>\n        <span class=\"date time\">\n          15 April<br><span class=\"time\">18:00 Uhr<\/span>        <\/span>\n        <span class=\"image\" style=\"left:  57%;\">\n                  <\/span>\n        <span class=\"year\">2026<\/span>\n      <\/a>\n            <a class=\"event\" href=\"https:\/\/stella-musikhochschule.ac.at\/en\/veranstaltung\/unpopulaere-populaere-musik-warum-manche-musik-nicht-gefaellt-musikalische-werturteile-erforschen?d=20260416&#038;t=17:00:00\">\n        <span class=\"title\">Unpopul\u00e4re popul\u00e4re Musik? Warum (manche) Musik (nicht) gef\u00e4llt \u2013 Musikalische Werturteile erforschen<\/span>\n        <span class=\"date time\">\n          16 April<br><span class=\"time\">17:00 Uhr<\/span>        <\/span>\n        <span class=\"image\" style=\"left:  56%;\">\n                  <\/span>\n        <span class=\"year\">2026<\/span>\n      <\/a>\n        <\/div>\n  \n<\/section>\n\n<\/div>","protected":false},"excerpt":{"rendered":"<p>The Centre for Folk and Popular Music Research (ZFVF) at Stella Vorarlberg Private University of Music is dedicated to the scientific study of folk music in the Lake Constance region and Alemannic folk music in general. A particular focus is placed on the scientific analysis of the Haid folk collection archived in the university library, [&hellip;]<\/p>\n","protected":false},"author":4,"featured_media":3840,"parent":1461,"menu_order":4,"comment_status":"closed","ping_status":"closed","template":"","meta":{"_acf_changed":false,"inline_featured_image":false,"footnotes":""},"keywords":[],"class_list":["post-3521","page","type-page","status-publish","has-post-thumbnail","hentry"],"acf":[],"yoast_head":"<!-- This site is optimized with the Yoast SEO plugin v26.8 - https:\/\/yoast.com\/product\/yoast-seo-wordpress\/ -->\n<title>Center for Folk and Traditional Music Research - Stella Vorarlberg<\/title>\n<meta name=\"robots\" content=\"index, follow, max-snippet:-1, max-image-preview:large, max-video-preview:-1\" \/>\n<link rel=\"canonical\" href=\"https:\/\/stella-musikhochschule.ac.at\/en\/research\/center-for-folk-and-traditional-music-research\" \/>\n<meta property=\"og:locale\" content=\"en_US\" \/>\n<meta property=\"og:type\" content=\"article\" \/>\n<meta property=\"og:title\" content=\"Center for Folk and Traditional Music Research - Stella Vorarlberg\" \/>\n<meta property=\"og:description\" content=\"The Centre for Folk and Popular Music Research (ZFVF) at Stella Vorarlberg Private University of Music is dedicated to the scientific study of folk music in the Lake Constance region and Alemannic folk music in general. A particular focus is placed on the scientific analysis of the Haid folk collection archived in the university library, [&hellip;]\" \/>\n<meta property=\"og:url\" content=\"https:\/\/stella-musikhochschule.ac.at\/en\/research\/center-for-folk-and-traditional-music-research\" \/>\n<meta property=\"og:site_name\" content=\"Stella Vorarlberg\" \/>\n<meta property=\"article:publisher\" content=\"https:\/\/www.facebook.com\/stellamusikhochschule\" \/>\n<meta property=\"article:modified_time\" content=\"2026-03-12T13:35:23+00:00\" \/>\n<meta property=\"og:image\" content=\"https:\/\/stella-musikhochschule.ac.at\/wp-content\/uploads\/2025\/01\/Migraton-3.jpg\" \/>\n\t<meta property=\"og:image:width\" content=\"800\" \/>\n\t<meta property=\"og:image:height\" content=\"498\" \/>\n\t<meta property=\"og:image:type\" content=\"image\/jpeg\" \/>\n<meta name=\"twitter:card\" content=\"summary_large_image\" \/>\n<meta name=\"twitter:label1\" content=\"Est. reading time\" \/>\n\t<meta name=\"twitter:data1\" content=\"4 minutes\" \/>\n<script type=\"application\/ld+json\" class=\"yoast-schema-graph\">{\"@context\":\"https:\/\/schema.org\",\"@graph\":[{\"@type\":\"WebPage\",\"@id\":\"https:\/\/stella-musikhochschule.ac.at\/en\/research\/center-for-folk-and-traditional-music-research\",\"url\":\"https:\/\/stella-musikhochschule.ac.at\/en\/research\/center-for-folk-and-traditional-music-research\",\"name\":\"Center for Folk and Traditional Music Research - Stella Vorarlberg\",\"isPartOf\":{\"@id\":\"https:\/\/stella-musikhochschule.ac.at\/#website\"},\"primaryImageOfPage\":{\"@id\":\"https:\/\/stella-musikhochschule.ac.at\/en\/research\/center-for-folk-and-traditional-music-research#primaryimage\"},\"image\":{\"@id\":\"https:\/\/stella-musikhochschule.ac.at\/en\/research\/center-for-folk-and-traditional-music-research#primaryimage\"},\"thumbnailUrl\":\"https:\/\/stella-musikhochschule.ac.at\/wp-content\/uploads\/2025\/01\/Migraton-3.jpg\",\"datePublished\":\"2024-12-13T11:47:42+00:00\",\"dateModified\":\"2026-03-12T13:35:23+00:00\",\"breadcrumb\":{\"@id\":\"https:\/\/stella-musikhochschule.ac.at\/en\/research\/center-for-folk-and-traditional-music-research#breadcrumb\"},\"inLanguage\":\"en-US\",\"potentialAction\":[{\"@type\":\"ReadAction\",\"target\":[\"https:\/\/stella-musikhochschule.ac.at\/en\/research\/center-for-folk-and-traditional-music-research\"]}]},{\"@type\":\"ImageObject\",\"inLanguage\":\"en-US\",\"@id\":\"https:\/\/stella-musikhochschule.ac.at\/en\/research\/center-for-folk-and-traditional-music-research#primaryimage\",\"url\":\"https:\/\/stella-musikhochschule.ac.at\/wp-content\/uploads\/2025\/01\/Migraton-3.jpg\",\"contentUrl\":\"https:\/\/stella-musikhochschule.ac.at\/wp-content\/uploads\/2025\/01\/Migraton-3.jpg\",\"width\":800,\"height\":498},{\"@type\":\"BreadcrumbList\",\"@id\":\"https:\/\/stella-musikhochschule.ac.at\/en\/research\/center-for-folk-and-traditional-music-research#breadcrumb\",\"itemListElement\":[{\"@type\":\"ListItem\",\"position\":1,\"name\":\"Startseite\",\"item\":\"https:\/\/stella-musikhochschule.ac.at\/en\"},{\"@type\":\"ListItem\",\"position\":2,\"name\":\"Research\",\"item\":\"https:\/\/stella-musikhochschule.ac.at\/en\/research\"},{\"@type\":\"ListItem\",\"position\":3,\"name\":\"Center for Folk and Traditional Music Research\"}]},{\"@type\":\"WebSite\",\"@id\":\"https:\/\/stella-musikhochschule.ac.at\/#website\",\"url\":\"https:\/\/stella-musikhochschule.ac.at\/\",\"name\":\"Stella Vorarlberg\",\"description\":\"Privathochschule f\u00fcr Musik\",\"publisher\":{\"@id\":\"https:\/\/stella-musikhochschule.ac.at\/#organization\"},\"potentialAction\":[{\"@type\":\"SearchAction\",\"target\":{\"@type\":\"EntryPoint\",\"urlTemplate\":\"https:\/\/stella-musikhochschule.ac.at\/?s={search_term_string}\"},\"query-input\":{\"@type\":\"PropertyValueSpecification\",\"valueRequired\":true,\"valueName\":\"search_term_string\"}}],\"inLanguage\":\"en-US\"},{\"@type\":\"Organization\",\"@id\":\"https:\/\/stella-musikhochschule.ac.at\/#organization\",\"name\":\"Stella Vorarlberg Privathochschule f\u00fcr Musik\",\"url\":\"https:\/\/stella-musikhochschule.ac.at\/\",\"logo\":{\"@type\":\"ImageObject\",\"inLanguage\":\"en-US\",\"@id\":\"https:\/\/stella-musikhochschule.ac.at\/#\/schema\/logo\/image\/\",\"url\":\"https:\/\/stella-musikhochschule.ac.at\/wp-content\/uploads\/2023\/01\/logo-zusatz.svg\",\"contentUrl\":\"https:\/\/stella-musikhochschule.ac.at\/wp-content\/uploads\/2023\/01\/logo-zusatz.svg\",\"width\":108,\"height\":57,\"caption\":\"Stella Vorarlberg Privathochschule f\u00fcr Musik\"},\"image\":{\"@id\":\"https:\/\/stella-musikhochschule.ac.at\/#\/schema\/logo\/image\/\"},\"sameAs\":[\"https:\/\/www.facebook.com\/stellamusikhochschule\",\"http:\/\/www.instagram.com\/stellamusikhochschule\",\"https:\/\/www.youtube.com\/channel\/UCOzOrROMt11QxTxkjmY6NKg\",\"https:\/\/www.tiktok.com\/@stellamusikhochschule\",\"https:\/\/open.spotify.com\/user\/31fs43ork2u3njhtilofu2bk7tue?si=fe62738c70524caa\"]}]}<\/script>\n<!-- \/ Yoast SEO plugin. -->","yoast_head_json":{"title":"Center for Folk and Traditional Music Research - Stella Vorarlberg","robots":{"index":"index","follow":"follow","max-snippet":"max-snippet:-1","max-image-preview":"max-image-preview:large","max-video-preview":"max-video-preview:-1"},"canonical":"https:\/\/stella-musikhochschule.ac.at\/en\/research\/center-for-folk-and-traditional-music-research","og_locale":"en_US","og_type":"article","og_title":"Center for Folk and Traditional Music Research - Stella Vorarlberg","og_description":"The Centre for Folk and Popular Music Research (ZFVF) at Stella Vorarlberg Private University of Music is dedicated to the scientific study of folk music in the Lake Constance region and Alemannic folk music in general. A particular focus is placed on the scientific analysis of the Haid folk collection archived in the university library, [&hellip;]","og_url":"https:\/\/stella-musikhochschule.ac.at\/en\/research\/center-for-folk-and-traditional-music-research","og_site_name":"Stella Vorarlberg","article_publisher":"https:\/\/www.facebook.com\/stellamusikhochschule","article_modified_time":"2026-03-12T13:35:23+00:00","og_image":[{"width":800,"height":498,"url":"https:\/\/stella-musikhochschule.ac.at\/wp-content\/uploads\/2025\/01\/Migraton-3.jpg","type":"image\/jpeg"}],"twitter_card":"summary_large_image","twitter_misc":{"Est. reading time":"4 minutes"},"schema":{"@context":"https:\/\/schema.org","@graph":[{"@type":"WebPage","@id":"https:\/\/stella-musikhochschule.ac.at\/en\/research\/center-for-folk-and-traditional-music-research","url":"https:\/\/stella-musikhochschule.ac.at\/en\/research\/center-for-folk-and-traditional-music-research","name":"Center for Folk and Traditional Music Research - Stella Vorarlberg","isPartOf":{"@id":"https:\/\/stella-musikhochschule.ac.at\/#website"},"primaryImageOfPage":{"@id":"https:\/\/stella-musikhochschule.ac.at\/en\/research\/center-for-folk-and-traditional-music-research#primaryimage"},"image":{"@id":"https:\/\/stella-musikhochschule.ac.at\/en\/research\/center-for-folk-and-traditional-music-research#primaryimage"},"thumbnailUrl":"https:\/\/stella-musikhochschule.ac.at\/wp-content\/uploads\/2025\/01\/Migraton-3.jpg","datePublished":"2024-12-13T11:47:42+00:00","dateModified":"2026-03-12T13:35:23+00:00","breadcrumb":{"@id":"https:\/\/stella-musikhochschule.ac.at\/en\/research\/center-for-folk-and-traditional-music-research#breadcrumb"},"inLanguage":"en-US","potentialAction":[{"@type":"ReadAction","target":["https:\/\/stella-musikhochschule.ac.at\/en\/research\/center-for-folk-and-traditional-music-research"]}]},{"@type":"ImageObject","inLanguage":"en-US","@id":"https:\/\/stella-musikhochschule.ac.at\/en\/research\/center-for-folk-and-traditional-music-research#primaryimage","url":"https:\/\/stella-musikhochschule.ac.at\/wp-content\/uploads\/2025\/01\/Migraton-3.jpg","contentUrl":"https:\/\/stella-musikhochschule.ac.at\/wp-content\/uploads\/2025\/01\/Migraton-3.jpg","width":800,"height":498},{"@type":"BreadcrumbList","@id":"https:\/\/stella-musikhochschule.ac.at\/en\/research\/center-for-folk-and-traditional-music-research#breadcrumb","itemListElement":[{"@type":"ListItem","position":1,"name":"Startseite","item":"https:\/\/stella-musikhochschule.ac.at\/en"},{"@type":"ListItem","position":2,"name":"Research","item":"https:\/\/stella-musikhochschule.ac.at\/en\/research"},{"@type":"ListItem","position":3,"name":"Center for Folk and Traditional Music Research"}]},{"@type":"WebSite","@id":"https:\/\/stella-musikhochschule.ac.at\/#website","url":"https:\/\/stella-musikhochschule.ac.at\/","name":"Stella Vorarlberg","description":"Privathochschule f\u00fcr Musik","publisher":{"@id":"https:\/\/stella-musikhochschule.ac.at\/#organization"},"potentialAction":[{"@type":"SearchAction","target":{"@type":"EntryPoint","urlTemplate":"https:\/\/stella-musikhochschule.ac.at\/?s={search_term_string}"},"query-input":{"@type":"PropertyValueSpecification","valueRequired":true,"valueName":"search_term_string"}}],"inLanguage":"en-US"},{"@type":"Organization","@id":"https:\/\/stella-musikhochschule.ac.at\/#organization","name":"Stella Vorarlberg Privathochschule f\u00fcr Musik","url":"https:\/\/stella-musikhochschule.ac.at\/","logo":{"@type":"ImageObject","inLanguage":"en-US","@id":"https:\/\/stella-musikhochschule.ac.at\/#\/schema\/logo\/image\/","url":"https:\/\/stella-musikhochschule.ac.at\/wp-content\/uploads\/2023\/01\/logo-zusatz.svg","contentUrl":"https:\/\/stella-musikhochschule.ac.at\/wp-content\/uploads\/2023\/01\/logo-zusatz.svg","width":108,"height":57,"caption":"Stella Vorarlberg Privathochschule f\u00fcr Musik"},"image":{"@id":"https:\/\/stella-musikhochschule.ac.at\/#\/schema\/logo\/image\/"},"sameAs":["https:\/\/www.facebook.com\/stellamusikhochschule","http:\/\/www.instagram.com\/stellamusikhochschule","https:\/\/www.youtube.com\/channel\/UCOzOrROMt11QxTxkjmY6NKg","https:\/\/www.tiktok.com\/@stellamusikhochschule","https:\/\/open.spotify.com\/user\/31fs43ork2u3njhtilofu2bk7tue?si=fe62738c70524caa"]}]}},"_links":{"self":[{"href":"https:\/\/stella-musikhochschule.ac.at\/en\/wp-json\/wp\/v2\/pages\/3521","targetHints":{"allow":["GET"]}}],"collection":[{"href":"https:\/\/stella-musikhochschule.ac.at\/en\/wp-json\/wp\/v2\/pages"}],"about":[{"href":"https:\/\/stella-musikhochschule.ac.at\/en\/wp-json\/wp\/v2\/types\/page"}],"author":[{"embeddable":true,"href":"https:\/\/stella-musikhochschule.ac.at\/en\/wp-json\/wp\/v2\/users\/4"}],"replies":[{"embeddable":true,"href":"https:\/\/stella-musikhochschule.ac.at\/en\/wp-json\/wp\/v2\/comments?post=3521"}],"version-history":[{"count":0,"href":"https:\/\/stella-musikhochschule.ac.at\/en\/wp-json\/wp\/v2\/pages\/3521\/revisions"}],"up":[{"embeddable":true,"href":"https:\/\/stella-musikhochschule.ac.at\/en\/wp-json\/wp\/v2\/pages\/1461"}],"wp:featuredmedia":[{"embeddable":true,"href":"https:\/\/stella-musikhochschule.ac.at\/en\/wp-json\/wp\/v2\/media\/3840"}],"wp:attachment":[{"href":"https:\/\/stella-musikhochschule.ac.at\/en\/wp-json\/wp\/v2\/media?parent=3521"}],"wp:term":[{"taxonomy":"keywords","embeddable":true,"href":"https:\/\/stella-musikhochschule.ac.at\/en\/wp-json\/wp\/v2\/keywords?post=3521"}],"curies":[{"name":"wp","href":"https:\/\/api.w.org\/{rel}","templated":true}]}}