{"id":3270,"date":"2024-10-11T16:05:31","date_gmt":"2024-10-11T14:05:31","guid":{"rendered":"https:\/\/stella-musikhochschule.ac.at\/zentrum-fuer-folk-und-volksmusikforschung"},"modified":"2026-03-12T14:36:25","modified_gmt":"2026-03-12T13:36:25","slug":"zentrum-fuer-folk-und-volksmusikforschung","status":"publish","type":"page","link":"https:\/\/stella-musikhochschule.ac.at\/en\/research\/zentrum-fuer-folk-und-volksmusikforschung","title":{"rendered":"Zentrum f\u00fcr Folk- und Volksmusikforschung"},"content":{"rendered":"\n<div class=\"wp-block-columns is-layout-flex wp-container-core-columns-is-layout-9d6595d7 wp-block-columns-is-layout-flex\">\n<div class=\"wp-block-column is-layout-flow wp-block-column-is-layout-flow\" style=\"flex-basis:66.66%\">\n<p>Das Zentrum f\u00fcr Folk- und Volksmusikforschung (ZFVF) der Stella Vorarlberg Privathochschule f\u00fcr Musik widmet sich der wissenschaftlichen Erforschung der Volksmusik im Bodenseeraum sowie der alemannischen Volksmusik insgesamt. Ein besonderer Schwerpunkt liegt auf der wissenschaftlichen Bearbeitung der in der Hochschulbibliothek archivierten Folk-Sammlung Haid, die als eine der bedeutendsten Sammlungen im alemannischen Sprachraum gilt.<\/p>\n\n\n\n<p>Die gewonnenen Erkenntnisse flie\u00dfen nicht nur in die akademische Diskussion ein, sondern werden auch aktiv in musikp\u00e4dagogische Vermittlungskontexte eingebracht. Gleichzeitig entstehen neue Forschungsans\u00e4tze, die das Spannungsverh\u00e4ltnis von Volksmusik und Migration im Bodenseeraum beleuchten.<\/p>\n\n\n\n<p>Das ZFVF versteht sich als zentrale Anlaufstelle f\u00fcr alle Fragen rund um die Volksmusik in dieser Region. Interessierte k\u00f6nnen sich jederzeit an die Leiterin des Zentrums, Mag. art. Evelyn Fink-Mennel, MAS, wenden, um Unterst\u00fctzung oder weiterf\u00fchrende Informationen zu erhalten.<\/p>\n<\/div>\n\n\n\n<div class=\"wp-block-column is-layout-flow wp-block-column-is-layout-flow\" style=\"flex-basis:33.33%\"><\/div>\n<\/div>\n\n\n\n<div class=\"wp-block-getwid-section\"><div class=\"wp-block-getwid-section__wrapper\"><div class=\"wp-block-getwid-section__inner-wrapper\"><div class=\"wp-block-getwid-section__background-holder\"><div class=\"wp-block-getwid-section__background\"><\/div><div class=\"wp-block-getwid-section__foreground\"><\/div><\/div><div class=\"wp-block-getwid-section__content\"><div class=\"wp-block-getwid-section__inner-content\">\n<div class=\"wp-block-columns is-layout-flex wp-container-core-columns-is-layout-9d6595d7 wp-block-columns-is-layout-flex\">\n<div class=\"wp-block-column is-layout-flow wp-block-column-is-layout-flow\" style=\"flex-basis:66.66%\">\n<h3 class=\"wp-block-heading\">Ansprechpartnerin<\/h3>\n<\/div>\n\n\n\n<div class=\"wp-block-column is-layout-flow wp-block-column-is-layout-flow\" style=\"flex-basis:33.33%\">\n<hr class=\"wp-block-separator has-alpha-channel-opacity\"\/>\n\n\n\n<p><strong>Ethnomusikologie &amp; Leitung Zentrum f\u00fcr Folk- und Volksmusikforschung<strong>&nbsp;<\/strong><br><\/strong><a href=\"https:\/\/stella-musikhochschule.ac.at\/en\/person\/fink-mennel-evelyn-maga-art-mas\">Mag.<sup>a<\/sup>&nbsp;Evelyn Fink-Mennel, MAS<\/a>&nbsp;<\/p>\n\n\n\n<p class=\"has-small-font-size\"><a href=\"mailto:evelyn.finkmennel@stella-musikhochschule.ac.at\">Email senden<\/a><\/p>\n<\/div>\n<\/div>\n<\/div><\/div><\/div><\/div><\/div>\n\n\n\n<div class=\"wp-block-getwid-section alignfull\"><div class=\"wp-block-getwid-section__wrapper\" style=\"min-height:400px\"><div class=\"wp-block-getwid-section__inner-wrapper\"><div class=\"wp-block-getwid-section__background-holder\"><div class=\"wp-block-getwid-section__background\" style=\"background-image:url('https:\/\/stella-musikhochschule.ac.at\/wp-content\/uploads\/2024\/05\/2406-PulsArt-Sujet.jpg')\"><div class=\"wp-block-getwid-section__background-image-wrapper\"><img decoding=\"async\" class=\"wp-block-getwid-section__background-image\" src=\"https:\/\/stella-musikhochschule.ac.at\/wp-content\/uploads\/2024\/05\/2406-PulsArt-Sujet.jpg\" alt=\"\"\/><\/div><\/div><div class=\"wp-block-getwid-section__foreground\"><\/div><\/div><div class=\"wp-block-getwid-section__content\"><div class=\"wp-block-getwid-section__inner-content\"><\/div><\/div><\/div><\/div><\/div>\n\n\n\n<div class=\"wp-block-columns is-layout-flex wp-container-core-columns-is-layout-9d6595d7 wp-block-columns-is-layout-flex\">\n<div class=\"wp-block-column is-layout-flow wp-block-column-is-layout-flow\" style=\"flex-basis:66.66%\">\n<h3 class=\"wp-block-heading\"><strong>Die Folk-Sammlung Haid<\/strong><\/h3>\n\n\n\n<p>Die \u201eFolk-Sammlung Haid\u201c ist eine Quellensammlung mit Prim\u00e4r- und Sekund\u00e4rquellen zur \u201eFolkbewegung\u201c der 1970er und 1980er Jahre in den alemannischen Sprachregionen \u00d6sterreichs, Deutschlands, der Schweiz und Frankreichs.<\/p>\n\n\n\n<p>Das Ehepaar Univ.-Profin. Drin. Gerlinde Haid (1943\u20132012, Volksmusikforscherin) und Prof. Dr. Hans Haid (1938-2019, Volkskundler und Schriftsteller) hat in den 1970er Jahren begonnen, die Quellen privat zu sammeln. \u00dcber vierzig Jahre lang erweiterte sich der Bestand mit \u201eteilnehmender Beobachtung\u201c unter musikologischen und soziolinguistischen Aspekten. 2012 schenkte das Ehepaar die Sammlung an Evelyn Fink-Mennel mit dem Auftrag, diese zug\u00e4nglich zu machen. Sie ist nun als \u201eFolk-Sammlung Haid\u201c Bestandteil der Hochschulbibliothek.<\/p>\n\n\n\n<p>Die publizierten und unpublizierten Materialien umfassen B\u00fccher, Zeitschriften, Tontr\u00e4ger (Langspielplatten), Liederhefte\/Flugbl\u00e4tter, Zeitungsartikel, Manuskripte und diversen Schriftverkehr. Die Tontr\u00e4ger-Sammlung inkludiert \u00fcber den deutschsprachigen Raum reichend auch LPs italienischer und franz\u00f6sischer Liedermacher, Chansoniers und Folkgruppen.<\/p>\n\n\n\n<p>Neben der einschl\u00e4gigen \u201eFolk-Sammlung\u201c ist weiters ein betr\u00e4chtlicher Bestand der Privatbibliothek der Volksmusikforscherin Gerlinde Haid mit wissenschaftlicher Literatur und Praktika zur Volksmusik der (nicht nur deutschsprachigen) Alpen in die Bibliothek der Stella Vorarlberg Privathochschule f\u00fcr Musik eingegangen.<\/p>\n\n\n\n<p>Alleinstellungsmerkmal genie\u00dft diese einschl\u00e4gige Folk-Sammlung durch ihre internationale Ausrichtung und ihren, singul\u00e4r in diesem Ausma\u00df \u00fcberlieferten Materialien zur \u00f6sterreichischen Folkbewegung. Anders als die publizistisch mehrfach und vielschichtig ausgewertete deutsche Folkbewegung (seit den 1960er Jahren) ist die \u00f6sterreichische (ab den 1970er Jahren) nur marginal aufgearbeitet. Die \u201eFolk-Sammlung Haid\u201c liefert die Grundlagen zur quellengest\u00fctzten, wissenschaftlichen Darstellung&nbsp;<\/p>\n<\/div>\n\n\n\n<div class=\"wp-block-column is-layout-flow wp-block-column-is-layout-flow\" style=\"flex-basis:33.33%\"><\/div>\n<\/div>\n\n\n\n<div class=\"wp-block-getwid-section alignfull\"><div class=\"wp-block-getwid-section__wrapper\" style=\"min-height:400px\"><div class=\"wp-block-getwid-section__inner-wrapper\"><div class=\"wp-block-getwid-section__background-holder\"><div class=\"wp-block-getwid-section__background\" style=\"background-image:url('https:\/\/stella-musikhochschule.ac.at\/wp-content\/uploads\/2024\/05\/2403-Falkenhorst-Sujet.jpg')\"><div class=\"wp-block-getwid-section__background-image-wrapper\"><img decoding=\"async\" class=\"wp-block-getwid-section__background-image\" src=\"https:\/\/stella-musikhochschule.ac.at\/wp-content\/uploads\/2024\/05\/2403-Falkenhorst-Sujet.jpg\" alt=\"\"\/><\/div><\/div><div class=\"wp-block-getwid-section__foreground\"><\/div><\/div><div class=\"wp-block-getwid-section__content\"><div class=\"wp-block-getwid-section__inner-content\"><\/div><\/div><\/div><\/div><\/div>\n\n\n\n<div class=\"wp-block-columns is-layout-flex wp-container-core-columns-is-layout-9d6595d7 wp-block-columns-is-layout-flex\">\n<div class=\"wp-block-column is-layout-flow wp-block-column-is-layout-flow\" style=\"flex-basis:66.66%\">\n<p><strong><strong><a href=\"https:\/\/stella-musikhochschule.ac.at\/en\/research\/research-projects\">Forschungsprojekte und Publikationen<\/a><\/strong><\/strong><\/p>\n<\/div>\n\n\n\n<div class=\"wp-block-column is-layout-flow wp-block-column-is-layout-flow\" style=\"flex-basis:33.33%\"><\/div>\n<\/div>\n\n\n<div class=\"lazyblock-events-ZtohBa wp-block-lazyblock-events\">\n<section id=\"events\">\n  \n  <div class=\"head\">\n    <h3>events<\/h3>\n    <div class=\"all\">\n      <a href=\"https:\/\/stella-musikhochschule.ac.at\/aktuelles\/veranstaltungen\" class=\"has-small-font-size underline\">all events<\/a>\n    <\/div>\n  <\/div>\n  \n  <div class=\"events list\">\n    \n          <a class=\"event\" href=\"https:\/\/stella-musikhochschule.ac.at\/en\/veranstaltung\/unpopulaere-populaere-musik-warum-manche-musik-nicht-gefaellt-musikalische-werturteile-erforschen?d=20260416&#038;t=17:00:00\">\n        <span class=\"title\">Unpopul\u00e4re popul\u00e4re Musik? Warum (manche) Musik (nicht) gef\u00e4llt \u2013 Musikalische Werturteile erforschen<\/span>\n        <span class=\"date time\">\n          16 April<br><span class=\"time\">17:00 Uhr<\/span>        <\/span>\n        <span class=\"image\" style=\"left:  60%;\">\n                  <\/span>\n        <span class=\"year\">2026<\/span>\n      <\/a>\n            <a class=\"event\" href=\"https:\/\/stella-musikhochschule.ac.at\/en\/veranstaltung\/studienkonzert-klavierklasse-johannes-obermeier-2?d=20260417&#038;t=13:00:00\">\n        <span class=\"title\">Studienkonzert. Klavierklasse Johannes Obermeier<\/span>\n        <span class=\"date time\">\n          17 April<br><span class=\"time\">13:00 Uhr<\/span>        <\/span>\n        <span class=\"image\" style=\"left:  64%;\">\n                  <\/span>\n        <span class=\"year\">2026<\/span>\n      <\/a>\n            <a class=\"event\" href=\"https:\/\/stella-musikhochschule.ac.at\/en\/veranstaltung\/wissenschaftliches-schreiben-gute-schreibpraxis?d=20260417&#038;t=15:00:00\">\n        <span class=\"title\">Workshopreihe \u00bbHow to\u2026\u00ab Wissenschaftliches Schreiben &#038; gute Schreibpraxis<\/span>\n        <span class=\"date time\">\n          17 April<br><span class=\"time\">15:00 Uhr<\/span>        <\/span>\n        <span class=\"image\" style=\"left:  55%;\">\n                  <\/span>\n        <span class=\"year\">2026<\/span>\n      <\/a>\n        <\/div>\n  \n<\/section>\n\n<\/div>","protected":false},"excerpt":{"rendered":"<p>Das Zentrum f\u00fcr Folk- und Volksmusikforschung (ZFVF) der Stella Vorarlberg Privathochschule f\u00fcr Musik widmet sich der wissenschaftlichen Erforschung der Volksmusik im Bodenseeraum sowie der alemannischen Volksmusik insgesamt. Ein besonderer Schwerpunkt liegt auf der wissenschaftlichen Bearbeitung der in der Hochschulbibliothek archivierten Folk-Sammlung Haid, die als eine der bedeutendsten Sammlungen im alemannischen Sprachraum gilt. Die gewonnenen Erkenntnisse [&hellip;]<\/p>\n","protected":false},"author":4,"featured_media":0,"parent":1461,"menu_order":4,"comment_status":"closed","ping_status":"closed","template":"","meta":{"_acf_changed":false,"inline_featured_image":false,"footnotes":""},"keywords":[],"class_list":["post-3270","page","type-page","status-publish","hentry"],"acf":[],"yoast_head":"<!-- This site is optimized with the Yoast SEO plugin v26.8 - https:\/\/yoast.com\/product\/yoast-seo-wordpress\/ -->\n<title>Zentrum f\u00fcr Folk- und Volksmusikforschung - Stella Vorarlberg<\/title>\n<meta name=\"robots\" content=\"index, follow, max-snippet:-1, max-image-preview:large, max-video-preview:-1\" \/>\n<link rel=\"canonical\" href=\"https:\/\/stella-musikhochschule.ac.at\/en\/research\/zentrum-fuer-folk-und-volksmusikforschung\" \/>\n<meta property=\"og:locale\" content=\"en_US\" \/>\n<meta property=\"og:type\" content=\"article\" \/>\n<meta property=\"og:title\" content=\"Zentrum f\u00fcr Folk- und Volksmusikforschung - Stella Vorarlberg\" \/>\n<meta property=\"og:description\" content=\"Das Zentrum f\u00fcr Folk- und Volksmusikforschung (ZFVF) der Stella Vorarlberg Privathochschule f\u00fcr Musik widmet sich der wissenschaftlichen Erforschung der Volksmusik im Bodenseeraum sowie der alemannischen Volksmusik insgesamt. Ein besonderer Schwerpunkt liegt auf der wissenschaftlichen Bearbeitung der in der Hochschulbibliothek archivierten Folk-Sammlung Haid, die als eine der bedeutendsten Sammlungen im alemannischen Sprachraum gilt. Die gewonnenen Erkenntnisse [&hellip;]\" \/>\n<meta property=\"og:url\" content=\"https:\/\/stella-musikhochschule.ac.at\/en\/research\/zentrum-fuer-folk-und-volksmusikforschung\" \/>\n<meta property=\"og:site_name\" content=\"Stella Vorarlberg\" \/>\n<meta property=\"article:publisher\" content=\"https:\/\/www.facebook.com\/stellamusikhochschule\" \/>\n<meta property=\"article:modified_time\" content=\"2026-03-12T13:36:25+00:00\" \/>\n<meta property=\"og:image\" content=\"https:\/\/stella-musikhochschule.ac.at\/wp-content\/uploads\/2024\/05\/2406-PulsArt-Sujet.jpg\" \/>\n<meta name=\"twitter:card\" content=\"summary_large_image\" \/>\n<meta name=\"twitter:label1\" content=\"Est. reading time\" \/>\n\t<meta name=\"twitter:data1\" content=\"3 minutes\" \/>\n<script type=\"application\/ld+json\" class=\"yoast-schema-graph\">{\"@context\":\"https:\/\/schema.org\",\"@graph\":[{\"@type\":\"WebPage\",\"@id\":\"https:\/\/stella-musikhochschule.ac.at\/en\/research\/zentrum-fuer-folk-und-volksmusikforschung\",\"url\":\"https:\/\/stella-musikhochschule.ac.at\/en\/research\/zentrum-fuer-folk-und-volksmusikforschung\",\"name\":\"Zentrum f\u00fcr Folk- und Volksmusikforschung - Stella Vorarlberg\",\"isPartOf\":{\"@id\":\"https:\/\/stella-musikhochschule.ac.at\/#website\"},\"primaryImageOfPage\":{\"@id\":\"https:\/\/stella-musikhochschule.ac.at\/en\/research\/zentrum-fuer-folk-und-volksmusikforschung#primaryimage\"},\"image\":{\"@id\":\"https:\/\/stella-musikhochschule.ac.at\/en\/research\/zentrum-fuer-folk-und-volksmusikforschung#primaryimage\"},\"thumbnailUrl\":\"https:\/\/stella-musikhochschule.ac.at\/wp-content\/uploads\/2024\/05\/2406-PulsArt-Sujet.jpg\",\"datePublished\":\"2024-10-11T14:05:31+00:00\",\"dateModified\":\"2026-03-12T13:36:25+00:00\",\"breadcrumb\":{\"@id\":\"https:\/\/stella-musikhochschule.ac.at\/en\/research\/zentrum-fuer-folk-und-volksmusikforschung#breadcrumb\"},\"inLanguage\":\"en-US\",\"potentialAction\":[{\"@type\":\"ReadAction\",\"target\":[\"https:\/\/stella-musikhochschule.ac.at\/en\/research\/zentrum-fuer-folk-und-volksmusikforschung\"]}]},{\"@type\":\"ImageObject\",\"inLanguage\":\"en-US\",\"@id\":\"https:\/\/stella-musikhochschule.ac.at\/en\/research\/zentrum-fuer-folk-und-volksmusikforschung#primaryimage\",\"url\":\"https:\/\/stella-musikhochschule.ac.at\/wp-content\/uploads\/2024\/05\/2406-PulsArt-Sujet.jpg\",\"contentUrl\":\"https:\/\/stella-musikhochschule.ac.at\/wp-content\/uploads\/2024\/05\/2406-PulsArt-Sujet.jpg\"},{\"@type\":\"BreadcrumbList\",\"@id\":\"https:\/\/stella-musikhochschule.ac.at\/en\/research\/zentrum-fuer-folk-und-volksmusikforschung#breadcrumb\",\"itemListElement\":[{\"@type\":\"ListItem\",\"position\":1,\"name\":\"Startseite\",\"item\":\"https:\/\/stella-musikhochschule.ac.at\/en\"},{\"@type\":\"ListItem\",\"position\":2,\"name\":\"Research\",\"item\":\"https:\/\/stella-musikhochschule.ac.at\/en\/research\"},{\"@type\":\"ListItem\",\"position\":3,\"name\":\"Zentrum f\u00fcr Folk- und Volksmusikforschung\"}]},{\"@type\":\"WebSite\",\"@id\":\"https:\/\/stella-musikhochschule.ac.at\/#website\",\"url\":\"https:\/\/stella-musikhochschule.ac.at\/\",\"name\":\"Stella Vorarlberg\",\"description\":\"Privathochschule f\u00fcr Musik\",\"publisher\":{\"@id\":\"https:\/\/stella-musikhochschule.ac.at\/#organization\"},\"potentialAction\":[{\"@type\":\"SearchAction\",\"target\":{\"@type\":\"EntryPoint\",\"urlTemplate\":\"https:\/\/stella-musikhochschule.ac.at\/?s={search_term_string}\"},\"query-input\":{\"@type\":\"PropertyValueSpecification\",\"valueRequired\":true,\"valueName\":\"search_term_string\"}}],\"inLanguage\":\"en-US\"},{\"@type\":\"Organization\",\"@id\":\"https:\/\/stella-musikhochschule.ac.at\/#organization\",\"name\":\"Stella Vorarlberg Privathochschule f\u00fcr Musik\",\"url\":\"https:\/\/stella-musikhochschule.ac.at\/\",\"logo\":{\"@type\":\"ImageObject\",\"inLanguage\":\"en-US\",\"@id\":\"https:\/\/stella-musikhochschule.ac.at\/#\/schema\/logo\/image\/\",\"url\":\"https:\/\/stella-musikhochschule.ac.at\/wp-content\/uploads\/2023\/01\/logo-zusatz.svg\",\"contentUrl\":\"https:\/\/stella-musikhochschule.ac.at\/wp-content\/uploads\/2023\/01\/logo-zusatz.svg\",\"width\":108,\"height\":57,\"caption\":\"Stella Vorarlberg Privathochschule f\u00fcr Musik\"},\"image\":{\"@id\":\"https:\/\/stella-musikhochschule.ac.at\/#\/schema\/logo\/image\/\"},\"sameAs\":[\"https:\/\/www.facebook.com\/stellamusikhochschule\",\"http:\/\/www.instagram.com\/stellamusikhochschule\",\"https:\/\/www.youtube.com\/channel\/UCOzOrROMt11QxTxkjmY6NKg\",\"https:\/\/www.tiktok.com\/@stellamusikhochschule\",\"https:\/\/open.spotify.com\/user\/31fs43ork2u3njhtilofu2bk7tue?si=fe62738c70524caa\"]}]}<\/script>\n<!-- \/ Yoast SEO plugin. -->","yoast_head_json":{"title":"Zentrum f\u00fcr Folk- und Volksmusikforschung - Stella Vorarlberg","robots":{"index":"index","follow":"follow","max-snippet":"max-snippet:-1","max-image-preview":"max-image-preview:large","max-video-preview":"max-video-preview:-1"},"canonical":"https:\/\/stella-musikhochschule.ac.at\/en\/research\/zentrum-fuer-folk-und-volksmusikforschung","og_locale":"en_US","og_type":"article","og_title":"Zentrum f\u00fcr Folk- und Volksmusikforschung - Stella Vorarlberg","og_description":"Das Zentrum f\u00fcr Folk- und Volksmusikforschung (ZFVF) der Stella Vorarlberg Privathochschule f\u00fcr Musik widmet sich der wissenschaftlichen Erforschung der Volksmusik im Bodenseeraum sowie der alemannischen Volksmusik insgesamt. Ein besonderer Schwerpunkt liegt auf der wissenschaftlichen Bearbeitung der in der Hochschulbibliothek archivierten Folk-Sammlung Haid, die als eine der bedeutendsten Sammlungen im alemannischen Sprachraum gilt. Die gewonnenen Erkenntnisse [&hellip;]","og_url":"https:\/\/stella-musikhochschule.ac.at\/en\/research\/zentrum-fuer-folk-und-volksmusikforschung","og_site_name":"Stella Vorarlberg","article_publisher":"https:\/\/www.facebook.com\/stellamusikhochschule","article_modified_time":"2026-03-12T13:36:25+00:00","og_image":[{"url":"https:\/\/stella-musikhochschule.ac.at\/wp-content\/uploads\/2024\/05\/2406-PulsArt-Sujet.jpg","type":"","width":"","height":""}],"twitter_card":"summary_large_image","twitter_misc":{"Est. reading time":"3 minutes"},"schema":{"@context":"https:\/\/schema.org","@graph":[{"@type":"WebPage","@id":"https:\/\/stella-musikhochschule.ac.at\/en\/research\/zentrum-fuer-folk-und-volksmusikforschung","url":"https:\/\/stella-musikhochschule.ac.at\/en\/research\/zentrum-fuer-folk-und-volksmusikforschung","name":"Zentrum f\u00fcr Folk- und Volksmusikforschung - Stella Vorarlberg","isPartOf":{"@id":"https:\/\/stella-musikhochschule.ac.at\/#website"},"primaryImageOfPage":{"@id":"https:\/\/stella-musikhochschule.ac.at\/en\/research\/zentrum-fuer-folk-und-volksmusikforschung#primaryimage"},"image":{"@id":"https:\/\/stella-musikhochschule.ac.at\/en\/research\/zentrum-fuer-folk-und-volksmusikforschung#primaryimage"},"thumbnailUrl":"https:\/\/stella-musikhochschule.ac.at\/wp-content\/uploads\/2024\/05\/2406-PulsArt-Sujet.jpg","datePublished":"2024-10-11T14:05:31+00:00","dateModified":"2026-03-12T13:36:25+00:00","breadcrumb":{"@id":"https:\/\/stella-musikhochschule.ac.at\/en\/research\/zentrum-fuer-folk-und-volksmusikforschung#breadcrumb"},"inLanguage":"en-US","potentialAction":[{"@type":"ReadAction","target":["https:\/\/stella-musikhochschule.ac.at\/en\/research\/zentrum-fuer-folk-und-volksmusikforschung"]}]},{"@type":"ImageObject","inLanguage":"en-US","@id":"https:\/\/stella-musikhochschule.ac.at\/en\/research\/zentrum-fuer-folk-und-volksmusikforschung#primaryimage","url":"https:\/\/stella-musikhochschule.ac.at\/wp-content\/uploads\/2024\/05\/2406-PulsArt-Sujet.jpg","contentUrl":"https:\/\/stella-musikhochschule.ac.at\/wp-content\/uploads\/2024\/05\/2406-PulsArt-Sujet.jpg"},{"@type":"BreadcrumbList","@id":"https:\/\/stella-musikhochschule.ac.at\/en\/research\/zentrum-fuer-folk-und-volksmusikforschung#breadcrumb","itemListElement":[{"@type":"ListItem","position":1,"name":"Startseite","item":"https:\/\/stella-musikhochschule.ac.at\/en"},{"@type":"ListItem","position":2,"name":"Research","item":"https:\/\/stella-musikhochschule.ac.at\/en\/research"},{"@type":"ListItem","position":3,"name":"Zentrum f\u00fcr Folk- und Volksmusikforschung"}]},{"@type":"WebSite","@id":"https:\/\/stella-musikhochschule.ac.at\/#website","url":"https:\/\/stella-musikhochschule.ac.at\/","name":"Stella Vorarlberg","description":"Privathochschule f\u00fcr Musik","publisher":{"@id":"https:\/\/stella-musikhochschule.ac.at\/#organization"},"potentialAction":[{"@type":"SearchAction","target":{"@type":"EntryPoint","urlTemplate":"https:\/\/stella-musikhochschule.ac.at\/?s={search_term_string}"},"query-input":{"@type":"PropertyValueSpecification","valueRequired":true,"valueName":"search_term_string"}}],"inLanguage":"en-US"},{"@type":"Organization","@id":"https:\/\/stella-musikhochschule.ac.at\/#organization","name":"Stella Vorarlberg Privathochschule f\u00fcr Musik","url":"https:\/\/stella-musikhochschule.ac.at\/","logo":{"@type":"ImageObject","inLanguage":"en-US","@id":"https:\/\/stella-musikhochschule.ac.at\/#\/schema\/logo\/image\/","url":"https:\/\/stella-musikhochschule.ac.at\/wp-content\/uploads\/2023\/01\/logo-zusatz.svg","contentUrl":"https:\/\/stella-musikhochschule.ac.at\/wp-content\/uploads\/2023\/01\/logo-zusatz.svg","width":108,"height":57,"caption":"Stella Vorarlberg Privathochschule f\u00fcr Musik"},"image":{"@id":"https:\/\/stella-musikhochschule.ac.at\/#\/schema\/logo\/image\/"},"sameAs":["https:\/\/www.facebook.com\/stellamusikhochschule","http:\/\/www.instagram.com\/stellamusikhochschule","https:\/\/www.youtube.com\/channel\/UCOzOrROMt11QxTxkjmY6NKg","https:\/\/www.tiktok.com\/@stellamusikhochschule","https:\/\/open.spotify.com\/user\/31fs43ork2u3njhtilofu2bk7tue?si=fe62738c70524caa"]}]}},"_links":{"self":[{"href":"https:\/\/stella-musikhochschule.ac.at\/en\/wp-json\/wp\/v2\/pages\/3270","targetHints":{"allow":["GET"]}}],"collection":[{"href":"https:\/\/stella-musikhochschule.ac.at\/en\/wp-json\/wp\/v2\/pages"}],"about":[{"href":"https:\/\/stella-musikhochschule.ac.at\/en\/wp-json\/wp\/v2\/types\/page"}],"author":[{"embeddable":true,"href":"https:\/\/stella-musikhochschule.ac.at\/en\/wp-json\/wp\/v2\/users\/4"}],"replies":[{"embeddable":true,"href":"https:\/\/stella-musikhochschule.ac.at\/en\/wp-json\/wp\/v2\/comments?post=3270"}],"version-history":[{"count":0,"href":"https:\/\/stella-musikhochschule.ac.at\/en\/wp-json\/wp\/v2\/pages\/3270\/revisions"}],"up":[{"embeddable":true,"href":"https:\/\/stella-musikhochschule.ac.at\/en\/wp-json\/wp\/v2\/pages\/1461"}],"wp:attachment":[{"href":"https:\/\/stella-musikhochschule.ac.at\/en\/wp-json\/wp\/v2\/media?parent=3270"}],"wp:term":[{"taxonomy":"keywords","embeddable":true,"href":"https:\/\/stella-musikhochschule.ac.at\/en\/wp-json\/wp\/v2\/keywords?post=3270"}],"curies":[{"name":"wp","href":"https:\/\/api.w.org\/{rel}","templated":true}]}}