{"id":1461,"date":"2023-01-17T17:41:28","date_gmt":"2023-01-17T16:41:28","guid":{"rendered":"https:\/\/stella-musikhochschule.ac.at\/forschung"},"modified":"2026-03-12T14:39:16","modified_gmt":"2026-03-12T13:39:16","slug":"research","status":"publish","type":"page","link":"https:\/\/stella-musikhochschule.ac.at\/en\/research","title":{"rendered":"Research"},"content":{"rendered":"\n<div class=\"wp-block-columns is-layout-flex wp-container-core-columns-is-layout-9d6595d7 wp-block-columns-is-layout-flex\">\n<div class=\"wp-block-column is-layout-flow wp-block-column-is-layout-flow\" style=\"flex-basis:66.66%\">\n<p>Research activities at Stella Musikhochschule are methodologically and thematically diverse, focusing on several areas, including the development and exploration of the arts (EEK), musicology, and music education. This diversity is reflected in an integrative approach that connects teaching and research while actively involving both students and faculty. A central priority lies in fostering a vibrant research culture that encourages innovation and creativity. This research culture is strengthened through active participation in the global knowledge community and through engagement in research networks at the international, national, and regional levels.<\/p>\n\n\n\n<p>To effectively coordinate research projects and optimize the research infrastructure, the Research Service plays a key role as the central coordination unit. In this function, it facilitates efficient collaboration among the various stakeholders involved in research activities. Stella Musikhochschule places great importance on academic integrity and ethical standards in all research endeavors. These principles form the foundation for trustworthy and high-quality research outcomes. Furthermore, the university is actively committed to promoting gender equality and diversity in research. The aim is to create an inclusive research environment that supports equal opportunities and values diversity.<\/p>\n<\/div>\n\n\n\n<div class=\"wp-block-column is-layout-flow wp-block-column-is-layout-flow\" style=\"flex-basis:33.33%\"><div class=\"lazyblock-newsletter-Z1OPzAr wp-block-lazyblock-newsletter\"><div id=\"newsletter\">\n        \n    \n  <hr class=\"wp-block-separator has-alpha-channel-opacity\">\n  <p><strong>Research Newsletter<\/strong><\/p>\n  \n  <form id=\"form-newsletter-block\" class=\"validate\" method=\"post\" action=\"https:\/\/stella-musikhochschule.ac.at\/newsletter-anmeldung\">\n    \n    <input type=\"hidden\" name=\"list\" value=\"d7a66c90-4692-11f0-8f35-09c6e12f3c7c\">\n    <input type=\"hidden\" name=\"title\" value=\"Research Newsletter\">\n    \n    <div class=\"input\">\n      <input type=\"text\" name=\"email\" class=\"text required email\" placeholder=\"beispiel.email@gmail.com\" data-msg-required=\"Please enter your email address.\" data-msg-email=\"This is not a valid email address.\">\n      <i class=\"arrow-right\"><\/i>\n    <\/div>\n    \n    <div class=\"confirmation checkbox\">\n      <input type=\"checkbox\" id=\"confirmation-block\" name=\"confirmation\" class=\"required\" value=\"1\" data-msg-required=\"Please accept the privacy policy.\">\n      <label class=\"caption\" for=\"confirmation-block\">I have taken note of the data protection information<\/label>\n    <\/div>\n    \n    <p class=\"has-small-font-size\">\n      <a class=\"submit\">Subscribe<\/a>\n    <\/p>\n    \n  <\/form>\n<\/div><\/div><\/div>\n<\/div>\n\n\n<div class=\"lazyblock-overview-ZidpjV wp-block-lazyblock-overview\">\n<div id=\"overview\">  \n  \n  \n\n      <section id=\"subpages\">\n      <div class=\"posts grid\">\n                  <div class=\"post grid-item \">\n            <figure>\n              <a href=\"https:\/\/stella-musikhochschule.ac.at\/en\/research\/research-areas\/musikwissenschaft\">\n                <img loading=\"lazy\" decoding=\"async\" width=\"1181\" height=\"788\" src=\"https:\/\/stella-musikhochschule.ac.at\/wp-content\/uploads\/2023\/03\/Bibliothek5_Web.jpg\" class=\"attachment-large size-large wp-post-image\" alt=\"\" srcset=\"https:\/\/stella-musikhochschule.ac.at\/wp-content\/uploads\/2023\/03\/Bibliothek5_Web.jpg 1181w, https:\/\/stella-musikhochschule.ac.at\/wp-content\/uploads\/2023\/03\/Bibliothek5_Web-300x200.jpg 300w, https:\/\/stella-musikhochschule.ac.at\/wp-content\/uploads\/2023\/03\/Bibliothek5_Web-768x512.jpg 768w, https:\/\/stella-musikhochschule.ac.at\/wp-content\/uploads\/2023\/03\/Bibliothek5_Web-40x27.jpg 40w\" sizes=\"auto, (max-width: 1181px) 100vw, 1181px\" \/>              <\/a>\n            <\/figure>\n            <div class=\"title\">Musicology<\/div>\n            <a href=\"https:\/\/stella-musikhochschule.ac.at\/en\/research\/research-areas\/musikwissenschaft\" class=\"has-small-font-size underline\">Read more<\/a>\n          <\/div>\n                    <div class=\"post grid-item \">\n            <figure>\n              <a href=\"https:\/\/stella-musikhochschule.ac.at\/en\/research\/research-areas\/musikpaedagogik\">\n                <img loading=\"lazy\" decoding=\"async\" width=\"1680\" height=\"1118\" src=\"https:\/\/stella-musikhochschule.ac.at\/wp-content\/uploads\/2023\/03\/DSC_3147-scaled.jpg\" class=\"attachment-large size-large wp-post-image\" alt=\"\" srcset=\"https:\/\/stella-musikhochschule.ac.at\/wp-content\/uploads\/2023\/03\/DSC_3147-scaled.jpg 2560w, https:\/\/stella-musikhochschule.ac.at\/wp-content\/uploads\/2023\/03\/DSC_3147-300x200.jpg 300w\" sizes=\"auto, (max-width: 1680px) 100vw, 1680px\" \/>              <\/a>\n            <\/figure>\n            <div class=\"title\">Music Education<\/div>\n            <a href=\"https:\/\/stella-musikhochschule.ac.at\/en\/research\/research-areas\/musikpaedagogik\" class=\"has-small-font-size underline\">Read more<\/a>\n          <\/div>\n                    <div class=\"post grid-item \">\n            <figure>\n              <a href=\"https:\/\/stella-musikhochschule.ac.at\/en\/research\/research-areas\/entwicklung-und-erschliessung-der-kuenste\">\n                <img loading=\"lazy\" decoding=\"async\" width=\"1680\" height=\"1118\" src=\"https:\/\/stella-musikhochschule.ac.at\/wp-content\/uploads\/2023\/03\/DSC_3048-scaled.jpg\" class=\"attachment-large size-large wp-post-image\" alt=\"\" srcset=\"https:\/\/stella-musikhochschule.ac.at\/wp-content\/uploads\/2023\/03\/DSC_3048-scaled.jpg 2560w, https:\/\/stella-musikhochschule.ac.at\/wp-content\/uploads\/2023\/03\/DSC_3048-300x200.jpg 300w\" sizes=\"auto, (max-width: 1680px) 100vw, 1680px\" \/>              <\/a>\n            <\/figure>\n            <div class=\"title\">Development and Exploration of the Arts<\/div>\n            <a href=\"https:\/\/stella-musikhochschule.ac.at\/en\/research\/research-areas\/entwicklung-und-erschliessung-der-kuenste\" class=\"has-small-font-size underline\">Read more<\/a>\n          <\/div>\n                    <div class=\"post grid-item \">\n            <figure>\n              <a href=\"https:\/\/stella-musikhochschule.ac.at\/en\/research\/center-for-folk-and-traditional-music-research\">\n                <img loading=\"lazy\" decoding=\"async\" width=\"800\" height=\"498\" src=\"https:\/\/stella-musikhochschule.ac.at\/wp-content\/uploads\/2025\/01\/Migraton-3.jpg\" class=\"attachment-large size-large wp-post-image\" alt=\"\" srcset=\"https:\/\/stella-musikhochschule.ac.at\/wp-content\/uploads\/2025\/01\/Migraton-3.jpg 800w, https:\/\/stella-musikhochschule.ac.at\/wp-content\/uploads\/2025\/01\/Migraton-3-300x187.jpg 300w, https:\/\/stella-musikhochschule.ac.at\/wp-content\/uploads\/2025\/01\/Migraton-3-768x478.jpg 768w, https:\/\/stella-musikhochschule.ac.at\/wp-content\/uploads\/2025\/01\/Migraton-3-40x25.jpg 40w\" sizes=\"auto, (max-width: 800px) 100vw, 800px\" \/>              <\/a>\n            <\/figure>\n            <div class=\"title\">Center for Folk and Traditional Music Research<\/div>\n            <a href=\"https:\/\/stella-musikhochschule.ac.at\/en\/research\/center-for-folk-and-traditional-music-research\" class=\"has-small-font-size underline\">Read more<\/a>\n          <\/div>\n                    <div class=\"post grid-item \">\n            <figure>\n              <a href=\"https:\/\/stella-musikhochschule.ac.at\/en\/research\/research-projects\">\n                <img loading=\"lazy\" decoding=\"async\" width=\"1500\" height=\"998\" src=\"https:\/\/stella-musikhochschule.ac.at\/wp-content\/uploads\/2025\/11\/DSC_3270-Mit-Tanzen.jpg\" class=\"attachment-large size-large wp-post-image\" alt=\"\" srcset=\"https:\/\/stella-musikhochschule.ac.at\/wp-content\/uploads\/2025\/11\/DSC_3270-Mit-Tanzen.jpg 1500w, https:\/\/stella-musikhochschule.ac.at\/wp-content\/uploads\/2025\/11\/DSC_3270-Mit-Tanzen-300x200.jpg 300w, https:\/\/stella-musikhochschule.ac.at\/wp-content\/uploads\/2025\/11\/DSC_3270-Mit-Tanzen-768x511.jpg 768w, https:\/\/stella-musikhochschule.ac.at\/wp-content\/uploads\/2025\/11\/DSC_3270-Mit-Tanzen-40x27.jpg 40w\" sizes=\"auto, (max-width: 1500px) 100vw, 1500px\" \/>              <\/a>\n            <\/figure>\n            <div class=\"title\">Research projects<\/div>\n            <a href=\"https:\/\/stella-musikhochschule.ac.at\/en\/research\/research-projects\" class=\"has-small-font-size underline\">Read more<\/a>\n          <\/div>\n                    <div class=\"post grid-item \">\n            <figure>\n              <a href=\"https:\/\/stella-musikhochschule.ac.at\/en\/research\/knowledge-transfer-2\">\n                <img loading=\"lazy\" decoding=\"async\" width=\"1680\" height=\"945\" src=\"https:\/\/stella-musikhochschule.ac.at\/wp-content\/uploads\/2025\/10\/DSC_9994-Homepage-1-1680x945.jpg\" class=\"attachment-large size-large wp-post-image\" alt=\"\" srcset=\"https:\/\/stella-musikhochschule.ac.at\/wp-content\/uploads\/2025\/10\/DSC_9994-Homepage-1-1680x945.jpg 1680w, https:\/\/stella-musikhochschule.ac.at\/wp-content\/uploads\/2025\/10\/DSC_9994-Homepage-1-300x169.jpg 300w, https:\/\/stella-musikhochschule.ac.at\/wp-content\/uploads\/2025\/10\/DSC_9994-Homepage-1-768x432.jpg 768w, https:\/\/stella-musikhochschule.ac.at\/wp-content\/uploads\/2025\/10\/DSC_9994-Homepage-1-1536x864.jpg 1536w, https:\/\/stella-musikhochschule.ac.at\/wp-content\/uploads\/2025\/10\/DSC_9994-Homepage-1-40x23.jpg 40w, https:\/\/stella-musikhochschule.ac.at\/wp-content\/uploads\/2025\/10\/DSC_9994-Homepage-1.jpg 1919w\" sizes=\"auto, (max-width: 1680px) 100vw, 1680px\" \/>              <\/a>\n            <\/figure>\n            <div class=\"title\">Knowledge transfer<\/div>\n            <a href=\"https:\/\/stella-musikhochschule.ac.at\/en\/research\/knowledge-transfer-2\" class=\"has-small-font-size underline\">Read more<\/a>\n          <\/div>\n                    <div class=\"post grid-item \">\n            <figure>\n              <a href=\"https:\/\/stella-musikhochschule.ac.at\/en\/research\/research-service\">\n                <img loading=\"lazy\" decoding=\"async\" width=\"1680\" height=\"1121\" src=\"https:\/\/stella-musikhochschule.ac.at\/wp-content\/uploads\/2023\/03\/DSC_8467-Kopie-1680x1121.jpg\" class=\"attachment-large size-large wp-post-image\" alt=\"\" srcset=\"https:\/\/stella-musikhochschule.ac.at\/wp-content\/uploads\/2023\/03\/DSC_8467-Kopie-1680x1121.jpg 1680w, https:\/\/stella-musikhochschule.ac.at\/wp-content\/uploads\/2023\/03\/DSC_8467-Kopie-300x200.jpg 300w, https:\/\/stella-musikhochschule.ac.at\/wp-content\/uploads\/2023\/03\/DSC_8467-Kopie-768x513.jpg 768w, https:\/\/stella-musikhochschule.ac.at\/wp-content\/uploads\/2023\/03\/DSC_8467-Kopie-1536x1025.jpg 1536w, https:\/\/stella-musikhochschule.ac.at\/wp-content\/uploads\/2023\/03\/DSC_8467-Kopie-2048x1367.jpg 2048w, https:\/\/stella-musikhochschule.ac.at\/wp-content\/uploads\/2023\/03\/DSC_8467-Kopie-40x27.jpg 40w\" sizes=\"auto, (max-width: 1680px) 100vw, 1680px\" \/>              <\/a>\n            <\/figure>\n            <div class=\"title\">Research service<\/div>\n            <a href=\"https:\/\/stella-musikhochschule.ac.at\/en\/research\/research-service\" class=\"has-small-font-size underline\">Read more<\/a>\n          <\/div>\n            \n      <\/div>\n    <\/section>\n    \n    \n<\/div>\n\n<script src=\"https:\/\/stella-musikhochschule.ac.at\/wp-content\/themes\/stella\/assets\/js\/isotope.min.js\"><\/script>\n\n<script>\n\n  jQuery(document).ready( function($){\n    \n    var $grid = $('.grid').isotope({ \n      layoutMode: 'fitRows',\n    });\n    \n    $(\"#filter .wp-block-button\").click( function(){\n      \n      $(this).addClass(\"active\").siblings().removeClass(\"active\");\n      \n      var filterValue = $(this).attr('data-filter');\n      $grid.isotope({ filter: filterValue });\n    \n    });\n    \n    $(\"#filter .wp-block-button:first-child\").click();\n\n  });\n\n<\/script><\/div>\n\n\n<div class=\"wp-block-columns is-layout-flex wp-container-core-columns-is-layout-9d6595d7 wp-block-columns-is-layout-flex\">\n<div class=\"wp-block-column is-layout-flow wp-block-column-is-layout-flow\">\n<h3 class=\"wp-block-heading\">Contact<\/h3>\n<\/div>\n\n\n\n<div class=\"wp-block-column is-layout-flow wp-block-column-is-layout-flow\">\n<hr class=\"wp-block-separator has-alpha-channel-opacity\"\/>\n\n\n\n<p class=\"has-text-align-left\"><strong>Research service<\/strong><\/p>\n\n\n\n<p class=\"has-small-font-size\"><a href=\"mailto:forschung@stella-musikhochschule.ac.at\">Email senden<\/a><\/p>\n<\/div>\n\n\n\n<div class=\"wp-block-column is-layout-flow wp-block-column-is-layout-flow\"><\/div>\n<\/div>\n","protected":false},"excerpt":{"rendered":"<p>Research activities at Stella Musikhochschule are methodologically and thematically diverse, focusing on several areas, including the development and exploration of the arts (EEK), musicology, and music education. This diversity is reflected in an integrative approach that connects teaching and research while actively involving both students and faculty. A central priority lies in fostering a vibrant [&hellip;]<\/p>\n","protected":false},"author":1,"featured_media":0,"parent":0,"menu_order":6,"comment_status":"closed","ping_status":"closed","template":"","meta":{"_acf_changed":false,"inline_featured_image":false,"footnotes":""},"keywords":[],"class_list":["post-1461","page","type-page","status-publish","hentry"],"acf":[],"yoast_head":"<!-- This site is optimized with the Yoast SEO plugin v26.8 - https:\/\/yoast.com\/product\/yoast-seo-wordpress\/ -->\n<title>Research - Stella Vorarlberg<\/title>\n<meta name=\"description\" content=\"An der Stella Vorarlberg findet Forschung in den Gebieten Musikwissenschaft, Musikp\u00e4dagogik und der Entwicklung &amp; Erschlie\u00dfung der K\u00fcnste statt.\" \/>\n<meta name=\"robots\" content=\"index, follow, max-snippet:-1, max-image-preview:large, max-video-preview:-1\" \/>\n<link rel=\"canonical\" href=\"https:\/\/stella-musikhochschule.ac.at\/en\/research\" \/>\n<meta property=\"og:locale\" content=\"en_US\" \/>\n<meta property=\"og:type\" content=\"article\" \/>\n<meta property=\"og:title\" content=\"Research - Stella Vorarlberg\" \/>\n<meta property=\"og:description\" content=\"An der Stella Vorarlberg findet Forschung in den Gebieten Musikwissenschaft, Musikp\u00e4dagogik und der Entwicklung &amp; Erschlie\u00dfung der K\u00fcnste statt.\" \/>\n<meta property=\"og:url\" content=\"https:\/\/stella-musikhochschule.ac.at\/en\/research\" \/>\n<meta property=\"og:site_name\" content=\"Stella Vorarlberg\" \/>\n<meta property=\"article:publisher\" content=\"https:\/\/www.facebook.com\/stellamusikhochschule\" \/>\n<meta property=\"article:modified_time\" content=\"2026-03-12T13:39:16+00:00\" \/>\n<meta name=\"twitter:card\" content=\"summary_large_image\" \/>\n<meta name=\"twitter:label1\" content=\"Est. reading time\" \/>\n\t<meta name=\"twitter:data1\" content=\"2 minutes\" \/>\n<script type=\"application\/ld+json\" class=\"yoast-schema-graph\">{\"@context\":\"https:\/\/schema.org\",\"@graph\":[{\"@type\":\"WebPage\",\"@id\":\"https:\/\/stella-musikhochschule.ac.at\/en\/research\",\"url\":\"https:\/\/stella-musikhochschule.ac.at\/en\/research\",\"name\":\"Research - Stella Vorarlberg\",\"isPartOf\":{\"@id\":\"https:\/\/stella-musikhochschule.ac.at\/#website\"},\"datePublished\":\"2023-01-17T16:41:28+00:00\",\"dateModified\":\"2026-03-12T13:39:16+00:00\",\"description\":\"An der Stella Vorarlberg findet Forschung in den Gebieten Musikwissenschaft, Musikp\u00e4dagogik und der Entwicklung & Erschlie\u00dfung der K\u00fcnste statt.\",\"breadcrumb\":{\"@id\":\"https:\/\/stella-musikhochschule.ac.at\/en\/research#breadcrumb\"},\"inLanguage\":\"en-US\",\"potentialAction\":[{\"@type\":\"ReadAction\",\"target\":[\"https:\/\/stella-musikhochschule.ac.at\/en\/research\"]}]},{\"@type\":\"BreadcrumbList\",\"@id\":\"https:\/\/stella-musikhochschule.ac.at\/en\/research#breadcrumb\",\"itemListElement\":[{\"@type\":\"ListItem\",\"position\":1,\"name\":\"Startseite\",\"item\":\"https:\/\/stella-musikhochschule.ac.at\/en\"},{\"@type\":\"ListItem\",\"position\":2,\"name\":\"Research\"}]},{\"@type\":\"WebSite\",\"@id\":\"https:\/\/stella-musikhochschule.ac.at\/#website\",\"url\":\"https:\/\/stella-musikhochschule.ac.at\/\",\"name\":\"Stella Vorarlberg\",\"description\":\"Privathochschule f\u00fcr Musik\",\"publisher\":{\"@id\":\"https:\/\/stella-musikhochschule.ac.at\/#organization\"},\"potentialAction\":[{\"@type\":\"SearchAction\",\"target\":{\"@type\":\"EntryPoint\",\"urlTemplate\":\"https:\/\/stella-musikhochschule.ac.at\/?s={search_term_string}\"},\"query-input\":{\"@type\":\"PropertyValueSpecification\",\"valueRequired\":true,\"valueName\":\"search_term_string\"}}],\"inLanguage\":\"en-US\"},{\"@type\":\"Organization\",\"@id\":\"https:\/\/stella-musikhochschule.ac.at\/#organization\",\"name\":\"Stella Vorarlberg Privathochschule f\u00fcr Musik\",\"url\":\"https:\/\/stella-musikhochschule.ac.at\/\",\"logo\":{\"@type\":\"ImageObject\",\"inLanguage\":\"en-US\",\"@id\":\"https:\/\/stella-musikhochschule.ac.at\/#\/schema\/logo\/image\/\",\"url\":\"https:\/\/stella-musikhochschule.ac.at\/wp-content\/uploads\/2023\/01\/logo-zusatz.svg\",\"contentUrl\":\"https:\/\/stella-musikhochschule.ac.at\/wp-content\/uploads\/2023\/01\/logo-zusatz.svg\",\"width\":108,\"height\":57,\"caption\":\"Stella Vorarlberg Privathochschule f\u00fcr Musik\"},\"image\":{\"@id\":\"https:\/\/stella-musikhochschule.ac.at\/#\/schema\/logo\/image\/\"},\"sameAs\":[\"https:\/\/www.facebook.com\/stellamusikhochschule\",\"http:\/\/www.instagram.com\/stellamusikhochschule\",\"https:\/\/www.youtube.com\/channel\/UCOzOrROMt11QxTxkjmY6NKg\",\"https:\/\/www.tiktok.com\/@stellamusikhochschule\",\"https:\/\/open.spotify.com\/user\/31fs43ork2u3njhtilofu2bk7tue?si=fe62738c70524caa\"]}]}<\/script>\n<!-- \/ Yoast SEO plugin. -->","yoast_head_json":{"title":"Research - Stella Vorarlberg","description":"An der Stella Vorarlberg findet Forschung in den Gebieten Musikwissenschaft, Musikp\u00e4dagogik und der Entwicklung & Erschlie\u00dfung der K\u00fcnste statt.","robots":{"index":"index","follow":"follow","max-snippet":"max-snippet:-1","max-image-preview":"max-image-preview:large","max-video-preview":"max-video-preview:-1"},"canonical":"https:\/\/stella-musikhochschule.ac.at\/en\/research","og_locale":"en_US","og_type":"article","og_title":"Research - Stella Vorarlberg","og_description":"An der Stella Vorarlberg findet Forschung in den Gebieten Musikwissenschaft, Musikp\u00e4dagogik und der Entwicklung & Erschlie\u00dfung der K\u00fcnste statt.","og_url":"https:\/\/stella-musikhochschule.ac.at\/en\/research","og_site_name":"Stella Vorarlberg","article_publisher":"https:\/\/www.facebook.com\/stellamusikhochschule","article_modified_time":"2026-03-12T13:39:16+00:00","twitter_card":"summary_large_image","twitter_misc":{"Est. reading time":"2 minutes"},"schema":{"@context":"https:\/\/schema.org","@graph":[{"@type":"WebPage","@id":"https:\/\/stella-musikhochschule.ac.at\/en\/research","url":"https:\/\/stella-musikhochschule.ac.at\/en\/research","name":"Research - Stella Vorarlberg","isPartOf":{"@id":"https:\/\/stella-musikhochschule.ac.at\/#website"},"datePublished":"2023-01-17T16:41:28+00:00","dateModified":"2026-03-12T13:39:16+00:00","description":"An der Stella Vorarlberg findet Forschung in den Gebieten Musikwissenschaft, Musikp\u00e4dagogik und der Entwicklung & Erschlie\u00dfung der K\u00fcnste statt.","breadcrumb":{"@id":"https:\/\/stella-musikhochschule.ac.at\/en\/research#breadcrumb"},"inLanguage":"en-US","potentialAction":[{"@type":"ReadAction","target":["https:\/\/stella-musikhochschule.ac.at\/en\/research"]}]},{"@type":"BreadcrumbList","@id":"https:\/\/stella-musikhochschule.ac.at\/en\/research#breadcrumb","itemListElement":[{"@type":"ListItem","position":1,"name":"Startseite","item":"https:\/\/stella-musikhochschule.ac.at\/en"},{"@type":"ListItem","position":2,"name":"Research"}]},{"@type":"WebSite","@id":"https:\/\/stella-musikhochschule.ac.at\/#website","url":"https:\/\/stella-musikhochschule.ac.at\/","name":"Stella Vorarlberg","description":"Privathochschule f\u00fcr Musik","publisher":{"@id":"https:\/\/stella-musikhochschule.ac.at\/#organization"},"potentialAction":[{"@type":"SearchAction","target":{"@type":"EntryPoint","urlTemplate":"https:\/\/stella-musikhochschule.ac.at\/?s={search_term_string}"},"query-input":{"@type":"PropertyValueSpecification","valueRequired":true,"valueName":"search_term_string"}}],"inLanguage":"en-US"},{"@type":"Organization","@id":"https:\/\/stella-musikhochschule.ac.at\/#organization","name":"Stella Vorarlberg Privathochschule f\u00fcr Musik","url":"https:\/\/stella-musikhochschule.ac.at\/","logo":{"@type":"ImageObject","inLanguage":"en-US","@id":"https:\/\/stella-musikhochschule.ac.at\/#\/schema\/logo\/image\/","url":"https:\/\/stella-musikhochschule.ac.at\/wp-content\/uploads\/2023\/01\/logo-zusatz.svg","contentUrl":"https:\/\/stella-musikhochschule.ac.at\/wp-content\/uploads\/2023\/01\/logo-zusatz.svg","width":108,"height":57,"caption":"Stella Vorarlberg Privathochschule f\u00fcr Musik"},"image":{"@id":"https:\/\/stella-musikhochschule.ac.at\/#\/schema\/logo\/image\/"},"sameAs":["https:\/\/www.facebook.com\/stellamusikhochschule","http:\/\/www.instagram.com\/stellamusikhochschule","https:\/\/www.youtube.com\/channel\/UCOzOrROMt11QxTxkjmY6NKg","https:\/\/www.tiktok.com\/@stellamusikhochschule","https:\/\/open.spotify.com\/user\/31fs43ork2u3njhtilofu2bk7tue?si=fe62738c70524caa"]}]}},"_links":{"self":[{"href":"https:\/\/stella-musikhochschule.ac.at\/en\/wp-json\/wp\/v2\/pages\/1461","targetHints":{"allow":["GET"]}}],"collection":[{"href":"https:\/\/stella-musikhochschule.ac.at\/en\/wp-json\/wp\/v2\/pages"}],"about":[{"href":"https:\/\/stella-musikhochschule.ac.at\/en\/wp-json\/wp\/v2\/types\/page"}],"author":[{"embeddable":true,"href":"https:\/\/stella-musikhochschule.ac.at\/en\/wp-json\/wp\/v2\/users\/1"}],"replies":[{"embeddable":true,"href":"https:\/\/stella-musikhochschule.ac.at\/en\/wp-json\/wp\/v2\/comments?post=1461"}],"version-history":[{"count":0,"href":"https:\/\/stella-musikhochschule.ac.at\/en\/wp-json\/wp\/v2\/pages\/1461\/revisions"}],"wp:attachment":[{"href":"https:\/\/stella-musikhochschule.ac.at\/en\/wp-json\/wp\/v2\/media?parent=1461"}],"wp:term":[{"taxonomy":"keywords","embeddable":true,"href":"https:\/\/stella-musikhochschule.ac.at\/en\/wp-json\/wp\/v2\/keywords?post=1461"}],"curies":[{"name":"wp","href":"https:\/\/api.w.org\/{rel}","templated":true}]}}