{"id":1457,"date":"2023-01-17T17:41:58","date_gmt":"2023-01-17T16:41:58","guid":{"rendered":"https:\/\/stella-musikhochschule.ac.at\/aktuelles"},"modified":"2026-03-03T17:09:14","modified_gmt":"2026-03-03T16:09:14","slug":"aktuelles","status":"publish","type":"page","link":"https:\/\/stella-musikhochschule.ac.at\/en\/aktuelles","title":{"rendered":"News"},"content":{"rendered":"\n<div class=\"wp-block-columns is-layout-flex wp-container-core-columns-is-layout-9d6595d7 wp-block-columns-is-layout-flex\">\n<div class=\"wp-block-column is-layout-flow wp-block-column-is-layout-flow\" style=\"flex-basis:66.66%\">\n<p>All the latest news about the University College for Music, important dates and all events at a glance.<\/p>\n<\/div>\n\n\n\n<div class=\"wp-block-column is-layout-flow wp-block-column-is-layout-flow\" style=\"flex-basis:33.33%\"><\/div>\n<\/div>\n\n\n<div class=\"lazyblock-news-Z2nRuoh wp-block-lazyblock-news\"><section id=\"news\">\n  \n  <div class=\"head\">\n    <h3>News<\/h3>\n    <div class=\"all\">\n      <a href=\"https:\/\/stella-musikhochschule.ac.at\/aktuelles\/news\" class=\"has-small-font-size underline\">all news<\/a>\n    <\/div>\n  <\/div>\n  \n  <div class=\"posts\">\n          <div class=\"post\" data-image-id=\"6124\">\n        <figure><a href=\"https:\/\/stella-musikhochschule.ac.at\/en\/workshop-unpopulaere-populaere-musikwarum-manche-musik-nicht-gefaellt-musikalische-werturteile-erforschen\">\n  <div class=\"progressive-image\">\n  \t<div class=\"loadingImage\"\n  \t\t style=\"background: url(https:\/\/stella-musikhochschule.ac.at\/wp-content\/uploads\/2026\/03\/Unpopulaere-populaere-Musik-scaled.jpg)\"\n  \t\t data-image=\"https:\/\/stella-musikhochschule.ac.at\/wp-content\/uploads\/2026\/03\/Unpopulaere-populaere-Musik-scaled.jpg\">\n  \t<\/div>\n  \t<div class=\"overlay\"><\/div>\n  <\/div>            \n  \n  <\/a><\/figure>\n        <div class=\"title\">Workshop: Unpopul\u00e4re popul\u00e4re Musik?Warum (manche) Musik (nicht) gef\u00e4llt \u2013 Musikalische Werturteile erforschen<\/div>\n        <a href=\"https:\/\/stella-musikhochschule.ac.at\/en\/workshop-unpopulaere-populaere-musikwarum-manche-musik-nicht-gefaellt-musikalische-werturteile-erforschen\" class=\"has-small-font-size underline\">Read more<\/a>\n      <\/div>\n            <div class=\"post\" data-image-id=\"6100\">\n        <figure><a href=\"https:\/\/stella-musikhochschule.ac.at\/en\/6097\">\n  <div class=\"progressive-image\">\n  \t<div class=\"loadingImage\"\n  \t\t style=\"background: url(https:\/\/stella-musikhochschule.ac.at\/wp-content\/uploads\/2026\/04\/Prof.in-Dr.in-Sabine-Schneider-Binkl-1-edited-40x22.jpg)\"\n  \t\t data-image=\"https:\/\/stella-musikhochschule.ac.at\/wp-content\/uploads\/2026\/04\/Prof.in-Dr.in-Sabine-Schneider-Binkl-1-edited.jpg\">\n  \t<\/div>\n  \t<div class=\"overlay\"><\/div>\n  <\/div>            \n  \n  <\/a><\/figure>\n        <div class=\"title\">Antrittsvorlesung von Prof.in Dr.in Sabine Schneider-Binkl: Musikalische Bildung als Begegnungsraum f\u00fcr Individuum und Gesellschaft<\/div>\n        <a href=\"https:\/\/stella-musikhochschule.ac.at\/en\/6097\" class=\"has-small-font-size underline\">Read more<\/a>\n      <\/div>\n            <div class=\"post\" data-image-id=\"6121\">\n        <figure><a href=\"https:\/\/stella-musikhochschule.ac.at\/en\/stella-alumna-franziska-stemmer-gewinnt-probespiel-als-konzertmeisterin\">\n  <div class=\"progressive-image\">\n  \t<div class=\"loadingImage\"\n  \t\t style=\"background: url(https:\/\/stella-musikhochschule.ac.at\/wp-content\/uploads\/2026\/04\/DSC_4557-scaled.jpg)\"\n  \t\t data-image=\"https:\/\/stella-musikhochschule.ac.at\/wp-content\/uploads\/2026\/04\/DSC_4557-scaled.jpg\">\n  \t<\/div>\n  \t<div class=\"overlay\"><\/div>\n  <\/div>            \n  \n  <\/a><\/figure>\n        <div class=\"title\">Stella-Alumna Franziska Stemmer gewinnt Probespiel als Konzertmeisterin<\/div>\n        <a href=\"https:\/\/stella-musikhochschule.ac.at\/en\/stella-alumna-franziska-stemmer-gewinnt-probespiel-als-konzertmeisterin\" class=\"has-small-font-size underline\">Read more<\/a>\n      <\/div>\n        <\/div>\n  \n<\/section><\/div>\n\n\n<div class=\"wp-block-getwid-section alignfull alignfull\"><div class=\"wp-block-getwid-section__wrapper\"><div class=\"wp-block-getwid-section__inner-wrapper\"><div class=\"wp-block-getwid-section__background-holder\"><div class=\"wp-block-getwid-section__background has-background has-cielo-background-color\"><\/div><div class=\"wp-block-getwid-section__foreground\"><\/div><\/div><div class=\"wp-block-getwid-section__content\"><div class=\"wp-block-getwid-section__inner-content\">\n<div class=\"wp-block-columns has-white-color has-text-color is-layout-flex wp-container-core-columns-is-layout-9d6595d7 wp-block-columns-is-layout-flex\">\n<div class=\"wp-block-column is-layout-flow wp-block-column-is-layout-flow\">\n<h2 class=\"wp-block-heading\">All data at a glance<\/h2>\n<\/div>\n\n\n\n<div class=\"wp-block-column is-layout-flow wp-block-column-is-layout-flow\">\n<hr class=\"wp-block-separator has-alpha-channel-opacity\"\/>\n\n\n\n<p class=\"has-white-color has-text-color has-link-color wp-elements-5dfaf0d40ed336149424cbcdea302a6a\"><strong>Vorlesungszeit SoSe 2025\/26<\/strong><br>1. M\u00e4rz \u2013 30. Juni 2026<\/p>\n<\/div>\n\n\n\n<div class=\"wp-block-column is-layout-flow wp-block-column-is-layout-flow\">\n<hr class=\"wp-block-separator has-alpha-channel-opacity\"\/>\n\n\n\n<p class=\"has-white-color has-text-color has-link-color wp-elements-109328e8cb4d03b65d90ee6dfd492bca\"><strong>Zulassungspr\u00fcfungen Pre-College <\/strong>26. bis 30. Januar 2026 <\/p>\n\n\n\n<hr class=\"wp-block-separator has-alpha-channel-opacity\"\/>\n\n\n\n<p class=\"has-white-color has-text-color has-link-color wp-elements-8f6735e0538abc07c2902be3f5371314\"><strong>Zulassungspr\u00fcfungen <\/strong><br><strong>WiSe 2026\/27 <\/strong><br>1. bis 12. Juni 2026 <\/p>\n<\/div>\n<\/div>\n<\/div><\/div><\/div><\/div><\/div>\n\n\n<div class=\"lazyblock-events-Z13Gtha wp-block-lazyblock-events\">\n<section id=\"events\">\n  \n  <div class=\"head\">\n    <h3>events<\/h3>\n    <div class=\"all\">\n      <a href=\"https:\/\/stella-musikhochschule.ac.at\/aktuelles\/veranstaltungen\" class=\"has-small-font-size underline\">all events<\/a>\n    <\/div>\n  <\/div>\n  \n  <div class=\"events list\">\n    \n          <a class=\"event\" href=\"https:\/\/stella-musikhochschule.ac.at\/en\/veranstaltung\/unpopulaere-populaere-musik-warum-manche-musik-nicht-gefaellt-musikalische-werturteile-erforschen?d=20260416&#038;t=17:00:00\">\n        <span class=\"title\">Unpopul\u00e4re popul\u00e4re Musik? Warum (manche) Musik (nicht) gef\u00e4llt \u2013 Musikalische Werturteile erforschen<\/span>\n        <span class=\"date time\">\n          16 April<br><span class=\"time\">17:00 Uhr<\/span>        <\/span>\n        <span class=\"image\" style=\"left:  65%;\">\n                  <\/span>\n        <span class=\"year\">2026<\/span>\n      <\/a>\n            <a class=\"event\" href=\"https:\/\/stella-musikhochschule.ac.at\/en\/veranstaltung\/studienkonzert-klavierklasse-johannes-obermeier-2?d=20260417&#038;t=13:00:00\">\n        <span class=\"title\">Studienkonzert. Klavierklasse Johannes Obermeier<\/span>\n        <span class=\"date time\">\n          17 April<br><span class=\"time\">13:00 Uhr<\/span>        <\/span>\n        <span class=\"image\" style=\"left:  66%;\">\n                  <\/span>\n        <span class=\"year\">2026<\/span>\n      <\/a>\n            <a class=\"event\" href=\"https:\/\/stella-musikhochschule.ac.at\/en\/veranstaltung\/wissenschaftliches-schreiben-gute-schreibpraxis?d=20260417&#038;t=15:00:00\">\n        <span class=\"title\">Workshopreihe \u00bbHow to\u2026\u00ab Wissenschaftliches Schreiben &#038; gute Schreibpraxis<\/span>\n        <span class=\"date time\">\n          17 April<br><span class=\"time\">15:00 Uhr<\/span>        <\/span>\n        <span class=\"image\" style=\"left:  60%;\">\n                  <\/span>\n        <span class=\"year\">2026<\/span>\n      <\/a>\n        <\/div>\n  \n<\/section>\n\n<\/div>\n\n\n<div class=\"wp-block-getwid-section alignfull alignfull\"><div class=\"wp-block-getwid-section__wrapper\"><div class=\"wp-block-getwid-section__inner-wrapper\"><div class=\"wp-block-getwid-section__background-holder\"><div class=\"wp-block-getwid-section__background has-background has-cielo-background-color\"><\/div><div class=\"wp-block-getwid-section__foreground\"><\/div><\/div><div class=\"wp-block-getwid-section__content\"><div class=\"wp-block-getwid-section__inner-content\">\n<div class=\"wp-block-columns has-white-color has-text-color is-layout-flex wp-container-core-columns-is-layout-9d6595d7 wp-block-columns-is-layout-flex\">\n<div class=\"wp-block-column is-layout-flow wp-block-column-is-layout-flow\">\n<h3 class=\"wp-block-heading\">Vorlesungsfreie Zeiten<\/h3>\n<\/div>\n\n\n\n<div class=\"wp-block-column is-layout-flow wp-block-column-is-layout-flow\">\n<hr class=\"wp-block-separator has-alpha-channel-opacity\"\/>\n\n\n\n<p class=\"has-white-color has-text-color has-link-color wp-elements-f1b897627b6390976baec2e5fbb2e566\"><strong>Osterferien<\/strong><br>30. M\u00e4rz \u2013 6. April 2026<\/p>\n\n\n\n<hr class=\"wp-block-separator has-alpha-channel-opacity\"\/>\n\n\n\n<p class=\"has-white-color has-text-color has-link-color wp-elements-655587d09455a776d8509143ca2c39dd\"><strong>Staatsfeiertag<\/strong><br>1. Mai 2026<\/p>\n\n\n\n<hr class=\"wp-block-separator has-alpha-channel-opacity\"\/>\n\n\n\n<p class=\"has-white-color has-text-color has-link-color wp-elements-070ab8b50d414ea01d0f5314d18433e5\"><strong>Christi Himmelfahrt<\/strong><br>14. Mai 2026<\/p>\n<\/div>\n\n\n\n<div class=\"wp-block-column is-layout-flow wp-block-column-is-layout-flow\">\n<hr class=\"wp-block-separator has-alpha-channel-opacity\"\/>\n\n\n\n<p class=\"has-white-color has-text-color has-link-color wp-elements-cd9eaf6403257fe0e15a9c028f919a94\"><strong>Pfingstmontag<\/strong><br>25. Mai 2026<\/p>\n\n\n\n<hr class=\"wp-block-separator has-alpha-channel-opacity\"\/>\n\n\n\n<p class=\"has-white-color has-text-color has-link-color wp-elements-72377b38fda5ca530fd7167d5b68c572\"><strong>Fronleichnam<\/strong><br>4. Juni 2026<\/p>\n<\/div>\n<\/div>\n<\/div><\/div><\/div><\/div><\/div>\n\n\n<div class=\"lazyblock-degrees-MXq8n wp-block-lazyblock-degrees\"><section id=\"degrees\">\n      <a class=\"degree\" href=\"https:\/\/stella-musikhochschule.ac.at\/en\/studies\/bachelor\/music-education-music-performance\">\n      <div class=\"bg\"  style=\"background-image: url('https:\/\/stella-musikhochschule.ac.at\/wp-content\/uploads\/2023\/06\/bg-bachelor-new-1.jpg');\"><\/div>\n      <small class=\"type top\">Bachelor<\/small>\n      <div class=\"bottom\">\n        <h3 class=\"title\">BA Music Education &amp; Music Performance<\/h3>\n        <span class=\"has-small-font-size underline\">View details<\/span>\n      <\/div>\n    <\/a>\n        <a class=\"degree\" href=\"https:\/\/stella-musikhochschule.ac.at\/en\/studies\/bachelor\/music-performance\">\n      <div class=\"bg\"  style=\"background-image: url('https:\/\/stella-musikhochschule.ac.at\/wp-content\/uploads\/2023\/06\/bg-bachelor-new-2.jpg');\"><\/div>\n      <small class=\"type top\">Bachelor<\/small>\n      <div class=\"bottom\">\n        <h3 class=\"title\">BA Music Performance<\/h3>\n        <span class=\"has-small-font-size underline\">View details<\/span>\n      <\/div>\n    <\/a>\n        <a class=\"degree\" href=\"https:\/\/stella-musikhochschule.ac.at\/en\/studies\/master\/ma-music-education-music-performance\">\n      <div class=\"bg\"  style=\"background-image: url('https:\/\/stella-musikhochschule.ac.at\/wp-content\/uploads\/2023\/06\/bg-master-new-2.jpg');\"><\/div>\n      <small class=\"type top\">Master<\/small>\n      <div class=\"bottom\">\n        <h3 class=\"title\">MA Music Education &amp; Music Performance<\/h3>\n        <span class=\"has-small-font-size underline\">View details<\/span>\n      <\/div>\n    <\/a>\n        <a class=\"degree\" href=\"https:\/\/stella-musikhochschule.ac.at\/en\/studies\/master\/music-performance-career-development\">\n      <div class=\"bg\"  style=\"background-image: url('https:\/\/stella-musikhochschule.ac.at\/wp-content\/uploads\/2023\/06\/bg-master-new-1.jpg');\"><\/div>\n      <small class=\"type top\">Master<\/small>\n      <div class=\"bottom\">\n        <h3 class=\"title\">MA Music Performance &amp; Career Development<\/h3>\n        <span class=\"has-small-font-size underline\">View details<\/span>\n      <\/div>\n    <\/a>\n    <\/section>\n<\/div>","protected":false},"excerpt":{"rendered":"<p>All the latest news about the University College for Music, important dates and all events at a glance.<\/p>\n","protected":false},"author":1,"featured_media":0,"parent":0,"menu_order":2,"comment_status":"closed","ping_status":"closed","template":"","meta":{"_acf_changed":false,"inline_featured_image":false,"footnotes":""},"keywords":[],"class_list":["post-1457","page","type-page","status-publish","hentry"],"acf":[],"yoast_head":"<!-- This site is optimized with the Yoast SEO plugin v26.8 - https:\/\/yoast.com\/product\/yoast-seo-wordpress\/ -->\n<title>News - Stella Vorarlberg<\/title>\n<meta name=\"description\" content=\"Alle Neuigkeiten zur Musikhochschule, wichtige Termine und alle Veranstaltungen im \u00dcberblick.\" \/>\n<meta name=\"robots\" content=\"index, follow, max-snippet:-1, max-image-preview:large, max-video-preview:-1\" \/>\n<link rel=\"canonical\" href=\"https:\/\/stella-musikhochschule.ac.at\/en\/aktuelles\" \/>\n<meta property=\"og:locale\" content=\"en_US\" \/>\n<meta property=\"og:type\" content=\"article\" \/>\n<meta property=\"og:title\" content=\"News - Stella Vorarlberg\" \/>\n<meta property=\"og:description\" content=\"Alle Neuigkeiten zur Musikhochschule, wichtige Termine und alle Veranstaltungen im \u00dcberblick.\" \/>\n<meta property=\"og:url\" content=\"https:\/\/stella-musikhochschule.ac.at\/en\/aktuelles\" \/>\n<meta property=\"og:site_name\" content=\"Stella Vorarlberg\" \/>\n<meta property=\"article:publisher\" content=\"https:\/\/www.facebook.com\/stellamusikhochschule\" \/>\n<meta property=\"article:modified_time\" content=\"2026-03-03T16:09:14+00:00\" \/>\n<meta name=\"twitter:card\" content=\"summary_large_image\" \/>\n<meta name=\"twitter:label1\" content=\"Est. reading time\" \/>\n\t<meta name=\"twitter:data1\" content=\"1 minute\" \/>\n<script type=\"application\/ld+json\" class=\"yoast-schema-graph\">{\"@context\":\"https:\/\/schema.org\",\"@graph\":[{\"@type\":\"WebPage\",\"@id\":\"https:\/\/stella-musikhochschule.ac.at\/en\/aktuelles\",\"url\":\"https:\/\/stella-musikhochschule.ac.at\/en\/aktuelles\",\"name\":\"News - Stella Vorarlberg\",\"isPartOf\":{\"@id\":\"https:\/\/stella-musikhochschule.ac.at\/#website\"},\"datePublished\":\"2023-01-17T16:41:58+00:00\",\"dateModified\":\"2026-03-03T16:09:14+00:00\",\"description\":\"Alle Neuigkeiten zur Musikhochschule, wichtige Termine und alle Veranstaltungen im \u00dcberblick.\",\"breadcrumb\":{\"@id\":\"https:\/\/stella-musikhochschule.ac.at\/en\/aktuelles#breadcrumb\"},\"inLanguage\":\"en-US\",\"potentialAction\":[{\"@type\":\"ReadAction\",\"target\":[\"https:\/\/stella-musikhochschule.ac.at\/en\/aktuelles\"]}]},{\"@type\":\"BreadcrumbList\",\"@id\":\"https:\/\/stella-musikhochschule.ac.at\/en\/aktuelles#breadcrumb\",\"itemListElement\":[{\"@type\":\"ListItem\",\"position\":1,\"name\":\"Startseite\",\"item\":\"https:\/\/stella-musikhochschule.ac.at\/en\"},{\"@type\":\"ListItem\",\"position\":2,\"name\":\"News\"}]},{\"@type\":\"WebSite\",\"@id\":\"https:\/\/stella-musikhochschule.ac.at\/#website\",\"url\":\"https:\/\/stella-musikhochschule.ac.at\/\",\"name\":\"Stella Vorarlberg\",\"description\":\"Privathochschule f\u00fcr Musik\",\"publisher\":{\"@id\":\"https:\/\/stella-musikhochschule.ac.at\/#organization\"},\"potentialAction\":[{\"@type\":\"SearchAction\",\"target\":{\"@type\":\"EntryPoint\",\"urlTemplate\":\"https:\/\/stella-musikhochschule.ac.at\/?s={search_term_string}\"},\"query-input\":{\"@type\":\"PropertyValueSpecification\",\"valueRequired\":true,\"valueName\":\"search_term_string\"}}],\"inLanguage\":\"en-US\"},{\"@type\":\"Organization\",\"@id\":\"https:\/\/stella-musikhochschule.ac.at\/#organization\",\"name\":\"Stella Vorarlberg Privathochschule f\u00fcr Musik\",\"url\":\"https:\/\/stella-musikhochschule.ac.at\/\",\"logo\":{\"@type\":\"ImageObject\",\"inLanguage\":\"en-US\",\"@id\":\"https:\/\/stella-musikhochschule.ac.at\/#\/schema\/logo\/image\/\",\"url\":\"https:\/\/stella-musikhochschule.ac.at\/wp-content\/uploads\/2023\/01\/logo-zusatz.svg\",\"contentUrl\":\"https:\/\/stella-musikhochschule.ac.at\/wp-content\/uploads\/2023\/01\/logo-zusatz.svg\",\"width\":108,\"height\":57,\"caption\":\"Stella Vorarlberg Privathochschule f\u00fcr Musik\"},\"image\":{\"@id\":\"https:\/\/stella-musikhochschule.ac.at\/#\/schema\/logo\/image\/\"},\"sameAs\":[\"https:\/\/www.facebook.com\/stellamusikhochschule\",\"http:\/\/www.instagram.com\/stellamusikhochschule\",\"https:\/\/www.youtube.com\/channel\/UCOzOrROMt11QxTxkjmY6NKg\",\"https:\/\/www.tiktok.com\/@stellamusikhochschule\",\"https:\/\/open.spotify.com\/user\/31fs43ork2u3njhtilofu2bk7tue?si=fe62738c70524caa\"]}]}<\/script>\n<!-- \/ Yoast SEO plugin. -->","yoast_head_json":{"title":"News - Stella Vorarlberg","description":"Alle Neuigkeiten zur Musikhochschule, wichtige Termine und alle Veranstaltungen im \u00dcberblick.","robots":{"index":"index","follow":"follow","max-snippet":"max-snippet:-1","max-image-preview":"max-image-preview:large","max-video-preview":"max-video-preview:-1"},"canonical":"https:\/\/stella-musikhochschule.ac.at\/en\/aktuelles","og_locale":"en_US","og_type":"article","og_title":"News - Stella Vorarlberg","og_description":"Alle Neuigkeiten zur Musikhochschule, wichtige Termine und alle Veranstaltungen im \u00dcberblick.","og_url":"https:\/\/stella-musikhochschule.ac.at\/en\/aktuelles","og_site_name":"Stella Vorarlberg","article_publisher":"https:\/\/www.facebook.com\/stellamusikhochschule","article_modified_time":"2026-03-03T16:09:14+00:00","twitter_card":"summary_large_image","twitter_misc":{"Est. reading time":"1 minute"},"schema":{"@context":"https:\/\/schema.org","@graph":[{"@type":"WebPage","@id":"https:\/\/stella-musikhochschule.ac.at\/en\/aktuelles","url":"https:\/\/stella-musikhochschule.ac.at\/en\/aktuelles","name":"News - Stella Vorarlberg","isPartOf":{"@id":"https:\/\/stella-musikhochschule.ac.at\/#website"},"datePublished":"2023-01-17T16:41:58+00:00","dateModified":"2026-03-03T16:09:14+00:00","description":"Alle Neuigkeiten zur Musikhochschule, wichtige Termine und alle Veranstaltungen im \u00dcberblick.","breadcrumb":{"@id":"https:\/\/stella-musikhochschule.ac.at\/en\/aktuelles#breadcrumb"},"inLanguage":"en-US","potentialAction":[{"@type":"ReadAction","target":["https:\/\/stella-musikhochschule.ac.at\/en\/aktuelles"]}]},{"@type":"BreadcrumbList","@id":"https:\/\/stella-musikhochschule.ac.at\/en\/aktuelles#breadcrumb","itemListElement":[{"@type":"ListItem","position":1,"name":"Startseite","item":"https:\/\/stella-musikhochschule.ac.at\/en"},{"@type":"ListItem","position":2,"name":"News"}]},{"@type":"WebSite","@id":"https:\/\/stella-musikhochschule.ac.at\/#website","url":"https:\/\/stella-musikhochschule.ac.at\/","name":"Stella Vorarlberg","description":"Privathochschule f\u00fcr Musik","publisher":{"@id":"https:\/\/stella-musikhochschule.ac.at\/#organization"},"potentialAction":[{"@type":"SearchAction","target":{"@type":"EntryPoint","urlTemplate":"https:\/\/stella-musikhochschule.ac.at\/?s={search_term_string}"},"query-input":{"@type":"PropertyValueSpecification","valueRequired":true,"valueName":"search_term_string"}}],"inLanguage":"en-US"},{"@type":"Organization","@id":"https:\/\/stella-musikhochschule.ac.at\/#organization","name":"Stella Vorarlberg Privathochschule f\u00fcr Musik","url":"https:\/\/stella-musikhochschule.ac.at\/","logo":{"@type":"ImageObject","inLanguage":"en-US","@id":"https:\/\/stella-musikhochschule.ac.at\/#\/schema\/logo\/image\/","url":"https:\/\/stella-musikhochschule.ac.at\/wp-content\/uploads\/2023\/01\/logo-zusatz.svg","contentUrl":"https:\/\/stella-musikhochschule.ac.at\/wp-content\/uploads\/2023\/01\/logo-zusatz.svg","width":108,"height":57,"caption":"Stella Vorarlberg Privathochschule f\u00fcr Musik"},"image":{"@id":"https:\/\/stella-musikhochschule.ac.at\/#\/schema\/logo\/image\/"},"sameAs":["https:\/\/www.facebook.com\/stellamusikhochschule","http:\/\/www.instagram.com\/stellamusikhochschule","https:\/\/www.youtube.com\/channel\/UCOzOrROMt11QxTxkjmY6NKg","https:\/\/www.tiktok.com\/@stellamusikhochschule","https:\/\/open.spotify.com\/user\/31fs43ork2u3njhtilofu2bk7tue?si=fe62738c70524caa"]}]}},"_links":{"self":[{"href":"https:\/\/stella-musikhochschule.ac.at\/en\/wp-json\/wp\/v2\/pages\/1457","targetHints":{"allow":["GET"]}}],"collection":[{"href":"https:\/\/stella-musikhochschule.ac.at\/en\/wp-json\/wp\/v2\/pages"}],"about":[{"href":"https:\/\/stella-musikhochschule.ac.at\/en\/wp-json\/wp\/v2\/types\/page"}],"author":[{"embeddable":true,"href":"https:\/\/stella-musikhochschule.ac.at\/en\/wp-json\/wp\/v2\/users\/1"}],"replies":[{"embeddable":true,"href":"https:\/\/stella-musikhochschule.ac.at\/en\/wp-json\/wp\/v2\/comments?post=1457"}],"version-history":[{"count":0,"href":"https:\/\/stella-musikhochschule.ac.at\/en\/wp-json\/wp\/v2\/pages\/1457\/revisions"}],"wp:attachment":[{"href":"https:\/\/stella-musikhochschule.ac.at\/en\/wp-json\/wp\/v2\/media?parent=1457"}],"wp:term":[{"taxonomy":"keywords","embeddable":true,"href":"https:\/\/stella-musikhochschule.ac.at\/en\/wp-json\/wp\/v2\/keywords?post=1457"}],"curies":[{"name":"wp","href":"https:\/\/api.w.org\/{rel}","templated":true}]}}