{"id":1448,"date":"2023-01-18T16:07:17","date_gmt":"2023-01-18T15:07:17","guid":{"rendered":"https:\/\/stella-musikhochschule.ac.at\/bistro"},"modified":"2025-04-01T15:42:51","modified_gmt":"2025-04-01T13:42:51","slug":"bistro","status":"publish","type":"page","link":"https:\/\/stella-musikhochschule.ac.at\/en\/service\/bistro","title":{"rendered":"Bistro"},"content":{"rendered":"\n<div class=\"wp-block-columns is-layout-flex wp-container-core-columns-is-layout-9d6595d7 wp-block-columns-is-layout-flex\">\n<div class=\"wp-block-column is-layout-flow wp-block-column-is-layout-flow\" style=\"flex-basis:66.66%\">\n<h3 class=\"wp-block-heading\">Caf\u00e9 and lunch<\/h3>\n\n\n\n<p>The aqua m\u00fchle catering service has been running the Stella Vorarlberg bistro since 2011. In the meantime, the small caf\u00e9 on the first floor has become a popular meeting place for lecturers, students and guests alike.<\/p>\n\n\n\n<p>In addition to the caf\u00e9, two lunch menus are offered from Monday to Thursday.<\/p>\n\n\n\n<p>People meet in the bistro, spend their lunch break there, eat together and get into conversation. The bistro is an integral part of everyday life at Stella Vorarlberg and also enriches the social life in the building.<\/p>\n<\/div>\n\n\n\n<div class=\"wp-block-column is-layout-flow wp-block-column-is-layout-flow\" style=\"flex-basis:33.33%\">\n<figure class=\"wp-block-image size-full\"><img loading=\"lazy\" decoding=\"async\" width=\"1709\" height=\"2560\" src=\"https:\/\/stella-musikhochschule.ac.at\/wp-content\/uploads\/2023\/02\/Bistro_Motiv_2-scaled.jpg\" alt=\"\" class=\"wp-image-1062\" srcset=\"https:\/\/stella-musikhochschule.ac.at\/wp-content\/uploads\/2023\/02\/Bistro_Motiv_2-scaled.jpg 1709w, https:\/\/stella-musikhochschule.ac.at\/wp-content\/uploads\/2023\/02\/Bistro_Motiv_2-200x300.jpg 200w\" sizes=\"auto, (max-width: 1709px) 100vw, 1709px\" \/><\/figure>\n<\/div>\n<\/div>\n\n\n\n<div class=\"wp-block-getwid-section alignfull alignfull\"><div class=\"wp-block-getwid-section__wrapper\"><div class=\"wp-block-getwid-section__inner-wrapper\"><div class=\"wp-block-getwid-section__background-holder\"><div class=\"wp-block-getwid-section__background\"><\/div><div class=\"wp-block-getwid-section__foreground\"><\/div><\/div><div class=\"wp-block-getwid-section__content\"><div class=\"wp-block-getwid-section__inner-content\">\n<div class=\"wp-block-columns is-layout-flex wp-container-core-columns-is-layout-9d6595d7 wp-block-columns-is-layout-flex\">\n<div class=\"wp-block-column is-layout-flow wp-block-column-is-layout-flow\">\n<h2 class=\"wp-block-heading\">Contact and menu registration<\/h2>\n\n\n<div class=\"lazyblock-downloads-Z1RnrcI wp-block-lazyblock-downloads\"><div class=\"side\">\n  <hr>\n        <div class=\"item download\">\n        <a href=\"https:\/\/stella-musikhochschule.ac.at\/wp-content\/uploads\/2023\/04\/Speiseplan-3.pdf\" target=\"_blank\">\n          <span class=\"title\">Current weekly meal plan<\/span>\n                    <i class=\"arrow-down\"><\/i>\n        <\/a>\n      <\/div>\n      <\/div><\/div><\/div>\n\n\n\n<div class=\"wp-block-column is-layout-flow wp-block-column-is-layout-flow\" style=\"flex-basis:300px\">\n<hr class=\"wp-block-separator has-alpha-channel-opacity is-style-wide\"\/>\n\n\n\n<p><strong>Opening hours<br><\/strong>Monday to Thursday<br>11 a.m. &#8211; 3 p.m.<\/p>\n\n\n\n<p>Lunch from<br>12 p.m. &#8211; 2 p.m.<\/p>\n\n\n\n<p>The bistro is closed on public vacations and during vacations.<\/p>\n\n\n\n<hr class=\"wp-block-separator has-alpha-channel-opacity\"\/>\n\n\n\n<p><strong>Bistro menu registration<br><\/strong>+43 699 1515 9646<\/p>\n<\/div>\n<\/div>\n<\/div><\/div><\/div><\/div><\/div>\n\n\n\n<figure class=\"wp-block-image alignfull size-large\"><img loading=\"lazy\" decoding=\"async\" width=\"1680\" height=\"1121\" src=\"https:\/\/stella-musikhochschule.ac.at\/wp-content\/uploads\/2023\/02\/Bistro_Motiv-1680x1121.jpg\" alt=\"\" class=\"wp-image-446\" srcset=\"https:\/\/stella-musikhochschule.ac.at\/wp-content\/uploads\/2023\/02\/Bistro_Motiv-1680x1121.jpg 1680w, https:\/\/stella-musikhochschule.ac.at\/wp-content\/uploads\/2023\/02\/Bistro_Motiv-300x200.jpg 300w, https:\/\/stella-musikhochschule.ac.at\/wp-content\/uploads\/2023\/02\/Bistro_Motiv-768x512.jpg 768w, https:\/\/stella-musikhochschule.ac.at\/wp-content\/uploads\/2023\/02\/Bistro_Motiv-1536x1025.jpg 1536w, https:\/\/stella-musikhochschule.ac.at\/wp-content\/uploads\/2023\/02\/Bistro_Motiv-40x27.jpg 40w, https:\/\/stella-musikhochschule.ac.at\/wp-content\/uploads\/2023\/02\/Bistro_Motiv.jpg 1920w\" sizes=\"auto, (max-width: 1680px) 100vw, 1680px\" \/><\/figure>\n","protected":false},"excerpt":{"rendered":"<p>Caf\u00e9 and lunch The aqua m\u00fchle catering service has been running the Stella Vorarlberg bistro since 2011. In the meantime, the small caf\u00e9 on the first floor has become a popular meeting place for lecturers, students and guests alike. In addition to the caf\u00e9, two lunch menus are offered from Monday to Thursday. People meet [&hellip;]<\/p>\n","protected":false},"author":1,"featured_media":0,"parent":1459,"menu_order":4,"comment_status":"closed","ping_status":"closed","template":"","meta":{"_acf_changed":false,"inline_featured_image":false,"footnotes":""},"keywords":[],"class_list":["post-1448","page","type-page","status-publish","hentry"],"acf":[],"yoast_head":"<!-- This site is optimized with the Yoast SEO plugin v26.8 - https:\/\/yoast.com\/product\/yoast-seo-wordpress\/ -->\n<title>Bistro - Stella Vorarlberg<\/title>\n<meta name=\"description\" content=\"Seit 2011 betreibt das Catering-Service der\u00a0aqua m\u00fchle frastanz\u00a0das Bistro der Stella Vorarlberg. Von\u00a0Mo-Do gibt es je zwei Mittagsmen\u00fcs.\" \/>\n<meta name=\"robots\" content=\"index, follow, max-snippet:-1, max-image-preview:large, max-video-preview:-1\" \/>\n<link rel=\"canonical\" href=\"https:\/\/stella-musikhochschule.ac.at\/en\/bistro\" \/>\n<meta property=\"og:locale\" content=\"en_US\" \/>\n<meta property=\"og:type\" content=\"article\" \/>\n<meta property=\"og:title\" content=\"Bistro - Stella Vorarlberg\" \/>\n<meta property=\"og:description\" content=\"Seit 2011 betreibt das Catering-Service der\u00a0aqua m\u00fchle frastanz\u00a0das Bistro der Stella Vorarlberg. Von\u00a0Mo-Do gibt es je zwei Mittagsmen\u00fcs.\" \/>\n<meta property=\"og:url\" content=\"https:\/\/stella-musikhochschule.ac.at\/en\/bistro\" \/>\n<meta property=\"og:site_name\" content=\"Stella Vorarlberg\" \/>\n<meta property=\"article:publisher\" content=\"https:\/\/www.facebook.com\/stellamusikhochschule\" \/>\n<meta property=\"article:modified_time\" content=\"2025-04-01T13:42:51+00:00\" \/>\n<meta property=\"og:image\" content=\"https:\/\/stella-musikhochschule.ac.at\/wp-content\/uploads\/2023\/02\/Bistro_Motiv_2-scaled.jpg\" \/>\n<meta name=\"twitter:card\" content=\"summary_large_image\" \/>\n<meta name=\"twitter:label1\" content=\"Est. reading time\" \/>\n\t<meta name=\"twitter:data1\" content=\"2 minutes\" \/>\n<script type=\"application\/ld+json\" class=\"yoast-schema-graph\">{\"@context\":\"https:\/\/schema.org\",\"@graph\":[{\"@type\":\"WebPage\",\"@id\":\"https:\/\/stella-musikhochschule.ac.at\/en\/bistro\",\"url\":\"https:\/\/stella-musikhochschule.ac.at\/en\/bistro\",\"name\":\"Bistro - Stella Vorarlberg\",\"isPartOf\":{\"@id\":\"https:\/\/stella-musikhochschule.ac.at\/#website\"},\"primaryImageOfPage\":{\"@id\":\"https:\/\/stella-musikhochschule.ac.at\/en\/bistro#primaryimage\"},\"image\":{\"@id\":\"https:\/\/stella-musikhochschule.ac.at\/en\/bistro#primaryimage\"},\"thumbnailUrl\":\"https:\/\/stella-musikhochschule.ac.at\/wp-content\/uploads\/2023\/02\/Bistro_Motiv_2-scaled.jpg\",\"datePublished\":\"2023-01-18T15:07:17+00:00\",\"dateModified\":\"2025-04-01T13:42:51+00:00\",\"description\":\"Seit 2011 betreibt das Catering-Service der\u00a0aqua m\u00fchle frastanz\u00a0das Bistro der Stella Vorarlberg. Von\u00a0Mo-Do gibt es je zwei Mittagsmen\u00fcs.\",\"breadcrumb\":{\"@id\":\"https:\/\/stella-musikhochschule.ac.at\/en\/bistro#breadcrumb\"},\"inLanguage\":\"en-US\",\"potentialAction\":[{\"@type\":\"ReadAction\",\"target\":[\"https:\/\/stella-musikhochschule.ac.at\/en\/bistro\"]}]},{\"@type\":\"ImageObject\",\"inLanguage\":\"en-US\",\"@id\":\"https:\/\/stella-musikhochschule.ac.at\/en\/bistro#primaryimage\",\"url\":\"https:\/\/stella-musikhochschule.ac.at\/wp-content\/uploads\/2023\/02\/Bistro_Motiv_2-scaled.jpg\",\"contentUrl\":\"https:\/\/stella-musikhochschule.ac.at\/wp-content\/uploads\/2023\/02\/Bistro_Motiv_2-scaled.jpg\"},{\"@type\":\"BreadcrumbList\",\"@id\":\"https:\/\/stella-musikhochschule.ac.at\/en\/bistro#breadcrumb\",\"itemListElement\":[{\"@type\":\"ListItem\",\"position\":1,\"name\":\"Startseite\",\"item\":\"https:\/\/stella-musikhochschule.ac.at\/en\"},{\"@type\":\"ListItem\",\"position\":2,\"name\":\"Bistro\"}]},{\"@type\":\"WebSite\",\"@id\":\"https:\/\/stella-musikhochschule.ac.at\/#website\",\"url\":\"https:\/\/stella-musikhochschule.ac.at\/\",\"name\":\"Stella Vorarlberg\",\"description\":\"Privathochschule f\u00fcr Musik\",\"publisher\":{\"@id\":\"https:\/\/stella-musikhochschule.ac.at\/#organization\"},\"potentialAction\":[{\"@type\":\"SearchAction\",\"target\":{\"@type\":\"EntryPoint\",\"urlTemplate\":\"https:\/\/stella-musikhochschule.ac.at\/?s={search_term_string}\"},\"query-input\":{\"@type\":\"PropertyValueSpecification\",\"valueRequired\":true,\"valueName\":\"search_term_string\"}}],\"inLanguage\":\"en-US\"},{\"@type\":\"Organization\",\"@id\":\"https:\/\/stella-musikhochschule.ac.at\/#organization\",\"name\":\"Stella Vorarlberg Privathochschule f\u00fcr Musik\",\"url\":\"https:\/\/stella-musikhochschule.ac.at\/\",\"logo\":{\"@type\":\"ImageObject\",\"inLanguage\":\"en-US\",\"@id\":\"https:\/\/stella-musikhochschule.ac.at\/#\/schema\/logo\/image\/\",\"url\":\"https:\/\/stella-musikhochschule.ac.at\/wp-content\/uploads\/2023\/01\/logo-zusatz.svg\",\"contentUrl\":\"https:\/\/stella-musikhochschule.ac.at\/wp-content\/uploads\/2023\/01\/logo-zusatz.svg\",\"width\":108,\"height\":57,\"caption\":\"Stella Vorarlberg Privathochschule f\u00fcr Musik\"},\"image\":{\"@id\":\"https:\/\/stella-musikhochschule.ac.at\/#\/schema\/logo\/image\/\"},\"sameAs\":[\"https:\/\/www.facebook.com\/stellamusikhochschule\",\"http:\/\/www.instagram.com\/stellamusikhochschule\",\"https:\/\/www.youtube.com\/channel\/UCOzOrROMt11QxTxkjmY6NKg\",\"https:\/\/www.tiktok.com\/@stellamusikhochschule\",\"https:\/\/open.spotify.com\/user\/31fs43ork2u3njhtilofu2bk7tue?si=fe62738c70524caa\"]}]}<\/script>\n<!-- \/ Yoast SEO plugin. -->","yoast_head_json":{"title":"Bistro - Stella Vorarlberg","description":"Seit 2011 betreibt das Catering-Service der\u00a0aqua m\u00fchle frastanz\u00a0das Bistro der Stella Vorarlberg. Von\u00a0Mo-Do gibt es je zwei Mittagsmen\u00fcs.","robots":{"index":"index","follow":"follow","max-snippet":"max-snippet:-1","max-image-preview":"max-image-preview:large","max-video-preview":"max-video-preview:-1"},"canonical":"https:\/\/stella-musikhochschule.ac.at\/en\/bistro","og_locale":"en_US","og_type":"article","og_title":"Bistro - Stella Vorarlberg","og_description":"Seit 2011 betreibt das Catering-Service der\u00a0aqua m\u00fchle frastanz\u00a0das Bistro der Stella Vorarlberg. Von\u00a0Mo-Do gibt es je zwei Mittagsmen\u00fcs.","og_url":"https:\/\/stella-musikhochschule.ac.at\/en\/bistro","og_site_name":"Stella Vorarlberg","article_publisher":"https:\/\/www.facebook.com\/stellamusikhochschule","article_modified_time":"2025-04-01T13:42:51+00:00","og_image":[{"url":"https:\/\/stella-musikhochschule.ac.at\/wp-content\/uploads\/2023\/02\/Bistro_Motiv_2-scaled.jpg","type":"","width":"","height":""}],"twitter_card":"summary_large_image","twitter_misc":{"Est. reading time":"2 minutes"},"schema":{"@context":"https:\/\/schema.org","@graph":[{"@type":"WebPage","@id":"https:\/\/stella-musikhochschule.ac.at\/en\/bistro","url":"https:\/\/stella-musikhochschule.ac.at\/en\/bistro","name":"Bistro - Stella Vorarlberg","isPartOf":{"@id":"https:\/\/stella-musikhochschule.ac.at\/#website"},"primaryImageOfPage":{"@id":"https:\/\/stella-musikhochschule.ac.at\/en\/bistro#primaryimage"},"image":{"@id":"https:\/\/stella-musikhochschule.ac.at\/en\/bistro#primaryimage"},"thumbnailUrl":"https:\/\/stella-musikhochschule.ac.at\/wp-content\/uploads\/2023\/02\/Bistro_Motiv_2-scaled.jpg","datePublished":"2023-01-18T15:07:17+00:00","dateModified":"2025-04-01T13:42:51+00:00","description":"Seit 2011 betreibt das Catering-Service der\u00a0aqua m\u00fchle frastanz\u00a0das Bistro der Stella Vorarlberg. Von\u00a0Mo-Do gibt es je zwei Mittagsmen\u00fcs.","breadcrumb":{"@id":"https:\/\/stella-musikhochschule.ac.at\/en\/bistro#breadcrumb"},"inLanguage":"en-US","potentialAction":[{"@type":"ReadAction","target":["https:\/\/stella-musikhochschule.ac.at\/en\/bistro"]}]},{"@type":"ImageObject","inLanguage":"en-US","@id":"https:\/\/stella-musikhochschule.ac.at\/en\/bistro#primaryimage","url":"https:\/\/stella-musikhochschule.ac.at\/wp-content\/uploads\/2023\/02\/Bistro_Motiv_2-scaled.jpg","contentUrl":"https:\/\/stella-musikhochschule.ac.at\/wp-content\/uploads\/2023\/02\/Bistro_Motiv_2-scaled.jpg"},{"@type":"BreadcrumbList","@id":"https:\/\/stella-musikhochschule.ac.at\/en\/bistro#breadcrumb","itemListElement":[{"@type":"ListItem","position":1,"name":"Startseite","item":"https:\/\/stella-musikhochschule.ac.at\/en"},{"@type":"ListItem","position":2,"name":"Bistro"}]},{"@type":"WebSite","@id":"https:\/\/stella-musikhochschule.ac.at\/#website","url":"https:\/\/stella-musikhochschule.ac.at\/","name":"Stella Vorarlberg","description":"Privathochschule f\u00fcr Musik","publisher":{"@id":"https:\/\/stella-musikhochschule.ac.at\/#organization"},"potentialAction":[{"@type":"SearchAction","target":{"@type":"EntryPoint","urlTemplate":"https:\/\/stella-musikhochschule.ac.at\/?s={search_term_string}"},"query-input":{"@type":"PropertyValueSpecification","valueRequired":true,"valueName":"search_term_string"}}],"inLanguage":"en-US"},{"@type":"Organization","@id":"https:\/\/stella-musikhochschule.ac.at\/#organization","name":"Stella Vorarlberg Privathochschule f\u00fcr Musik","url":"https:\/\/stella-musikhochschule.ac.at\/","logo":{"@type":"ImageObject","inLanguage":"en-US","@id":"https:\/\/stella-musikhochschule.ac.at\/#\/schema\/logo\/image\/","url":"https:\/\/stella-musikhochschule.ac.at\/wp-content\/uploads\/2023\/01\/logo-zusatz.svg","contentUrl":"https:\/\/stella-musikhochschule.ac.at\/wp-content\/uploads\/2023\/01\/logo-zusatz.svg","width":108,"height":57,"caption":"Stella Vorarlberg Privathochschule f\u00fcr Musik"},"image":{"@id":"https:\/\/stella-musikhochschule.ac.at\/#\/schema\/logo\/image\/"},"sameAs":["https:\/\/www.facebook.com\/stellamusikhochschule","http:\/\/www.instagram.com\/stellamusikhochschule","https:\/\/www.youtube.com\/channel\/UCOzOrROMt11QxTxkjmY6NKg","https:\/\/www.tiktok.com\/@stellamusikhochschule","https:\/\/open.spotify.com\/user\/31fs43ork2u3njhtilofu2bk7tue?si=fe62738c70524caa"]}]}},"_links":{"self":[{"href":"https:\/\/stella-musikhochschule.ac.at\/en\/wp-json\/wp\/v2\/pages\/1448","targetHints":{"allow":["GET"]}}],"collection":[{"href":"https:\/\/stella-musikhochschule.ac.at\/en\/wp-json\/wp\/v2\/pages"}],"about":[{"href":"https:\/\/stella-musikhochschule.ac.at\/en\/wp-json\/wp\/v2\/types\/page"}],"author":[{"embeddable":true,"href":"https:\/\/stella-musikhochschule.ac.at\/en\/wp-json\/wp\/v2\/users\/1"}],"replies":[{"embeddable":true,"href":"https:\/\/stella-musikhochschule.ac.at\/en\/wp-json\/wp\/v2\/comments?post=1448"}],"version-history":[{"count":0,"href":"https:\/\/stella-musikhochschule.ac.at\/en\/wp-json\/wp\/v2\/pages\/1448\/revisions"}],"up":[{"embeddable":true,"href":"https:\/\/stella-musikhochschule.ac.at\/en\/wp-json\/wp\/v2\/pages\/1459"}],"wp:attachment":[{"href":"https:\/\/stella-musikhochschule.ac.at\/en\/wp-json\/wp\/v2\/media?parent=1448"}],"wp:term":[{"taxonomy":"keywords","embeddable":true,"href":"https:\/\/stella-musikhochschule.ac.at\/en\/wp-json\/wp\/v2\/keywords?post=1448"}],"curies":[{"name":"wp","href":"https:\/\/api.w.org\/{rel}","templated":true}]}}