{"id":1442,"date":"2025-06-27T18:24:22","date_gmt":"2025-06-27T16:24:22","guid":{"rendered":"https:\/\/stella-musikhochschule.ac.at\/international-office"},"modified":"2026-03-09T15:08:55","modified_gmt":"2026-03-09T14:08:55","slug":"international-office","status":"publish","type":"page","link":"https:\/\/stella-musikhochschule.ac.at\/en\/service\/international-office","title":{"rendered":"International und Erasmus+"},"content":{"rendered":"\n<div class=\"wp-block-columns is-layout-flex wp-container-core-columns-is-layout-9d6595d7 wp-block-columns-is-layout-flex\">\n<div class=\"wp-block-column is-layout-flow wp-block-column-is-layout-flow\" style=\"flex-basis:66.66%\">\n<p>All international activities of our University of music are coordinated and managed by the International Office.\u00a0A central focus lies in the organisational support and coordination of Erasmus+ mobility programmes for students, academic and administrative staff. In addition, the International Office is responsible for the development and implementation of collaborative projects within the Erasmus+ framework and maintains an active network of partner institutions across Europe and beyond.<\/p>\n<\/div>\n\n\n\n<div class=\"wp-block-column is-layout-flow wp-block-column-is-layout-flow\" style=\"flex-basis:33.33%\">\n<p class=\"has-normal-font-size\"><strong>Contact<\/strong><br>Stella Privathochschule f\u00fcr <br>Musik GmbH<br>Reichenfeldgasse 9<br>A-6800 Feldkirch<\/p>\n\n\n\n<p><strong>Mag.<sup>a<\/sup>&nbsp;Ulrike Ebli-McKenna <\/strong><br>International Relations Coordinator<br>+43 5522 71110 23<\/p>\n\n\n\n<p class=\"has-small-font-size\"><a href=\"mailto:international@stella-musikhochschule.ac.at\">Send email <\/a><\/p>\n<\/div>\n<\/div>\n\n\n<div class=\"lazyblock-overview-Z1MDG1U wp-block-lazyblock-overview\">\n<div id=\"overview\">  \n  \n  \n\n      <section id=\"subpages\">\n      <div class=\"posts grid\">\n                  <div class=\"post grid-item \">\n            <figure>\n              <a href=\"https:\/\/stella-musikhochschule.ac.at\/en\/service\/international-office\/students\">\n                <img loading=\"lazy\" decoding=\"async\" width=\"1500\" height=\"998\" src=\"https:\/\/stella-musikhochschule.ac.at\/wp-content\/uploads\/2025\/06\/Erasmus4-.jpg\" class=\"attachment-large size-large wp-post-image\" alt=\"\" srcset=\"https:\/\/stella-musikhochschule.ac.at\/wp-content\/uploads\/2025\/06\/Erasmus4-.jpg 1500w, https:\/\/stella-musikhochschule.ac.at\/wp-content\/uploads\/2025\/06\/Erasmus4--300x200.jpg 300w, https:\/\/stella-musikhochschule.ac.at\/wp-content\/uploads\/2025\/06\/Erasmus4--768x511.jpg 768w, https:\/\/stella-musikhochschule.ac.at\/wp-content\/uploads\/2025\/06\/Erasmus4--40x27.jpg 40w\" sizes=\"auto, (max-width: 1500px) 100vw, 1500px\" \/>              <\/a>\n            <\/figure>\n            <div class=\"title\">Students<\/div>\n            <a href=\"https:\/\/stella-musikhochschule.ac.at\/en\/service\/international-office\/students\" class=\"has-small-font-size underline\">Read more<\/a>\n          <\/div>\n                    <div class=\"post grid-item \">\n            <figure>\n              <a href=\"https:\/\/stella-musikhochschule.ac.at\/en\/service\/international-office\/students-faculty-staff-and-researchers\">\n                <img loading=\"lazy\" decoding=\"async\" width=\"1680\" height=\"1117\" src=\"https:\/\/stella-musikhochschule.ac.at\/wp-content\/uploads\/2025\/01\/Erasmus-3-1680x1117.jpg\" class=\"attachment-large size-large wp-post-image\" alt=\"\" srcset=\"https:\/\/stella-musikhochschule.ac.at\/wp-content\/uploads\/2025\/01\/Erasmus-3-1680x1117.jpg 1680w, https:\/\/stella-musikhochschule.ac.at\/wp-content\/uploads\/2025\/01\/Erasmus-3-300x199.jpg 300w, https:\/\/stella-musikhochschule.ac.at\/wp-content\/uploads\/2025\/01\/Erasmus-3-768x510.jpg 768w, https:\/\/stella-musikhochschule.ac.at\/wp-content\/uploads\/2025\/01\/Erasmus-3-1536x1021.jpg 1536w, https:\/\/stella-musikhochschule.ac.at\/wp-content\/uploads\/2025\/01\/Erasmus-3-40x27.jpg 40w, https:\/\/stella-musikhochschule.ac.at\/wp-content\/uploads\/2025\/01\/Erasmus-3.jpg 1920w\" sizes=\"auto, (max-width: 1680px) 100vw, 1680px\" \/>              <\/a>\n            <\/figure>\n            <div class=\"title\">Administrative staff I Faculty staff I Researchers<\/div>\n            <a href=\"https:\/\/stella-musikhochschule.ac.at\/en\/service\/international-office\/students-faculty-staff-and-researchers\" class=\"has-small-font-size underline\">Read more<\/a>\n          <\/div>\n            \n      <\/div>\n    <\/section>\n    \n    \n<\/div>\n\n<script src=\"https:\/\/stella-musikhochschule.ac.at\/wp-content\/themes\/stella\/assets\/js\/isotope.min.js\"><\/script>\n\n<script>\n\n  jQuery(document).ready( function($){\n    \n    var $grid = $('.grid').isotope({ \n      layoutMode: 'fitRows',\n    });\n    \n    $(\"#filter .wp-block-button\").click( function(){\n      \n      $(this).addClass(\"active\").siblings().removeClass(\"active\");\n      \n      var filterValue = $(this).attr('data-filter');\n      $grid.isotope({ filter: filterValue });\n    \n    });\n    \n    $(\"#filter .wp-block-button:first-child\").click();\n\n  });\n\n<\/script><\/div>\n\n\n<div class=\"wp-block-columns is-layout-flex wp-container-core-columns-is-layout-9d6595d7 wp-block-columns-is-layout-flex\">\n<div class=\"wp-block-column is-layout-flow wp-block-column-is-layout-flow\" style=\"flex-basis:66.66%\">\n<h3 class=\"wp-block-heading\">Erasmus+<\/h3>\n\n\n\n<p>The Stella Vorarlberg Privathochschule f\u00fcr Musik (formerly the Vorarlberg State Conservatory) was awarded the<a href=\"https:\/\/stella-musikhochschule.ac.at\/wp-content\/uploads\/2023\/03\/ECHE_Stella_DE.pdf\"> ECHE \u2013 Erasmus Charter for Higher Education<\/a> \u2013 by the European Commission in 2021. The commitment to higher education policy is outlined in the <a href=\"https:\/\/stella-musikhochschule.ac.at\/wp-content\/uploads\/2023\/03\/Stella-Erasmus-Policy-Statement_D.pdf\">European Policy Statement.<\/a><\/p>\n<\/div>\n\n\n\n<div class=\"wp-block-column is-layout-flow wp-block-column-is-layout-flow\" style=\"flex-basis:33.33%\">\n<figure class=\"wp-block-image size-full is-resized\"><img loading=\"lazy\" decoding=\"async\" width=\"1853\" height=\"402\" src=\"https:\/\/stella-musikhochschule.ac.at\/wp-content\/uploads\/2025\/06\/thumbnail_EN-Co-funded-by-the-EU_PANTONE-Kopie.jpg\" alt=\"\" class=\"wp-image-4596\" style=\"width:242px;height:auto\" srcset=\"https:\/\/stella-musikhochschule.ac.at\/wp-content\/uploads\/2025\/06\/thumbnail_EN-Co-funded-by-the-EU_PANTONE-Kopie.jpg 1853w, https:\/\/stella-musikhochschule.ac.at\/wp-content\/uploads\/2025\/06\/thumbnail_EN-Co-funded-by-the-EU_PANTONE-Kopie-300x65.jpg 300w, https:\/\/stella-musikhochschule.ac.at\/wp-content\/uploads\/2025\/06\/thumbnail_EN-Co-funded-by-the-EU_PANTONE-Kopie-1680x364.jpg 1680w, https:\/\/stella-musikhochschule.ac.at\/wp-content\/uploads\/2025\/06\/thumbnail_EN-Co-funded-by-the-EU_PANTONE-Kopie-768x167.jpg 768w, https:\/\/stella-musikhochschule.ac.at\/wp-content\/uploads\/2025\/06\/thumbnail_EN-Co-funded-by-the-EU_PANTONE-Kopie-1536x333.jpg 1536w, https:\/\/stella-musikhochschule.ac.at\/wp-content\/uploads\/2025\/06\/thumbnail_EN-Co-funded-by-the-EU_PANTONE-Kopie-40x9.jpg 40w\" sizes=\"auto, (max-width: 1853px) 100vw, 1853px\" \/><\/figure>\n\n\n\n<p>Erasmus-Code: A&nbsp;&nbsp;FELDKIR03<br>OID: E10107661<br>PIC: 949650565<br>Schac code: vlk.ac.at<\/p>\n<\/div>\n<\/div>\n\n\n\n<div class=\"wp-block-columns is-layout-flex wp-container-core-columns-is-layout-9d6595d7 wp-block-columns-is-layout-flex\">\n<div class=\"wp-block-column is-layout-flow wp-block-column-is-layout-flow\" style=\"flex-basis:33.33%\">\n<h3 class=\"wp-block-heading\">Stella International  <\/h3>\n<\/div>\n\n\n\n<div class=\"wp-block-column is-layout-flow wp-block-column-is-layout-flow\" style=\"flex-basis:66.66%\">\n<div class=\"wp-block-getwid-accordion has-icon-left\" data-active-element=\"none\">\n<div class=\"wp-block-getwid-accordion__header-wrapper\"><span class=\"wp-block-getwid-accordion__header\"><a href=\"#\"><span class=\"wp-block-getwid-accordion__header-title\">Internationalization Strategy<\/span><span class=\"wp-block-getwid-accordion__icon is-active\"><i class=\"fas fa-plus\"><\/i><\/span><span class=\"wp-block-getwid-accordion__icon is-passive\"><i class=\"fas fa-minus\"><\/i><\/span><\/a><\/span><\/div><div class=\"wp-block-getwid-accordion__content-wrapper\"><div class=\"wp-block-getwid-accordion__content\">\n<p>Stella Vorarlberg Privathochschule f\u00fcr Musik is a cosmopolitan institution with students from over 25 nations, where cultural diversity, inclusivity, and international exchange are a matter of course.<\/p>\n\n\n\n<p>Strategies and measures for internationalization are outlined in the Development Plan 2022\u20132027 and encompass all areas of the university as well as its networking activities. Internationalization is a shared responsibility of all university members and is understood as a continuous process.<\/p>\n\n\n\n<p>Through membership in networks such as the AEC and the Four-Country Lake Constance Science Association, additional opportunities are opened that benefit the international student body and teaching staff extensively. Building on existing collaborations, Stella University of Music is committed to continuously expanding its internationalization efforts.<\/p>\n<\/div><\/div>\n\n\n\n<div class=\"wp-block-getwid-accordion__header-wrapper\"><span class=\"wp-block-getwid-accordion__header\"><a href=\"#\"><span class=\"wp-block-getwid-accordion__header-title\">AEC<\/span><span class=\"wp-block-getwid-accordion__icon is-active\"><i class=\"fas fa-plus\"><\/i><\/span><span class=\"wp-block-getwid-accordion__icon is-passive\"><i class=\"fas fa-minus\"><\/i><\/span><\/a><\/span><\/div><div class=\"wp-block-getwid-accordion__content-wrapper\"><div class=\"wp-block-getwid-accordion__content\">\n<p>The Stella Vorarlberg Privathochschule f\u00fcr Musik is an active member of the higher education network in the music and arts sector, the Association Europ\u00e9enne des Conservatoires, Acad\u00e9mies de Musique et Musikhochschulen (AEC), which represents the interests of institutions engaged in professional music education. The network currently comprises 280 institutions from 55 countries. This membership ensures international networking and positioning, fosters comparability, quality assurance, and facilitates regular knowledge exchange.<\/p>\n<\/div><\/div>\n\n\n\n<div class=\"wp-block-getwid-accordion__header-wrapper\"><span class=\"wp-block-getwid-accordion__header\"><a href=\"#\"><span class=\"wp-block-getwid-accordion__header-title\">Lake Constance Four-Country Science Network<\/span><span class=\"wp-block-getwid-accordion__icon is-active\"><i class=\"fas fa-plus\"><\/i><\/span><span class=\"wp-block-getwid-accordion__icon is-passive\"><i class=\"fas fa-minus\"><\/i><\/span><\/a><\/span><\/div><div class=\"wp-block-getwid-accordion__content-wrapper\"><div class=\"wp-block-getwid-accordion__content\">\n<p>The Lake Constance Four-Country Science Network is an alliance of 25 European universities in the Lake Constance region, dedicated to strengthening the connection between research, education, and practice. Its goal is to collaboratively develop, test, and implement innovative solutions for the sustainable development of the four-country region. Membership in this network enhances the visibility and economic viability of our university while enabling cross-border cooperative projects and research initiatives.<\/p>\n<\/div><\/div>\n<\/div>\n<\/div>\n<\/div>\n\n\n\n<div class=\"wp-block-columns is-layout-flex wp-container-core-columns-is-layout-9d6595d7 wp-block-columns-is-layout-flex\">\n<div class=\"wp-block-column is-layout-flow wp-block-column-is-layout-flow\" style=\"flex-basis:33.33%\">\n<h3 class=\"wp-block-heading\"><strong>Additional links<\/strong><\/h3>\n<\/div>\n\n\n\n<div class=\"wp-block-column is-layout-flow wp-block-column-is-layout-flow\" style=\"flex-basis:66.66%\"><div class=\"lazyblock-links-1hBHh8 wp-block-lazyblock-links\"><div class=\"side\">\n  <hr>\n        <div class=\"item link\">\n        <a href=\"http:\/\/ec.europa.eu\/programmes\/erasmus-plus\/index_de.html\" target=\"_blank\">\n          <span class=\"title\">Erasmus+<\/span>\n          <i class=\"arrow-link\"><\/i>\n        <\/a>\n      <\/div>\n            <div class=\"item link\">\n        <a href=\"http:\/\/www.oead.at\/\" target=\"_blank\">\n          <span class=\"title\">OeAD &#8211; \u00d6sterreichischer Austauschdienst<\/span>\n          <i class=\"arrow-link\"><\/i>\n        <\/a>\n      <\/div>\n            <div class=\"item link\">\n        <a href=\"http:\/\/www.elia-artschools.org\/\" target=\"_blank\">\n          <span class=\"title\">The European League of Institutes of the Arts (ELIA)<\/span>\n          <i class=\"arrow-link\"><\/i>\n        <\/a>\n      <\/div>\n            <div class=\"item link\">\n        <a href=\"http:\/\/www.aec-music.eu\/\" target=\"_blank\">\n          <span class=\"title\">Association Europ\u00e9enne des Conservatoires, Acad\u00e9mies de Musique et Musikhochschulen (AEC)<\/span>\n          <i class=\"arrow-link\"><\/i>\n        <\/a>\n      <\/div>\n            <div class=\"item link\">\n        <a href=\"http:\/\/www.ehea.info\/\" target=\"_blank\">\n          <span class=\"title\">European Higher Education Area<\/span>\n          <i class=\"arrow-link\"><\/i>\n        <\/a>\n      <\/div>\n            <div class=\"item link\">\n        <a href=\"https:\/\/studyinaustria.at\/de\/\" target=\"_blank\">\n          <span class=\"title\">Studieren in \u00d6sterreich<\/span>\n          <i class=\"arrow-link\"><\/i>\n        <\/a>\n      <\/div>\n      <\/div><\/div><\/div>\n<\/div>\n","protected":false},"excerpt":{"rendered":"<p>All international activities of our University of music are coordinated and managed by the International Office.\u00a0A central focus lies in the organisational support and coordination of Erasmus+ mobility programmes for students, academic and administrative staff. In addition, the International Office is responsible for the development and implementation of collaborative projects within the Erasmus+ framework and [&hellip;]<\/p>\n","protected":false},"author":1,"featured_media":0,"parent":1459,"menu_order":2,"comment_status":"closed","ping_status":"closed","template":"","meta":{"_acf_changed":false,"inline_featured_image":false,"footnotes":""},"keywords":[],"class_list":["post-1442","page","type-page","status-publish","hentry"],"acf":[],"yoast_head":"<!-- This site is optimized with the Yoast SEO plugin v26.8 - https:\/\/yoast.com\/product\/yoast-seo-wordpress\/ -->\n<title>International und Erasmus+ - Stella Vorarlberg<\/title>\n<meta name=\"robots\" content=\"index, follow, max-snippet:-1, max-image-preview:large, max-video-preview:-1\" \/>\n<link rel=\"canonical\" href=\"https:\/\/stella-musikhochschule.ac.at\/en\/service\/international-office\" \/>\n<meta property=\"og:locale\" content=\"en_US\" \/>\n<meta property=\"og:type\" content=\"article\" \/>\n<meta property=\"og:title\" content=\"International und Erasmus+ - Stella Vorarlberg\" \/>\n<meta property=\"og:description\" content=\"All international activities of our University of music are coordinated and managed by the International Office.\u00a0A central focus lies in the organisational support and coordination of Erasmus+ mobility programmes for students, academic and administrative staff. In addition, the International Office is responsible for the development and implementation of collaborative projects within the Erasmus+ framework and [&hellip;]\" \/>\n<meta property=\"og:url\" content=\"https:\/\/stella-musikhochschule.ac.at\/en\/service\/international-office\" \/>\n<meta property=\"og:site_name\" content=\"Stella Vorarlberg\" \/>\n<meta property=\"article:publisher\" content=\"https:\/\/www.facebook.com\/stellamusikhochschule\" \/>\n<meta property=\"article:modified_time\" content=\"2026-03-09T14:08:55+00:00\" \/>\n<meta property=\"og:image\" content=\"https:\/\/stella-musikhochschule.ac.at\/wp-content\/uploads\/2025\/06\/thumbnail_EN-Co-funded-by-the-EU_PANTONE-Kopie.jpg\" \/>\n<meta name=\"twitter:card\" content=\"summary_large_image\" \/>\n<meta name=\"twitter:label1\" content=\"Est. reading time\" \/>\n\t<meta name=\"twitter:data1\" content=\"4 minutes\" \/>\n<script type=\"application\/ld+json\" class=\"yoast-schema-graph\">{\"@context\":\"https:\/\/schema.org\",\"@graph\":[{\"@type\":\"WebPage\",\"@id\":\"https:\/\/stella-musikhochschule.ac.at\/en\/service\/international-office\",\"url\":\"https:\/\/stella-musikhochschule.ac.at\/en\/service\/international-office\",\"name\":\"International und Erasmus+ - Stella Vorarlberg\",\"isPartOf\":{\"@id\":\"https:\/\/stella-musikhochschule.ac.at\/#website\"},\"primaryImageOfPage\":{\"@id\":\"https:\/\/stella-musikhochschule.ac.at\/en\/service\/international-office#primaryimage\"},\"image\":{\"@id\":\"https:\/\/stella-musikhochschule.ac.at\/en\/service\/international-office#primaryimage\"},\"thumbnailUrl\":\"https:\/\/stella-musikhochschule.ac.at\/wp-content\/uploads\/2025\/06\/thumbnail_EN-Co-funded-by-the-EU_PANTONE-Kopie.jpg\",\"datePublished\":\"2025-06-27T16:24:22+00:00\",\"dateModified\":\"2026-03-09T14:08:55+00:00\",\"breadcrumb\":{\"@id\":\"https:\/\/stella-musikhochschule.ac.at\/en\/service\/international-office#breadcrumb\"},\"inLanguage\":\"en-US\",\"potentialAction\":[{\"@type\":\"ReadAction\",\"target\":[\"https:\/\/stella-musikhochschule.ac.at\/en\/service\/international-office\"]}]},{\"@type\":\"ImageObject\",\"inLanguage\":\"en-US\",\"@id\":\"https:\/\/stella-musikhochschule.ac.at\/en\/service\/international-office#primaryimage\",\"url\":\"https:\/\/stella-musikhochschule.ac.at\/wp-content\/uploads\/2025\/06\/thumbnail_EN-Co-funded-by-the-EU_PANTONE-Kopie.jpg\",\"contentUrl\":\"https:\/\/stella-musikhochschule.ac.at\/wp-content\/uploads\/2025\/06\/thumbnail_EN-Co-funded-by-the-EU_PANTONE-Kopie.jpg\"},{\"@type\":\"BreadcrumbList\",\"@id\":\"https:\/\/stella-musikhochschule.ac.at\/en\/service\/international-office#breadcrumb\",\"itemListElement\":[{\"@type\":\"ListItem\",\"position\":1,\"name\":\"Startseite\",\"item\":\"https:\/\/stella-musikhochschule.ac.at\/en\"},{\"@type\":\"ListItem\",\"position\":2,\"name\":\"Service\",\"item\":\"https:\/\/stella-musikhochschule.ac.at\/en\/service\"},{\"@type\":\"ListItem\",\"position\":3,\"name\":\"International und Erasmus+\"}]},{\"@type\":\"WebSite\",\"@id\":\"https:\/\/stella-musikhochschule.ac.at\/#website\",\"url\":\"https:\/\/stella-musikhochschule.ac.at\/\",\"name\":\"Stella Vorarlberg\",\"description\":\"Privathochschule f\u00fcr Musik\",\"publisher\":{\"@id\":\"https:\/\/stella-musikhochschule.ac.at\/#organization\"},\"potentialAction\":[{\"@type\":\"SearchAction\",\"target\":{\"@type\":\"EntryPoint\",\"urlTemplate\":\"https:\/\/stella-musikhochschule.ac.at\/?s={search_term_string}\"},\"query-input\":{\"@type\":\"PropertyValueSpecification\",\"valueRequired\":true,\"valueName\":\"search_term_string\"}}],\"inLanguage\":\"en-US\"},{\"@type\":\"Organization\",\"@id\":\"https:\/\/stella-musikhochschule.ac.at\/#organization\",\"name\":\"Stella Vorarlberg Privathochschule f\u00fcr Musik\",\"url\":\"https:\/\/stella-musikhochschule.ac.at\/\",\"logo\":{\"@type\":\"ImageObject\",\"inLanguage\":\"en-US\",\"@id\":\"https:\/\/stella-musikhochschule.ac.at\/#\/schema\/logo\/image\/\",\"url\":\"https:\/\/stella-musikhochschule.ac.at\/wp-content\/uploads\/2023\/01\/logo-zusatz.svg\",\"contentUrl\":\"https:\/\/stella-musikhochschule.ac.at\/wp-content\/uploads\/2023\/01\/logo-zusatz.svg\",\"width\":108,\"height\":57,\"caption\":\"Stella Vorarlberg Privathochschule f\u00fcr Musik\"},\"image\":{\"@id\":\"https:\/\/stella-musikhochschule.ac.at\/#\/schema\/logo\/image\/\"},\"sameAs\":[\"https:\/\/www.facebook.com\/stellamusikhochschule\",\"http:\/\/www.instagram.com\/stellamusikhochschule\",\"https:\/\/www.youtube.com\/channel\/UCOzOrROMt11QxTxkjmY6NKg\",\"https:\/\/www.tiktok.com\/@stellamusikhochschule\",\"https:\/\/open.spotify.com\/user\/31fs43ork2u3njhtilofu2bk7tue?si=fe62738c70524caa\"]}]}<\/script>\n<!-- \/ Yoast SEO plugin. -->","yoast_head_json":{"title":"International und Erasmus+ - Stella Vorarlberg","robots":{"index":"index","follow":"follow","max-snippet":"max-snippet:-1","max-image-preview":"max-image-preview:large","max-video-preview":"max-video-preview:-1"},"canonical":"https:\/\/stella-musikhochschule.ac.at\/en\/service\/international-office","og_locale":"en_US","og_type":"article","og_title":"International und Erasmus+ - Stella Vorarlberg","og_description":"All international activities of our University of music are coordinated and managed by the International Office.\u00a0A central focus lies in the organisational support and coordination of Erasmus+ mobility programmes for students, academic and administrative staff. In addition, the International Office is responsible for the development and implementation of collaborative projects within the Erasmus+ framework and [&hellip;]","og_url":"https:\/\/stella-musikhochschule.ac.at\/en\/service\/international-office","og_site_name":"Stella Vorarlberg","article_publisher":"https:\/\/www.facebook.com\/stellamusikhochschule","article_modified_time":"2026-03-09T14:08:55+00:00","og_image":[{"url":"https:\/\/stella-musikhochschule.ac.at\/wp-content\/uploads\/2025\/06\/thumbnail_EN-Co-funded-by-the-EU_PANTONE-Kopie.jpg","type":"","width":"","height":""}],"twitter_card":"summary_large_image","twitter_misc":{"Est. reading time":"4 minutes"},"schema":{"@context":"https:\/\/schema.org","@graph":[{"@type":"WebPage","@id":"https:\/\/stella-musikhochschule.ac.at\/en\/service\/international-office","url":"https:\/\/stella-musikhochschule.ac.at\/en\/service\/international-office","name":"International und Erasmus+ - Stella Vorarlberg","isPartOf":{"@id":"https:\/\/stella-musikhochschule.ac.at\/#website"},"primaryImageOfPage":{"@id":"https:\/\/stella-musikhochschule.ac.at\/en\/service\/international-office#primaryimage"},"image":{"@id":"https:\/\/stella-musikhochschule.ac.at\/en\/service\/international-office#primaryimage"},"thumbnailUrl":"https:\/\/stella-musikhochschule.ac.at\/wp-content\/uploads\/2025\/06\/thumbnail_EN-Co-funded-by-the-EU_PANTONE-Kopie.jpg","datePublished":"2025-06-27T16:24:22+00:00","dateModified":"2026-03-09T14:08:55+00:00","breadcrumb":{"@id":"https:\/\/stella-musikhochschule.ac.at\/en\/service\/international-office#breadcrumb"},"inLanguage":"en-US","potentialAction":[{"@type":"ReadAction","target":["https:\/\/stella-musikhochschule.ac.at\/en\/service\/international-office"]}]},{"@type":"ImageObject","inLanguage":"en-US","@id":"https:\/\/stella-musikhochschule.ac.at\/en\/service\/international-office#primaryimage","url":"https:\/\/stella-musikhochschule.ac.at\/wp-content\/uploads\/2025\/06\/thumbnail_EN-Co-funded-by-the-EU_PANTONE-Kopie.jpg","contentUrl":"https:\/\/stella-musikhochschule.ac.at\/wp-content\/uploads\/2025\/06\/thumbnail_EN-Co-funded-by-the-EU_PANTONE-Kopie.jpg"},{"@type":"BreadcrumbList","@id":"https:\/\/stella-musikhochschule.ac.at\/en\/service\/international-office#breadcrumb","itemListElement":[{"@type":"ListItem","position":1,"name":"Startseite","item":"https:\/\/stella-musikhochschule.ac.at\/en"},{"@type":"ListItem","position":2,"name":"Service","item":"https:\/\/stella-musikhochschule.ac.at\/en\/service"},{"@type":"ListItem","position":3,"name":"International und Erasmus+"}]},{"@type":"WebSite","@id":"https:\/\/stella-musikhochschule.ac.at\/#website","url":"https:\/\/stella-musikhochschule.ac.at\/","name":"Stella Vorarlberg","description":"Privathochschule f\u00fcr Musik","publisher":{"@id":"https:\/\/stella-musikhochschule.ac.at\/#organization"},"potentialAction":[{"@type":"SearchAction","target":{"@type":"EntryPoint","urlTemplate":"https:\/\/stella-musikhochschule.ac.at\/?s={search_term_string}"},"query-input":{"@type":"PropertyValueSpecification","valueRequired":true,"valueName":"search_term_string"}}],"inLanguage":"en-US"},{"@type":"Organization","@id":"https:\/\/stella-musikhochschule.ac.at\/#organization","name":"Stella Vorarlberg Privathochschule f\u00fcr Musik","url":"https:\/\/stella-musikhochschule.ac.at\/","logo":{"@type":"ImageObject","inLanguage":"en-US","@id":"https:\/\/stella-musikhochschule.ac.at\/#\/schema\/logo\/image\/","url":"https:\/\/stella-musikhochschule.ac.at\/wp-content\/uploads\/2023\/01\/logo-zusatz.svg","contentUrl":"https:\/\/stella-musikhochschule.ac.at\/wp-content\/uploads\/2023\/01\/logo-zusatz.svg","width":108,"height":57,"caption":"Stella Vorarlberg Privathochschule f\u00fcr Musik"},"image":{"@id":"https:\/\/stella-musikhochschule.ac.at\/#\/schema\/logo\/image\/"},"sameAs":["https:\/\/www.facebook.com\/stellamusikhochschule","http:\/\/www.instagram.com\/stellamusikhochschule","https:\/\/www.youtube.com\/channel\/UCOzOrROMt11QxTxkjmY6NKg","https:\/\/www.tiktok.com\/@stellamusikhochschule","https:\/\/open.spotify.com\/user\/31fs43ork2u3njhtilofu2bk7tue?si=fe62738c70524caa"]}]}},"_links":{"self":[{"href":"https:\/\/stella-musikhochschule.ac.at\/en\/wp-json\/wp\/v2\/pages\/1442","targetHints":{"allow":["GET"]}}],"collection":[{"href":"https:\/\/stella-musikhochschule.ac.at\/en\/wp-json\/wp\/v2\/pages"}],"about":[{"href":"https:\/\/stella-musikhochschule.ac.at\/en\/wp-json\/wp\/v2\/types\/page"}],"author":[{"embeddable":true,"href":"https:\/\/stella-musikhochschule.ac.at\/en\/wp-json\/wp\/v2\/users\/1"}],"replies":[{"embeddable":true,"href":"https:\/\/stella-musikhochschule.ac.at\/en\/wp-json\/wp\/v2\/comments?post=1442"}],"version-history":[{"count":0,"href":"https:\/\/stella-musikhochschule.ac.at\/en\/wp-json\/wp\/v2\/pages\/1442\/revisions"}],"up":[{"embeddable":true,"href":"https:\/\/stella-musikhochschule.ac.at\/en\/wp-json\/wp\/v2\/pages\/1459"}],"wp:attachment":[{"href":"https:\/\/stella-musikhochschule.ac.at\/en\/wp-json\/wp\/v2\/media?parent=1442"}],"wp:term":[{"taxonomy":"keywords","embeddable":true,"href":"https:\/\/stella-musikhochschule.ac.at\/en\/wp-json\/wp\/v2\/keywords?post=1442"}],"curies":[{"name":"wp","href":"https:\/\/api.w.org\/{rel}","templated":true}]}}