{"id":1421,"date":"2023-03-28T09:41:24","date_gmt":"2023-03-28T07:41:24","guid":{"rendered":"https:\/\/stella-musikhochschule.ac.at\/qualitaetsmanagement-3"},"modified":"2024-07-10T11:47:58","modified_gmt":"2024-07-10T09:47:58","slug":"qualitaetsmanagement-3","status":"publish","type":"page","link":"https:\/\/stella-musikhochschule.ac.at\/en\/ueber-uns\/qualitaetsmanagement-3","title":{"rendered":"Quality Management"},"content":{"rendered":"\n<div class=\"wp-block-columns is-layout-flex wp-container-core-columns-is-layout-9d6595d7 wp-block-columns-is-layout-flex\">\n<div class=\"wp-block-column is-layout-flow wp-block-column-is-layout-flow\" style=\"flex-basis:66.66%\">\n<p>Stella Vorarlberg would like to reflect on and optimize processes in order to define and establish structures and responsibilities, introduce them into everyday working life and create transparency. We want to continuously develop Stella Vorarlberg and focus on participation and dialog.<\/p>\n<\/div>\n<\/div>\n\n\n\n<figure class=\"wp-block-image alignfull size-full\"><img loading=\"lazy\" decoding=\"async\" width=\"2560\" height=\"1440\" src=\"https:\/\/stella-musikhochschule.ac.at\/wp-content\/uploads\/2023\/03\/neutral-2-edited-scaled.jpg\" alt=\"\" class=\"wp-image-933\" srcset=\"https:\/\/stella-musikhochschule.ac.at\/wp-content\/uploads\/2023\/03\/neutral-2-edited-scaled.jpg 2560w, https:\/\/stella-musikhochschule.ac.at\/wp-content\/uploads\/2023\/03\/neutral-2-edited-300x169.jpg 300w, https:\/\/stella-musikhochschule.ac.at\/wp-content\/uploads\/2023\/03\/neutral-2-edited-1680x945.jpg 1680w, https:\/\/stella-musikhochschule.ac.at\/wp-content\/uploads\/2023\/03\/neutral-2-edited-768x432.jpg 768w, https:\/\/stella-musikhochschule.ac.at\/wp-content\/uploads\/2023\/03\/neutral-2-edited-1536x864.jpg 1536w, https:\/\/stella-musikhochschule.ac.at\/wp-content\/uploads\/2023\/03\/neutral-2-edited-2048x1152.jpg 2048w, https:\/\/stella-musikhochschule.ac.at\/wp-content\/uploads\/2023\/03\/neutral-2-edited-40x23.jpg 40w\" sizes=\"auto, (max-width: 2560px) 100vw, 2560px\" \/><\/figure>\n\n\n\n<div class=\"wp-block-getwid-section alignfull alignfull\"><div class=\"wp-block-getwid-section__wrapper\"><div class=\"wp-block-getwid-section__inner-wrapper\"><div class=\"wp-block-getwid-section__background-holder\"><div class=\"wp-block-getwid-section__background\"><\/div><div class=\"wp-block-getwid-section__foreground\"><\/div><\/div><div class=\"wp-block-getwid-section__content\"><div class=\"wp-block-getwid-section__inner-content\">\n<div class=\"wp-block-columns is-layout-flex wp-container-core-columns-is-layout-9d6595d7 wp-block-columns-is-layout-flex\">\n<div class=\"wp-block-column is-layout-flow wp-block-column-is-layout-flow\" style=\"flex-basis:66.66%\">\n<h2 class=\"wp-block-heading\">Contact <\/h2>\n<\/div>\n\n\n\n<div class=\"wp-block-column is-layout-flow wp-block-column-is-layout-flow\" style=\"flex-basis:33.33%\">\n<hr class=\"wp-block-separator has-alpha-channel-opacity\"\/>\n\n\n\n<p><strong>Management<\/strong><br>Hans-J\u00fcrgen Lofner, MA, Dipl. Soz.P\u00e4d.\u00a0<br><a href=\"tel:+4355227111029\">+43 5522 71110 29<\/a><\/p>\n\n\n\n<p class=\"has-small-font-size\"><a href=\"mailto:hans-juergen.lofner@stella-musikhochschule.ac.at\">Send email<\/a><\/p>\n<\/div>\n<\/div>\n<\/div><\/div><\/div><\/div><\/div>\n\n\n<div class=\"lazyblock-news-1jsYt wp-block-lazyblock-news\"><section id=\"news\">\n  \n  <div class=\"head\">\n    <h3>News<\/h3>\n    <div class=\"all\">\n      <a href=\"https:\/\/stella-musikhochschule.ac.at\/aktuelles\/news\" class=\"has-small-font-size underline\">all news<\/a>\n    <\/div>\n  <\/div>\n  \n  <div class=\"posts\">\n          <div class=\"post\" data-image-id=\"6132\">\n        <figure><a href=\"https:\/\/stella-musikhochschule.ac.at\/en\/what-are-we-worth-wird-als-impuls-plus-projekt-gefoerdert\">\n  <div class=\"progressive-image\">\n  \t<div class=\"loadingImage\"\n  \t\t style=\"background: url(https:\/\/stella-musikhochschule.ac.at\/wp-content\/uploads\/2026\/04\/impulse-Privatstiftung-14.6.26-6-40x27.jpg)\"\n  \t\t data-image=\"https:\/\/stella-musikhochschule.ac.at\/wp-content\/uploads\/2026\/04\/impulse-Privatstiftung-14.6.26-6.jpg\">\n  \t<\/div>\n  \t<div class=\"overlay\"><\/div>\n  <\/div>            \n  \n  <\/a><\/figure>\n        <div class=\"title\">\u00bbWhat Are We Worth\u00ab wird als impuls PLUS+ Projekt gef\u00f6rdert<\/div>\n        <a href=\"https:\/\/stella-musikhochschule.ac.at\/en\/what-are-we-worth-wird-als-impuls-plus-projekt-gefoerdert\" class=\"has-small-font-size underline\">Read more<\/a>\n      <\/div>\n            <div class=\"post\" data-image-id=\"6124\">\n        <figure><a href=\"https:\/\/stella-musikhochschule.ac.at\/en\/workshop-unpopulaere-populaere-musikwarum-manche-musik-nicht-gefaellt-musikalische-werturteile-erforschen\">\n  <div class=\"progressive-image\">\n  \t<div class=\"loadingImage\"\n  \t\t style=\"background: url(https:\/\/stella-musikhochschule.ac.at\/wp-content\/uploads\/2026\/03\/Unpopulaere-populaere-Musik-scaled.jpg)\"\n  \t\t data-image=\"https:\/\/stella-musikhochschule.ac.at\/wp-content\/uploads\/2026\/03\/Unpopulaere-populaere-Musik-scaled.jpg\">\n  \t<\/div>\n  \t<div class=\"overlay\"><\/div>\n  <\/div>            \n  \n  <\/a><\/figure>\n        <div class=\"title\">Workshop: Unpopul\u00e4re popul\u00e4re Musik?Warum (manche) Musik (nicht) gef\u00e4llt \u2013 Musikalische Werturteile erforschen<\/div>\n        <a href=\"https:\/\/stella-musikhochschule.ac.at\/en\/workshop-unpopulaere-populaere-musikwarum-manche-musik-nicht-gefaellt-musikalische-werturteile-erforschen\" class=\"has-small-font-size underline\">Read more<\/a>\n      <\/div>\n            <div class=\"post\" data-image-id=\"6100\">\n        <figure><a href=\"https:\/\/stella-musikhochschule.ac.at\/en\/6097\">\n  <div class=\"progressive-image\">\n  \t<div class=\"loadingImage\"\n  \t\t style=\"background: url(https:\/\/stella-musikhochschule.ac.at\/wp-content\/uploads\/2026\/04\/Prof.in-Dr.in-Sabine-Schneider-Binkl-1-edited-40x22.jpg)\"\n  \t\t data-image=\"https:\/\/stella-musikhochschule.ac.at\/wp-content\/uploads\/2026\/04\/Prof.in-Dr.in-Sabine-Schneider-Binkl-1-edited.jpg\">\n  \t<\/div>\n  \t<div class=\"overlay\"><\/div>\n  <\/div>            \n  \n  <\/a><\/figure>\n        <div class=\"title\">Antrittsvorlesung von Prof.in Dr.in Sabine Schneider-Binkl: Musikalische Bildung als Begegnungsraum f\u00fcr Individuum und Gesellschaft<\/div>\n        <a href=\"https:\/\/stella-musikhochschule.ac.at\/en\/6097\" class=\"has-small-font-size underline\">Read more<\/a>\n      <\/div>\n        <\/div>\n  \n<\/section><\/div>","protected":false},"excerpt":{"rendered":"<p>Stella Vorarlberg would like to reflect on and optimize processes in order to define and establish structures and responsibilities, introduce them into everyday working life and create transparency. We want to continuously develop Stella Vorarlberg and focus on participation and dialog.<\/p>\n","protected":false},"author":1,"featured_media":0,"parent":1460,"menu_order":2,"comment_status":"closed","ping_status":"closed","template":"","meta":{"_acf_changed":false,"inline_featured_image":false,"footnotes":""},"keywords":[],"class_list":["post-1421","page","type-page","status-publish","hentry"],"acf":[],"yoast_head":"<!-- This site is optimized with the Yoast SEO plugin v26.8 - https:\/\/yoast.com\/product\/yoast-seo-wordpress\/ -->\n<title>Quality Management - Stella Vorarlberg<\/title>\n<meta name=\"robots\" content=\"index, follow, max-snippet:-1, max-image-preview:large, max-video-preview:-1\" \/>\n<link rel=\"canonical\" href=\"https:\/\/stella-musikhochschule.ac.at\/en\/ueber-uns\/qualitaetsmanagement-3\" \/>\n<meta property=\"og:locale\" content=\"en_US\" \/>\n<meta property=\"og:type\" content=\"article\" \/>\n<meta property=\"og:title\" content=\"Quality Management - Stella Vorarlberg\" \/>\n<meta property=\"og:description\" content=\"Stella Vorarlberg would like to reflect on and optimize processes in order to define and establish structures and responsibilities, introduce them into everyday working life and create transparency. We want to continuously develop Stella Vorarlberg and focus on participation and dialog.\" \/>\n<meta property=\"og:url\" content=\"https:\/\/stella-musikhochschule.ac.at\/en\/ueber-uns\/qualitaetsmanagement-3\" \/>\n<meta property=\"og:site_name\" content=\"Stella Vorarlberg\" \/>\n<meta property=\"article:publisher\" content=\"https:\/\/www.facebook.com\/stellamusikhochschule\" \/>\n<meta property=\"article:modified_time\" content=\"2024-07-10T09:47:58+00:00\" \/>\n<meta property=\"og:image\" content=\"https:\/\/stella-musikhochschule.ac.at\/wp-content\/uploads\/2023\/03\/neutral-2-edited-scaled.jpg\" \/>\n<meta name=\"twitter:card\" content=\"summary_large_image\" \/>\n<meta name=\"twitter:label1\" content=\"Est. reading time\" \/>\n\t<meta name=\"twitter:data1\" content=\"1 minute\" \/>\n<script type=\"application\/ld+json\" class=\"yoast-schema-graph\">{\"@context\":\"https:\/\/schema.org\",\"@graph\":[{\"@type\":\"WebPage\",\"@id\":\"https:\/\/stella-musikhochschule.ac.at\/en\/ueber-uns\/qualitaetsmanagement-3\",\"url\":\"https:\/\/stella-musikhochschule.ac.at\/en\/ueber-uns\/qualitaetsmanagement-3\",\"name\":\"Quality Management - Stella Vorarlberg\",\"isPartOf\":{\"@id\":\"https:\/\/stella-musikhochschule.ac.at\/#website\"},\"primaryImageOfPage\":{\"@id\":\"https:\/\/stella-musikhochschule.ac.at\/en\/ueber-uns\/qualitaetsmanagement-3#primaryimage\"},\"image\":{\"@id\":\"https:\/\/stella-musikhochschule.ac.at\/en\/ueber-uns\/qualitaetsmanagement-3#primaryimage\"},\"thumbnailUrl\":\"https:\/\/stella-musikhochschule.ac.at\/wp-content\/uploads\/2023\/03\/neutral-2-edited-scaled.jpg\",\"datePublished\":\"2023-03-28T07:41:24+00:00\",\"dateModified\":\"2024-07-10T09:47:58+00:00\",\"breadcrumb\":{\"@id\":\"https:\/\/stella-musikhochschule.ac.at\/en\/ueber-uns\/qualitaetsmanagement-3#breadcrumb\"},\"inLanguage\":\"en-US\",\"potentialAction\":[{\"@type\":\"ReadAction\",\"target\":[\"https:\/\/stella-musikhochschule.ac.at\/en\/ueber-uns\/qualitaetsmanagement-3\"]}]},{\"@type\":\"ImageObject\",\"inLanguage\":\"en-US\",\"@id\":\"https:\/\/stella-musikhochschule.ac.at\/en\/ueber-uns\/qualitaetsmanagement-3#primaryimage\",\"url\":\"https:\/\/stella-musikhochschule.ac.at\/wp-content\/uploads\/2023\/03\/neutral-2-edited-scaled.jpg\",\"contentUrl\":\"https:\/\/stella-musikhochschule.ac.at\/wp-content\/uploads\/2023\/03\/neutral-2-edited-scaled.jpg\"},{\"@type\":\"BreadcrumbList\",\"@id\":\"https:\/\/stella-musikhochschule.ac.at\/en\/ueber-uns\/qualitaetsmanagement-3#breadcrumb\",\"itemListElement\":[{\"@type\":\"ListItem\",\"position\":1,\"name\":\"Startseite\",\"item\":\"https:\/\/stella-musikhochschule.ac.at\/en\"},{\"@type\":\"ListItem\",\"position\":2,\"name\":\"About Us\",\"item\":\"https:\/\/stella-musikhochschule.ac.at\/en\/ueber-uns\"},{\"@type\":\"ListItem\",\"position\":3,\"name\":\"Quality Management\"}]},{\"@type\":\"WebSite\",\"@id\":\"https:\/\/stella-musikhochschule.ac.at\/#website\",\"url\":\"https:\/\/stella-musikhochschule.ac.at\/\",\"name\":\"Stella Vorarlberg\",\"description\":\"Privathochschule f\u00fcr Musik\",\"publisher\":{\"@id\":\"https:\/\/stella-musikhochschule.ac.at\/#organization\"},\"potentialAction\":[{\"@type\":\"SearchAction\",\"target\":{\"@type\":\"EntryPoint\",\"urlTemplate\":\"https:\/\/stella-musikhochschule.ac.at\/?s={search_term_string}\"},\"query-input\":{\"@type\":\"PropertyValueSpecification\",\"valueRequired\":true,\"valueName\":\"search_term_string\"}}],\"inLanguage\":\"en-US\"},{\"@type\":\"Organization\",\"@id\":\"https:\/\/stella-musikhochschule.ac.at\/#organization\",\"name\":\"Stella Vorarlberg Privathochschule f\u00fcr Musik\",\"url\":\"https:\/\/stella-musikhochschule.ac.at\/\",\"logo\":{\"@type\":\"ImageObject\",\"inLanguage\":\"en-US\",\"@id\":\"https:\/\/stella-musikhochschule.ac.at\/#\/schema\/logo\/image\/\",\"url\":\"https:\/\/stella-musikhochschule.ac.at\/wp-content\/uploads\/2023\/01\/logo-zusatz.svg\",\"contentUrl\":\"https:\/\/stella-musikhochschule.ac.at\/wp-content\/uploads\/2023\/01\/logo-zusatz.svg\",\"width\":108,\"height\":57,\"caption\":\"Stella Vorarlberg Privathochschule f\u00fcr Musik\"},\"image\":{\"@id\":\"https:\/\/stella-musikhochschule.ac.at\/#\/schema\/logo\/image\/\"},\"sameAs\":[\"https:\/\/www.facebook.com\/stellamusikhochschule\",\"http:\/\/www.instagram.com\/stellamusikhochschule\",\"https:\/\/www.youtube.com\/channel\/UCOzOrROMt11QxTxkjmY6NKg\",\"https:\/\/www.tiktok.com\/@stellamusikhochschule\",\"https:\/\/open.spotify.com\/user\/31fs43ork2u3njhtilofu2bk7tue?si=fe62738c70524caa\"]}]}<\/script>\n<!-- \/ Yoast SEO plugin. -->","yoast_head_json":{"title":"Quality Management - Stella Vorarlberg","robots":{"index":"index","follow":"follow","max-snippet":"max-snippet:-1","max-image-preview":"max-image-preview:large","max-video-preview":"max-video-preview:-1"},"canonical":"https:\/\/stella-musikhochschule.ac.at\/en\/ueber-uns\/qualitaetsmanagement-3","og_locale":"en_US","og_type":"article","og_title":"Quality Management - Stella Vorarlberg","og_description":"Stella Vorarlberg would like to reflect on and optimize processes in order to define and establish structures and responsibilities, introduce them into everyday working life and create transparency. We want to continuously develop Stella Vorarlberg and focus on participation and dialog.","og_url":"https:\/\/stella-musikhochschule.ac.at\/en\/ueber-uns\/qualitaetsmanagement-3","og_site_name":"Stella Vorarlberg","article_publisher":"https:\/\/www.facebook.com\/stellamusikhochschule","article_modified_time":"2024-07-10T09:47:58+00:00","og_image":[{"url":"https:\/\/stella-musikhochschule.ac.at\/wp-content\/uploads\/2023\/03\/neutral-2-edited-scaled.jpg","type":"","width":"","height":""}],"twitter_card":"summary_large_image","twitter_misc":{"Est. reading time":"1 minute"},"schema":{"@context":"https:\/\/schema.org","@graph":[{"@type":"WebPage","@id":"https:\/\/stella-musikhochschule.ac.at\/en\/ueber-uns\/qualitaetsmanagement-3","url":"https:\/\/stella-musikhochschule.ac.at\/en\/ueber-uns\/qualitaetsmanagement-3","name":"Quality Management - Stella Vorarlberg","isPartOf":{"@id":"https:\/\/stella-musikhochschule.ac.at\/#website"},"primaryImageOfPage":{"@id":"https:\/\/stella-musikhochschule.ac.at\/en\/ueber-uns\/qualitaetsmanagement-3#primaryimage"},"image":{"@id":"https:\/\/stella-musikhochschule.ac.at\/en\/ueber-uns\/qualitaetsmanagement-3#primaryimage"},"thumbnailUrl":"https:\/\/stella-musikhochschule.ac.at\/wp-content\/uploads\/2023\/03\/neutral-2-edited-scaled.jpg","datePublished":"2023-03-28T07:41:24+00:00","dateModified":"2024-07-10T09:47:58+00:00","breadcrumb":{"@id":"https:\/\/stella-musikhochschule.ac.at\/en\/ueber-uns\/qualitaetsmanagement-3#breadcrumb"},"inLanguage":"en-US","potentialAction":[{"@type":"ReadAction","target":["https:\/\/stella-musikhochschule.ac.at\/en\/ueber-uns\/qualitaetsmanagement-3"]}]},{"@type":"ImageObject","inLanguage":"en-US","@id":"https:\/\/stella-musikhochschule.ac.at\/en\/ueber-uns\/qualitaetsmanagement-3#primaryimage","url":"https:\/\/stella-musikhochschule.ac.at\/wp-content\/uploads\/2023\/03\/neutral-2-edited-scaled.jpg","contentUrl":"https:\/\/stella-musikhochschule.ac.at\/wp-content\/uploads\/2023\/03\/neutral-2-edited-scaled.jpg"},{"@type":"BreadcrumbList","@id":"https:\/\/stella-musikhochschule.ac.at\/en\/ueber-uns\/qualitaetsmanagement-3#breadcrumb","itemListElement":[{"@type":"ListItem","position":1,"name":"Startseite","item":"https:\/\/stella-musikhochschule.ac.at\/en"},{"@type":"ListItem","position":2,"name":"About Us","item":"https:\/\/stella-musikhochschule.ac.at\/en\/ueber-uns"},{"@type":"ListItem","position":3,"name":"Quality Management"}]},{"@type":"WebSite","@id":"https:\/\/stella-musikhochschule.ac.at\/#website","url":"https:\/\/stella-musikhochschule.ac.at\/","name":"Stella Vorarlberg","description":"Privathochschule f\u00fcr Musik","publisher":{"@id":"https:\/\/stella-musikhochschule.ac.at\/#organization"},"potentialAction":[{"@type":"SearchAction","target":{"@type":"EntryPoint","urlTemplate":"https:\/\/stella-musikhochschule.ac.at\/?s={search_term_string}"},"query-input":{"@type":"PropertyValueSpecification","valueRequired":true,"valueName":"search_term_string"}}],"inLanguage":"en-US"},{"@type":"Organization","@id":"https:\/\/stella-musikhochschule.ac.at\/#organization","name":"Stella Vorarlberg Privathochschule f\u00fcr Musik","url":"https:\/\/stella-musikhochschule.ac.at\/","logo":{"@type":"ImageObject","inLanguage":"en-US","@id":"https:\/\/stella-musikhochschule.ac.at\/#\/schema\/logo\/image\/","url":"https:\/\/stella-musikhochschule.ac.at\/wp-content\/uploads\/2023\/01\/logo-zusatz.svg","contentUrl":"https:\/\/stella-musikhochschule.ac.at\/wp-content\/uploads\/2023\/01\/logo-zusatz.svg","width":108,"height":57,"caption":"Stella Vorarlberg Privathochschule f\u00fcr Musik"},"image":{"@id":"https:\/\/stella-musikhochschule.ac.at\/#\/schema\/logo\/image\/"},"sameAs":["https:\/\/www.facebook.com\/stellamusikhochschule","http:\/\/www.instagram.com\/stellamusikhochschule","https:\/\/www.youtube.com\/channel\/UCOzOrROMt11QxTxkjmY6NKg","https:\/\/www.tiktok.com\/@stellamusikhochschule","https:\/\/open.spotify.com\/user\/31fs43ork2u3njhtilofu2bk7tue?si=fe62738c70524caa"]}]}},"_links":{"self":[{"href":"https:\/\/stella-musikhochschule.ac.at\/en\/wp-json\/wp\/v2\/pages\/1421","targetHints":{"allow":["GET"]}}],"collection":[{"href":"https:\/\/stella-musikhochschule.ac.at\/en\/wp-json\/wp\/v2\/pages"}],"about":[{"href":"https:\/\/stella-musikhochschule.ac.at\/en\/wp-json\/wp\/v2\/types\/page"}],"author":[{"embeddable":true,"href":"https:\/\/stella-musikhochschule.ac.at\/en\/wp-json\/wp\/v2\/users\/1"}],"replies":[{"embeddable":true,"href":"https:\/\/stella-musikhochschule.ac.at\/en\/wp-json\/wp\/v2\/comments?post=1421"}],"version-history":[{"count":0,"href":"https:\/\/stella-musikhochschule.ac.at\/en\/wp-json\/wp\/v2\/pages\/1421\/revisions"}],"up":[{"embeddable":true,"href":"https:\/\/stella-musikhochschule.ac.at\/en\/wp-json\/wp\/v2\/pages\/1460"}],"wp:attachment":[{"href":"https:\/\/stella-musikhochschule.ac.at\/en\/wp-json\/wp\/v2\/media?parent=1421"}],"wp:term":[{"taxonomy":"keywords","embeddable":true,"href":"https:\/\/stella-musikhochschule.ac.at\/en\/wp-json\/wp\/v2\/keywords?post=1421"}],"curies":[{"name":"wp","href":"https:\/\/api.w.org\/{rel}","templated":true}]}}