{"id":1417,"date":"2023-03-31T11:05:01","date_gmt":"2023-03-31T09:05:01","guid":{"rendered":"https:\/\/stella-musikhochschule.ac.at\/entwicklung-und-erschliessung-der-kuenste"},"modified":"2025-12-01T15:25:05","modified_gmt":"2025-12-01T14:25:05","slug":"entwicklung-und-erschliessung-der-kuenste","status":"publish","type":"page","link":"https:\/\/stella-musikhochschule.ac.at\/en\/research\/research-areas\/entwicklung-und-erschliessung-der-kuenste","title":{"rendered":"Development and Exploration of the Arts"},"content":{"rendered":"\n<div class=\"wp-block-columns is-layout-flex wp-container-core-columns-is-layout-9d6595d7 wp-block-columns-is-layout-flex\">\n<div class=\"wp-block-column is-layout-flow wp-block-column-is-layout-flow\" style=\"flex-basis:66.66%\">\n<p>An important area of research at Stella Vorarlberg is concerned with the development and exploration of the arts. This form of music research focuses on the individual processes of experience, decision-making, and interpretation when performing, creating, composing, communicating, and producing music and sound. In the context of research, artistic processes are considered, in which musicians creatively deal with objects, situations, and constellations and communicate these in various forms such as recordings, performances, and oral and written representations.<\/p>\n\n\n\n<div class=\"wp-block-getwid-accordion has-icon-left\" data-active-element=\"none\">\n<div class=\"wp-block-getwid-accordion__header-wrapper\"><span class=\"wp-block-getwid-accordion__header\"><a href=\"#\"><span class=\"wp-block-getwid-accordion__header-title\"><strong>EEK an der Stella<\/strong><\/span><span class=\"wp-block-getwid-accordion__icon is-active\"><i class=\"fas fa-plus\"><\/i><\/span><span class=\"wp-block-getwid-accordion__icon is-passive\"><i class=\"fas fa-minus\"><\/i><\/span><\/a><\/span><\/div><div class=\"wp-block-getwid-accordion__content-wrapper\"><div class=\"wp-block-getwid-accordion__content\">\n<p>Entwicklung und Erschlie\u00dfung der K\u00fcnste (EEK) an der Stella Vorarlberg Privathochschule f\u00fcr Musik versteht sich als eine reflektierte, informierte und kontextualisierte k\u00fcnstlerische Praxis, die in engem Dialog mit der Gesellschaft steht. Der Schwerpunkt liegt dabei auf der Schaffung und Vermittlung neuer k\u00fcnstlerischer Impulse, die sowohl in der k\u00fcnstlerischen Praxis selbst als auch in der kritischen Reflexion und Kommunikation dieser Erkenntnisse verankert sind. Im Unterschied zur k\u00fcnstlerischen Forschung, die oft einen systematischen methodischen Rahmen und die intersubjektive \u00dcberpr\u00fcfbarkeit der Ergebnisse erfordert, liegt der Schwerpunkt der EEK auf der unmittelbaren Weiterentwicklung und Reflexion der k\u00fcnstlerischen Praxis selbst. EEK umfasst dabei den gesamten k\u00fcnstlerischen Prozess \u2013 von der Vorbereitung \u00fcber die Durchf\u00fchrung bis hin zur Nachbereitung \u2013 und zielt auf eine kontinuierliche Weiterentwicklung und Vertiefung der k\u00fcnstlerischen Arbeit ab.<\/p>\n\n\n\n<p>Ein zentrales Anliegen der EEK an der Stella Vorarlberg ist die Auseinandersetzung mit gesellschaftlichen Themen, insbesondere im Bereich der Musik, wo Kunst als Mittel zur Reflexion und Transformation gesellschaftlicher Realit\u00e4ten verstanden wird. K\u00fcnstlerisches Schaffen kann zur gesellschaftlichen Weiterentwicklung beitragen, indem es gesellschaftliche Herausforderungen benennt, Prozesse anst\u00f6\u00dft und Wissen generiert. So tr\u00e4gt Musik nicht nur zur kulturellen Vielfalt bei, sondern dient auch als gesellschaftskritisches Medium, das Impulse f\u00fcr die Entwicklung des gesellschaftlichen Zusammenlebens geben kann. Musik und Gesellschaft stehen dabei in einer wechselseitigen Beziehung: K\u00fcnstlerische Praxis wird sowohl von gesellschaftlichen Entwicklungen beeinflusst als auch aktiv in diese zur\u00fcckgespiegelt. In diesem Zusammenhang spielt die Musikvermittlung eine bedeutende Rolle. EEK f\u00f6rdert den Transfer k\u00fcnstlerischer Erkenntnisse und Perspektiven nicht nur innerhalb des k\u00fcnstlerischen Diskurses, sondern auch in die breitere \u00d6ffentlichkeit. Dabei werden k\u00fcnstlerische Einsichten \u00fcber innovative Vermittlungs- und Lehrformen zug\u00e4nglich gemacht.<\/p>\n\n\n\n<p>Besonderes Augenmerk wird zudem auf die Verbindung von k\u00fcnstlerischer Praxis und Musikp\u00e4dagogik gelegt. K\u00fcnstler*innen reflektieren nicht nur ihre eigene Arbeit, sondern sie sind auch in der Lage, diese in Lehrprozesse zu integrieren und an Studierende weiterzugeben. Die Schnittstelle zwischen k\u00fcnstlerischer Praxis und Lehre er\u00f6ffnet neue Wege, um die Bedeutung von Musik als gesellschaftlichem und kulturellem Ausdruck zu vermitteln und weiterzuentwickeln.<\/p>\n\n\n\n<p>Schlie\u00dflich steht EEK an der Stella Vorarlberg im Zeichen von Transferleistungen. Die k\u00fcnstlerische Arbeit der Lehrenden und Studierenden wird nicht nur innerhalb der Institution, sondern auch im \u00f6ffentlichen Raum sichtbar gemacht, um die Wechselwirkungen zwischen k\u00fcnstlerischer Produktion, gesellschaftlichen Prozessen und \u00f6ffentlicher Wahrnehmung zu st\u00e4rken. Die Hochschule versteht sich als Br\u00fccke zwischen Kunst, Wissenschaft und Gesellschaft, wobei der Transfer von Wissen, Innovationen und k\u00fcnstlerischen Ergebnissen einen zentralen Beitrag zur Third Mission der Institution leistet.<\/p>\n<\/div><\/div>\n\n\n\n<div class=\"wp-block-getwid-accordion__header-wrapper\"><span class=\"wp-block-getwid-accordion__header\"><a href=\"#\"><span class=\"wp-block-getwid-accordion__header-title\"><strong>EEK-Projekte<\/strong><\/span><span class=\"wp-block-getwid-accordion__icon is-active\"><i class=\"fas fa-plus\"><\/i><\/span><span class=\"wp-block-getwid-accordion__icon is-passive\"><i class=\"fas fa-minus\"><\/i><\/span><\/a><\/span><\/div><div class=\"wp-block-getwid-accordion__content-wrapper\"><div class=\"wp-block-getwid-accordion__content\">\n<div class=\"wp-block-getwid-accordion has-icon-left\" data-active-element=\"none\">\n<div class=\"wp-block-getwid-accordion__header-wrapper\"><span class=\"wp-block-getwid-accordion__header\"><a href=\"#\"><span class=\"wp-block-getwid-accordion__header-title\"><strong>\u201eZahl-Farbe-Klang\u201c \u2013 Dokumentation des k\u00fcnstlerischen Werkes von Hans Florey (1931-2013)<\/strong> <br>Projektleitung: Mag.art. Karin-Regina Florey<br><\/span><span class=\"wp-block-getwid-accordion__icon is-active\"><i class=\"fas fa-plus\"><\/i><\/span><span class=\"wp-block-getwid-accordion__icon is-passive\"><i class=\"fas fa-minus\"><\/i><\/span><\/a><\/span><\/div><div class=\"wp-block-getwid-accordion__content-wrapper\"><div class=\"wp-block-getwid-accordion__content\">\n<p>Das Projekt \u201eZahl-Farbe-Klang\u201c widmet sich der umfassenden Erschlie\u00dfung und Digitalisierung des k\u00fcnstlerischen Werkes von Hans Florey (1931\u20132013). Florey, bekannt f\u00fcr seine interdisziplin\u00e4ren Ans\u00e4tze, verband in seinem Schaffen Musik, bildende Kunst und theoretische Reflexionen.<\/p>\n\n\n\n<p>Im Mittelpunkt des Projekts stehen die systematische Aufnahme seiner musikalischen Werke, die Katalogisierung seiner bildnerischen Arbeiten und die Digitalisierung seiner unver\u00f6ffentlichten theoretischen Schriften. Erg\u00e4nzt wird dies durch die Entwicklung einer zentralen Website, die das Gesamtwerk Floreys zug\u00e4nglich macht und die Verbindungen zwischen den verschiedenen Kunstformen sichtbar werden l\u00e4sst.<\/p>\n\n\n\n<p>Das Projekt leistet einen wichtigen Beitrag zur Dokumentation interdisziplin\u00e4rer Kunstans\u00e4tze und erm\u00f6glicht eine vertiefte Auseinandersetzung mit Floreys Werk, das die Verbindung von Klang, Farbe und Zahl auf besondere Weise thematisiert.<\/p>\n<\/div><\/div>\n\n\n\n<div class=\"wp-block-getwid-accordion__header-wrapper\"><span class=\"wp-block-getwid-accordion__header\"><a href=\"#\"><span class=\"wp-block-getwid-accordion__header-title\"><strong>\u201eAtem, Klang und K\u00f6rper: Ein technisch-methodischer Dialog zwischen Stimme und Instrument\u201c<\/strong><br>Projektleitung: Judith Bechter, MA<\/span><span class=\"wp-block-getwid-accordion__icon is-active\"><i class=\"fas fa-plus\"><\/i><\/span><span class=\"wp-block-getwid-accordion__icon is-passive\"><i class=\"fas fa-minus\"><\/i><\/span><\/a><\/span><\/div><div class=\"wp-block-getwid-accordion__content-wrapper\"><div class=\"wp-block-getwid-accordion__content\">\n<p>Das Projekt \u201eAtem, Klang und K\u00f6rper\u201c f\u00f6rdert den interdisziplin\u00e4ren Austausch zwischen S\u00e4nger*innenund Bl\u00e4ser*innen, um technische und methodische Grundlagen der Klangerzeugung, insbesondere in Bezug auf Atemtechnik, Luftf\u00fchrung und k\u00f6rperliche Parameter, zu erforschen. Ziel ist die Entwicklung eines gemeinsamen Vokabulars, das technische Begriffe und Methoden beider Fachgruppen vereinheitlicht und die Grundlage f\u00fcr innovative p\u00e4dagogische Ans\u00e4tze schafft.<\/p>\n\n\n\n<p>Durch praxisnahe Workshops und kollaborative Methoden wie Peer-Learning und Peer-Teaching werden intuitive Kenntnisse sichtbar gemacht und systematisch aufbereitet. Die gewonnenen Erkenntnisse sollen langfristig in die musikalische Lehre integriert werden und neue Impulse f\u00fcr die Ausbildung von Musiker*innen bieten.<\/p>\n\n\n\n<p>Das Projekt legt besonderen Wert auf die Verbindung von k\u00fcnstlerischer Forschung und Wissenstransfer, um einen nachhaltigen Beitrag zur Weiterentwicklung musikalisch-p\u00e4dagogischer Methoden zu leisten.<\/p>\n<\/div><\/div>\n<\/div>\n<\/div><\/div>\n<\/div>\n<\/div>\n\n\n\n<div class=\"wp-block-column is-layout-flow wp-block-column-is-layout-flow\" style=\"flex-basis:33.33%\"><\/div>\n<\/div>\n","protected":false},"excerpt":{"rendered":"<p>An important area of research at Stella Vorarlberg is concerned with the development and exploration of the arts. This form of music research focuses on the individual processes of experience, decision-making, and interpretation when performing, creating, composing, communicating, and producing music and sound. In the context of research, artistic processes are considered, in which musicians [&hellip;]<\/p>\n","protected":false},"author":4,"featured_media":1198,"parent":5542,"menu_order":2,"comment_status":"closed","ping_status":"closed","template":"","meta":{"_acf_changed":false,"inline_featured_image":false,"footnotes":""},"keywords":[],"class_list":["post-1417","page","type-page","status-publish","has-post-thumbnail","hentry"],"acf":[],"yoast_head":"<!-- This site is optimized with the Yoast SEO plugin v26.8 - https:\/\/yoast.com\/product\/yoast-seo-wordpress\/ -->\n<title>Development and Exploration of the Arts - Stella Vorarlberg<\/title>\n<meta name=\"robots\" content=\"index, follow, max-snippet:-1, max-image-preview:large, max-video-preview:-1\" \/>\n<link rel=\"canonical\" href=\"https:\/\/stella-musikhochschule.ac.at\/en\/research\/research-areas\/entwicklung-und-erschliessung-der-kuenste\" \/>\n<meta property=\"og:locale\" content=\"en_US\" \/>\n<meta property=\"og:type\" content=\"article\" \/>\n<meta property=\"og:title\" content=\"Development and Exploration of the Arts - Stella Vorarlberg\" \/>\n<meta property=\"og:description\" content=\"An important area of research at Stella Vorarlberg is concerned with the development and exploration of the arts. This form of music research focuses on the individual processes of experience, decision-making, and interpretation when performing, creating, composing, communicating, and producing music and sound. In the context of research, artistic processes are considered, in which musicians [&hellip;]\" \/>\n<meta property=\"og:url\" content=\"https:\/\/stella-musikhochschule.ac.at\/en\/research\/research-areas\/entwicklung-und-erschliessung-der-kuenste\" \/>\n<meta property=\"og:site_name\" content=\"Stella Vorarlberg\" \/>\n<meta property=\"article:publisher\" content=\"https:\/\/www.facebook.com\/stellamusikhochschule\" \/>\n<meta property=\"article:modified_time\" content=\"2025-12-01T14:25:05+00:00\" \/>\n<meta property=\"og:image\" content=\"https:\/\/stella-musikhochschule.ac.at\/wp-content\/uploads\/2023\/03\/DSC_3048-scaled.jpg\" \/>\n\t<meta property=\"og:image:width\" content=\"2560\" \/>\n\t<meta property=\"og:image:height\" content=\"1703\" \/>\n\t<meta property=\"og:image:type\" content=\"image\/jpeg\" \/>\n<meta name=\"twitter:card\" content=\"summary_large_image\" \/>\n<meta name=\"twitter:label1\" content=\"Est. reading time\" \/>\n\t<meta name=\"twitter:data1\" content=\"5 minutes\" \/>\n<script type=\"application\/ld+json\" class=\"yoast-schema-graph\">{\"@context\":\"https:\/\/schema.org\",\"@graph\":[{\"@type\":\"WebPage\",\"@id\":\"https:\/\/stella-musikhochschule.ac.at\/en\/research\/research-areas\/entwicklung-und-erschliessung-der-kuenste\",\"url\":\"https:\/\/stella-musikhochschule.ac.at\/en\/research\/research-areas\/entwicklung-und-erschliessung-der-kuenste\",\"name\":\"Development and Exploration of the Arts - Stella Vorarlberg\",\"isPartOf\":{\"@id\":\"https:\/\/stella-musikhochschule.ac.at\/#website\"},\"primaryImageOfPage\":{\"@id\":\"https:\/\/stella-musikhochschule.ac.at\/en\/research\/research-areas\/entwicklung-und-erschliessung-der-kuenste#primaryimage\"},\"image\":{\"@id\":\"https:\/\/stella-musikhochschule.ac.at\/en\/research\/research-areas\/entwicklung-und-erschliessung-der-kuenste#primaryimage\"},\"thumbnailUrl\":\"https:\/\/stella-musikhochschule.ac.at\/wp-content\/uploads\/2023\/03\/DSC_3048-scaled.jpg\",\"datePublished\":\"2023-03-31T09:05:01+00:00\",\"dateModified\":\"2025-12-01T14:25:05+00:00\",\"breadcrumb\":{\"@id\":\"https:\/\/stella-musikhochschule.ac.at\/en\/research\/research-areas\/entwicklung-und-erschliessung-der-kuenste#breadcrumb\"},\"inLanguage\":\"en-US\",\"potentialAction\":[{\"@type\":\"ReadAction\",\"target\":[\"https:\/\/stella-musikhochschule.ac.at\/en\/research\/research-areas\/entwicklung-und-erschliessung-der-kuenste\"]}]},{\"@type\":\"ImageObject\",\"inLanguage\":\"en-US\",\"@id\":\"https:\/\/stella-musikhochschule.ac.at\/en\/research\/research-areas\/entwicklung-und-erschliessung-der-kuenste#primaryimage\",\"url\":\"https:\/\/stella-musikhochschule.ac.at\/wp-content\/uploads\/2023\/03\/DSC_3048-scaled.jpg\",\"contentUrl\":\"https:\/\/stella-musikhochschule.ac.at\/wp-content\/uploads\/2023\/03\/DSC_3048-scaled.jpg\",\"width\":2560,\"height\":1703},{\"@type\":\"BreadcrumbList\",\"@id\":\"https:\/\/stella-musikhochschule.ac.at\/en\/research\/research-areas\/entwicklung-und-erschliessung-der-kuenste#breadcrumb\",\"itemListElement\":[{\"@type\":\"ListItem\",\"position\":1,\"name\":\"Startseite\",\"item\":\"https:\/\/stella-musikhochschule.ac.at\/en\"},{\"@type\":\"ListItem\",\"position\":2,\"name\":\"Research\",\"item\":\"https:\/\/stella-musikhochschule.ac.at\/en\/research\"},{\"@type\":\"ListItem\",\"position\":3,\"name\":\"Research areas\",\"item\":\"https:\/\/stella-musikhochschule.ac.at\/en\/research\/research-areas\"},{\"@type\":\"ListItem\",\"position\":4,\"name\":\"Development and Exploration of the Arts\"}]},{\"@type\":\"WebSite\",\"@id\":\"https:\/\/stella-musikhochschule.ac.at\/#website\",\"url\":\"https:\/\/stella-musikhochschule.ac.at\/\",\"name\":\"Stella Vorarlberg\",\"description\":\"Privathochschule f\u00fcr Musik\",\"publisher\":{\"@id\":\"https:\/\/stella-musikhochschule.ac.at\/#organization\"},\"potentialAction\":[{\"@type\":\"SearchAction\",\"target\":{\"@type\":\"EntryPoint\",\"urlTemplate\":\"https:\/\/stella-musikhochschule.ac.at\/?s={search_term_string}\"},\"query-input\":{\"@type\":\"PropertyValueSpecification\",\"valueRequired\":true,\"valueName\":\"search_term_string\"}}],\"inLanguage\":\"en-US\"},{\"@type\":\"Organization\",\"@id\":\"https:\/\/stella-musikhochschule.ac.at\/#organization\",\"name\":\"Stella Vorarlberg Privathochschule f\u00fcr Musik\",\"url\":\"https:\/\/stella-musikhochschule.ac.at\/\",\"logo\":{\"@type\":\"ImageObject\",\"inLanguage\":\"en-US\",\"@id\":\"https:\/\/stella-musikhochschule.ac.at\/#\/schema\/logo\/image\/\",\"url\":\"https:\/\/stella-musikhochschule.ac.at\/wp-content\/uploads\/2023\/01\/logo-zusatz.svg\",\"contentUrl\":\"https:\/\/stella-musikhochschule.ac.at\/wp-content\/uploads\/2023\/01\/logo-zusatz.svg\",\"width\":108,\"height\":57,\"caption\":\"Stella Vorarlberg Privathochschule f\u00fcr Musik\"},\"image\":{\"@id\":\"https:\/\/stella-musikhochschule.ac.at\/#\/schema\/logo\/image\/\"},\"sameAs\":[\"https:\/\/www.facebook.com\/stellamusikhochschule\",\"http:\/\/www.instagram.com\/stellamusikhochschule\",\"https:\/\/www.youtube.com\/channel\/UCOzOrROMt11QxTxkjmY6NKg\",\"https:\/\/www.tiktok.com\/@stellamusikhochschule\",\"https:\/\/open.spotify.com\/user\/31fs43ork2u3njhtilofu2bk7tue?si=fe62738c70524caa\"]}]}<\/script>\n<!-- \/ Yoast SEO plugin. -->","yoast_head_json":{"title":"Development and Exploration of the Arts - Stella Vorarlberg","robots":{"index":"index","follow":"follow","max-snippet":"max-snippet:-1","max-image-preview":"max-image-preview:large","max-video-preview":"max-video-preview:-1"},"canonical":"https:\/\/stella-musikhochschule.ac.at\/en\/research\/research-areas\/entwicklung-und-erschliessung-der-kuenste","og_locale":"en_US","og_type":"article","og_title":"Development and Exploration of the Arts - Stella Vorarlberg","og_description":"An important area of research at Stella Vorarlberg is concerned with the development and exploration of the arts. This form of music research focuses on the individual processes of experience, decision-making, and interpretation when performing, creating, composing, communicating, and producing music and sound. In the context of research, artistic processes are considered, in which musicians [&hellip;]","og_url":"https:\/\/stella-musikhochschule.ac.at\/en\/research\/research-areas\/entwicklung-und-erschliessung-der-kuenste","og_site_name":"Stella Vorarlberg","article_publisher":"https:\/\/www.facebook.com\/stellamusikhochschule","article_modified_time":"2025-12-01T14:25:05+00:00","og_image":[{"width":2560,"height":1703,"url":"https:\/\/stella-musikhochschule.ac.at\/wp-content\/uploads\/2023\/03\/DSC_3048-scaled.jpg","type":"image\/jpeg"}],"twitter_card":"summary_large_image","twitter_misc":{"Est. reading time":"5 minutes"},"schema":{"@context":"https:\/\/schema.org","@graph":[{"@type":"WebPage","@id":"https:\/\/stella-musikhochschule.ac.at\/en\/research\/research-areas\/entwicklung-und-erschliessung-der-kuenste","url":"https:\/\/stella-musikhochschule.ac.at\/en\/research\/research-areas\/entwicklung-und-erschliessung-der-kuenste","name":"Development and Exploration of the Arts - Stella Vorarlberg","isPartOf":{"@id":"https:\/\/stella-musikhochschule.ac.at\/#website"},"primaryImageOfPage":{"@id":"https:\/\/stella-musikhochschule.ac.at\/en\/research\/research-areas\/entwicklung-und-erschliessung-der-kuenste#primaryimage"},"image":{"@id":"https:\/\/stella-musikhochschule.ac.at\/en\/research\/research-areas\/entwicklung-und-erschliessung-der-kuenste#primaryimage"},"thumbnailUrl":"https:\/\/stella-musikhochschule.ac.at\/wp-content\/uploads\/2023\/03\/DSC_3048-scaled.jpg","datePublished":"2023-03-31T09:05:01+00:00","dateModified":"2025-12-01T14:25:05+00:00","breadcrumb":{"@id":"https:\/\/stella-musikhochschule.ac.at\/en\/research\/research-areas\/entwicklung-und-erschliessung-der-kuenste#breadcrumb"},"inLanguage":"en-US","potentialAction":[{"@type":"ReadAction","target":["https:\/\/stella-musikhochschule.ac.at\/en\/research\/research-areas\/entwicklung-und-erschliessung-der-kuenste"]}]},{"@type":"ImageObject","inLanguage":"en-US","@id":"https:\/\/stella-musikhochschule.ac.at\/en\/research\/research-areas\/entwicklung-und-erschliessung-der-kuenste#primaryimage","url":"https:\/\/stella-musikhochschule.ac.at\/wp-content\/uploads\/2023\/03\/DSC_3048-scaled.jpg","contentUrl":"https:\/\/stella-musikhochschule.ac.at\/wp-content\/uploads\/2023\/03\/DSC_3048-scaled.jpg","width":2560,"height":1703},{"@type":"BreadcrumbList","@id":"https:\/\/stella-musikhochschule.ac.at\/en\/research\/research-areas\/entwicklung-und-erschliessung-der-kuenste#breadcrumb","itemListElement":[{"@type":"ListItem","position":1,"name":"Startseite","item":"https:\/\/stella-musikhochschule.ac.at\/en"},{"@type":"ListItem","position":2,"name":"Research","item":"https:\/\/stella-musikhochschule.ac.at\/en\/research"},{"@type":"ListItem","position":3,"name":"Research areas","item":"https:\/\/stella-musikhochschule.ac.at\/en\/research\/research-areas"},{"@type":"ListItem","position":4,"name":"Development and Exploration of the Arts"}]},{"@type":"WebSite","@id":"https:\/\/stella-musikhochschule.ac.at\/#website","url":"https:\/\/stella-musikhochschule.ac.at\/","name":"Stella Vorarlberg","description":"Privathochschule f\u00fcr Musik","publisher":{"@id":"https:\/\/stella-musikhochschule.ac.at\/#organization"},"potentialAction":[{"@type":"SearchAction","target":{"@type":"EntryPoint","urlTemplate":"https:\/\/stella-musikhochschule.ac.at\/?s={search_term_string}"},"query-input":{"@type":"PropertyValueSpecification","valueRequired":true,"valueName":"search_term_string"}}],"inLanguage":"en-US"},{"@type":"Organization","@id":"https:\/\/stella-musikhochschule.ac.at\/#organization","name":"Stella Vorarlberg Privathochschule f\u00fcr Musik","url":"https:\/\/stella-musikhochschule.ac.at\/","logo":{"@type":"ImageObject","inLanguage":"en-US","@id":"https:\/\/stella-musikhochschule.ac.at\/#\/schema\/logo\/image\/","url":"https:\/\/stella-musikhochschule.ac.at\/wp-content\/uploads\/2023\/01\/logo-zusatz.svg","contentUrl":"https:\/\/stella-musikhochschule.ac.at\/wp-content\/uploads\/2023\/01\/logo-zusatz.svg","width":108,"height":57,"caption":"Stella Vorarlberg Privathochschule f\u00fcr Musik"},"image":{"@id":"https:\/\/stella-musikhochschule.ac.at\/#\/schema\/logo\/image\/"},"sameAs":["https:\/\/www.facebook.com\/stellamusikhochschule","http:\/\/www.instagram.com\/stellamusikhochschule","https:\/\/www.youtube.com\/channel\/UCOzOrROMt11QxTxkjmY6NKg","https:\/\/www.tiktok.com\/@stellamusikhochschule","https:\/\/open.spotify.com\/user\/31fs43ork2u3njhtilofu2bk7tue?si=fe62738c70524caa"]}]}},"_links":{"self":[{"href":"https:\/\/stella-musikhochschule.ac.at\/en\/wp-json\/wp\/v2\/pages\/1417","targetHints":{"allow":["GET"]}}],"collection":[{"href":"https:\/\/stella-musikhochschule.ac.at\/en\/wp-json\/wp\/v2\/pages"}],"about":[{"href":"https:\/\/stella-musikhochschule.ac.at\/en\/wp-json\/wp\/v2\/types\/page"}],"author":[{"embeddable":true,"href":"https:\/\/stella-musikhochschule.ac.at\/en\/wp-json\/wp\/v2\/users\/4"}],"replies":[{"embeddable":true,"href":"https:\/\/stella-musikhochschule.ac.at\/en\/wp-json\/wp\/v2\/comments?post=1417"}],"version-history":[{"count":0,"href":"https:\/\/stella-musikhochschule.ac.at\/en\/wp-json\/wp\/v2\/pages\/1417\/revisions"}],"up":[{"embeddable":true,"href":"https:\/\/stella-musikhochschule.ac.at\/en\/wp-json\/wp\/v2\/pages\/5542"}],"wp:featuredmedia":[{"embeddable":true,"href":"https:\/\/stella-musikhochschule.ac.at\/en\/wp-json\/wp\/v2\/media\/1198"}],"wp:attachment":[{"href":"https:\/\/stella-musikhochschule.ac.at\/en\/wp-json\/wp\/v2\/media?parent=1417"}],"wp:term":[{"taxonomy":"keywords","embeddable":true,"href":"https:\/\/stella-musikhochschule.ac.at\/en\/wp-json\/wp\/v2\/keywords?post=1417"}],"curies":[{"name":"wp","href":"https:\/\/api.w.org\/{rel}","templated":true}]}}