{"id":1297,"date":"2023-01-17T22:48:58","date_gmt":"2023-01-17T21:48:58","guid":{"rendered":"https:\/\/stella-musikhochschule.ac.at\/home"},"modified":"2024-04-16T11:06:10","modified_gmt":"2024-04-16T09:06:10","slug":"home","status":"publish","type":"page","link":"https:\/\/stella-musikhochschule.ac.at\/en","title":{"rendered":"Stella Vorarlberg Private University College for Music"},"content":{"rendered":"\n<div class=\"wp-block-getwid-section alignfull alignfull\"><div class=\"wp-block-getwid-section__wrapper\"><div class=\"wp-block-getwid-section__inner-wrapper\"><div class=\"wp-block-getwid-section__background-holder\"><div class=\"wp-block-getwid-section__background\"><\/div><div class=\"wp-block-getwid-section__foreground\"><\/div><\/div><div class=\"wp-block-getwid-section__content\"><div class=\"wp-block-getwid-section__inner-content\">\n<div class=\"wp-block-columns is-layout-flex wp-container-core-columns-is-layout-9d6595d7 wp-block-columns-is-layout-flex\">\n<div class=\"wp-block-column is-layout-flow wp-block-column-is-layout-flow\" style=\"flex-basis:40%\">\n<h3 class=\"wp-block-heading\">This is where cultural excellence and a high quality of life come together.<\/h3>\n<\/div>\n\n\n\n<div class=\"wp-block-column is-layout-flow wp-block-column-is-layout-flow\" style=\"flex-basis:66.66%\">\n<p>Professional musicians have been receiving vocal and instrumental lessons in almost all kinds of instruments at the former Jesuit convent &#8220;Stella Matutina&#8221; since 1977. Stella offers two innovative Bachelor&#8217;s and Master&#8217;s degree programmes, with around 320 musicians from 26 nations currently studying here. Our aim is to prepare our students in the best possible way for a wide range of attractive career paths. As a university, we want to have an impact on the breadth and depth of society \u2013 in the Lake Constance region and beyond. Vorarlberg as a university location will experience a significant enhancement thanks to Stella and its students. Here in Feldkirch, in the centre of Europe, cultural excellence and a high quality of life come together.<\/p>\n<\/div>\n<\/div>\n<\/div><\/div><\/div><\/div><\/div>\n\n\n<div class=\"lazyblock-directlinks-Zohz9s wp-block-lazyblock-directlinks\"><section id=\"direct\">\n    \n    <div class=\"headline dot\">\n      <h6>Straight to<\/h6>\n    <\/div>\n    \n    <div class=\"links container narrow\">\n    \n      <div id=\"studium\" class=\"link\">\n        <a href=\"https:\/\/stella-musikhochschule.ac.at\/studium\">Studies<\/a>\n        <div class=\"image\"><img decoding=\"async\" src=\"https:\/\/stella-musikhochschule.ac.at\/wp-content\/themes\/stella\/assets\/img\/direct-studium.jpg\"><\/div>\n      <\/div>\n      \n      <div id=\"personen\" class=\"link\">\n        <a href=\"https:\/\/stella-musikhochschule.ac.at\/ueber-uns\/lehrende\">Teachers<\/a>\n        <div class=\"image\"><img decoding=\"async\" src=\"https:\/\/stella-musikhochschule.ac.at\/wp-content\/themes\/stella\/assets\/img\/direct-personen.jpg\"><\/div>\n      <\/div>\n      \n      <div id=\"service\" class=\"link\">\n        <a href=\"https:\/\/stella-musikhochschule.ac.at\/service\">Service<\/a>\n        <div class=\"image\"><img decoding=\"async\" src=\"https:\/\/stella-musikhochschule.ac.at\/wp-content\/themes\/stella\/assets\/img\/direct-service.jpg\"><\/div>\n      <\/div>\n    \n    <\/div>\n    \n  <\/section><\/div>\n\n<div class=\"lazyblock-news-2sUeHr wp-block-lazyblock-news\"><section id=\"news\">\n  \n  <div class=\"head\">\n    <h3>News<\/h3>\n    <div class=\"all\">\n      <a href=\"https:\/\/stella-musikhochschule.ac.at\/aktuelles\/news\" class=\"has-small-font-size underline\">all news<\/a>\n    <\/div>\n  <\/div>\n  \n  <div class=\"posts\">\n          <div class=\"post\" data-image-id=\"6079\">\n        <figure><a href=\"https:\/\/stella-musikhochschule.ac.at\/en\/musik-am-hof-erhaelt-foerderung-der-impulse-stiftung-fuer-studierendenprojekte\">\n  <div class=\"progressive-image\">\n  \t<div class=\"loadingImage\"\n  \t\t style=\"background: url(https:\/\/stella-musikhochschule.ac.at\/wp-content\/uploads\/2026\/03\/Z61_1009-impulse-40x27.jpg)\"\n  \t\t data-image=\"https:\/\/stella-musikhochschule.ac.at\/wp-content\/uploads\/2026\/03\/Z61_1009-impulse.jpg\">\n  \t<\/div>\n  \t<div class=\"overlay\"><\/div>\n  <\/div>            \n  \n  <\/a><\/figure>\n        <div class=\"title\">\u00bbMusik am Hof\u00ab erh\u00e4lt F\u00f6rderung der Impulse-Stiftung f\u00fcr Studierendenprojekte<\/div>\n        <a href=\"https:\/\/stella-musikhochschule.ac.at\/en\/musik-am-hof-erhaelt-foerderung-der-impulse-stiftung-fuer-studierendenprojekte\" class=\"has-small-font-size underline\">Read more<\/a>\n      <\/div>\n            <div class=\"post\" data-image-id=\"6064\">\n        <figure><a href=\"https:\/\/stella-musikhochschule.ac.at\/en\/alle-neun-lange-nacht-der-oesterreichischen-musikuniversitaeten-und-hochschulen-2\">\n  <div class=\"progressive-image\">\n  \t<div class=\"loadingImage\"\n  \t\t style=\"background: url(https:\/\/stella-musikhochschule.ac.at\/wp-content\/uploads\/2026\/03\/25I26-AlleNEUN-News-1-40x30.png)\"\n  \t\t data-image=\"https:\/\/stella-musikhochschule.ac.at\/wp-content\/uploads\/2026\/03\/25I26-AlleNEUN-News-1.png\">\n  \t<\/div>\n  \t<div class=\"overlay\"><\/div>\n  <\/div>            \n  \n  <\/a><\/figure>\n        <div class=\"title\">Alle Neun \u2013 Lange Nacht der \u00f6sterreichischen Musikuniversit\u00e4ten und -hochschulen<\/div>\n        <a href=\"https:\/\/stella-musikhochschule.ac.at\/en\/alle-neun-lange-nacht-der-oesterreichischen-musikuniversitaeten-und-hochschulen-2\" class=\"has-small-font-size underline\">Read more<\/a>\n      <\/div>\n            <div class=\"post\" data-image-id=\"6061\">\n        <figure><a href=\"https:\/\/stella-musikhochschule.ac.at\/en\/6028\">\n  <div class=\"progressive-image\">\n  \t<div class=\"loadingImage\"\n  \t\t style=\"background: url(https:\/\/stella-musikhochschule.ac.at\/wp-content\/uploads\/2026\/03\/DSC_2507_a3-40x28.jpg)\"\n  \t\t data-image=\"https:\/\/stella-musikhochschule.ac.at\/wp-content\/uploads\/2026\/03\/DSC_2507_a3-1680x1188.jpg\">\n  \t<\/div>\n  \t<div class=\"overlay\"><\/div>\n  <\/div>            \n  \n  <\/a><\/figure>\n        <div class=\"title\">PulsArt \u2013 Ensemble f\u00fcr Neue Musik an der Stella Musikhochschule sowie Anna Adamik und ihre Studierenden am Klavier<\/div>\n        <a href=\"https:\/\/stella-musikhochschule.ac.at\/en\/6028\" class=\"has-small-font-size underline\">Read more<\/a>\n      <\/div>\n        <\/div>\n  \n<\/section><\/div>\n\n<div class=\"lazyblock-events-13OVon wp-block-lazyblock-events\">\n<section id=\"events\">\n  \n  <div class=\"head\">\n    <h3>events<\/h3>\n    <div class=\"all\">\n      <a href=\"https:\/\/stella-musikhochschule.ac.at\/aktuelles\/veranstaltungen\" class=\"has-small-font-size underline\">all events<\/a>\n    <\/div>\n  <\/div>\n  \n  <div class=\"events list\">\n    \n          <a class=\"event\" href=\"https:\/\/stella-musikhochschule.ac.at\/en\/veranstaltung\/konzert-am-mittag-barocktrompeten-und-streicher?d=20260407&#038;t=12:15:00\">\n        <span class=\"title\">Konzert am Mittag &#8211; Barocktrompeten und Streicher<\/span>\n        <span class=\"date time\">\n          07 April<br><span class=\"time\">12:15 Uhr<\/span>        <\/span>\n        <span class=\"image\" style=\"left:  51%;\">\n                  <\/span>\n        <span class=\"year\">2026<\/span>\n      <\/a>\n            <a class=\"event\" href=\"https:\/\/stella-musikhochschule.ac.at\/en\/veranstaltung\/studienkonzert-violoncelloklasse-mathias-johansen-4?d=20260409&#038;t=20:00:00\">\n        <span class=\"title\">Studienkonzert. Violoncelloklasse Mathias Johansen<\/span>\n        <span class=\"date time\">\n          09 April<br><span class=\"time\">20:00 Uhr<\/span>        <\/span>\n        <span class=\"image\" style=\"left:  65%;\">\n                  <\/span>\n        <span class=\"year\">2026<\/span>\n      <\/a>\n            <a class=\"event\" href=\"https:\/\/stella-musikhochschule.ac.at\/en\/veranstaltung\/literaturrecherche-welche-moeglichkeiten-bietet-die-stella-vorarlberg-bibliothek-2?d=20260410&#038;t=13:00:00\">\n        <span class=\"title\">Workshopreihe \u00bbHow to\u2026\u00ab Literaturrecherche. Welche M\u00f6glichkeiten bietet die Stella Vorarlberg Bibliothek?<\/span>\n        <span class=\"date time\">\n          10 April<br><span class=\"time\">13:00 Uhr<\/span>        <\/span>\n        <span class=\"image\" style=\"left:  53%;\">\n                  <\/span>\n        <span class=\"year\">2026<\/span>\n      <\/a>\n            <a class=\"event\" href=\"https:\/\/stella-musikhochschule.ac.at\/en\/veranstaltung\/pulsart-2?d=20260410&#038;t=19:00:00\">\n        <span class=\"title\">PulsArt &#8211; Ensemble f\u00fcr Neue Musik<\/span>\n        <span class=\"date time\">\n          10 April<br><span class=\"time\">19:00 Uhr<\/span>        <\/span>\n        <span class=\"image\" style=\"left:  59%;\">\n                  <\/span>\n        <span class=\"year\">2026<\/span>\n      <\/a>\n        <\/div>\n  \n<\/section>\n\n<\/div>","protected":false},"excerpt":{"rendered":"","protected":false},"author":1,"featured_media":0,"parent":0,"menu_order":0,"comment_status":"closed","ping_status":"closed","template":"","meta":{"_acf_changed":false,"inline_featured_image":false,"footnotes":""},"keywords":[],"class_list":["post-1297","page","type-page","status-publish","hentry"],"acf":[],"yoast_head":"<!-- This site is optimized with the Yoast SEO plugin v26.8 - https:\/\/yoast.com\/product\/yoast-seo-wordpress\/ -->\n<title>Stella Vorarlberg Private University College for Music - Stella Vorarlberg<\/title>\n<meta name=\"description\" content=\"Hier treffen sich kulturelle Exzellenz und hohe Lebensqualit\u00e4t. Die Stella ist die erste Privathochschule in \u00d6sterreich.\" \/>\n<meta name=\"robots\" content=\"index, follow, max-snippet:-1, max-image-preview:large, max-video-preview:-1\" \/>\n<link rel=\"canonical\" href=\"https:\/\/stella-musikhochschule.ac.at\/en\" \/>\n<meta property=\"og:locale\" content=\"en_US\" \/>\n<meta property=\"og:type\" content=\"article\" \/>\n<meta property=\"og:title\" content=\"Stella Vorarlberg Private University College for Music - Stella Vorarlberg\" \/>\n<meta property=\"og:description\" content=\"Hier treffen sich kulturelle Exzellenz und hohe Lebensqualit\u00e4t. Die Stella ist die erste Privathochschule in \u00d6sterreich.\" \/>\n<meta property=\"og:url\" content=\"https:\/\/stella-musikhochschule.ac.at\/en\" \/>\n<meta property=\"og:site_name\" content=\"Stella Vorarlberg\" \/>\n<meta property=\"article:publisher\" content=\"https:\/\/www.facebook.com\/stellamusikhochschule\" \/>\n<meta property=\"article:modified_time\" content=\"2024-04-16T09:06:10+00:00\" \/>\n<meta name=\"twitter:card\" content=\"summary_large_image\" \/>\n<meta name=\"twitter:label1\" content=\"Est. reading time\" \/>\n\t<meta name=\"twitter:data1\" content=\"3 minutes\" \/>\n<script type=\"application\/ld+json\" class=\"yoast-schema-graph\">{\"@context\":\"https:\/\/schema.org\",\"@graph\":[{\"@type\":\"WebPage\",\"@id\":\"https:\/\/stella-musikhochschule.ac.at\/en\",\"url\":\"https:\/\/stella-musikhochschule.ac.at\/en\",\"name\":\"Stella Vorarlberg Private University College for Music - Stella Vorarlberg\",\"isPartOf\":{\"@id\":\"https:\/\/stella-musikhochschule.ac.at\/#website\"},\"datePublished\":\"2023-01-17T21:48:58+00:00\",\"dateModified\":\"2024-04-16T09:06:10+00:00\",\"description\":\"Hier treffen sich kulturelle Exzellenz und hohe Lebensqualit\u00e4t. Die Stella ist die erste Privathochschule in \u00d6sterreich.\",\"breadcrumb\":{\"@id\":\"https:\/\/stella-musikhochschule.ac.at\/en#breadcrumb\"},\"inLanguage\":\"en-US\",\"potentialAction\":[{\"@type\":\"ReadAction\",\"target\":[\"https:\/\/stella-musikhochschule.ac.at\/en\"]}]},{\"@type\":\"BreadcrumbList\",\"@id\":\"https:\/\/stella-musikhochschule.ac.at\/en#breadcrumb\",\"itemListElement\":[{\"@type\":\"ListItem\",\"position\":1,\"name\":\"Startseite\",\"item\":\"https:\/\/stella-musikhochschule.ac.at\/en\"},{\"@type\":\"ListItem\",\"position\":2,\"name\":\"Stella Vorarlberg Private University College for Music\"}]},{\"@type\":\"WebSite\",\"@id\":\"https:\/\/stella-musikhochschule.ac.at\/#website\",\"url\":\"https:\/\/stella-musikhochschule.ac.at\/\",\"name\":\"Stella Vorarlberg\",\"description\":\"Privathochschule f\u00fcr Musik\",\"publisher\":{\"@id\":\"https:\/\/stella-musikhochschule.ac.at\/#organization\"},\"potentialAction\":[{\"@type\":\"SearchAction\",\"target\":{\"@type\":\"EntryPoint\",\"urlTemplate\":\"https:\/\/stella-musikhochschule.ac.at\/?s={search_term_string}\"},\"query-input\":{\"@type\":\"PropertyValueSpecification\",\"valueRequired\":true,\"valueName\":\"search_term_string\"}}],\"inLanguage\":\"en-US\"},{\"@type\":\"Organization\",\"@id\":\"https:\/\/stella-musikhochschule.ac.at\/#organization\",\"name\":\"Stella Vorarlberg Privathochschule f\u00fcr Musik\",\"url\":\"https:\/\/stella-musikhochschule.ac.at\/\",\"logo\":{\"@type\":\"ImageObject\",\"inLanguage\":\"en-US\",\"@id\":\"https:\/\/stella-musikhochschule.ac.at\/#\/schema\/logo\/image\/\",\"url\":\"https:\/\/stella-musikhochschule.ac.at\/wp-content\/uploads\/2023\/01\/logo-zusatz.svg\",\"contentUrl\":\"https:\/\/stella-musikhochschule.ac.at\/wp-content\/uploads\/2023\/01\/logo-zusatz.svg\",\"width\":108,\"height\":57,\"caption\":\"Stella Vorarlberg Privathochschule f\u00fcr Musik\"},\"image\":{\"@id\":\"https:\/\/stella-musikhochschule.ac.at\/#\/schema\/logo\/image\/\"},\"sameAs\":[\"https:\/\/www.facebook.com\/stellamusikhochschule\",\"http:\/\/www.instagram.com\/stellamusikhochschule\",\"https:\/\/www.youtube.com\/channel\/UCOzOrROMt11QxTxkjmY6NKg\",\"https:\/\/www.tiktok.com\/@stellamusikhochschule\",\"https:\/\/open.spotify.com\/user\/31fs43ork2u3njhtilofu2bk7tue?si=fe62738c70524caa\"]}]}<\/script>\n<!-- \/ Yoast SEO plugin. -->","yoast_head_json":{"title":"Stella Vorarlberg Private University College for Music - Stella Vorarlberg","description":"Hier treffen sich kulturelle Exzellenz und hohe Lebensqualit\u00e4t. Die Stella ist die erste Privathochschule in \u00d6sterreich.","robots":{"index":"index","follow":"follow","max-snippet":"max-snippet:-1","max-image-preview":"max-image-preview:large","max-video-preview":"max-video-preview:-1"},"canonical":"https:\/\/stella-musikhochschule.ac.at\/en","og_locale":"en_US","og_type":"article","og_title":"Stella Vorarlberg Private University College for Music - Stella Vorarlberg","og_description":"Hier treffen sich kulturelle Exzellenz und hohe Lebensqualit\u00e4t. Die Stella ist die erste Privathochschule in \u00d6sterreich.","og_url":"https:\/\/stella-musikhochschule.ac.at\/en","og_site_name":"Stella Vorarlberg","article_publisher":"https:\/\/www.facebook.com\/stellamusikhochschule","article_modified_time":"2024-04-16T09:06:10+00:00","twitter_card":"summary_large_image","twitter_misc":{"Est. reading time":"3 minutes"},"schema":{"@context":"https:\/\/schema.org","@graph":[{"@type":"WebPage","@id":"https:\/\/stella-musikhochschule.ac.at\/en","url":"https:\/\/stella-musikhochschule.ac.at\/en","name":"Stella Vorarlberg Private University College for Music - Stella Vorarlberg","isPartOf":{"@id":"https:\/\/stella-musikhochschule.ac.at\/#website"},"datePublished":"2023-01-17T21:48:58+00:00","dateModified":"2024-04-16T09:06:10+00:00","description":"Hier treffen sich kulturelle Exzellenz und hohe Lebensqualit\u00e4t. Die Stella ist die erste Privathochschule in \u00d6sterreich.","breadcrumb":{"@id":"https:\/\/stella-musikhochschule.ac.at\/en#breadcrumb"},"inLanguage":"en-US","potentialAction":[{"@type":"ReadAction","target":["https:\/\/stella-musikhochschule.ac.at\/en"]}]},{"@type":"BreadcrumbList","@id":"https:\/\/stella-musikhochschule.ac.at\/en#breadcrumb","itemListElement":[{"@type":"ListItem","position":1,"name":"Startseite","item":"https:\/\/stella-musikhochschule.ac.at\/en"},{"@type":"ListItem","position":2,"name":"Stella Vorarlberg Private University College for Music"}]},{"@type":"WebSite","@id":"https:\/\/stella-musikhochschule.ac.at\/#website","url":"https:\/\/stella-musikhochschule.ac.at\/","name":"Stella Vorarlberg","description":"Privathochschule f\u00fcr Musik","publisher":{"@id":"https:\/\/stella-musikhochschule.ac.at\/#organization"},"potentialAction":[{"@type":"SearchAction","target":{"@type":"EntryPoint","urlTemplate":"https:\/\/stella-musikhochschule.ac.at\/?s={search_term_string}"},"query-input":{"@type":"PropertyValueSpecification","valueRequired":true,"valueName":"search_term_string"}}],"inLanguage":"en-US"},{"@type":"Organization","@id":"https:\/\/stella-musikhochschule.ac.at\/#organization","name":"Stella Vorarlberg Privathochschule f\u00fcr Musik","url":"https:\/\/stella-musikhochschule.ac.at\/","logo":{"@type":"ImageObject","inLanguage":"en-US","@id":"https:\/\/stella-musikhochschule.ac.at\/#\/schema\/logo\/image\/","url":"https:\/\/stella-musikhochschule.ac.at\/wp-content\/uploads\/2023\/01\/logo-zusatz.svg","contentUrl":"https:\/\/stella-musikhochschule.ac.at\/wp-content\/uploads\/2023\/01\/logo-zusatz.svg","width":108,"height":57,"caption":"Stella Vorarlberg Privathochschule f\u00fcr Musik"},"image":{"@id":"https:\/\/stella-musikhochschule.ac.at\/#\/schema\/logo\/image\/"},"sameAs":["https:\/\/www.facebook.com\/stellamusikhochschule","http:\/\/www.instagram.com\/stellamusikhochschule","https:\/\/www.youtube.com\/channel\/UCOzOrROMt11QxTxkjmY6NKg","https:\/\/www.tiktok.com\/@stellamusikhochschule","https:\/\/open.spotify.com\/user\/31fs43ork2u3njhtilofu2bk7tue?si=fe62738c70524caa"]}]}},"_links":{"self":[{"href":"https:\/\/stella-musikhochschule.ac.at\/en\/wp-json\/wp\/v2\/pages\/1297","targetHints":{"allow":["GET"]}}],"collection":[{"href":"https:\/\/stella-musikhochschule.ac.at\/en\/wp-json\/wp\/v2\/pages"}],"about":[{"href":"https:\/\/stella-musikhochschule.ac.at\/en\/wp-json\/wp\/v2\/types\/page"}],"author":[{"embeddable":true,"href":"https:\/\/stella-musikhochschule.ac.at\/en\/wp-json\/wp\/v2\/users\/1"}],"replies":[{"embeddable":true,"href":"https:\/\/stella-musikhochschule.ac.at\/en\/wp-json\/wp\/v2\/comments?post=1297"}],"version-history":[{"count":0,"href":"https:\/\/stella-musikhochschule.ac.at\/en\/wp-json\/wp\/v2\/pages\/1297\/revisions"}],"wp:attachment":[{"href":"https:\/\/stella-musikhochschule.ac.at\/en\/wp-json\/wp\/v2\/media?parent=1297"}],"wp:term":[{"taxonomy":"keywords","embeddable":true,"href":"https:\/\/stella-musikhochschule.ac.at\/en\/wp-json\/wp\/v2\/keywords?post=1297"}],"curies":[{"name":"wp","href":"https:\/\/api.w.org\/{rel}","templated":true}]}}